{"id":2183,"date":"2025-10-15T14:24:31","date_gmt":"2025-10-15T14:24:31","guid":{"rendered":"https:\/\/saccardo.com\/prodotto\/vect-60-80\/"},"modified":"2026-01-29T14:40:00","modified_gmt":"2026-01-29T14:40:00","slug":"vect-60-80","status":"publish","type":"product","link":"https:\/\/saccardo.com\/pt-br\/produtos\/vect-60-80\/","title":{"rendered":"VECT 60-80"},"content":{"rendered":"<p>O processo de termo encolhimento \u00e9 uma etapa fundamental que completa e valoriza a embalagem a v\u00e1cuo, ao:<\/p>\n<ul>\n<li>melhor apresenta\u00e7\u00e3o do produto,<\/li>\n<li>maior prote\u00e7\u00e3o,<\/li>\n<li>e prolongamento da sua vida \u00fatil.<\/li>\n<\/ul>\n<p>O tanque de termo encolhimento <b>VECT 60\u201380 da Saccardo<\/b> \u00e9 a <b>solu\u00e7\u00e3o manual ideal para pequenos lotes de produ\u00e7\u00e3o.<\/b> F\u00e1cil de operar e projetado para garantir confiabilidade a longo prazo, assegura resultados de termo encolhimento uniformes com m\u00ednimo esfor\u00e7o do operador.<\/p>\n<p>O carregamento e o descarregamento dos produtos s\u00e3o realizados manualmente, enquanto o ciclo de termo encolhimento \u00e9 acionado por meio de um bot\u00e3o dedicado: o abaixamento e levantamento autom\u00e1ticos da esteira tornam as opera\u00e7\u00f5es mais suaves e garantem resultados consistentes.<\/p>\n<p>A estrutura totalmente em a\u00e7o inoxid\u00e1vel assegura robustez e durabilidade, enquanto a esteira de imers\u00e3o e apoio \u00e9 fabricada com materiais resistentes a altas temperaturas, sem interferir na qualidade do produto.<\/p>\n","protected":false},"excerpt":{"rendered":"<p>O processo de termo encolhimento \u00e9 uma etapa fundamental que completa e valoriza a embalagem a v\u00e1cuo, ao: melhor apresenta\u00e7\u00e3o do produto, maior prote\u00e7\u00e3o, e prolongamento da sua vida \u00fatil. O tanque de termo encolhimento VECT 60\u201380 da Saccardo \u00e9 a solu\u00e7\u00e3o manual ideal para pequenos lotes de produ\u00e7\u00e3o. F\u00e1cil de operar e projetado para [&hellip;]<\/p>\n","protected":false},"featured_media":1774,"comment_status":"closed","ping_status":"closed","template":"","meta":{"_et_pb_use_builder":"","_et_pb_old_content":"","_et_gb_content_width":"","inline_featured_image":false},"settore-di-applicazione":[],"soluzione":[],"product_brand":[],"product_cat":[176],"product_tag":[],"class_list":{"0":"post-2183","1":"product","2":"type-product","3":"status-publish","4":"has-post-thumbnail","6":"product_cat-tuneis-de-termo-encolhimento-chiller-e-secador","7":"pa_dim-rulliera-di-immersione-600-x-800-mm","8":"pa_dimensioni-di-ingombro-930-x-850-x-1240h-mm","9":"pa_peso-150-kg-ca","11":"first","12":"instock","13":"shipping-taxable","14":"product-type-simple"},"acf":[],"yoast_head":"<!-- This site is optimized with the Yoast SEO plugin v27.3 - https:\/\/yoast.com\/product\/yoast-seo-wordpress\/ -->\n<title>VECT 60-80 | T\u00faneis de termo-encolhimento, chiller e secador | Saccardo<\/title>\n<meta name=\"description\" content=\"VECT 60-80 Saccardo: unidade para t\u00faneis de termo-encolhimento, chiller e secador. Desempenho consistente, controle do processo e qualidade na embalagem.\" \/>\n<meta name=\"robots\" content=\"index, follow, max-snippet:-1, max-image-preview:large, max-video-preview:-1\" \/>\n<link rel=\"canonical\" href=\"https:\/\/saccardo.com\/produtos\/vect-60-80\/\" \/>\n<meta property=\"og:locale\" content=\"pt_BR\" \/>\n<meta property=\"og:type\" content=\"article\" \/>\n<meta property=\"og:title\" content=\"VECT 60-80 | T\u00faneis de termo-encolhimento, chiller e secador | Saccardo\" \/>\n<meta property=\"og:description\" content=\"VECT 60-80 Saccardo: unidade para t\u00faneis de termo-encolhimento, chiller e secador. Desempenho consistente, controle do processo e qualidade na embalagem.\" \/>\n<meta property=\"og:url\" content=\"https:\/\/saccardo.com\/produtos\/vect-60-80\/\" \/>\n<meta property=\"og:site_name\" content=\"Saccardo\" \/>\n<meta property=\"article:modified_time\" content=\"2026-01-29T14:40:00+00:00\" \/>\n<meta property=\"og:image\" content=\"https:\/\/saccardo.com\/wp-content\/uploads\/2025\/10\/VECT-45-60-img-cut.png\" \/>\n\t<meta property=\"og:image:width\" content=\"800\" \/>\n\t<meta property=\"og:image:height\" content=\"500\" \/>\n\t<meta property=\"og:image:type\" content=\"image\/png\" \/>\n<meta name=\"twitter:card\" content=\"summary_large_image\" \/>\n<meta name=\"twitter:label1\" content=\"Est. tempo de leitura\" \/>\n\t<meta name=\"twitter:data1\" content=\"1 minuto\" \/>\n<script type=\"application\/ld+json\" class=\"yoast-schema-graph\">{\"@context\":\"https:\\\/\\\/schema.org\",\"@graph\":[{\"@type\":\"WebPage\",\"@id\":\"https:\\\/\\\/saccardo.com\\\/produtos\\\/vect-60-80\\\/\",\"url\":\"https:\\\/\\\/saccardo.com\\\/produtos\\\/vect-60-80\\\/\",\"name\":\"VECT 60-80 | T\u00faneis de termo-encolhimento, chiller e secador | Saccardo\",\"isPartOf\":{\"@id\":\"https:\\\/\\\/saccardo.com\\\/#website\"},\"primaryImageOfPage\":{\"@id\":\"https:\\\/\\\/saccardo.com\\\/produtos\\\/vect-60-80\\\/#primaryimage\"},\"image\":{\"@id\":\"https:\\\/\\\/saccardo.com\\\/produtos\\\/vect-60-80\\\/#primaryimage\"},\"thumbnailUrl\":\"https:\\\/\\\/saccardo.com\\\/wp-content\\\/uploads\\\/2025\\\/10\\\/VECT-45-60-img-cut.png\",\"datePublished\":\"2025-10-15T14:24:31+00:00\",\"dateModified\":\"2026-01-29T14:40:00+00:00\",\"description\":\"VECT 60-80 Saccardo: unidade para t\u00faneis de termo-encolhimento, chiller e secador. Desempenho consistente, controle do processo e qualidade na embalagem.\",\"breadcrumb\":{\"@id\":\"https:\\\/\\\/saccardo.com\\\/produtos\\\/vect-60-80\\\/#breadcrumb\"},\"inLanguage\":\"pt-BR\",\"potentialAction\":[{\"@type\":\"ReadAction\",\"target\":[\"https:\\\/\\\/saccardo.com\\\/produtos\\\/vect-60-80\\\/\"]}]},{\"@type\":\"ImageObject\",\"inLanguage\":\"pt-BR\",\"@id\":\"https:\\\/\\\/saccardo.com\\\/produtos\\\/vect-60-80\\\/#primaryimage\",\"url\":\"https:\\\/\\\/saccardo.com\\\/wp-content\\\/uploads\\\/2025\\\/10\\\/VECT-45-60-img-cut.png\",\"contentUrl\":\"https:\\\/\\\/saccardo.com\\\/wp-content\\\/uploads\\\/2025\\\/10\\\/VECT-45-60-img-cut.png\",\"width\":800,\"height\":500},{\"@type\":\"BreadcrumbList\",\"@id\":\"https:\\\/\\\/saccardo.com\\\/produtos\\\/vect-60-80\\\/#breadcrumb\",\"itemListElement\":[{\"@type\":\"ListItem\",\"position\":1,\"name\":\"Home\",\"item\":\"https:\\\/\\\/saccardo.com\\\/\"},{\"@type\":\"ListItem\",\"position\":2,\"name\":\"Nossas Solu\u00e7\u00f5es: Para atender a cada solicita\u00e7\u00e3o, para satisfazer cada necessidade\",\"item\":\"https:\\\/\\\/saccardo.com\\\/le-nostre-soluzioni\\\/\"},{\"@type\":\"ListItem\",\"position\":3,\"name\":\"VECT 60-80\"}]},{\"@type\":\"WebSite\",\"@id\":\"https:\\\/\\\/saccardo.com\\\/#website\",\"url\":\"https:\\\/\\\/saccardo.com\\\/\",\"name\":\"Saccardo\",\"description\":\"\",\"publisher\":{\"@id\":\"https:\\\/\\\/saccardo.com\\\/#organization\"},\"potentialAction\":[{\"@type\":\"SearchAction\",\"target\":{\"@type\":\"EntryPoint\",\"urlTemplate\":\"https:\\\/\\\/saccardo.com\\\/?s={search_term_string}\"},\"query-input\":{\"@type\":\"PropertyValueSpecification\",\"valueRequired\":true,\"valueName\":\"search_term_string\"}}],\"inLanguage\":\"pt-BR\"},{\"@type\":\"Organization\",\"@id\":\"https:\\\/\\\/saccardo.com\\\/#organization\",\"name\":\"Saccardo Arturo Figli Srl\",\"url\":\"https:\\\/\\\/saccardo.com\\\/\",\"logo\":{\"@type\":\"ImageObject\",\"inLanguage\":\"pt-BR\",\"@id\":\"https:\\\/\\\/saccardo.com\\\/#\\\/schema\\\/logo\\\/image\\\/\",\"url\":\"https:\\\/\\\/saccardo.com\\\/wp-content\\\/uploads\\\/2023\\\/09\\\/logo-saccardo.svg\",\"contentUrl\":\"https:\\\/\\\/saccardo.com\\\/wp-content\\\/uploads\\\/2023\\\/09\\\/logo-saccardo.svg\",\"width\":\"1024\",\"height\":\"1024\",\"caption\":\"Saccardo Arturo Figli Srl\"},\"image\":{\"@id\":\"https:\\\/\\\/saccardo.com\\\/#\\\/schema\\\/logo\\\/image\\\/\"}}]}<\/script>\n<!-- \/ Yoast SEO plugin. -->","yoast_head_json":{"title":"VECT 60-80 | T\u00faneis de termo-encolhimento, chiller e secador | Saccardo","description":"VECT 60-80 Saccardo: unidade para t\u00faneis de termo-encolhimento, chiller e secador. Desempenho consistente, controle do processo e qualidade na embalagem.","robots":{"index":"index","follow":"follow","max-snippet":"max-snippet:-1","max-image-preview":"max-image-preview:large","max-video-preview":"max-video-preview:-1"},"canonical":"https:\/\/saccardo.com\/produtos\/vect-60-80\/","og_locale":"pt_BR","og_type":"article","og_title":"VECT 60-80 | T\u00faneis de termo-encolhimento, chiller e secador | Saccardo","og_description":"VECT 60-80 Saccardo: unidade para t\u00faneis de termo-encolhimento, chiller e secador. Desempenho consistente, controle do processo e qualidade na embalagem.","og_url":"https:\/\/saccardo.com\/produtos\/vect-60-80\/","og_site_name":"Saccardo","article_modified_time":"2026-01-29T14:40:00+00:00","og_image":[{"width":800,"height":500,"url":"https:\/\/saccardo.com\/wp-content\/uploads\/2025\/10\/VECT-45-60-img-cut.png","type":"image\/png"}],"twitter_card":"summary_large_image","twitter_misc":{"Est. tempo de leitura":"1 minuto"},"schema":{"@context":"https:\/\/schema.org","@graph":[{"@type":"WebPage","@id":"https:\/\/saccardo.com\/produtos\/vect-60-80\/","url":"https:\/\/saccardo.com\/produtos\/vect-60-80\/","name":"VECT 60-80 | T\u00faneis de termo-encolhimento, chiller e secador | Saccardo","isPartOf":{"@id":"https:\/\/saccardo.com\/#website"},"primaryImageOfPage":{"@id":"https:\/\/saccardo.com\/produtos\/vect-60-80\/#primaryimage"},"image":{"@id":"https:\/\/saccardo.com\/produtos\/vect-60-80\/#primaryimage"},"thumbnailUrl":"https:\/\/saccardo.com\/wp-content\/uploads\/2025\/10\/VECT-45-60-img-cut.png","datePublished":"2025-10-15T14:24:31+00:00","dateModified":"2026-01-29T14:40:00+00:00","description":"VECT 60-80 Saccardo: unidade para t\u00faneis de termo-encolhimento, chiller e secador. Desempenho consistente, controle do processo e qualidade na embalagem.","breadcrumb":{"@id":"https:\/\/saccardo.com\/produtos\/vect-60-80\/#breadcrumb"},"inLanguage":"pt-BR","potentialAction":[{"@type":"ReadAction","target":["https:\/\/saccardo.com\/produtos\/vect-60-80\/"]}]},{"@type":"ImageObject","inLanguage":"pt-BR","@id":"https:\/\/saccardo.com\/produtos\/vect-60-80\/#primaryimage","url":"https:\/\/saccardo.com\/wp-content\/uploads\/2025\/10\/VECT-45-60-img-cut.png","contentUrl":"https:\/\/saccardo.com\/wp-content\/uploads\/2025\/10\/VECT-45-60-img-cut.png","width":800,"height":500},{"@type":"BreadcrumbList","@id":"https:\/\/saccardo.com\/produtos\/vect-60-80\/#breadcrumb","itemListElement":[{"@type":"ListItem","position":1,"name":"Home","item":"https:\/\/saccardo.com\/"},{"@type":"ListItem","position":2,"name":"Nossas Solu\u00e7\u00f5es: Para atender a cada solicita\u00e7\u00e3o, para satisfazer cada necessidade","item":"https:\/\/saccardo.com\/le-nostre-soluzioni\/"},{"@type":"ListItem","position":3,"name":"VECT 60-80"}]},{"@type":"WebSite","@id":"https:\/\/saccardo.com\/#website","url":"https:\/\/saccardo.com\/","name":"Saccardo","description":"","publisher":{"@id":"https:\/\/saccardo.com\/#organization"},"potentialAction":[{"@type":"SearchAction","target":{"@type":"EntryPoint","urlTemplate":"https:\/\/saccardo.com\/?s={search_term_string}"},"query-input":{"@type":"PropertyValueSpecification","valueRequired":true,"valueName":"search_term_string"}}],"inLanguage":"pt-BR"},{"@type":"Organization","@id":"https:\/\/saccardo.com\/#organization","name":"Saccardo Arturo Figli Srl","url":"https:\/\/saccardo.com\/","logo":{"@type":"ImageObject","inLanguage":"pt-BR","@id":"https:\/\/saccardo.com\/#\/schema\/logo\/image\/","url":"https:\/\/saccardo.com\/wp-content\/uploads\/2023\/09\/logo-saccardo.svg","contentUrl":"https:\/\/saccardo.com\/wp-content\/uploads\/2023\/09\/logo-saccardo.svg","width":"1024","height":"1024","caption":"Saccardo Arturo Figli Srl"},"image":{"@id":"https:\/\/saccardo.com\/#\/schema\/logo\/image\/"}}]}},"_links":{"self":[{"href":"https:\/\/saccardo.com\/pt-br\/wp-json\/wp\/v2\/product\/2183","targetHints":{"allow":["GET"]}}],"collection":[{"href":"https:\/\/saccardo.com\/pt-br\/wp-json\/wp\/v2\/product"}],"about":[{"href":"https:\/\/saccardo.com\/pt-br\/wp-json\/wp\/v2\/types\/product"}],"replies":[{"embeddable":true,"href":"https:\/\/saccardo.com\/pt-br\/wp-json\/wp\/v2\/comments?post=2183"}],"wp:featuredmedia":[{"embeddable":true,"href":"https:\/\/saccardo.com\/pt-br\/wp-json\/wp\/v2\/media\/1774"}],"wp:attachment":[{"href":"https:\/\/saccardo.com\/pt-br\/wp-json\/wp\/v2\/media?parent=2183"}],"wp:term":[{"taxonomy":"settore-di-applicazione","embeddable":true,"href":"https:\/\/saccardo.com\/pt-br\/wp-json\/wp\/v2\/settore-di-applicazione?post=2183"},{"taxonomy":"soluzione","embeddable":true,"href":"https:\/\/saccardo.com\/pt-br\/wp-json\/wp\/v2\/soluzione?post=2183"},{"taxonomy":"product_brand","embeddable":true,"href":"https:\/\/saccardo.com\/pt-br\/wp-json\/wp\/v2\/product_brand?post=2183"},{"taxonomy":"product_cat","embeddable":true,"href":"https:\/\/saccardo.com\/pt-br\/wp-json\/wp\/v2\/product_cat?post=2183"},{"taxonomy":"product_tag","embeddable":true,"href":"https:\/\/saccardo.com\/pt-br\/wp-json\/wp\/v2\/product_tag?post=2183"}],"curies":[{"name":"wp","href":"https:\/\/api.w.org\/{rel}","templated":true}]}}