{"id":2139,"date":"2024-05-14T14:26:40","date_gmt":"2024-05-14T14:26:40","guid":{"rendered":"https:\/\/saccardo.com\/prodotto\/vn-1500\/"},"modified":"2026-01-29T14:39:52","modified_gmt":"2026-01-29T14:39:52","slug":"vn-1500","status":"publish","type":"product","link":"https:\/\/saccardo.com\/pt-br\/produtos\/vn-1500\/","title":{"rendered":"VN1500"},"content":{"rendered":"<p><span style=\"font-weight: 400;\">A embaladora a v\u00e1cuo vertical <\/span><b>VN1500 Saccardo<\/b><span style=\"font-weight: 400;\"> foi projetada para otimizar a produtividade no processamento de<\/span> <b>presuntos cozidos em molde destinados ao fatiamento<\/b>, <span style=\"font-weight: 400;\">bem como de produtos que necessitam permanecer na posi\u00e7\u00e3o vertical durante o ciclo de v\u00e1cuo.<\/span><\/p>\n<p><span style=\"font-weight: 400;\">Gra\u00e7as \u00e0<\/span> <b>automa\u00e7\u00e3o r\u00e1pida e precisa das fases de v\u00e1cuo e selagem<\/b>, <span style=\"font-weight: 400;\">a VN1500 Saccardo reduz significativamente os tempos de processamento, aumenta a produtividade hor\u00e1ria e garante resultados consistentes.<\/span><\/p>\n<p><span style=\"font-weight: 400;\">O seu <\/span>design ergon\u00f3mico <span style=\"font-weight: 400;\">facilita o acesso aos componentes para limpeza, reduzindo o esfor\u00e7o f\u00edsico e o tempo necess\u00e1rio para a sanitiza\u00e7\u00e3o, enquanto os<\/span> <b>sistemas de seguran\u00e7a avan\u00e7ados asseguram m\u00e1xima prote\u00e7\u00e3o ao operador e um ambiente de trabalho seguro.<\/b><span style=\"font-weight: 400;\"> Al\u00e9m disso, a sua versatilidade permite f\u00e1cil adapta\u00e7\u00e3o a diferentes layouts de produ\u00e7\u00e3o.\u00a0<\/span><\/p>\n","protected":false},"excerpt":{"rendered":"<p><span style=\"font-weight: 400;\">A embaladora a v\u00e1cuo vertical reduz significativamente o tempo de processamento, aumentando a produtividade por hora e garantindo resultados consistentes.<\/span><\/p>\n","protected":false},"featured_media":1372,"comment_status":"closed","ping_status":"closed","template":"","meta":{"_et_pb_use_builder":"","_et_pb_old_content":"","_et_gb_content_width":"","inline_featured_image":false},"settore-di-applicazione":[],"soluzione":[],"product_brand":[],"product_cat":[174],"product_tag":[],"class_list":{"0":"post-2139","1":"product","2":"type-product","3":"status-publish","4":"has-post-thumbnail","6":"product_cat-embalamento-a-vacuo-vertical","7":"pa_altezza-massima-prodotto-190-mm","8":"pa_lunghezza-barre-saldanti-1500-mm","10":"first","11":"instock","12":"shipping-taxable","13":"product-type-simple"},"acf":[],"yoast_head":"<!-- This site is optimized with the Yoast SEO plugin v27.3 - https:\/\/yoast.com\/product\/yoast-seo-wordpress\/ -->\n<title>VN1500 | Embalamento \u00e0 v\u00e1cuo vertical | Saccardo<\/title>\n<meta name=\"description\" content=\"VN1500 Saccardo: m\u00e1quina profissional para embalamento \u00e0 v\u00e1cuo vertical. Tecnologia industrial confi\u00e1vel para a ind\u00fastria aliment\u00edcia.\" \/>\n<meta name=\"robots\" content=\"index, follow, max-snippet:-1, max-image-preview:large, max-video-preview:-1\" \/>\n<link rel=\"canonical\" href=\"https:\/\/saccardo.com\/produtos\/vn-1500\/\" \/>\n<meta property=\"og:locale\" content=\"pt_BR\" \/>\n<meta property=\"og:type\" content=\"article\" \/>\n<meta property=\"og:title\" content=\"VN1500 | Embalamento \u00e0 v\u00e1cuo vertical | Saccardo\" \/>\n<meta property=\"og:description\" content=\"VN1500 Saccardo: m\u00e1quina profissional para embalamento \u00e0 v\u00e1cuo vertical. Tecnologia industrial confi\u00e1vel para a ind\u00fastria aliment\u00edcia.\" \/>\n<meta property=\"og:url\" content=\"https:\/\/saccardo.com\/produtos\/vn-1500\/\" \/>\n<meta property=\"og:site_name\" content=\"Saccardo\" \/>\n<meta property=\"article:modified_time\" content=\"2026-01-29T14:39:52+00:00\" \/>\n<meta property=\"og:image\" content=\"https:\/\/saccardo.com\/wp-content\/uploads\/2024\/05\/VN1500.png\" \/>\n\t<meta property=\"og:image:width\" content=\"967\" \/>\n\t<meta property=\"og:image:height\" content=\"633\" \/>\n\t<meta property=\"og:image:type\" content=\"image\/png\" \/>\n<meta name=\"twitter:card\" content=\"summary_large_image\" \/>\n<meta name=\"twitter:label1\" content=\"Est. tempo de leitura\" \/>\n\t<meta name=\"twitter:data1\" content=\"1 minuto\" \/>\n<script type=\"application\/ld+json\" class=\"yoast-schema-graph\">{\"@context\":\"https:\\\/\\\/schema.org\",\"@graph\":[{\"@type\":\"WebPage\",\"@id\":\"https:\\\/\\\/saccardo.com\\\/produtos\\\/vn-1500\\\/\",\"url\":\"https:\\\/\\\/saccardo.com\\\/produtos\\\/vn-1500\\\/\",\"name\":\"VN1500 | Embalamento \u00e0 v\u00e1cuo vertical | Saccardo\",\"isPartOf\":{\"@id\":\"https:\\\/\\\/saccardo.com\\\/#website\"},\"primaryImageOfPage\":{\"@id\":\"https:\\\/\\\/saccardo.com\\\/produtos\\\/vn-1500\\\/#primaryimage\"},\"image\":{\"@id\":\"https:\\\/\\\/saccardo.com\\\/produtos\\\/vn-1500\\\/#primaryimage\"},\"thumbnailUrl\":\"https:\\\/\\\/saccardo.com\\\/wp-content\\\/uploads\\\/2024\\\/05\\\/VN1500.png\",\"datePublished\":\"2024-05-14T14:26:40+00:00\",\"dateModified\":\"2026-01-29T14:39:52+00:00\",\"description\":\"VN1500 Saccardo: m\u00e1quina profissional para embalamento \u00e0 v\u00e1cuo vertical. Tecnologia industrial confi\u00e1vel para a ind\u00fastria aliment\u00edcia.\",\"breadcrumb\":{\"@id\":\"https:\\\/\\\/saccardo.com\\\/produtos\\\/vn-1500\\\/#breadcrumb\"},\"inLanguage\":\"pt-BR\",\"potentialAction\":[{\"@type\":\"ReadAction\",\"target\":[\"https:\\\/\\\/saccardo.com\\\/produtos\\\/vn-1500\\\/\"]}]},{\"@type\":\"ImageObject\",\"inLanguage\":\"pt-BR\",\"@id\":\"https:\\\/\\\/saccardo.com\\\/produtos\\\/vn-1500\\\/#primaryimage\",\"url\":\"https:\\\/\\\/saccardo.com\\\/wp-content\\\/uploads\\\/2024\\\/05\\\/VN1500.png\",\"contentUrl\":\"https:\\\/\\\/saccardo.com\\\/wp-content\\\/uploads\\\/2024\\\/05\\\/VN1500.png\",\"width\":967,\"height\":633},{\"@type\":\"BreadcrumbList\",\"@id\":\"https:\\\/\\\/saccardo.com\\\/produtos\\\/vn-1500\\\/#breadcrumb\",\"itemListElement\":[{\"@type\":\"ListItem\",\"position\":1,\"name\":\"Home\",\"item\":\"https:\\\/\\\/saccardo.com\\\/\"},{\"@type\":\"ListItem\",\"position\":2,\"name\":\"Nossas Solu\u00e7\u00f5es: Para atender a cada solicita\u00e7\u00e3o, para satisfazer cada necessidade\",\"item\":\"https:\\\/\\\/saccardo.com\\\/le-nostre-soluzioni\\\/\"},{\"@type\":\"ListItem\",\"position\":3,\"name\":\"VN1500\"}]},{\"@type\":\"WebSite\",\"@id\":\"https:\\\/\\\/saccardo.com\\\/#website\",\"url\":\"https:\\\/\\\/saccardo.com\\\/\",\"name\":\"Saccardo\",\"description\":\"\",\"publisher\":{\"@id\":\"https:\\\/\\\/saccardo.com\\\/#organization\"},\"potentialAction\":[{\"@type\":\"SearchAction\",\"target\":{\"@type\":\"EntryPoint\",\"urlTemplate\":\"https:\\\/\\\/saccardo.com\\\/?s={search_term_string}\"},\"query-input\":{\"@type\":\"PropertyValueSpecification\",\"valueRequired\":true,\"valueName\":\"search_term_string\"}}],\"inLanguage\":\"pt-BR\"},{\"@type\":\"Organization\",\"@id\":\"https:\\\/\\\/saccardo.com\\\/#organization\",\"name\":\"Saccardo Arturo Figli Srl\",\"url\":\"https:\\\/\\\/saccardo.com\\\/\",\"logo\":{\"@type\":\"ImageObject\",\"inLanguage\":\"pt-BR\",\"@id\":\"https:\\\/\\\/saccardo.com\\\/#\\\/schema\\\/logo\\\/image\\\/\",\"url\":\"https:\\\/\\\/saccardo.com\\\/wp-content\\\/uploads\\\/2023\\\/09\\\/logo-saccardo.svg\",\"contentUrl\":\"https:\\\/\\\/saccardo.com\\\/wp-content\\\/uploads\\\/2023\\\/09\\\/logo-saccardo.svg\",\"width\":\"1024\",\"height\":\"1024\",\"caption\":\"Saccardo Arturo Figli Srl\"},\"image\":{\"@id\":\"https:\\\/\\\/saccardo.com\\\/#\\\/schema\\\/logo\\\/image\\\/\"}}]}<\/script>\n<!-- \/ Yoast SEO plugin. -->","yoast_head_json":{"title":"VN1500 | Embalamento \u00e0 v\u00e1cuo vertical | Saccardo","description":"VN1500 Saccardo: m\u00e1quina profissional para embalamento \u00e0 v\u00e1cuo vertical. Tecnologia industrial confi\u00e1vel para a ind\u00fastria aliment\u00edcia.","robots":{"index":"index","follow":"follow","max-snippet":"max-snippet:-1","max-image-preview":"max-image-preview:large","max-video-preview":"max-video-preview:-1"},"canonical":"https:\/\/saccardo.com\/produtos\/vn-1500\/","og_locale":"pt_BR","og_type":"article","og_title":"VN1500 | Embalamento \u00e0 v\u00e1cuo vertical | Saccardo","og_description":"VN1500 Saccardo: m\u00e1quina profissional para embalamento \u00e0 v\u00e1cuo vertical. Tecnologia industrial confi\u00e1vel para a ind\u00fastria aliment\u00edcia.","og_url":"https:\/\/saccardo.com\/produtos\/vn-1500\/","og_site_name":"Saccardo","article_modified_time":"2026-01-29T14:39:52+00:00","og_image":[{"width":967,"height":633,"url":"https:\/\/saccardo.com\/wp-content\/uploads\/2024\/05\/VN1500.png","type":"image\/png"}],"twitter_card":"summary_large_image","twitter_misc":{"Est. tempo de leitura":"1 minuto"},"schema":{"@context":"https:\/\/schema.org","@graph":[{"@type":"WebPage","@id":"https:\/\/saccardo.com\/produtos\/vn-1500\/","url":"https:\/\/saccardo.com\/produtos\/vn-1500\/","name":"VN1500 | Embalamento \u00e0 v\u00e1cuo vertical | Saccardo","isPartOf":{"@id":"https:\/\/saccardo.com\/#website"},"primaryImageOfPage":{"@id":"https:\/\/saccardo.com\/produtos\/vn-1500\/#primaryimage"},"image":{"@id":"https:\/\/saccardo.com\/produtos\/vn-1500\/#primaryimage"},"thumbnailUrl":"https:\/\/saccardo.com\/wp-content\/uploads\/2024\/05\/VN1500.png","datePublished":"2024-05-14T14:26:40+00:00","dateModified":"2026-01-29T14:39:52+00:00","description":"VN1500 Saccardo: m\u00e1quina profissional para embalamento \u00e0 v\u00e1cuo vertical. Tecnologia industrial confi\u00e1vel para a ind\u00fastria aliment\u00edcia.","breadcrumb":{"@id":"https:\/\/saccardo.com\/produtos\/vn-1500\/#breadcrumb"},"inLanguage":"pt-BR","potentialAction":[{"@type":"ReadAction","target":["https:\/\/saccardo.com\/produtos\/vn-1500\/"]}]},{"@type":"ImageObject","inLanguage":"pt-BR","@id":"https:\/\/saccardo.com\/produtos\/vn-1500\/#primaryimage","url":"https:\/\/saccardo.com\/wp-content\/uploads\/2024\/05\/VN1500.png","contentUrl":"https:\/\/saccardo.com\/wp-content\/uploads\/2024\/05\/VN1500.png","width":967,"height":633},{"@type":"BreadcrumbList","@id":"https:\/\/saccardo.com\/produtos\/vn-1500\/#breadcrumb","itemListElement":[{"@type":"ListItem","position":1,"name":"Home","item":"https:\/\/saccardo.com\/"},{"@type":"ListItem","position":2,"name":"Nossas Solu\u00e7\u00f5es: Para atender a cada solicita\u00e7\u00e3o, para satisfazer cada necessidade","item":"https:\/\/saccardo.com\/le-nostre-soluzioni\/"},{"@type":"ListItem","position":3,"name":"VN1500"}]},{"@type":"WebSite","@id":"https:\/\/saccardo.com\/#website","url":"https:\/\/saccardo.com\/","name":"Saccardo","description":"","publisher":{"@id":"https:\/\/saccardo.com\/#organization"},"potentialAction":[{"@type":"SearchAction","target":{"@type":"EntryPoint","urlTemplate":"https:\/\/saccardo.com\/?s={search_term_string}"},"query-input":{"@type":"PropertyValueSpecification","valueRequired":true,"valueName":"search_term_string"}}],"inLanguage":"pt-BR"},{"@type":"Organization","@id":"https:\/\/saccardo.com\/#organization","name":"Saccardo Arturo Figli Srl","url":"https:\/\/saccardo.com\/","logo":{"@type":"ImageObject","inLanguage":"pt-BR","@id":"https:\/\/saccardo.com\/#\/schema\/logo\/image\/","url":"https:\/\/saccardo.com\/wp-content\/uploads\/2023\/09\/logo-saccardo.svg","contentUrl":"https:\/\/saccardo.com\/wp-content\/uploads\/2023\/09\/logo-saccardo.svg","width":"1024","height":"1024","caption":"Saccardo Arturo Figli Srl"},"image":{"@id":"https:\/\/saccardo.com\/#\/schema\/logo\/image\/"}}]}},"_links":{"self":[{"href":"https:\/\/saccardo.com\/pt-br\/wp-json\/wp\/v2\/product\/2139","targetHints":{"allow":["GET"]}}],"collection":[{"href":"https:\/\/saccardo.com\/pt-br\/wp-json\/wp\/v2\/product"}],"about":[{"href":"https:\/\/saccardo.com\/pt-br\/wp-json\/wp\/v2\/types\/product"}],"replies":[{"embeddable":true,"href":"https:\/\/saccardo.com\/pt-br\/wp-json\/wp\/v2\/comments?post=2139"}],"wp:featuredmedia":[{"embeddable":true,"href":"https:\/\/saccardo.com\/pt-br\/wp-json\/wp\/v2\/media\/1372"}],"wp:attachment":[{"href":"https:\/\/saccardo.com\/pt-br\/wp-json\/wp\/v2\/media?parent=2139"}],"wp:term":[{"taxonomy":"settore-di-applicazione","embeddable":true,"href":"https:\/\/saccardo.com\/pt-br\/wp-json\/wp\/v2\/settore-di-applicazione?post=2139"},{"taxonomy":"soluzione","embeddable":true,"href":"https:\/\/saccardo.com\/pt-br\/wp-json\/wp\/v2\/soluzione?post=2139"},{"taxonomy":"product_brand","embeddable":true,"href":"https:\/\/saccardo.com\/pt-br\/wp-json\/wp\/v2\/product_brand?post=2139"},{"taxonomy":"product_cat","embeddable":true,"href":"https:\/\/saccardo.com\/pt-br\/wp-json\/wp\/v2\/product_cat?post=2139"},{"taxonomy":"product_tag","embeddable":true,"href":"https:\/\/saccardo.com\/pt-br\/wp-json\/wp\/v2\/product_tag?post=2139"}],"curies":[{"name":"wp","href":"https:\/\/api.w.org\/{rel}","templated":true}]}}