{"id":2133,"date":"2023-11-08T14:05:24","date_gmt":"2023-11-08T14:05:24","guid":{"rendered":"https:\/\/saccardo.com\/prodotto\/as38-1500b\/"},"modified":"2026-01-29T14:39:50","modified_gmt":"2026-01-29T14:39:50","slug":"as38-1500b","status":"publish","type":"product","link":"https:\/\/saccardo.com\/pt-br\/produtos\/as38-1500b\/","title":{"rendered":"AS38 1500 B"},"content":{"rendered":"<p><span style=\"font-weight: 400;\">A embaladora a v\u00e1cuo autom\u00e1tica com esteira AS38 1500 B Saccardo, m\u00e1quina embaladora a v\u00e1cuo com c\u00e2mara e esteira, representa uma solu\u00e7\u00e3o autom\u00e1tica ideal para o embalamento a v\u00e1cuo, em qualquer tipo de saco termosel\u00e1vel, de carnes frescas, carnes processadas, queijos, enchidos e peixe. <\/span><span style=\"font-weight: 400;\">A estrutura robusta, os movimentos precisos e o sistema pneum\u00e1tico avan\u00e7ado garantem tempos de ciclo otimizados, permitindo uma alta produtividade hor\u00e1ria e mantendo, ao mesmo tempo, uma apresenta\u00e7\u00e3o est\u00e1vel e perfeita das embalagens. <\/span><\/p>\n<p><span style=\"font-weight: 400;\">Gra\u00e7as \u00e0 versatilidade de configura\u00e7\u00e3o, a m\u00e1quina de embalagem a v\u00e1cuo com c\u00e2mara e esteira AS38 1500 B \u00e9 adapt\u00e1vel \u00e0s diversas necessidades operacionais e produtivas do cliente utilizador. <\/span><span style=\"font-weight: 400;\">Combinada com sistemas de encolhimento e secagem, esta m\u00e1quina pode compor uma linha completa de termoembalagem automatizada.<\/span><\/p>\n<p><span style=\"font-weight: 400;\">A embaladora a v\u00e1cuo autom\u00e1tica com esteira AS38 1500 B Saccardo \u00e9 a solu\u00e7\u00e3o ideal para quem procura uma m\u00e1quina completa, vers\u00e1til e tecnologicamente avan\u00e7ada, capaz de se adaptar \u00e0s mais diversas necessidades de produ\u00e7\u00e3o e medir a qualidade monitorando o processo e a efici\u00eancia produtiva. <\/span><\/p>\n","protected":false},"excerpt":{"rendered":"<p><span style=\"font-weight: 400;\">M\u00e1quina de embalagem a v\u00e1cuo com c\u00e2mara e esteira, ideal para embalagens a v\u00e1cuo<\/span><\/p>\n","protected":false},"featured_media":1382,"comment_status":"closed","ping_status":"closed","template":"","meta":{"_et_pb_use_builder":"","_et_pb_old_content":"","_et_gb_content_width":"","inline_featured_image":false},"settore-di-applicazione":[],"soluzione":[392],"product_brand":[],"product_cat":[172],"product_tag":[],"class_list":{"0":"post-2133","1":"product","2":"type-product","3":"status-publish","4":"has-post-thumbnail","6":"soluzione-automatico","7":"product_cat-embalamento-a-vacuo-automatico","8":"pa_altezze-coperchio-160-220-260-300-mm-pt-br","9":"pa_dimensioni-di-ingombro-4067-x-1500-x-2036h-mm-pt-br","10":"pa_distanza-tra-le-barre-800-mm-pt-br","11":"pa_lunghezza-barre-saldanti-2-x-1500-mm-pt-br","12":"pa_nr-barre-saldanti-2-paralelas","13":"pa_peso-2200-kg-ca-pt-br","14":"pa_pompa-primaria-consigliata-1x630-m3-h-o-2x300-m3-h","15":"pa_pompa-roots-interna-1500-m3-h-o-1000-m3-h-pt-br","17":"first","18":"instock","19":"shipping-taxable","20":"product-type-simple"},"acf":[],"yoast_head":"<!-- This site is optimized with the Yoast SEO plugin v27.3 - https:\/\/yoast.com\/product\/yoast-seo-wordpress\/ -->\n<title>AS38 1500 B | Embalamento \u00e0 v\u00e1cuo autom\u00e1tico | Saccardo<\/title>\n<meta name=\"description\" content=\"AS38 1500 B Saccardo: m\u00e1quina profissional para embalamento \u00e0 v\u00e1cuo autom\u00e1tico. Tecnologia industrial confi\u00e1vel para a ind\u00fastria aliment\u00edcia.\" \/>\n<meta name=\"robots\" content=\"index, follow, max-snippet:-1, max-image-preview:large, max-video-preview:-1\" \/>\n<link rel=\"canonical\" href=\"https:\/\/saccardo.com\/produtos\/as38-1500b\/\" \/>\n<meta property=\"og:locale\" content=\"pt_BR\" \/>\n<meta property=\"og:type\" content=\"article\" \/>\n<meta property=\"og:title\" content=\"AS38 1500 B | Embalamento \u00e0 v\u00e1cuo autom\u00e1tico | Saccardo\" \/>\n<meta property=\"og:description\" content=\"AS38 1500 B Saccardo: m\u00e1quina profissional para embalamento \u00e0 v\u00e1cuo autom\u00e1tico. Tecnologia industrial confi\u00e1vel para a ind\u00fastria aliment\u00edcia.\" \/>\n<meta property=\"og:url\" content=\"https:\/\/saccardo.com\/produtos\/as38-1500b\/\" \/>\n<meta property=\"og:site_name\" content=\"Saccardo\" \/>\n<meta property=\"article:modified_time\" content=\"2026-01-29T14:39:50+00:00\" \/>\n<meta property=\"og:image\" content=\"https:\/\/saccardo.com\/wp-content\/uploads\/2023\/11\/AS38-1550-B-Europa.png\" \/>\n\t<meta property=\"og:image:width\" content=\"2000\" \/>\n\t<meta property=\"og:image:height\" content=\"1024\" \/>\n\t<meta property=\"og:image:type\" content=\"image\/png\" \/>\n<meta name=\"twitter:card\" content=\"summary_large_image\" \/>\n<meta name=\"twitter:label1\" content=\"Est. tempo de leitura\" \/>\n\t<meta name=\"twitter:data1\" content=\"1 minuto\" \/>\n<script type=\"application\/ld+json\" class=\"yoast-schema-graph\">{\"@context\":\"https:\\\/\\\/schema.org\",\"@graph\":[{\"@type\":\"WebPage\",\"@id\":\"https:\\\/\\\/saccardo.com\\\/produtos\\\/as38-1500b\\\/\",\"url\":\"https:\\\/\\\/saccardo.com\\\/produtos\\\/as38-1500b\\\/\",\"name\":\"AS38 1500 B | Embalamento \u00e0 v\u00e1cuo autom\u00e1tico | Saccardo\",\"isPartOf\":{\"@id\":\"https:\\\/\\\/saccardo.com\\\/#website\"},\"primaryImageOfPage\":{\"@id\":\"https:\\\/\\\/saccardo.com\\\/produtos\\\/as38-1500b\\\/#primaryimage\"},\"image\":{\"@id\":\"https:\\\/\\\/saccardo.com\\\/produtos\\\/as38-1500b\\\/#primaryimage\"},\"thumbnailUrl\":\"https:\\\/\\\/saccardo.com\\\/wp-content\\\/uploads\\\/2023\\\/11\\\/AS38-1550-B-Europa.png\",\"datePublished\":\"2023-11-08T14:05:24+00:00\",\"dateModified\":\"2026-01-29T14:39:50+00:00\",\"description\":\"AS38 1500 B Saccardo: m\u00e1quina profissional para embalamento \u00e0 v\u00e1cuo autom\u00e1tico. Tecnologia industrial confi\u00e1vel para a ind\u00fastria aliment\u00edcia.\",\"breadcrumb\":{\"@id\":\"https:\\\/\\\/saccardo.com\\\/produtos\\\/as38-1500b\\\/#breadcrumb\"},\"inLanguage\":\"pt-BR\",\"potentialAction\":[{\"@type\":\"ReadAction\",\"target\":[\"https:\\\/\\\/saccardo.com\\\/produtos\\\/as38-1500b\\\/\"]}]},{\"@type\":\"ImageObject\",\"inLanguage\":\"pt-BR\",\"@id\":\"https:\\\/\\\/saccardo.com\\\/produtos\\\/as38-1500b\\\/#primaryimage\",\"url\":\"https:\\\/\\\/saccardo.com\\\/wp-content\\\/uploads\\\/2023\\\/11\\\/AS38-1550-B-Europa.png\",\"contentUrl\":\"https:\\\/\\\/saccardo.com\\\/wp-content\\\/uploads\\\/2023\\\/11\\\/AS38-1550-B-Europa.png\",\"width\":2000,\"height\":1024},{\"@type\":\"BreadcrumbList\",\"@id\":\"https:\\\/\\\/saccardo.com\\\/produtos\\\/as38-1500b\\\/#breadcrumb\",\"itemListElement\":[{\"@type\":\"ListItem\",\"position\":1,\"name\":\"Home\",\"item\":\"https:\\\/\\\/saccardo.com\\\/\"},{\"@type\":\"ListItem\",\"position\":2,\"name\":\"Nossas Solu\u00e7\u00f5es: Para atender a cada solicita\u00e7\u00e3o, para satisfazer cada necessidade\",\"item\":\"https:\\\/\\\/saccardo.com\\\/le-nostre-soluzioni\\\/\"},{\"@type\":\"ListItem\",\"position\":3,\"name\":\"AS38 1500 B\"}]},{\"@type\":\"WebSite\",\"@id\":\"https:\\\/\\\/saccardo.com\\\/#website\",\"url\":\"https:\\\/\\\/saccardo.com\\\/\",\"name\":\"Saccardo\",\"description\":\"\",\"publisher\":{\"@id\":\"https:\\\/\\\/saccardo.com\\\/#organization\"},\"potentialAction\":[{\"@type\":\"SearchAction\",\"target\":{\"@type\":\"EntryPoint\",\"urlTemplate\":\"https:\\\/\\\/saccardo.com\\\/?s={search_term_string}\"},\"query-input\":{\"@type\":\"PropertyValueSpecification\",\"valueRequired\":true,\"valueName\":\"search_term_string\"}}],\"inLanguage\":\"pt-BR\"},{\"@type\":\"Organization\",\"@id\":\"https:\\\/\\\/saccardo.com\\\/#organization\",\"name\":\"Saccardo Arturo Figli Srl\",\"url\":\"https:\\\/\\\/saccardo.com\\\/\",\"logo\":{\"@type\":\"ImageObject\",\"inLanguage\":\"pt-BR\",\"@id\":\"https:\\\/\\\/saccardo.com\\\/#\\\/schema\\\/logo\\\/image\\\/\",\"url\":\"https:\\\/\\\/saccardo.com\\\/wp-content\\\/uploads\\\/2023\\\/09\\\/logo-saccardo.svg\",\"contentUrl\":\"https:\\\/\\\/saccardo.com\\\/wp-content\\\/uploads\\\/2023\\\/09\\\/logo-saccardo.svg\",\"width\":\"1024\",\"height\":\"1024\",\"caption\":\"Saccardo Arturo Figli Srl\"},\"image\":{\"@id\":\"https:\\\/\\\/saccardo.com\\\/#\\\/schema\\\/logo\\\/image\\\/\"}}]}<\/script>\n<!-- \/ Yoast SEO plugin. -->","yoast_head_json":{"title":"AS38 1500 B | Embalamento \u00e0 v\u00e1cuo autom\u00e1tico | Saccardo","description":"AS38 1500 B Saccardo: m\u00e1quina profissional para embalamento \u00e0 v\u00e1cuo autom\u00e1tico. Tecnologia industrial confi\u00e1vel para a ind\u00fastria aliment\u00edcia.","robots":{"index":"index","follow":"follow","max-snippet":"max-snippet:-1","max-image-preview":"max-image-preview:large","max-video-preview":"max-video-preview:-1"},"canonical":"https:\/\/saccardo.com\/produtos\/as38-1500b\/","og_locale":"pt_BR","og_type":"article","og_title":"AS38 1500 B | Embalamento \u00e0 v\u00e1cuo autom\u00e1tico | Saccardo","og_description":"AS38 1500 B Saccardo: m\u00e1quina profissional para embalamento \u00e0 v\u00e1cuo autom\u00e1tico. Tecnologia industrial confi\u00e1vel para a ind\u00fastria aliment\u00edcia.","og_url":"https:\/\/saccardo.com\/produtos\/as38-1500b\/","og_site_name":"Saccardo","article_modified_time":"2026-01-29T14:39:50+00:00","og_image":[{"width":2000,"height":1024,"url":"https:\/\/saccardo.com\/wp-content\/uploads\/2023\/11\/AS38-1550-B-Europa.png","type":"image\/png"}],"twitter_card":"summary_large_image","twitter_misc":{"Est. tempo de leitura":"1 minuto"},"schema":{"@context":"https:\/\/schema.org","@graph":[{"@type":"WebPage","@id":"https:\/\/saccardo.com\/produtos\/as38-1500b\/","url":"https:\/\/saccardo.com\/produtos\/as38-1500b\/","name":"AS38 1500 B | Embalamento \u00e0 v\u00e1cuo autom\u00e1tico | Saccardo","isPartOf":{"@id":"https:\/\/saccardo.com\/#website"},"primaryImageOfPage":{"@id":"https:\/\/saccardo.com\/produtos\/as38-1500b\/#primaryimage"},"image":{"@id":"https:\/\/saccardo.com\/produtos\/as38-1500b\/#primaryimage"},"thumbnailUrl":"https:\/\/saccardo.com\/wp-content\/uploads\/2023\/11\/AS38-1550-B-Europa.png","datePublished":"2023-11-08T14:05:24+00:00","dateModified":"2026-01-29T14:39:50+00:00","description":"AS38 1500 B Saccardo: m\u00e1quina profissional para embalamento \u00e0 v\u00e1cuo autom\u00e1tico. Tecnologia industrial confi\u00e1vel para a ind\u00fastria aliment\u00edcia.","breadcrumb":{"@id":"https:\/\/saccardo.com\/produtos\/as38-1500b\/#breadcrumb"},"inLanguage":"pt-BR","potentialAction":[{"@type":"ReadAction","target":["https:\/\/saccardo.com\/produtos\/as38-1500b\/"]}]},{"@type":"ImageObject","inLanguage":"pt-BR","@id":"https:\/\/saccardo.com\/produtos\/as38-1500b\/#primaryimage","url":"https:\/\/saccardo.com\/wp-content\/uploads\/2023\/11\/AS38-1550-B-Europa.png","contentUrl":"https:\/\/saccardo.com\/wp-content\/uploads\/2023\/11\/AS38-1550-B-Europa.png","width":2000,"height":1024},{"@type":"BreadcrumbList","@id":"https:\/\/saccardo.com\/produtos\/as38-1500b\/#breadcrumb","itemListElement":[{"@type":"ListItem","position":1,"name":"Home","item":"https:\/\/saccardo.com\/"},{"@type":"ListItem","position":2,"name":"Nossas Solu\u00e7\u00f5es: Para atender a cada solicita\u00e7\u00e3o, para satisfazer cada necessidade","item":"https:\/\/saccardo.com\/le-nostre-soluzioni\/"},{"@type":"ListItem","position":3,"name":"AS38 1500 B"}]},{"@type":"WebSite","@id":"https:\/\/saccardo.com\/#website","url":"https:\/\/saccardo.com\/","name":"Saccardo","description":"","publisher":{"@id":"https:\/\/saccardo.com\/#organization"},"potentialAction":[{"@type":"SearchAction","target":{"@type":"EntryPoint","urlTemplate":"https:\/\/saccardo.com\/?s={search_term_string}"},"query-input":{"@type":"PropertyValueSpecification","valueRequired":true,"valueName":"search_term_string"}}],"inLanguage":"pt-BR"},{"@type":"Organization","@id":"https:\/\/saccardo.com\/#organization","name":"Saccardo Arturo Figli Srl","url":"https:\/\/saccardo.com\/","logo":{"@type":"ImageObject","inLanguage":"pt-BR","@id":"https:\/\/saccardo.com\/#\/schema\/logo\/image\/","url":"https:\/\/saccardo.com\/wp-content\/uploads\/2023\/09\/logo-saccardo.svg","contentUrl":"https:\/\/saccardo.com\/wp-content\/uploads\/2023\/09\/logo-saccardo.svg","width":"1024","height":"1024","caption":"Saccardo Arturo Figli Srl"},"image":{"@id":"https:\/\/saccardo.com\/#\/schema\/logo\/image\/"}}]}},"_links":{"self":[{"href":"https:\/\/saccardo.com\/pt-br\/wp-json\/wp\/v2\/product\/2133","targetHints":{"allow":["GET"]}}],"collection":[{"href":"https:\/\/saccardo.com\/pt-br\/wp-json\/wp\/v2\/product"}],"about":[{"href":"https:\/\/saccardo.com\/pt-br\/wp-json\/wp\/v2\/types\/product"}],"replies":[{"embeddable":true,"href":"https:\/\/saccardo.com\/pt-br\/wp-json\/wp\/v2\/comments?post=2133"}],"wp:featuredmedia":[{"embeddable":true,"href":"https:\/\/saccardo.com\/pt-br\/wp-json\/wp\/v2\/media\/1382"}],"wp:attachment":[{"href":"https:\/\/saccardo.com\/pt-br\/wp-json\/wp\/v2\/media?parent=2133"}],"wp:term":[{"taxonomy":"settore-di-applicazione","embeddable":true,"href":"https:\/\/saccardo.com\/pt-br\/wp-json\/wp\/v2\/settore-di-applicazione?post=2133"},{"taxonomy":"soluzione","embeddable":true,"href":"https:\/\/saccardo.com\/pt-br\/wp-json\/wp\/v2\/soluzione?post=2133"},{"taxonomy":"product_brand","embeddable":true,"href":"https:\/\/saccardo.com\/pt-br\/wp-json\/wp\/v2\/product_brand?post=2133"},{"taxonomy":"product_cat","embeddable":true,"href":"https:\/\/saccardo.com\/pt-br\/wp-json\/wp\/v2\/product_cat?post=2133"},{"taxonomy":"product_tag","embeddable":true,"href":"https:\/\/saccardo.com\/pt-br\/wp-json\/wp\/v2\/product_tag?post=2133"}],"curies":[{"name":"wp","href":"https:\/\/api.w.org\/{rel}","templated":true}]}}