{"id":2131,"date":"2023-10-23T15:14:40","date_gmt":"2023-10-23T15:14:40","guid":{"rendered":"https:\/\/saccardo.com\/prodotto\/as38-1000\/"},"modified":"2026-01-29T14:39:49","modified_gmt":"2026-01-29T14:39:49","slug":"as38-1000","status":"publish","type":"product","link":"https:\/\/saccardo.com\/pt-br\/produtos\/as38-1000\/","title":{"rendered":"AS38 1000"},"content":{"rendered":"<p><span style=\"font-weight: 400;\">A m\u00e1quina autom\u00e1tica de embalagem a v\u00e1cuo com correia <strong>Saccardo AS38 1000<\/strong>, do tipo c\u00e2mara com correia, representa uma solu\u00e7\u00e3o autom\u00e1tica ideal para a embalagem a v\u00e1cuo em qualquer tipo de saco termossel\u00e1vel.<br \/>\n\u00c9 adequada para carnes frescas e processadas, queijos, embutidos e peixes.<\/span> <span style=\"font-weight: 400;\">A estrutura robusta, os movimentos precisos e o sistema pneum\u00e1tico avan\u00e7ado garantem tempos de ciclo otimizados, permitindo uma alta produtividade hor\u00e1ria e mantendo uma apresenta\u00e7\u00e3o est\u00e1vel e de qualidade ideal das embalagens.<\/span><\/p>\n<p><span style=\"font-weight: 400;\">Gra\u00e7as \u00e0 sua configura\u00e7\u00e3o vers\u00e1til, a m\u00e1quina de c\u00e2mara com correia AS38 1000 pode ser adaptada \u00e0s diversas exig\u00eancias operacionais e produtivas do utilizador final. <\/span><span style=\"font-weight: 400;\">Combinada com sistemas de encolhimento e secagem, esta m\u00e1quina pode compor uma linha completa de termoembalagem automatizada.<\/span><\/p>\n<p><span style=\"font-weight: 400;\">A m\u00e1quina autom\u00e1tica de embalagem a v\u00e1cuo com correia Saccardo AS38 1000 \u00e9 a escolha ideal para quem procura uma m\u00e1quina completa, vers\u00e1til e tecnologicamente avan\u00e7ada, capaz de se adaptar a uma ampla gama de necessidades produtivas, garantindo simultaneamente o controlo da qualidade e a efici\u00eancia do processo. <\/span><\/p>\n","protected":false},"excerpt":{"rendered":"<p>Embaladora \u00e0 v\u00e1cuo de c\u00e2mara com esteira<\/p>\n","protected":false},"featured_media":939,"comment_status":"closed","ping_status":"closed","template":"","meta":{"_et_pb_use_builder":"","_et_pb_old_content":"","_et_gb_content_width":"","inline_featured_image":false},"settore-di-applicazione":[],"soluzione":[392],"product_brand":[],"product_cat":[172],"product_tag":[],"class_list":{"0":"post-2131","1":"product","2":"type-product","3":"status-publish","4":"has-post-thumbnail","6":"soluzione-automatico","7":"product_cat-embalamento-a-vacuo-automatico","8":"pa_dimensioni-di-ingombro-3031-x-1500-x-2024h-mm-pt-br","9":"pa_distanza-tra-le-barre-860-mm","10":"pa_lunghezza-barre-saldanti-2-x-1000-mm-pt-br","11":"pa_nr-barre-saldanti-2-paralelas","12":"pa_peso-1900-kg-ca-pt-br","13":"pa_pompa-primaria-consigliata-2x300-m3-h","14":"pa_pompa-roots-interna-1000-m3-h-pt-br","16":"first","17":"instock","18":"shipping-taxable","19":"product-type-simple"},"acf":[],"yoast_head":"<!-- This site is optimized with the Yoast SEO plugin v27.3 - https:\/\/yoast.com\/product\/yoast-seo-wordpress\/ -->\n<title>AS38 1000 | Embalamento \u00e0 v\u00e1cuo autom\u00e1tico | Saccardo<\/title>\n<meta name=\"description\" content=\"AS38 1000 Saccardo: m\u00e1quina profissional para embalamento \u00e0 v\u00e1cuo autom\u00e1tico. Tecnologia industrial confi\u00e1vel para a ind\u00fastria aliment\u00edcia.\" \/>\n<meta name=\"robots\" content=\"index, follow, max-snippet:-1, max-image-preview:large, max-video-preview:-1\" \/>\n<link rel=\"canonical\" href=\"https:\/\/saccardo.com\/produtos\/as38-1000\/\" \/>\n<meta property=\"og:locale\" content=\"pt_BR\" \/>\n<meta property=\"og:type\" content=\"article\" \/>\n<meta property=\"og:title\" content=\"AS38 1000 | Embalamento \u00e0 v\u00e1cuo autom\u00e1tico | Saccardo\" \/>\n<meta property=\"og:description\" content=\"AS38 1000 Saccardo: m\u00e1quina profissional para embalamento \u00e0 v\u00e1cuo autom\u00e1tico. Tecnologia industrial confi\u00e1vel para a ind\u00fastria aliment\u00edcia.\" \/>\n<meta property=\"og:url\" content=\"https:\/\/saccardo.com\/produtos\/as38-1000\/\" \/>\n<meta property=\"og:site_name\" content=\"Saccardo\" \/>\n<meta property=\"article:modified_time\" content=\"2026-01-29T14:39:49+00:00\" \/>\n<meta property=\"og:image\" content=\"https:\/\/saccardo.com\/wp-content\/uploads\/2023\/10\/AS38-1000-new.webp\" \/>\n\t<meta property=\"og:image:width\" content=\"800\" \/>\n\t<meta property=\"og:image:height\" content=\"503\" \/>\n\t<meta property=\"og:image:type\" content=\"image\/webp\" \/>\n<meta name=\"twitter:card\" content=\"summary_large_image\" \/>\n<meta name=\"twitter:label1\" content=\"Est. tempo de leitura\" \/>\n\t<meta name=\"twitter:data1\" content=\"1 minuto\" \/>\n<script type=\"application\/ld+json\" class=\"yoast-schema-graph\">{\"@context\":\"https:\\\/\\\/schema.org\",\"@graph\":[{\"@type\":\"WebPage\",\"@id\":\"https:\\\/\\\/saccardo.com\\\/produtos\\\/as38-1000\\\/\",\"url\":\"https:\\\/\\\/saccardo.com\\\/produtos\\\/as38-1000\\\/\",\"name\":\"AS38 1000 | Embalamento \u00e0 v\u00e1cuo autom\u00e1tico | Saccardo\",\"isPartOf\":{\"@id\":\"https:\\\/\\\/saccardo.com\\\/#website\"},\"primaryImageOfPage\":{\"@id\":\"https:\\\/\\\/saccardo.com\\\/produtos\\\/as38-1000\\\/#primaryimage\"},\"image\":{\"@id\":\"https:\\\/\\\/saccardo.com\\\/produtos\\\/as38-1000\\\/#primaryimage\"},\"thumbnailUrl\":\"https:\\\/\\\/saccardo.com\\\/wp-content\\\/uploads\\\/2023\\\/10\\\/AS38-1000-new.webp\",\"datePublished\":\"2023-10-23T15:14:40+00:00\",\"dateModified\":\"2026-01-29T14:39:49+00:00\",\"description\":\"AS38 1000 Saccardo: m\u00e1quina profissional para embalamento \u00e0 v\u00e1cuo autom\u00e1tico. Tecnologia industrial confi\u00e1vel para a ind\u00fastria aliment\u00edcia.\",\"breadcrumb\":{\"@id\":\"https:\\\/\\\/saccardo.com\\\/produtos\\\/as38-1000\\\/#breadcrumb\"},\"inLanguage\":\"pt-BR\",\"potentialAction\":[{\"@type\":\"ReadAction\",\"target\":[\"https:\\\/\\\/saccardo.com\\\/produtos\\\/as38-1000\\\/\"]}]},{\"@type\":\"ImageObject\",\"inLanguage\":\"pt-BR\",\"@id\":\"https:\\\/\\\/saccardo.com\\\/produtos\\\/as38-1000\\\/#primaryimage\",\"url\":\"https:\\\/\\\/saccardo.com\\\/wp-content\\\/uploads\\\/2023\\\/10\\\/AS38-1000-new.webp\",\"contentUrl\":\"https:\\\/\\\/saccardo.com\\\/wp-content\\\/uploads\\\/2023\\\/10\\\/AS38-1000-new.webp\",\"width\":800,\"height\":503},{\"@type\":\"BreadcrumbList\",\"@id\":\"https:\\\/\\\/saccardo.com\\\/produtos\\\/as38-1000\\\/#breadcrumb\",\"itemListElement\":[{\"@type\":\"ListItem\",\"position\":1,\"name\":\"Home\",\"item\":\"https:\\\/\\\/saccardo.com\\\/\"},{\"@type\":\"ListItem\",\"position\":2,\"name\":\"Nossas Solu\u00e7\u00f5es: Para atender a cada solicita\u00e7\u00e3o, para satisfazer cada necessidade\",\"item\":\"https:\\\/\\\/saccardo.com\\\/le-nostre-soluzioni\\\/\"},{\"@type\":\"ListItem\",\"position\":3,\"name\":\"AS38 1000\"}]},{\"@type\":\"WebSite\",\"@id\":\"https:\\\/\\\/saccardo.com\\\/#website\",\"url\":\"https:\\\/\\\/saccardo.com\\\/\",\"name\":\"Saccardo\",\"description\":\"\",\"publisher\":{\"@id\":\"https:\\\/\\\/saccardo.com\\\/#organization\"},\"potentialAction\":[{\"@type\":\"SearchAction\",\"target\":{\"@type\":\"EntryPoint\",\"urlTemplate\":\"https:\\\/\\\/saccardo.com\\\/?s={search_term_string}\"},\"query-input\":{\"@type\":\"PropertyValueSpecification\",\"valueRequired\":true,\"valueName\":\"search_term_string\"}}],\"inLanguage\":\"pt-BR\"},{\"@type\":\"Organization\",\"@id\":\"https:\\\/\\\/saccardo.com\\\/#organization\",\"name\":\"Saccardo Arturo Figli Srl\",\"url\":\"https:\\\/\\\/saccardo.com\\\/\",\"logo\":{\"@type\":\"ImageObject\",\"inLanguage\":\"pt-BR\",\"@id\":\"https:\\\/\\\/saccardo.com\\\/#\\\/schema\\\/logo\\\/image\\\/\",\"url\":\"https:\\\/\\\/saccardo.com\\\/wp-content\\\/uploads\\\/2023\\\/09\\\/logo-saccardo.svg\",\"contentUrl\":\"https:\\\/\\\/saccardo.com\\\/wp-content\\\/uploads\\\/2023\\\/09\\\/logo-saccardo.svg\",\"width\":\"1024\",\"height\":\"1024\",\"caption\":\"Saccardo Arturo Figli Srl\"},\"image\":{\"@id\":\"https:\\\/\\\/saccardo.com\\\/#\\\/schema\\\/logo\\\/image\\\/\"}}]}<\/script>\n<!-- \/ Yoast SEO plugin. -->","yoast_head_json":{"title":"AS38 1000 | Embalamento \u00e0 v\u00e1cuo autom\u00e1tico | Saccardo","description":"AS38 1000 Saccardo: m\u00e1quina profissional para embalamento \u00e0 v\u00e1cuo autom\u00e1tico. Tecnologia industrial confi\u00e1vel para a ind\u00fastria aliment\u00edcia.","robots":{"index":"index","follow":"follow","max-snippet":"max-snippet:-1","max-image-preview":"max-image-preview:large","max-video-preview":"max-video-preview:-1"},"canonical":"https:\/\/saccardo.com\/produtos\/as38-1000\/","og_locale":"pt_BR","og_type":"article","og_title":"AS38 1000 | Embalamento \u00e0 v\u00e1cuo autom\u00e1tico | Saccardo","og_description":"AS38 1000 Saccardo: m\u00e1quina profissional para embalamento \u00e0 v\u00e1cuo autom\u00e1tico. Tecnologia industrial confi\u00e1vel para a ind\u00fastria aliment\u00edcia.","og_url":"https:\/\/saccardo.com\/produtos\/as38-1000\/","og_site_name":"Saccardo","article_modified_time":"2026-01-29T14:39:49+00:00","og_image":[{"width":800,"height":503,"url":"https:\/\/saccardo.com\/wp-content\/uploads\/2023\/10\/AS38-1000-new.webp","type":"image\/webp"}],"twitter_card":"summary_large_image","twitter_misc":{"Est. tempo de leitura":"1 minuto"},"schema":{"@context":"https:\/\/schema.org","@graph":[{"@type":"WebPage","@id":"https:\/\/saccardo.com\/produtos\/as38-1000\/","url":"https:\/\/saccardo.com\/produtos\/as38-1000\/","name":"AS38 1000 | Embalamento \u00e0 v\u00e1cuo autom\u00e1tico | Saccardo","isPartOf":{"@id":"https:\/\/saccardo.com\/#website"},"primaryImageOfPage":{"@id":"https:\/\/saccardo.com\/produtos\/as38-1000\/#primaryimage"},"image":{"@id":"https:\/\/saccardo.com\/produtos\/as38-1000\/#primaryimage"},"thumbnailUrl":"https:\/\/saccardo.com\/wp-content\/uploads\/2023\/10\/AS38-1000-new.webp","datePublished":"2023-10-23T15:14:40+00:00","dateModified":"2026-01-29T14:39:49+00:00","description":"AS38 1000 Saccardo: m\u00e1quina profissional para embalamento \u00e0 v\u00e1cuo autom\u00e1tico. Tecnologia industrial confi\u00e1vel para a ind\u00fastria aliment\u00edcia.","breadcrumb":{"@id":"https:\/\/saccardo.com\/produtos\/as38-1000\/#breadcrumb"},"inLanguage":"pt-BR","potentialAction":[{"@type":"ReadAction","target":["https:\/\/saccardo.com\/produtos\/as38-1000\/"]}]},{"@type":"ImageObject","inLanguage":"pt-BR","@id":"https:\/\/saccardo.com\/produtos\/as38-1000\/#primaryimage","url":"https:\/\/saccardo.com\/wp-content\/uploads\/2023\/10\/AS38-1000-new.webp","contentUrl":"https:\/\/saccardo.com\/wp-content\/uploads\/2023\/10\/AS38-1000-new.webp","width":800,"height":503},{"@type":"BreadcrumbList","@id":"https:\/\/saccardo.com\/produtos\/as38-1000\/#breadcrumb","itemListElement":[{"@type":"ListItem","position":1,"name":"Home","item":"https:\/\/saccardo.com\/"},{"@type":"ListItem","position":2,"name":"Nossas Solu\u00e7\u00f5es: Para atender a cada solicita\u00e7\u00e3o, para satisfazer cada necessidade","item":"https:\/\/saccardo.com\/le-nostre-soluzioni\/"},{"@type":"ListItem","position":3,"name":"AS38 1000"}]},{"@type":"WebSite","@id":"https:\/\/saccardo.com\/#website","url":"https:\/\/saccardo.com\/","name":"Saccardo","description":"","publisher":{"@id":"https:\/\/saccardo.com\/#organization"},"potentialAction":[{"@type":"SearchAction","target":{"@type":"EntryPoint","urlTemplate":"https:\/\/saccardo.com\/?s={search_term_string}"},"query-input":{"@type":"PropertyValueSpecification","valueRequired":true,"valueName":"search_term_string"}}],"inLanguage":"pt-BR"},{"@type":"Organization","@id":"https:\/\/saccardo.com\/#organization","name":"Saccardo Arturo Figli Srl","url":"https:\/\/saccardo.com\/","logo":{"@type":"ImageObject","inLanguage":"pt-BR","@id":"https:\/\/saccardo.com\/#\/schema\/logo\/image\/","url":"https:\/\/saccardo.com\/wp-content\/uploads\/2023\/09\/logo-saccardo.svg","contentUrl":"https:\/\/saccardo.com\/wp-content\/uploads\/2023\/09\/logo-saccardo.svg","width":"1024","height":"1024","caption":"Saccardo Arturo Figli Srl"},"image":{"@id":"https:\/\/saccardo.com\/#\/schema\/logo\/image\/"}}]}},"_links":{"self":[{"href":"https:\/\/saccardo.com\/pt-br\/wp-json\/wp\/v2\/product\/2131","targetHints":{"allow":["GET"]}}],"collection":[{"href":"https:\/\/saccardo.com\/pt-br\/wp-json\/wp\/v2\/product"}],"about":[{"href":"https:\/\/saccardo.com\/pt-br\/wp-json\/wp\/v2\/types\/product"}],"replies":[{"embeddable":true,"href":"https:\/\/saccardo.com\/pt-br\/wp-json\/wp\/v2\/comments?post=2131"}],"wp:featuredmedia":[{"embeddable":true,"href":"https:\/\/saccardo.com\/pt-br\/wp-json\/wp\/v2\/media\/939"}],"wp:attachment":[{"href":"https:\/\/saccardo.com\/pt-br\/wp-json\/wp\/v2\/media?parent=2131"}],"wp:term":[{"taxonomy":"settore-di-applicazione","embeddable":true,"href":"https:\/\/saccardo.com\/pt-br\/wp-json\/wp\/v2\/settore-di-applicazione?post=2131"},{"taxonomy":"soluzione","embeddable":true,"href":"https:\/\/saccardo.com\/pt-br\/wp-json\/wp\/v2\/soluzione?post=2131"},{"taxonomy":"product_brand","embeddable":true,"href":"https:\/\/saccardo.com\/pt-br\/wp-json\/wp\/v2\/product_brand?post=2131"},{"taxonomy":"product_cat","embeddable":true,"href":"https:\/\/saccardo.com\/pt-br\/wp-json\/wp\/v2\/product_cat?post=2131"},{"taxonomy":"product_tag","embeddable":true,"href":"https:\/\/saccardo.com\/pt-br\/wp-json\/wp\/v2\/product_tag?post=2131"}],"curies":[{"name":"wp","href":"https:\/\/api.w.org\/{rel}","templated":true}]}}