{"id":2117,"date":"2024-05-24T12:48:51","date_gmt":"2024-05-24T12:48:51","guid":{"rendered":"https:\/\/saccardo.com\/prodotto\/as38-1500-dn-b\/"},"modified":"2026-01-29T14:39:48","modified_gmt":"2026-01-29T14:39:48","slug":"as38-1500-dn-b","status":"publish","type":"product","link":"https:\/\/saccardo.com\/pt-br\/produtos\/as38-1500-dn-b\/","title":{"rendered":"AS38 1500 DN B"},"content":{"rendered":"<p>A m\u00e1quina autom\u00e1tica de embalagem a v\u00e1cuo com correia dupla Saccardo AS38 1500 DN B representa uma solu\u00e7\u00e3o ideal e totalmente autom\u00e1tica para a embalagem a v\u00e1cuo em qualquer tipo de saco termossel\u00e1vel. \u00c9 adequada para carnes frescas e processadas, queijos, embutidos e peixes. A estrutura robusta, os movimentos precisos e o sistema pneum\u00e1tico avan\u00e7ado garantem tempos de ciclo otimizados, permitindo uma alta produtividade hor\u00e1ria e mantendo, ao mesmo tempo, uma apresenta\u00e7\u00e3o est\u00e1vel e perfeita das embalagens.<\/p>\n<p>Gra\u00e7as \u00e0 sua configura\u00e7\u00e3o vers\u00e1til, a m\u00e1quina de c\u00e2mara com correia dupla AS38 1500 DN B pode ser adaptada \u00e0s diversas exig\u00eancias operacionais e produtivas do usu\u00e1rio final.<br \/>\nCombinada com sistemas de encolhimento e secagem, esta m\u00e1quina pode compor uma linha completa de termoembalagem automatizada.<br \/>\nA m\u00e1quina autom\u00e1tica de embalagem a v\u00e1cuo com correia Saccardo AS38 1500 DN B \u00e9 a escolha perfeita para quem busca uma solu\u00e7\u00e3o completa, vers\u00e1til e tecnologicamente avan\u00e7ada, capaz de se adaptar a uma ampla gama de necessidades produtivas, monitorando simultaneamente a qualidade e a efici\u00eancia do processo. Combinada com sistemas de encolhimento e secagem, esta m\u00e1quina pode compor uma linha completa de termoembalagem automatizada.<\/p>\n<p>A m\u00e1quina autom\u00e1tica de embalagem a v\u00e1cuo com correia Saccardo AS38 1500 DN B \u00e9 a escolha perfeita para quem busca uma solu\u00e7\u00e3o completa, vers\u00e1til e tecnologicamente avan\u00e7ada, capaz de se adaptar a uma ampla gama de necessidades produtivas, monitorando simultaneamente a qualidade e a efici\u00eancia do processo.<\/p>\n","protected":false},"excerpt":{"rendered":"<p>A embaladora a v\u00e1cuo com c\u00e2mara dupla representa uma solu\u00e7\u00e3o autom\u00e1tica ideal para o embalamento a v\u00e1cuo.<\/p>\n","protected":false},"featured_media":1422,"comment_status":"closed","ping_status":"closed","template":"","meta":{"_et_pb_use_builder":"","_et_pb_old_content":"","_et_gb_content_width":"","inline_featured_image":false},"settore-di-applicazione":[],"soluzione":[],"product_brand":[],"product_cat":[172],"product_tag":[],"class_list":{"0":"post-2117","1":"product","2":"type-product","3":"status-publish","4":"has-post-thumbnail","6":"product_cat-embalamento-a-vacuo-automatico","7":"pa_altezze-coperchio-160-220-260-300-mm-pt-br","8":"pa_dimensioni-di-ingombro-4067-x-1500-x-2036h-mm-pt-br","9":"pa_distanza-tra-le-barre-800-mm-pt-br","10":"pa_lunghezza-barre-saldanti-2-x-1500-mm-pt-br","11":"pa_nr-barre-saldanti-2-paralelas","12":"pa_peso-2200-kg-ca-pt-br","13":"pa_pompa-primaria-consigliata-1x630-m3-h-o-2x300-m3-h","14":"pa_pompa-roots-interna-1500-m3-h-o-1000-m3-h-pt-br","16":"first","17":"instock","18":"shipping-taxable","19":"product-type-simple"},"acf":[],"yoast_head":"<!-- This site is optimized with the Yoast SEO plugin v27.3 - https:\/\/yoast.com\/product\/yoast-seo-wordpress\/ -->\n<title>AS38 1500 DN B | Embalamento \u00e0 v\u00e1cuo autom\u00e1tico | Saccardo<\/title>\n<meta name=\"description\" content=\"AS38 1500 DN B Saccardo: m\u00e1quina profissional para embalamento \u00e0 v\u00e1cuo autom\u00e1tico. Tecnologia industrial confi\u00e1vel para a ind\u00fastria aliment\u00edcia.\" \/>\n<meta name=\"robots\" content=\"index, follow, max-snippet:-1, max-image-preview:large, max-video-preview:-1\" \/>\n<link rel=\"canonical\" href=\"https:\/\/saccardo.com\/pt-br\/produtos\/as38-1500-dn-b\/\" \/>\n<meta property=\"og:locale\" content=\"pt_BR\" \/>\n<meta property=\"og:type\" content=\"article\" \/>\n<meta property=\"og:title\" content=\"AS38 1500 DN B | Embalamento \u00e0 v\u00e1cuo autom\u00e1tico | Saccardo\" \/>\n<meta property=\"og:description\" content=\"AS38 1500 DN B Saccardo: m\u00e1quina profissional para embalamento \u00e0 v\u00e1cuo autom\u00e1tico. Tecnologia industrial confi\u00e1vel para a ind\u00fastria aliment\u00edcia.\" \/>\n<meta property=\"og:url\" content=\"https:\/\/saccardo.com\/pt-br\/produtos\/as38-1500-dn-b\/\" \/>\n<meta property=\"og:site_name\" content=\"Saccardo\" \/>\n<meta property=\"article:modified_time\" content=\"2026-01-29T14:39:48+00:00\" \/>\n<meta property=\"og:image\" content=\"https:\/\/saccardo.com\/wp-content\/uploads\/2024\/06\/AS38-1500-DN-B-Europa.png\" \/>\n\t<meta property=\"og:image:width\" content=\"1080\" \/>\n\t<meta property=\"og:image:height\" content=\"600\" \/>\n\t<meta property=\"og:image:type\" content=\"image\/png\" \/>\n<meta name=\"twitter:card\" content=\"summary_large_image\" \/>\n<meta name=\"twitter:label1\" content=\"Est. tempo de leitura\" \/>\n\t<meta name=\"twitter:data1\" content=\"1 minuto\" \/>\n<script type=\"application\/ld+json\" class=\"yoast-schema-graph\">{\"@context\":\"https:\\\/\\\/schema.org\",\"@graph\":[{\"@type\":\"WebPage\",\"@id\":\"https:\\\/\\\/saccardo.com\\\/pt-br\\\/produtos\\\/as38-1500-dn-b\\\/\",\"url\":\"https:\\\/\\\/saccardo.com\\\/pt-br\\\/produtos\\\/as38-1500-dn-b\\\/\",\"name\":\"AS38 1500 DN B | Embalamento \u00e0 v\u00e1cuo autom\u00e1tico | Saccardo\",\"isPartOf\":{\"@id\":\"https:\\\/\\\/saccardo.com\\\/#website\"},\"primaryImageOfPage\":{\"@id\":\"https:\\\/\\\/saccardo.com\\\/pt-br\\\/produtos\\\/as38-1500-dn-b\\\/#primaryimage\"},\"image\":{\"@id\":\"https:\\\/\\\/saccardo.com\\\/pt-br\\\/produtos\\\/as38-1500-dn-b\\\/#primaryimage\"},\"thumbnailUrl\":\"https:\\\/\\\/saccardo.com\\\/wp-content\\\/uploads\\\/2024\\\/06\\\/AS38-1500-DN-B-Europa.png\",\"datePublished\":\"2024-05-24T12:48:51+00:00\",\"dateModified\":\"2026-01-29T14:39:48+00:00\",\"description\":\"AS38 1500 DN B Saccardo: m\u00e1quina profissional para embalamento \u00e0 v\u00e1cuo autom\u00e1tico. Tecnologia industrial confi\u00e1vel para a ind\u00fastria aliment\u00edcia.\",\"breadcrumb\":{\"@id\":\"https:\\\/\\\/saccardo.com\\\/pt-br\\\/produtos\\\/as38-1500-dn-b\\\/#breadcrumb\"},\"inLanguage\":\"pt-BR\",\"potentialAction\":[{\"@type\":\"ReadAction\",\"target\":[\"https:\\\/\\\/saccardo.com\\\/pt-br\\\/produtos\\\/as38-1500-dn-b\\\/\"]}]},{\"@type\":\"ImageObject\",\"inLanguage\":\"pt-BR\",\"@id\":\"https:\\\/\\\/saccardo.com\\\/pt-br\\\/produtos\\\/as38-1500-dn-b\\\/#primaryimage\",\"url\":\"https:\\\/\\\/saccardo.com\\\/wp-content\\\/uploads\\\/2024\\\/06\\\/AS38-1500-DN-B-Europa.png\",\"contentUrl\":\"https:\\\/\\\/saccardo.com\\\/wp-content\\\/uploads\\\/2024\\\/06\\\/AS38-1500-DN-B-Europa.png\",\"width\":1080,\"height\":600},{\"@type\":\"BreadcrumbList\",\"@id\":\"https:\\\/\\\/saccardo.com\\\/pt-br\\\/produtos\\\/as38-1500-dn-b\\\/#breadcrumb\",\"itemListElement\":[{\"@type\":\"ListItem\",\"position\":1,\"name\":\"Home\",\"item\":\"https:\\\/\\\/saccardo.com\\\/\"},{\"@type\":\"ListItem\",\"position\":2,\"name\":\"Nossas Solu\u00e7\u00f5es: Para atender a cada solicita\u00e7\u00e3o, para satisfazer cada necessidade\",\"item\":\"https:\\\/\\\/saccardo.com\\\/le-nostre-soluzioni\\\/\"},{\"@type\":\"ListItem\",\"position\":3,\"name\":\"AS38 1500 DN B\"}]},{\"@type\":\"WebSite\",\"@id\":\"https:\\\/\\\/saccardo.com\\\/#website\",\"url\":\"https:\\\/\\\/saccardo.com\\\/\",\"name\":\"Saccardo\",\"description\":\"\",\"publisher\":{\"@id\":\"https:\\\/\\\/saccardo.com\\\/#organization\"},\"potentialAction\":[{\"@type\":\"SearchAction\",\"target\":{\"@type\":\"EntryPoint\",\"urlTemplate\":\"https:\\\/\\\/saccardo.com\\\/?s={search_term_string}\"},\"query-input\":{\"@type\":\"PropertyValueSpecification\",\"valueRequired\":true,\"valueName\":\"search_term_string\"}}],\"inLanguage\":\"pt-BR\"},{\"@type\":\"Organization\",\"@id\":\"https:\\\/\\\/saccardo.com\\\/#organization\",\"name\":\"Saccardo Arturo Figli Srl\",\"url\":\"https:\\\/\\\/saccardo.com\\\/\",\"logo\":{\"@type\":\"ImageObject\",\"inLanguage\":\"pt-BR\",\"@id\":\"https:\\\/\\\/saccardo.com\\\/#\\\/schema\\\/logo\\\/image\\\/\",\"url\":\"https:\\\/\\\/saccardo.com\\\/wp-content\\\/uploads\\\/2023\\\/09\\\/logo-saccardo.svg\",\"contentUrl\":\"https:\\\/\\\/saccardo.com\\\/wp-content\\\/uploads\\\/2023\\\/09\\\/logo-saccardo.svg\",\"width\":\"1024\",\"height\":\"1024\",\"caption\":\"Saccardo Arturo Figli Srl\"},\"image\":{\"@id\":\"https:\\\/\\\/saccardo.com\\\/#\\\/schema\\\/logo\\\/image\\\/\"}}]}<\/script>\n<!-- \/ Yoast SEO plugin. -->","yoast_head_json":{"title":"AS38 1500 DN B | Embalamento \u00e0 v\u00e1cuo autom\u00e1tico | Saccardo","description":"AS38 1500 DN B Saccardo: m\u00e1quina profissional para embalamento \u00e0 v\u00e1cuo autom\u00e1tico. Tecnologia industrial confi\u00e1vel para a ind\u00fastria aliment\u00edcia.","robots":{"index":"index","follow":"follow","max-snippet":"max-snippet:-1","max-image-preview":"max-image-preview:large","max-video-preview":"max-video-preview:-1"},"canonical":"https:\/\/saccardo.com\/pt-br\/produtos\/as38-1500-dn-b\/","og_locale":"pt_BR","og_type":"article","og_title":"AS38 1500 DN B | Embalamento \u00e0 v\u00e1cuo autom\u00e1tico | Saccardo","og_description":"AS38 1500 DN B Saccardo: m\u00e1quina profissional para embalamento \u00e0 v\u00e1cuo autom\u00e1tico. Tecnologia industrial confi\u00e1vel para a ind\u00fastria aliment\u00edcia.","og_url":"https:\/\/saccardo.com\/pt-br\/produtos\/as38-1500-dn-b\/","og_site_name":"Saccardo","article_modified_time":"2026-01-29T14:39:48+00:00","og_image":[{"width":1080,"height":600,"url":"https:\/\/saccardo.com\/wp-content\/uploads\/2024\/06\/AS38-1500-DN-B-Europa.png","type":"image\/png"}],"twitter_card":"summary_large_image","twitter_misc":{"Est. tempo de leitura":"1 minuto"},"schema":{"@context":"https:\/\/schema.org","@graph":[{"@type":"WebPage","@id":"https:\/\/saccardo.com\/pt-br\/produtos\/as38-1500-dn-b\/","url":"https:\/\/saccardo.com\/pt-br\/produtos\/as38-1500-dn-b\/","name":"AS38 1500 DN B | Embalamento \u00e0 v\u00e1cuo autom\u00e1tico | Saccardo","isPartOf":{"@id":"https:\/\/saccardo.com\/#website"},"primaryImageOfPage":{"@id":"https:\/\/saccardo.com\/pt-br\/produtos\/as38-1500-dn-b\/#primaryimage"},"image":{"@id":"https:\/\/saccardo.com\/pt-br\/produtos\/as38-1500-dn-b\/#primaryimage"},"thumbnailUrl":"https:\/\/saccardo.com\/wp-content\/uploads\/2024\/06\/AS38-1500-DN-B-Europa.png","datePublished":"2024-05-24T12:48:51+00:00","dateModified":"2026-01-29T14:39:48+00:00","description":"AS38 1500 DN B Saccardo: m\u00e1quina profissional para embalamento \u00e0 v\u00e1cuo autom\u00e1tico. Tecnologia industrial confi\u00e1vel para a ind\u00fastria aliment\u00edcia.","breadcrumb":{"@id":"https:\/\/saccardo.com\/pt-br\/produtos\/as38-1500-dn-b\/#breadcrumb"},"inLanguage":"pt-BR","potentialAction":[{"@type":"ReadAction","target":["https:\/\/saccardo.com\/pt-br\/produtos\/as38-1500-dn-b\/"]}]},{"@type":"ImageObject","inLanguage":"pt-BR","@id":"https:\/\/saccardo.com\/pt-br\/produtos\/as38-1500-dn-b\/#primaryimage","url":"https:\/\/saccardo.com\/wp-content\/uploads\/2024\/06\/AS38-1500-DN-B-Europa.png","contentUrl":"https:\/\/saccardo.com\/wp-content\/uploads\/2024\/06\/AS38-1500-DN-B-Europa.png","width":1080,"height":600},{"@type":"BreadcrumbList","@id":"https:\/\/saccardo.com\/pt-br\/produtos\/as38-1500-dn-b\/#breadcrumb","itemListElement":[{"@type":"ListItem","position":1,"name":"Home","item":"https:\/\/saccardo.com\/"},{"@type":"ListItem","position":2,"name":"Nossas Solu\u00e7\u00f5es: Para atender a cada solicita\u00e7\u00e3o, para satisfazer cada necessidade","item":"https:\/\/saccardo.com\/le-nostre-soluzioni\/"},{"@type":"ListItem","position":3,"name":"AS38 1500 DN B"}]},{"@type":"WebSite","@id":"https:\/\/saccardo.com\/#website","url":"https:\/\/saccardo.com\/","name":"Saccardo","description":"","publisher":{"@id":"https:\/\/saccardo.com\/#organization"},"potentialAction":[{"@type":"SearchAction","target":{"@type":"EntryPoint","urlTemplate":"https:\/\/saccardo.com\/?s={search_term_string}"},"query-input":{"@type":"PropertyValueSpecification","valueRequired":true,"valueName":"search_term_string"}}],"inLanguage":"pt-BR"},{"@type":"Organization","@id":"https:\/\/saccardo.com\/#organization","name":"Saccardo Arturo Figli Srl","url":"https:\/\/saccardo.com\/","logo":{"@type":"ImageObject","inLanguage":"pt-BR","@id":"https:\/\/saccardo.com\/#\/schema\/logo\/image\/","url":"https:\/\/saccardo.com\/wp-content\/uploads\/2023\/09\/logo-saccardo.svg","contentUrl":"https:\/\/saccardo.com\/wp-content\/uploads\/2023\/09\/logo-saccardo.svg","width":"1024","height":"1024","caption":"Saccardo Arturo Figli Srl"},"image":{"@id":"https:\/\/saccardo.com\/#\/schema\/logo\/image\/"}}]}},"_links":{"self":[{"href":"https:\/\/saccardo.com\/pt-br\/wp-json\/wp\/v2\/product\/2117","targetHints":{"allow":["GET"]}}],"collection":[{"href":"https:\/\/saccardo.com\/pt-br\/wp-json\/wp\/v2\/product"}],"about":[{"href":"https:\/\/saccardo.com\/pt-br\/wp-json\/wp\/v2\/types\/product"}],"replies":[{"embeddable":true,"href":"https:\/\/saccardo.com\/pt-br\/wp-json\/wp\/v2\/comments?post=2117"}],"wp:featuredmedia":[{"embeddable":true,"href":"https:\/\/saccardo.com\/pt-br\/wp-json\/wp\/v2\/media\/1422"}],"wp:attachment":[{"href":"https:\/\/saccardo.com\/pt-br\/wp-json\/wp\/v2\/media?parent=2117"}],"wp:term":[{"taxonomy":"settore-di-applicazione","embeddable":true,"href":"https:\/\/saccardo.com\/pt-br\/wp-json\/wp\/v2\/settore-di-applicazione?post=2117"},{"taxonomy":"soluzione","embeddable":true,"href":"https:\/\/saccardo.com\/pt-br\/wp-json\/wp\/v2\/soluzione?post=2117"},{"taxonomy":"product_brand","embeddable":true,"href":"https:\/\/saccardo.com\/pt-br\/wp-json\/wp\/v2\/product_brand?post=2117"},{"taxonomy":"product_cat","embeddable":true,"href":"https:\/\/saccardo.com\/pt-br\/wp-json\/wp\/v2\/product_cat?post=2117"},{"taxonomy":"product_tag","embeddable":true,"href":"https:\/\/saccardo.com\/pt-br\/wp-json\/wp\/v2\/product_tag?post=2117"}],"curies":[{"name":"wp","href":"https:\/\/api.w.org\/{rel}","templated":true}]}}