{"id":2095,"date":"2024-02-01T16:23:13","date_gmt":"2024-02-01T16:23:13","guid":{"rendered":"https:\/\/saccardo.com\/prodotto\/js08\/"},"modified":"2026-01-29T14:39:40","modified_gmt":"2026-01-29T14:39:40","slug":"js08","status":"publish","type":"product","link":"https:\/\/saccardo.com\/pt-br\/produtos\/js08\/","title":{"rendered":"JS08"},"content":{"rendered":"<p><span style=\"font-weight: 400;\">A m\u00e1quina autom\u00e1tica de embalagem <\/span><b>JS08 Saccardo<\/b><span style=\"font-weight: 400;\"> \u00e9 um sistema avan\u00e7ado projetado para criar sacos a partir de filme tubular e embalar uma ampla gama de produtos de tamanho padr\u00e3o. Desenvolvida especificamente para <\/span><b>embalar carnes curadas e queijos<\/b>, <span style=\"font-weight: 400;\">oferece m\u00e1xima versatilidade<\/span>, <b>lidando com filmes laminados e termorretr\u00e1teis<\/b><span style=\"font-weight: 400;\">.<\/span><\/p>\n<p><span style=\"font-weight: 400;\">A<\/span> <b>verdadeira inova\u00e7\u00e3o do JS08 Saccardo<\/b> <span style=\"font-weight: 400;\">est\u00e1<\/span> no <b>rob\u00f4 cartesiano integrado<\/b>, <span style=\"font-weight: 400;\">que permite o<\/span> carregamento autom\u00e1tico dos produtos na m\u00e1quina de embalagem a v\u00e1cuo subsequente.<span style=\"font-weight: 400;\">. Este sistema garante continuidade de produ\u00e7\u00e3o sem falhas, reduzindo ainda mais a interven\u00e7\u00e3o manual e aumentando a efici\u00eancia geral da linha.<\/span><\/p>\n<p><span style=\"font-weight: 400;\">No cora\u00e7\u00e3o do sistema est\u00e1 uma<\/span> <b>unidade de controle equipada com PC industrial<\/b><span style=\"font-weight: 400;\">, combinada com <\/span><b>uma interface intuitiva com monitor touchscreen<\/b> colorido para opera\u00e7\u00e3o r\u00e1pida e f\u00e1cil.<\/p>\n","protected":false},"excerpt":{"rendered":"<p><span style=\"font-weight: 400;\">Projetada para produzir sacos a partir de filme tubular e para introduzir uma ampla gama de produtos de dimens\u00f5es padr\u00e3o<\/span><\/p>\n","protected":false},"featured_media":989,"comment_status":"closed","ping_status":"closed","template":"","meta":{"_et_pb_use_builder":"","_et_pb_old_content":"","_et_gb_content_width":"","inline_featured_image":false},"settore-di-applicazione":[],"soluzione":[],"product_brand":[],"product_cat":[175],"product_tag":[],"class_list":{"0":"post-2095","1":"product","2":"type-product","3":"status-publish","4":"has-post-thumbnail","6":"product_cat-empacotamento","8":"first","9":"instock","10":"shipping-taxable","11":"product-type-simple"},"acf":[],"yoast_head":"<!-- This site is optimized with the Yoast SEO plugin v27.3 - https:\/\/yoast.com\/product\/yoast-seo-wordpress\/ -->\n<title>JS08 | Empacotamento | Saccardo<\/title>\n<meta name=\"description\" content=\"JS08 Saccardo: m\u00e1quina profissional para empacotamento. Tecnologia industrial confi\u00e1vel para a ind\u00fastria aliment\u00edcia.\" \/>\n<meta name=\"robots\" content=\"index, follow, max-snippet:-1, max-image-preview:large, max-video-preview:-1\" \/>\n<link rel=\"canonical\" href=\"https:\/\/saccardo.com\/pt-br\/produtos\/js08\/\" \/>\n<meta property=\"og:locale\" content=\"pt_BR\" \/>\n<meta property=\"og:type\" content=\"article\" \/>\n<meta property=\"og:title\" content=\"JS08 | Empacotamento | Saccardo\" \/>\n<meta property=\"og:description\" content=\"JS08 Saccardo: m\u00e1quina profissional para empacotamento. Tecnologia industrial confi\u00e1vel para a ind\u00fastria aliment\u00edcia.\" \/>\n<meta property=\"og:url\" content=\"https:\/\/saccardo.com\/pt-br\/produtos\/js08\/\" \/>\n<meta property=\"og:site_name\" content=\"Saccardo\" \/>\n<meta property=\"article:modified_time\" content=\"2026-01-29T14:39:40+00:00\" \/>\n<meta property=\"og:image\" content=\"https:\/\/saccardo.com\/wp-content\/uploads\/2024\/02\/js08-img1.webp\" \/>\n\t<meta property=\"og:image:width\" content=\"800\" \/>\n\t<meta property=\"og:image:height\" content=\"503\" \/>\n\t<meta property=\"og:image:type\" content=\"image\/webp\" \/>\n<meta name=\"twitter:card\" content=\"summary_large_image\" \/>\n<meta name=\"twitter:label1\" content=\"Est. tempo de leitura\" \/>\n\t<meta name=\"twitter:data1\" content=\"1 minuto\" \/>\n<script type=\"application\/ld+json\" class=\"yoast-schema-graph\">{\"@context\":\"https:\\\/\\\/schema.org\",\"@graph\":[{\"@type\":\"WebPage\",\"@id\":\"https:\\\/\\\/saccardo.com\\\/pt-br\\\/produtos\\\/js08\\\/\",\"url\":\"https:\\\/\\\/saccardo.com\\\/pt-br\\\/produtos\\\/js08\\\/\",\"name\":\"JS08 | Empacotamento | Saccardo\",\"isPartOf\":{\"@id\":\"https:\\\/\\\/saccardo.com\\\/#website\"},\"primaryImageOfPage\":{\"@id\":\"https:\\\/\\\/saccardo.com\\\/pt-br\\\/produtos\\\/js08\\\/#primaryimage\"},\"image\":{\"@id\":\"https:\\\/\\\/saccardo.com\\\/pt-br\\\/produtos\\\/js08\\\/#primaryimage\"},\"thumbnailUrl\":\"https:\\\/\\\/saccardo.com\\\/wp-content\\\/uploads\\\/2024\\\/02\\\/js08-img1.webp\",\"datePublished\":\"2024-02-01T16:23:13+00:00\",\"dateModified\":\"2026-01-29T14:39:40+00:00\",\"description\":\"JS08 Saccardo: m\u00e1quina profissional para empacotamento. Tecnologia industrial confi\u00e1vel para a ind\u00fastria aliment\u00edcia.\",\"breadcrumb\":{\"@id\":\"https:\\\/\\\/saccardo.com\\\/pt-br\\\/produtos\\\/js08\\\/#breadcrumb\"},\"inLanguage\":\"pt-BR\",\"potentialAction\":[{\"@type\":\"ReadAction\",\"target\":[\"https:\\\/\\\/saccardo.com\\\/pt-br\\\/produtos\\\/js08\\\/\"]}]},{\"@type\":\"ImageObject\",\"inLanguage\":\"pt-BR\",\"@id\":\"https:\\\/\\\/saccardo.com\\\/pt-br\\\/produtos\\\/js08\\\/#primaryimage\",\"url\":\"https:\\\/\\\/saccardo.com\\\/wp-content\\\/uploads\\\/2024\\\/02\\\/js08-img1.webp\",\"contentUrl\":\"https:\\\/\\\/saccardo.com\\\/wp-content\\\/uploads\\\/2024\\\/02\\\/js08-img1.webp\",\"width\":800,\"height\":503},{\"@type\":\"BreadcrumbList\",\"@id\":\"https:\\\/\\\/saccardo.com\\\/pt-br\\\/produtos\\\/js08\\\/#breadcrumb\",\"itemListElement\":[{\"@type\":\"ListItem\",\"position\":1,\"name\":\"Home\",\"item\":\"https:\\\/\\\/saccardo.com\\\/\"},{\"@type\":\"ListItem\",\"position\":2,\"name\":\"Nossas Solu\u00e7\u00f5es: Para atender a cada solicita\u00e7\u00e3o, para satisfazer cada necessidade\",\"item\":\"https:\\\/\\\/saccardo.com\\\/le-nostre-soluzioni\\\/\"},{\"@type\":\"ListItem\",\"position\":3,\"name\":\"JS08\"}]},{\"@type\":\"WebSite\",\"@id\":\"https:\\\/\\\/saccardo.com\\\/#website\",\"url\":\"https:\\\/\\\/saccardo.com\\\/\",\"name\":\"Saccardo\",\"description\":\"\",\"publisher\":{\"@id\":\"https:\\\/\\\/saccardo.com\\\/#organization\"},\"potentialAction\":[{\"@type\":\"SearchAction\",\"target\":{\"@type\":\"EntryPoint\",\"urlTemplate\":\"https:\\\/\\\/saccardo.com\\\/?s={search_term_string}\"},\"query-input\":{\"@type\":\"PropertyValueSpecification\",\"valueRequired\":true,\"valueName\":\"search_term_string\"}}],\"inLanguage\":\"pt-BR\"},{\"@type\":\"Organization\",\"@id\":\"https:\\\/\\\/saccardo.com\\\/#organization\",\"name\":\"Saccardo Arturo Figli Srl\",\"url\":\"https:\\\/\\\/saccardo.com\\\/\",\"logo\":{\"@type\":\"ImageObject\",\"inLanguage\":\"pt-BR\",\"@id\":\"https:\\\/\\\/saccardo.com\\\/#\\\/schema\\\/logo\\\/image\\\/\",\"url\":\"https:\\\/\\\/saccardo.com\\\/wp-content\\\/uploads\\\/2023\\\/09\\\/logo-saccardo.svg\",\"contentUrl\":\"https:\\\/\\\/saccardo.com\\\/wp-content\\\/uploads\\\/2023\\\/09\\\/logo-saccardo.svg\",\"width\":\"1024\",\"height\":\"1024\",\"caption\":\"Saccardo Arturo Figli Srl\"},\"image\":{\"@id\":\"https:\\\/\\\/saccardo.com\\\/#\\\/schema\\\/logo\\\/image\\\/\"}}]}<\/script>\n<!-- \/ Yoast SEO plugin. -->","yoast_head_json":{"title":"JS08 | Empacotamento | Saccardo","description":"JS08 Saccardo: m\u00e1quina profissional para empacotamento. Tecnologia industrial confi\u00e1vel para a ind\u00fastria aliment\u00edcia.","robots":{"index":"index","follow":"follow","max-snippet":"max-snippet:-1","max-image-preview":"max-image-preview:large","max-video-preview":"max-video-preview:-1"},"canonical":"https:\/\/saccardo.com\/pt-br\/produtos\/js08\/","og_locale":"pt_BR","og_type":"article","og_title":"JS08 | Empacotamento | Saccardo","og_description":"JS08 Saccardo: m\u00e1quina profissional para empacotamento. Tecnologia industrial confi\u00e1vel para a ind\u00fastria aliment\u00edcia.","og_url":"https:\/\/saccardo.com\/pt-br\/produtos\/js08\/","og_site_name":"Saccardo","article_modified_time":"2026-01-29T14:39:40+00:00","og_image":[{"width":800,"height":503,"url":"https:\/\/saccardo.com\/wp-content\/uploads\/2024\/02\/js08-img1.webp","type":"image\/webp"}],"twitter_card":"summary_large_image","twitter_misc":{"Est. tempo de leitura":"1 minuto"},"schema":{"@context":"https:\/\/schema.org","@graph":[{"@type":"WebPage","@id":"https:\/\/saccardo.com\/pt-br\/produtos\/js08\/","url":"https:\/\/saccardo.com\/pt-br\/produtos\/js08\/","name":"JS08 | Empacotamento | Saccardo","isPartOf":{"@id":"https:\/\/saccardo.com\/#website"},"primaryImageOfPage":{"@id":"https:\/\/saccardo.com\/pt-br\/produtos\/js08\/#primaryimage"},"image":{"@id":"https:\/\/saccardo.com\/pt-br\/produtos\/js08\/#primaryimage"},"thumbnailUrl":"https:\/\/saccardo.com\/wp-content\/uploads\/2024\/02\/js08-img1.webp","datePublished":"2024-02-01T16:23:13+00:00","dateModified":"2026-01-29T14:39:40+00:00","description":"JS08 Saccardo: m\u00e1quina profissional para empacotamento. Tecnologia industrial confi\u00e1vel para a ind\u00fastria aliment\u00edcia.","breadcrumb":{"@id":"https:\/\/saccardo.com\/pt-br\/produtos\/js08\/#breadcrumb"},"inLanguage":"pt-BR","potentialAction":[{"@type":"ReadAction","target":["https:\/\/saccardo.com\/pt-br\/produtos\/js08\/"]}]},{"@type":"ImageObject","inLanguage":"pt-BR","@id":"https:\/\/saccardo.com\/pt-br\/produtos\/js08\/#primaryimage","url":"https:\/\/saccardo.com\/wp-content\/uploads\/2024\/02\/js08-img1.webp","contentUrl":"https:\/\/saccardo.com\/wp-content\/uploads\/2024\/02\/js08-img1.webp","width":800,"height":503},{"@type":"BreadcrumbList","@id":"https:\/\/saccardo.com\/pt-br\/produtos\/js08\/#breadcrumb","itemListElement":[{"@type":"ListItem","position":1,"name":"Home","item":"https:\/\/saccardo.com\/"},{"@type":"ListItem","position":2,"name":"Nossas Solu\u00e7\u00f5es: Para atender a cada solicita\u00e7\u00e3o, para satisfazer cada necessidade","item":"https:\/\/saccardo.com\/le-nostre-soluzioni\/"},{"@type":"ListItem","position":3,"name":"JS08"}]},{"@type":"WebSite","@id":"https:\/\/saccardo.com\/#website","url":"https:\/\/saccardo.com\/","name":"Saccardo","description":"","publisher":{"@id":"https:\/\/saccardo.com\/#organization"},"potentialAction":[{"@type":"SearchAction","target":{"@type":"EntryPoint","urlTemplate":"https:\/\/saccardo.com\/?s={search_term_string}"},"query-input":{"@type":"PropertyValueSpecification","valueRequired":true,"valueName":"search_term_string"}}],"inLanguage":"pt-BR"},{"@type":"Organization","@id":"https:\/\/saccardo.com\/#organization","name":"Saccardo Arturo Figli Srl","url":"https:\/\/saccardo.com\/","logo":{"@type":"ImageObject","inLanguage":"pt-BR","@id":"https:\/\/saccardo.com\/#\/schema\/logo\/image\/","url":"https:\/\/saccardo.com\/wp-content\/uploads\/2023\/09\/logo-saccardo.svg","contentUrl":"https:\/\/saccardo.com\/wp-content\/uploads\/2023\/09\/logo-saccardo.svg","width":"1024","height":"1024","caption":"Saccardo Arturo Figli Srl"},"image":{"@id":"https:\/\/saccardo.com\/#\/schema\/logo\/image\/"}}]}},"_links":{"self":[{"href":"https:\/\/saccardo.com\/pt-br\/wp-json\/wp\/v2\/product\/2095","targetHints":{"allow":["GET"]}}],"collection":[{"href":"https:\/\/saccardo.com\/pt-br\/wp-json\/wp\/v2\/product"}],"about":[{"href":"https:\/\/saccardo.com\/pt-br\/wp-json\/wp\/v2\/types\/product"}],"replies":[{"embeddable":true,"href":"https:\/\/saccardo.com\/pt-br\/wp-json\/wp\/v2\/comments?post=2095"}],"wp:featuredmedia":[{"embeddable":true,"href":"https:\/\/saccardo.com\/pt-br\/wp-json\/wp\/v2\/media\/989"}],"wp:attachment":[{"href":"https:\/\/saccardo.com\/pt-br\/wp-json\/wp\/v2\/media?parent=2095"}],"wp:term":[{"taxonomy":"settore-di-applicazione","embeddable":true,"href":"https:\/\/saccardo.com\/pt-br\/wp-json\/wp\/v2\/settore-di-applicazione?post=2095"},{"taxonomy":"soluzione","embeddable":true,"href":"https:\/\/saccardo.com\/pt-br\/wp-json\/wp\/v2\/soluzione?post=2095"},{"taxonomy":"product_brand","embeddable":true,"href":"https:\/\/saccardo.com\/pt-br\/wp-json\/wp\/v2\/product_brand?post=2095"},{"taxonomy":"product_cat","embeddable":true,"href":"https:\/\/saccardo.com\/pt-br\/wp-json\/wp\/v2\/product_cat?post=2095"},{"taxonomy":"product_tag","embeddable":true,"href":"https:\/\/saccardo.com\/pt-br\/wp-json\/wp\/v2\/product_tag?post=2095"}],"curies":[{"name":"wp","href":"https:\/\/api.w.org\/{rel}","templated":true}]}}