{"id":2091,"date":"2025-09-12T12:52:54","date_gmt":"2025-09-12T12:52:54","guid":{"rendered":"https:\/\/saccardo.com\/prodotto\/pl06\/"},"modified":"2026-01-29T14:39:39","modified_gmt":"2026-01-29T14:39:39","slug":"pl06","status":"publish","type":"product","link":"https:\/\/saccardo.com\/pt-br\/produtos\/pl06\/","title":{"rendered":"PL06"},"content":{"rendered":"<p><span style=\"font-weight: 400;\">A m\u00e1quina manual <strong>PL06 Saccardo<\/strong> otimiza e agiliza opera\u00e7\u00f5es de embalagem. Seu sistema de correias motorizadas facilita a inser\u00e7\u00e3o e posicionamento correto dos produtos no saco, enquanto o operador apenas apresenta o saco. Isso garante fluxo cont\u00ednuo, preciso e eficiente. Estrutura compacta e robusta, feita com materiais higi\u00eanicos e facilmente sanitiz\u00e1veis, garante confiabilidade, praticidade e facilidade de manuten\u00e7\u00e3o. <strong>Ideal<\/strong> para cortes anat\u00f4micos de carnes frescas, onde altos padr\u00f5es de higiene e qualidade do processo s\u00e3o essenciais.<\/span><\/p>\n","protected":false},"excerpt":{"rendered":"<p>Concebido para otimizar e agilizar as opera\u00e7\u00f5es de embalagem.<\/p>\n","protected":false},"featured_media":1670,"comment_status":"closed","ping_status":"closed","template":"","meta":{"_et_pb_use_builder":"","_et_pb_old_content":"","_et_gb_content_width":"","inline_featured_image":false},"settore-di-applicazione":[],"soluzione":[],"product_brand":[],"product_cat":[175],"product_tag":[],"class_list":{"0":"post-2091","1":"product","2":"type-product","3":"status-publish","4":"has-post-thumbnail","6":"product_cat-empacotamento","7":"pa_dimensioni-di-ingombro-495-x-1045-x-953hmm","8":"pa_peso-125-kg","10":"first","11":"instock","12":"shipping-taxable","13":"product-type-simple"},"acf":[],"yoast_head":"<!-- This site is optimized with the Yoast SEO plugin v27.3 - https:\/\/yoast.com\/product\/yoast-seo-wordpress\/ -->\n<title>PL06 | Empacotamento | Saccardo<\/title>\n<meta name=\"description\" content=\"PL06 Saccardo: m\u00e1quina profissional para empacotamento. Tecnologia industrial confi\u00e1vel para a ind\u00fastria aliment\u00edcia.\" \/>\n<meta name=\"robots\" content=\"index, follow, max-snippet:-1, max-image-preview:large, max-video-preview:-1\" \/>\n<link rel=\"canonical\" href=\"https:\/\/saccardo.com\/produtos\/pl06\/\" \/>\n<meta property=\"og:locale\" content=\"pt_BR\" \/>\n<meta property=\"og:type\" content=\"article\" \/>\n<meta property=\"og:title\" content=\"PL06 | Empacotamento | Saccardo\" \/>\n<meta property=\"og:description\" content=\"PL06 Saccardo: m\u00e1quina profissional para empacotamento. Tecnologia industrial confi\u00e1vel para a ind\u00fastria aliment\u00edcia.\" \/>\n<meta property=\"og:url\" content=\"https:\/\/saccardo.com\/produtos\/pl06\/\" \/>\n<meta property=\"og:site_name\" content=\"Saccardo\" \/>\n<meta property=\"article:modified_time\" content=\"2026-01-29T14:39:39+00:00\" \/>\n<meta property=\"og:image\" content=\"https:\/\/saccardo.com\/wp-content\/uploads\/2025\/09\/Pl06-img-cut.png\" \/>\n\t<meta property=\"og:image:width\" content=\"800\" \/>\n\t<meta property=\"og:image:height\" content=\"500\" \/>\n\t<meta property=\"og:image:type\" content=\"image\/png\" \/>\n<meta name=\"twitter:card\" content=\"summary_large_image\" \/>\n<script type=\"application\/ld+json\" class=\"yoast-schema-graph\">{\"@context\":\"https:\\\/\\\/schema.org\",\"@graph\":[{\"@type\":\"WebPage\",\"@id\":\"https:\\\/\\\/saccardo.com\\\/produtos\\\/pl06\\\/\",\"url\":\"https:\\\/\\\/saccardo.com\\\/produtos\\\/pl06\\\/\",\"name\":\"PL06 | Empacotamento | Saccardo\",\"isPartOf\":{\"@id\":\"https:\\\/\\\/saccardo.com\\\/#website\"},\"primaryImageOfPage\":{\"@id\":\"https:\\\/\\\/saccardo.com\\\/produtos\\\/pl06\\\/#primaryimage\"},\"image\":{\"@id\":\"https:\\\/\\\/saccardo.com\\\/produtos\\\/pl06\\\/#primaryimage\"},\"thumbnailUrl\":\"https:\\\/\\\/saccardo.com\\\/wp-content\\\/uploads\\\/2025\\\/09\\\/Pl06-img-cut.png\",\"datePublished\":\"2025-09-12T12:52:54+00:00\",\"dateModified\":\"2026-01-29T14:39:39+00:00\",\"description\":\"PL06 Saccardo: m\u00e1quina profissional para empacotamento. Tecnologia industrial confi\u00e1vel para a ind\u00fastria aliment\u00edcia.\",\"breadcrumb\":{\"@id\":\"https:\\\/\\\/saccardo.com\\\/produtos\\\/pl06\\\/#breadcrumb\"},\"inLanguage\":\"pt-BR\",\"potentialAction\":[{\"@type\":\"ReadAction\",\"target\":[\"https:\\\/\\\/saccardo.com\\\/produtos\\\/pl06\\\/\"]}]},{\"@type\":\"ImageObject\",\"inLanguage\":\"pt-BR\",\"@id\":\"https:\\\/\\\/saccardo.com\\\/produtos\\\/pl06\\\/#primaryimage\",\"url\":\"https:\\\/\\\/saccardo.com\\\/wp-content\\\/uploads\\\/2025\\\/09\\\/Pl06-img-cut.png\",\"contentUrl\":\"https:\\\/\\\/saccardo.com\\\/wp-content\\\/uploads\\\/2025\\\/09\\\/Pl06-img-cut.png\",\"width\":800,\"height\":500},{\"@type\":\"BreadcrumbList\",\"@id\":\"https:\\\/\\\/saccardo.com\\\/produtos\\\/pl06\\\/#breadcrumb\",\"itemListElement\":[{\"@type\":\"ListItem\",\"position\":1,\"name\":\"Home\",\"item\":\"https:\\\/\\\/saccardo.com\\\/\"},{\"@type\":\"ListItem\",\"position\":2,\"name\":\"Nossas Solu\u00e7\u00f5es: Para atender a cada solicita\u00e7\u00e3o, para satisfazer cada necessidade\",\"item\":\"https:\\\/\\\/saccardo.com\\\/le-nostre-soluzioni\\\/\"},{\"@type\":\"ListItem\",\"position\":3,\"name\":\"PL06\"}]},{\"@type\":\"WebSite\",\"@id\":\"https:\\\/\\\/saccardo.com\\\/#website\",\"url\":\"https:\\\/\\\/saccardo.com\\\/\",\"name\":\"Saccardo\",\"description\":\"\",\"publisher\":{\"@id\":\"https:\\\/\\\/saccardo.com\\\/#organization\"},\"potentialAction\":[{\"@type\":\"SearchAction\",\"target\":{\"@type\":\"EntryPoint\",\"urlTemplate\":\"https:\\\/\\\/saccardo.com\\\/?s={search_term_string}\"},\"query-input\":{\"@type\":\"PropertyValueSpecification\",\"valueRequired\":true,\"valueName\":\"search_term_string\"}}],\"inLanguage\":\"pt-BR\"},{\"@type\":\"Organization\",\"@id\":\"https:\\\/\\\/saccardo.com\\\/#organization\",\"name\":\"Saccardo Arturo Figli Srl\",\"url\":\"https:\\\/\\\/saccardo.com\\\/\",\"logo\":{\"@type\":\"ImageObject\",\"inLanguage\":\"pt-BR\",\"@id\":\"https:\\\/\\\/saccardo.com\\\/#\\\/schema\\\/logo\\\/image\\\/\",\"url\":\"https:\\\/\\\/saccardo.com\\\/wp-content\\\/uploads\\\/2023\\\/09\\\/logo-saccardo.svg\",\"contentUrl\":\"https:\\\/\\\/saccardo.com\\\/wp-content\\\/uploads\\\/2023\\\/09\\\/logo-saccardo.svg\",\"width\":\"1024\",\"height\":\"1024\",\"caption\":\"Saccardo Arturo Figli Srl\"},\"image\":{\"@id\":\"https:\\\/\\\/saccardo.com\\\/#\\\/schema\\\/logo\\\/image\\\/\"}}]}<\/script>\n<!-- \/ Yoast SEO plugin. -->","yoast_head_json":{"title":"PL06 | Empacotamento | Saccardo","description":"PL06 Saccardo: m\u00e1quina profissional para empacotamento. Tecnologia industrial confi\u00e1vel para a ind\u00fastria aliment\u00edcia.","robots":{"index":"index","follow":"follow","max-snippet":"max-snippet:-1","max-image-preview":"max-image-preview:large","max-video-preview":"max-video-preview:-1"},"canonical":"https:\/\/saccardo.com\/produtos\/pl06\/","og_locale":"pt_BR","og_type":"article","og_title":"PL06 | Empacotamento | Saccardo","og_description":"PL06 Saccardo: m\u00e1quina profissional para empacotamento. Tecnologia industrial confi\u00e1vel para a ind\u00fastria aliment\u00edcia.","og_url":"https:\/\/saccardo.com\/produtos\/pl06\/","og_site_name":"Saccardo","article_modified_time":"2026-01-29T14:39:39+00:00","og_image":[{"width":800,"height":500,"url":"https:\/\/saccardo.com\/wp-content\/uploads\/2025\/09\/Pl06-img-cut.png","type":"image\/png"}],"twitter_card":"summary_large_image","schema":{"@context":"https:\/\/schema.org","@graph":[{"@type":"WebPage","@id":"https:\/\/saccardo.com\/produtos\/pl06\/","url":"https:\/\/saccardo.com\/produtos\/pl06\/","name":"PL06 | Empacotamento | Saccardo","isPartOf":{"@id":"https:\/\/saccardo.com\/#website"},"primaryImageOfPage":{"@id":"https:\/\/saccardo.com\/produtos\/pl06\/#primaryimage"},"image":{"@id":"https:\/\/saccardo.com\/produtos\/pl06\/#primaryimage"},"thumbnailUrl":"https:\/\/saccardo.com\/wp-content\/uploads\/2025\/09\/Pl06-img-cut.png","datePublished":"2025-09-12T12:52:54+00:00","dateModified":"2026-01-29T14:39:39+00:00","description":"PL06 Saccardo: m\u00e1quina profissional para empacotamento. Tecnologia industrial confi\u00e1vel para a ind\u00fastria aliment\u00edcia.","breadcrumb":{"@id":"https:\/\/saccardo.com\/produtos\/pl06\/#breadcrumb"},"inLanguage":"pt-BR","potentialAction":[{"@type":"ReadAction","target":["https:\/\/saccardo.com\/produtos\/pl06\/"]}]},{"@type":"ImageObject","inLanguage":"pt-BR","@id":"https:\/\/saccardo.com\/produtos\/pl06\/#primaryimage","url":"https:\/\/saccardo.com\/wp-content\/uploads\/2025\/09\/Pl06-img-cut.png","contentUrl":"https:\/\/saccardo.com\/wp-content\/uploads\/2025\/09\/Pl06-img-cut.png","width":800,"height":500},{"@type":"BreadcrumbList","@id":"https:\/\/saccardo.com\/produtos\/pl06\/#breadcrumb","itemListElement":[{"@type":"ListItem","position":1,"name":"Home","item":"https:\/\/saccardo.com\/"},{"@type":"ListItem","position":2,"name":"Nossas Solu\u00e7\u00f5es: Para atender a cada solicita\u00e7\u00e3o, para satisfazer cada necessidade","item":"https:\/\/saccardo.com\/le-nostre-soluzioni\/"},{"@type":"ListItem","position":3,"name":"PL06"}]},{"@type":"WebSite","@id":"https:\/\/saccardo.com\/#website","url":"https:\/\/saccardo.com\/","name":"Saccardo","description":"","publisher":{"@id":"https:\/\/saccardo.com\/#organization"},"potentialAction":[{"@type":"SearchAction","target":{"@type":"EntryPoint","urlTemplate":"https:\/\/saccardo.com\/?s={search_term_string}"},"query-input":{"@type":"PropertyValueSpecification","valueRequired":true,"valueName":"search_term_string"}}],"inLanguage":"pt-BR"},{"@type":"Organization","@id":"https:\/\/saccardo.com\/#organization","name":"Saccardo Arturo Figli Srl","url":"https:\/\/saccardo.com\/","logo":{"@type":"ImageObject","inLanguage":"pt-BR","@id":"https:\/\/saccardo.com\/#\/schema\/logo\/image\/","url":"https:\/\/saccardo.com\/wp-content\/uploads\/2023\/09\/logo-saccardo.svg","contentUrl":"https:\/\/saccardo.com\/wp-content\/uploads\/2023\/09\/logo-saccardo.svg","width":"1024","height":"1024","caption":"Saccardo Arturo Figli Srl"},"image":{"@id":"https:\/\/saccardo.com\/#\/schema\/logo\/image\/"}}]}},"_links":{"self":[{"href":"https:\/\/saccardo.com\/pt-br\/wp-json\/wp\/v2\/product\/2091","targetHints":{"allow":["GET"]}}],"collection":[{"href":"https:\/\/saccardo.com\/pt-br\/wp-json\/wp\/v2\/product"}],"about":[{"href":"https:\/\/saccardo.com\/pt-br\/wp-json\/wp\/v2\/types\/product"}],"replies":[{"embeddable":true,"href":"https:\/\/saccardo.com\/pt-br\/wp-json\/wp\/v2\/comments?post=2091"}],"wp:featuredmedia":[{"embeddable":true,"href":"https:\/\/saccardo.com\/pt-br\/wp-json\/wp\/v2\/media\/1670"}],"wp:attachment":[{"href":"https:\/\/saccardo.com\/pt-br\/wp-json\/wp\/v2\/media?parent=2091"}],"wp:term":[{"taxonomy":"settore-di-applicazione","embeddable":true,"href":"https:\/\/saccardo.com\/pt-br\/wp-json\/wp\/v2\/settore-di-applicazione?post=2091"},{"taxonomy":"soluzione","embeddable":true,"href":"https:\/\/saccardo.com\/pt-br\/wp-json\/wp\/v2\/soluzione?post=2091"},{"taxonomy":"product_brand","embeddable":true,"href":"https:\/\/saccardo.com\/pt-br\/wp-json\/wp\/v2\/product_brand?post=2091"},{"taxonomy":"product_cat","embeddable":true,"href":"https:\/\/saccardo.com\/pt-br\/wp-json\/wp\/v2\/product_cat?post=2091"},{"taxonomy":"product_tag","embeddable":true,"href":"https:\/\/saccardo.com\/pt-br\/wp-json\/wp\/v2\/product_tag?post=2091"}],"curies":[{"name":"wp","href":"https:\/\/api.w.org\/{rel}","templated":true}]}}