{"id":2016,"date":"2023-11-08T08:26:09","date_gmt":"2023-11-08T08:26:09","guid":{"rendered":"https:\/\/saccardo.com\/mission\/"},"modified":"2026-01-29T14:18:02","modified_gmt":"2026-01-29T14:18:02","slug":"missao","status":"publish","type":"page","link":"https:\/\/saccardo.com\/pt-br\/missao\/","title":{"rendered":"Miss\u00e3o"},"content":{"rendered":"<p>[et_pb_section fb_built=&#8221;1&#8243; _builder_version=&#8221;4.23.1&#8243; _module_preset=&#8221;default&#8221; background_color=&#8221;#141413&#8243; use_background_color_gradient=&#8221;on&#8221; background_color_gradient_stops=&#8221;rgba(255,255,255,0) 0%|#141413 71%&#8221; background_color_gradient_overlays_image=&#8221;on&#8221; background_image=&#8221;https:\/\/saccardo.com\/wp-content\/uploads\/2023\/11\/Mission-word.jpg&#8221; custom_padding=&#8221;10%||0px||false|false&#8221; locked=&#8221;off&#8221; global_colors_info=&#8221;{}&#8221;][et_pb_row _builder_version=&#8221;4.23&#8243; _module_preset=&#8221;default&#8221; global_colors_info=&#8221;{}&#8221;][et_pb_column type=&#8221;4_4&#8243; _builder_version=&#8221;4.23&#8243; _module_preset=&#8221;default&#8221; global_colors_info=&#8221;{}&#8221;][dipl_text_animator animated_text=&#8221;Passion |Action|Care|Know-How&#8221; animation_time=&#8221;1000ms&#8221; animation_hold=&#8221;2500ms&#8221; _builder_version=&#8221;4.23.1&#8243; _module_preset=&#8221;default&#8221; global_text_settings_font=&#8221;|||on|||||&#8221; global_text_settings_text_align=&#8221;center&#8221; global_text_settings_text_color=&#8221;rgba(255,255,255,0.8)&#8221; global_text_settings_font_size=&#8221;10em&#8221; custom_margin=&#8221;||10%||false|false&#8221; custom_margin_tablet=&#8221;||10%||false|false&#8221; custom_margin_phone=&#8221;||20%||false|false&#8221; custom_margin_last_edited=&#8221;on|phone&#8221; global_text_settings_font_size_tablet=&#8221;5em&#8221; global_text_settings_font_size_phone=&#8221;3em&#8221; global_text_settings_font_size_last_edited=&#8221;on|tablet&#8221; global_text_settings_text_shadow_style=&#8221;preset3&#8243; global_text_settings_text_shadow_color=&#8221;RGBA(255,255,255,0)&#8221; global_colors_info=&#8221;{}&#8221;][\/dipl_text_animator][et_pb_text _builder_version=&#8221;4.23.1&#8243; _module_preset=&#8221;default&#8221; text_text_color=&#8221;#FFFFFF&#8221; text_font_size=&#8221;1.8em&#8221; text_line_height=&#8221;1.3em&#8221; text_orientation=&#8221;center&#8221; text_font_size_tablet=&#8221;1.5em&#8221; text_font_size_phone=&#8221;1.2em&#8221; text_font_size_last_edited=&#8221;on|tablet&#8221; global_colors_info=&#8221;{}&#8221;]<\/p>\n<p>Temos instala\u00e7\u00f5es em 40 pa\u00edses distribu\u00eddos pela Europa, \u00c1sia, Am\u00e9rica e Austr\u00e1lia, por meio de uma rede comercial abrangente composta por filiais no exterior e distribuidores.<\/p>\n<p>[\/et_pb_text][\/et_pb_column][\/et_pb_row][et_pb_row column_structure=&#8221;1_3,1_3,1_3&#8243; _builder_version=&#8221;4.23.1&#8243; _module_preset=&#8221;default&#8221; custom_margin=&#8221;2%||||false|false&#8221; global_colors_info=&#8221;{}&#8221;][et_pb_column type=&#8221;1_3&#8243; _builder_version=&#8221;4.23&#8243; _module_preset=&#8221;default&#8221; global_colors_info=&#8221;{}&#8221;][et_pb_number_counter title=&#8221;cadastros&#8221; number=&#8221;+5.000 &#8221; percent_sign=&#8221;off&#8221; _builder_version=&#8221;4.27.5&#8243; _module_preset=&#8221;default&#8221; title_font=&#8221;|||on|||||&#8221; title_text_color=&#8221;#8C8C8C&#8221; title_font_size=&#8221;1.5em&#8221; number_font_size_tablet=&#8221;&#8221; number_font_size_phone=&#8221;50px&#8221; number_font_size_last_edited=&#8221;on|phone&#8221; global_colors_info=&#8221;{}&#8221;][\/et_pb_number_counter][\/et_pb_column][et_pb_column type=&#8221;1_3&#8243; _builder_version=&#8221;4.23&#8243; _module_preset=&#8221;default&#8221; global_colors_info=&#8221;{}&#8221;][et_pb_number_counter title=&#8221;m\u00e1quinas vendidas&#8221; number=&#8221;+27.000 &#8221; percent_sign=&#8221;off&#8221; _builder_version=&#8221;4.27.5&#8243; _module_preset=&#8221;default&#8221; title_font=&#8221;|||on|||||&#8221; title_text_color=&#8221;#8C8C8C&#8221; title_font_size=&#8221;1.5em&#8221; number_font_size_tablet=&#8221;&#8221; number_font_size_phone=&#8221;50px&#8221; number_font_size_last_edited=&#8221;on|phone&#8221; global_colors_info=&#8221;{}&#8221;][\/et_pb_number_counter][\/et_pb_column][et_pb_column type=&#8221;1_3&#8243; _builder_version=&#8221;4.23&#8243; _module_preset=&#8221;default&#8221; global_colors_info=&#8221;{}&#8221;][et_pb_number_counter title=&#8221;anos de experi\u00eancia&#8221; number=&#8221;+50&#8243; percent_sign=&#8221;off&#8221; _builder_version=&#8221;4.27.4&#8243; _module_preset=&#8221;default&#8221; title_font=&#8221;|||on|||||&#8221; title_text_color=&#8221;#8C8C8C&#8221; title_font_size=&#8221;1.5em&#8221; number_font_size_tablet=&#8221;&#8221; number_font_size_phone=&#8221;50px&#8221; number_font_size_last_edited=&#8221;on|phone&#8221; global_colors_info=&#8221;{}&#8221;][\/et_pb_number_counter][\/et_pb_column][\/et_pb_row][\/et_pb_section][et_pb_section fb_built=&#8221;1&#8243; _builder_version=&#8221;4.27.4&#8243; _module_preset=&#8221;default&#8221; background_color=&#8221;#141413&#8243; global_colors_info=&#8221;{}&#8221;][et_pb_row _builder_version=&#8221;4.22.1&#8243; _module_preset=&#8221;default&#8221; width=&#8221;100%&#8221; max_width=&#8221;100%&#8221; locked=&#8221;off&#8221; global_colors_info=&#8221;{}&#8221;][et_pb_column type=&#8221;4_4&#8243; _builder_version=&#8221;4.22.1&#8243; _module_preset=&#8221;default&#8221; global_colors_info=&#8221;{}&#8221;][et_pb_divider color=&#8221;#8C8C8C&#8221; divider_position=&#8221;center&#8221; _builder_version=&#8221;4.22.1&#8243; _module_preset=&#8221;default&#8221; global_colors_info=&#8221;{}&#8221;][\/et_pb_divider][\/et_pb_column][\/et_pb_row][et_pb_row column_structure=&#8221;1_2,1_2&#8243; custom_padding_last_edited=&#8221;on|phone&#8221; module_class=&#8221;reverse&#8221; _builder_version=&#8221;4.27.4&#8243; _module_preset=&#8221;default&#8221; width=&#8221;100%&#8221; max_width=&#8221;80%&#8221; max_width_tablet=&#8221;80%&#8221; max_width_phone=&#8221;90%&#8221; max_width_last_edited=&#8221;on|phone&#8221; custom_padding=&#8221;|2%||2%|false|true&#8221; custom_padding_tablet=&#8221;|2%||2%|false|true&#8221; custom_padding_phone=&#8221;|7%||7%|false|true&#8221; custom_css_main_element=&#8221;align-items:center;&#8221; border_color_right=&#8221;RGBA(255,255,255,0)&#8221; border_color_left=&#8221;RGBA(255,255,255,0)&#8221; locked=&#8221;off&#8221; global_colors_info=&#8221;{}&#8221;][et_pb_column type=&#8221;1_2&#8243; _builder_version=&#8221;4.22.1&#8243; _module_preset=&#8221;default&#8221; custom_padding=&#8221;||||false|false&#8221; border_color_right=&#8221;#8C8C8C&#8221; global_colors_info=&#8221;{}&#8221;][et_pb_text _builder_version=&#8221;4.27.4&#8243; _module_preset=&#8221;default&#8221; text_font=&#8221;Poppins||||||||&#8221; text_font_size=&#8221;16px&#8221; header_text_color=&#8221;#FFFFFF&#8221; header_font_size=&#8221;6vh&#8221; header_2_font=&#8221;||||||||&#8221; header_2_text_color=&#8221;#FFFFFF&#8221; header_2_font_size=&#8221;60px&#8221; header_3_font=&#8221;Poppins||||||||&#8221; header_3_line_height=&#8221;1.5em&#8221; custom_margin_tablet=&#8221;5%||||false|false&#8221; custom_margin_phone=&#8221;10%||||false|false&#8221; custom_margin_last_edited=&#8221;on|phone&#8221; custom_padding=&#8221;0px||0px||true|false&#8221; header_2_font_size_tablet=&#8221;60px&#8221; header_2_font_size_phone=&#8221;30px&#8221; header_2_font_size_last_edited=&#8221;on|phone&#8221; global_colors_info=&#8221;{}&#8221;]<\/p>\n<h2>\u00c9 necess\u00e1ria uma vis\u00e3o sustent\u00e1vel para embalar o futuro<\/h2>\n<p>[\/et_pb_text][et_pb_text _builder_version=&#8221;4.27.4&#8243; _module_preset=&#8221;default&#8221; global_colors_info=&#8221;{}&#8221;]<\/p>\n<p>Somos uma marca l\u00edder no setor de embalagens que olha para o futuro com consci\u00eancia. Nosso objetivo? Tornar o trabalho mais inteligente e o processo produtivo sustent\u00e1vel, criando valor para quem o vivencia todos os dias.<\/p>\n<p>Nossas solu\u00e7\u00f5es s\u00e3o projetadas para se integrar aos diversos layouts produtivos, colaborando com outras m\u00e1quinas e sistemas de gest\u00e3o de f\u00e1brica. Cada instala\u00e7\u00e3o \u00e9 planejada para garantir efici\u00eancia, rastreabilidade completa da produ\u00e7\u00e3o e maximiza\u00e7\u00e3o do valor, simplificando o trabalho di\u00e1rio e apoiando uma produ\u00e7\u00e3o sustent\u00e1vel e inteligente. Cada instala\u00e7\u00e3o \u00e9 planejada para garantir efici\u00eancia, rastreabilidade completa da produ\u00e7\u00e3o e maximiza\u00e7\u00e3o do valor, simplificando o trabalho di\u00e1rio e apoiando uma produ\u00e7\u00e3o sustent\u00e1vel e inteligente.<\/p>\n<p>[\/et_pb_text][et_pb_toggle title=&#8221;TRABALHO INTELIGENTE&#8221; open_toggle_text_color=&#8221;#FFFFFF&#8221; open_toggle_background_color=&#8221;#141413&#8243; closed_toggle_background_color=&#8221;#141413&#8243; toggle_icon=&#8221;&#x33;||divi||400&#8243; use_icon_font_size=&#8221;on&#8221; icon_font_size=&#8221;25px&#8221; open_toggle_icon=&#8221;&#x32;||divi||400&#8243; open_use_icon_font_size=&#8221;on&#8221; open_icon_font_size=&#8221;25px&#8221; _builder_version=&#8221;4.23&#8243; _module_preset=&#8221;default&#8221; title_text_color=&#8221;#FFFFFF&#8221; title_font_size=&#8221;1.2em&#8221; custom_margin=&#8221;||2%||false|false&#8221; global_colors_info=&#8221;{}&#8221;]<\/p>\n<p>\u00c9 o momento do trabalho inteligente, da abordagem voltada \u00e0 redu\u00e7\u00e3o de desperd\u00edcios no processo produtivo, da otimiza\u00e7\u00e3o do tempo e dos recursos utilizados.<\/p>\n<p>[\/et_pb_toggle][et_pb_toggle title=&#8221;VIDA INTELIGENTE&#8221; open_toggle_text_color=&#8221;#FFFFFF&#8221; open_toggle_background_color=&#8221;#141413&#8243; closed_toggle_background_color=&#8221;#141413&#8243; toggle_icon=&#8221;&#x33;||divi||400&#8243; use_icon_font_size=&#8221;on&#8221; icon_font_size=&#8221;25px&#8221; open_toggle_icon=&#8221;&#x32;||divi||400&#8243; open_use_icon_font_size=&#8221;on&#8221; open_icon_font_size=&#8221;25px&#8221; _builder_version=&#8221;4.23&#8243; _module_preset=&#8221;default&#8221; title_text_color=&#8221;#FFFFFF&#8221; title_font_size=&#8221;1.2em&#8221; custom_margin=&#8221;||2%||false|false&#8221; global_colors_info=&#8221;{}&#8221;]<\/p>\n<p>Colocar a pessoa no centro, para n\u00f3s, significa criar um ambiente que atenda \u00e0s necessidades do ser humano e facilite a vida profissional.<\/p>\n<p>Uma abordagem inteligente que valorize o potencial de cada indiv\u00edduo dentro de um contexto de valor agregado para o grupo, melhorando a qualidade do ambiente de trabalho.<\/p>\n<p>[\/et_pb_toggle][et_pb_toggle title=&#8221;SUSTENTABILIDADE&#8221; open_toggle_text_color=&#8221;#FFFFFF&#8221; open_toggle_background_color=&#8221;#141413&#8243; closed_toggle_background_color=&#8221;#141413&#8243; toggle_icon=&#8221;&#x33;||divi||400&#8243; use_icon_font_size=&#8221;on&#8221; icon_font_size=&#8221;25px&#8221; open_toggle_icon=&#8221;&#x32;||divi||400&#8243; open_use_icon_font_size=&#8221;on&#8221; open_icon_font_size=&#8221;25px&#8221; _builder_version=&#8221;4.23&#8243; _module_preset=&#8221;default&#8221; title_text_color=&#8221;#FFFFFF&#8221; title_font_size=&#8221;1.2em&#8221; custom_margin=&#8221;||2%||false|false&#8221; global_colors_info=&#8221;{}&#8221;]<\/p>\n<p>Respeitar o princ\u00edpio de preserva\u00e7\u00e3o do meio ambiente, o respeito \u00e0 coletividade e a contribui\u00e7\u00e3o para a economia local significa, para n\u00f3s, tornar sustent\u00e1vel o nosso projeto empresarial.<\/p>\n<p>[\/et_pb_toggle][\/et_pb_column][et_pb_column type=&#8221;1_2&#8243; _builder_version=&#8221;4.22.1&#8243; _module_preset=&#8221;default&#8221; custom_padding=&#8221;||||false|false&#8221; border_color_right=&#8221;#8C8C8C&#8221; global_colors_info=&#8221;{}&#8221;][et_pb_image src=&#8221;https:\/\/saccardo.com\/wp-content\/uploads\/2023\/10\/green_800x800px.jpeg&#8221; title_text=&#8221;green_800x800px&#8221; _builder_version=&#8221;4.27.4&#8243; _module_preset=&#8221;default&#8221; global_colors_info=&#8221;{}&#8221;][\/et_pb_image][\/et_pb_column][\/et_pb_row][et_pb_row _builder_version=&#8221;4.22.1&#8243; _module_preset=&#8221;default&#8221; width=&#8221;100%&#8221; max_width=&#8221;100%&#8221; locked=&#8221;off&#8221; global_colors_info=&#8221;{}&#8221;][et_pb_column type=&#8221;4_4&#8243; _builder_version=&#8221;4.22.1&#8243; _module_preset=&#8221;default&#8221; global_colors_info=&#8221;{}&#8221;][et_pb_divider color=&#8221;#8C8C8C&#8221; divider_position=&#8221;center&#8221; _builder_version=&#8221;4.22.1&#8243; _module_preset=&#8221;default&#8221; global_colors_info=&#8221;{}&#8221;][\/et_pb_divider][\/et_pb_column][\/et_pb_row][et_pb_row column_structure=&#8221;1_2,1_2&#8243; make_equal=&#8221;on&#8221; custom_padding_last_edited=&#8221;on|phone&#8221; _builder_version=&#8221;4.27.4&#8243; _module_preset=&#8221;default&#8221; width=&#8221;100%&#8221; max_width=&#8221;80%&#8221; max_width_tablet=&#8221;80%&#8221; max_width_phone=&#8221;90%&#8221; max_width_last_edited=&#8221;on|phone&#8221; custom_padding=&#8221;|2%||2%|false|true&#8221; custom_padding_tablet=&#8221;|2%||2%|false|true&#8221; custom_padding_phone=&#8221;|7%|0px|7%|false|true&#8221; border_color_right=&#8221;RGBA(255,255,255,0)&#8221; border_color_left=&#8221;RGBA(255,255,255,0)&#8221; locked=&#8221;off&#8221; global_colors_info=&#8221;{}&#8221;][et_pb_column type=&#8221;1_2&#8243; _builder_version=&#8221;4.22.1&#8243; _module_preset=&#8221;default&#8221; custom_padding=&#8221;||||false|false&#8221; border_color_right=&#8221;#8C8C8C&#8221; global_colors_info=&#8221;{}&#8221;][et_pb_image src=&#8221;https:\/\/saccardo.com\/wp-content\/uploads\/2025\/10\/Experience-makes-the-difference.jpg&#8221; title_text=&#8221;\u00c9 a experi\u00eancia que faz a diferen\u00e7a&#8221; _builder_version=&#8221;4.27.4&#8243; _module_preset=&#8221;default&#8221; global_colors_info=&#8221;{}&#8221;][\/et_pb_image][\/et_pb_column][et_pb_column type=&#8221;1_2&#8243; _builder_version=&#8221;4.22.1&#8243; _module_preset=&#8221;default&#8221; custom_padding=&#8221;||||false|false&#8221; border_color_right=&#8221;#8C8C8C&#8221; global_colors_info=&#8221;{}&#8221;][et_pb_text _builder_version=&#8221;4.23.4&#8243; _module_preset=&#8221;default&#8221; text_font=&#8221;Poppins||||||||&#8221; text_font_size=&#8221;16px&#8221; header_text_color=&#8221;#FFFFFF&#8221; header_font_size=&#8221;6vh&#8221; header_2_font=&#8221;||||||||&#8221; header_2_text_color=&#8221;#FFFFFF&#8221; header_2_font_size=&#8221;60px&#8221; header_3_font=&#8221;Poppins||||||||&#8221; header_3_line_height=&#8221;1.5em&#8221; custom_padding=&#8221;0px||0px||true|false&#8221; header_2_font_size_tablet=&#8221;60px&#8221; header_2_font_size_phone=&#8221;40px&#8221; header_2_font_size_last_edited=&#8221;on|phone&#8221; global_colors_info=&#8221;{}&#8221;]<\/p>\n<h2>\u00c9 a experi\u00eancia que faz a diferen\u00e7a<\/h2>\n<p>[\/et_pb_text][et_pb_text _builder_version=&#8221;4.27.5&#8243; _module_preset=&#8221;default&#8221; global_colors_info=&#8221;{}&#8221;]<\/p>\n<p>50 anos de experi\u00eancia em embalagens nos tornaram pioneiros em inova\u00e7\u00e3o e qualidade.<\/p>\n<p>Desde sempre, selecionamos materiais e componentes de excel\u00eancia para garantir produtos e linhas de produ\u00e7\u00e3o confi\u00e1veis e de ponta. Em um mercado em constante evolu\u00e7\u00e3o, nossas solu\u00e7\u00f5es ajudam os clientes a serem mais r\u00e1pidos e eficientes: produtos intuitivos, processos que eliminam erros humanos e um servi\u00e7o de assist\u00eancia e pe\u00e7as r\u00e1pidas e pontuais.<\/p>\n<p>Nossa for\u00e7a nasce do equil\u00edbrio entre experi\u00eancia, compet\u00eancia e vis\u00e3o: cada linha que realizamos une inova\u00e7\u00e3o e confiabilidade, transformando a energia da produ\u00e7\u00e3o em valor concreto para quem a utiliza.<\/p>\n<p>[\/et_pb_text][\/et_pb_column][\/et_pb_row][\/et_pb_section]<\/p>\n","protected":false},"excerpt":{"rendered":"<p><div class=\"et_pb_module dipl_text_animator dipl_text_animator_0\">\n\t\t\t\t\n\t\t\t\t\n\t\t\t\t\n\t\t\t\t\n\t\t\t\t\n\t\t\t\t\n\t\t\t\t<div class=\"et_pb_module_inner\">\n\t\t\t\t\t<div class=\"animated_text_wrapper dipl-fade\">\n\t\t\t\t<h2>\n\t\t\t\t\n\t\t\t\t<span\n\t\t\t\t\tclass=\"animated_text dipl_main_part\" \n\t\t\t\t\tdata-wait-time=\"2500\"\n\t\t\t\t\tdata-animation-time=\"1000\"\n\t\t\t\t\tdata-text=\"Passion |Action|Care|Know-How\"\n\t\t\t\t\tdata-stop-animation-on-hover=\"off\"\n\t\t\t\t\tdata-animate-only-once=\"off\"\n\t\t\t\t>Passion <\/span>\n\t\t\t\t\n\t\t\t\t<\/h2>\n\t\t\t<\/div>\n\t\t\t\t<\/div>\n\t\t\t<\/div>Temos instala\u00e7\u00f5es em 40 pa\u00edses distribu\u00eddos pela Europa, \u00c1sia, Am\u00e9rica e Austr\u00e1lia, por meio de uma rede comercial abrangente composta por filiais no exterior e distribuidores.\u00c9 necess\u00e1ria uma vis\u00e3o sustent\u00e1vel para embalar o futuroSomos uma [&hellip;]<\/p>\n","protected":false},"author":1,"featured_media":0,"parent":0,"menu_order":0,"comment_status":"closed","ping_status":"closed","template":"","meta":{"_et_pb_use_builder":"on","_et_pb_old_content":"","_et_gb_content_width":"","inline_featured_image":false,"footnotes":""},"class_list":["post-2016","page","type-page","status-publish","hentry"],"acf":[],"yoast_head":"<!-- This site is optimized with the Yoast SEO plugin v27.3 - https:\/\/yoast.com\/product\/yoast-seo-wordpress\/ -->\n<title>Nossa Miss\u00e3o | Inova\u00e7\u00e3o em Embalagem | Saccardo<\/title>\n<meta name=\"description\" content=\"A miss\u00e3o da Saccardo \u00e9 inovar em embalagem aliment\u00edcia com solu\u00e7\u00f5es eficientes, sustent\u00e1veis e sob medida.\" \/>\n<meta name=\"robots\" content=\"index, follow, max-snippet:-1, max-image-preview:large, max-video-preview:-1\" \/>\n<link rel=\"canonical\" href=\"https:\/\/saccardo.com\/mission\/\" \/>\n<meta property=\"og:locale\" content=\"pt_BR\" \/>\n<meta property=\"og:type\" content=\"article\" \/>\n<meta property=\"og:title\" content=\"Nossa Miss\u00e3o | Inova\u00e7\u00e3o em Embalagem | Saccardo\" \/>\n<meta property=\"og:description\" content=\"A miss\u00e3o da Saccardo \u00e9 inovar em embalagem aliment\u00edcia com solu\u00e7\u00f5es eficientes, sustent\u00e1veis e sob medida.\" \/>\n<meta property=\"og:url\" content=\"https:\/\/saccardo.com\/mission\/\" \/>\n<meta property=\"og:site_name\" content=\"Saccardo\" \/>\n<meta property=\"article:modified_time\" content=\"2026-01-29T14:18:02+00:00\" \/>\n<meta name=\"twitter:card\" content=\"summary_large_image\" \/>\n<meta name=\"twitter:label1\" content=\"Est. tempo de leitura\" \/>\n\t<meta name=\"twitter:data1\" content=\"8 minutos\" \/>\n<script type=\"application\/ld+json\" class=\"yoast-schema-graph\">{\"@context\":\"https:\\\/\\\/schema.org\",\"@graph\":[{\"@type\":\"WebPage\",\"@id\":\"https:\\\/\\\/saccardo.com\\\/mission\\\/\",\"url\":\"https:\\\/\\\/saccardo.com\\\/mission\\\/\",\"name\":\"Nossa Miss\u00e3o | Inova\u00e7\u00e3o em Embalagem | Saccardo\",\"isPartOf\":{\"@id\":\"https:\\\/\\\/saccardo.com\\\/#website\"},\"datePublished\":\"2023-11-08T08:26:09+00:00\",\"dateModified\":\"2026-01-29T14:18:02+00:00\",\"description\":\"A miss\u00e3o da Saccardo \u00e9 inovar em embalagem aliment\u00edcia com solu\u00e7\u00f5es eficientes, sustent\u00e1veis e sob medida.\",\"breadcrumb\":{\"@id\":\"https:\\\/\\\/saccardo.com\\\/mission\\\/#breadcrumb\"},\"inLanguage\":\"pt-BR\",\"potentialAction\":[{\"@type\":\"ReadAction\",\"target\":[\"https:\\\/\\\/saccardo.com\\\/mission\\\/\"]}]},{\"@type\":\"BreadcrumbList\",\"@id\":\"https:\\\/\\\/saccardo.com\\\/mission\\\/#breadcrumb\",\"itemListElement\":[{\"@type\":\"ListItem\",\"position\":1,\"name\":\"Home\",\"item\":\"https:\\\/\\\/saccardo.com\\\/\"},{\"@type\":\"ListItem\",\"position\":2,\"name\":\"Miss\u00e3o\"}]},{\"@type\":\"WebSite\",\"@id\":\"https:\\\/\\\/saccardo.com\\\/#website\",\"url\":\"https:\\\/\\\/saccardo.com\\\/\",\"name\":\"Saccardo\",\"description\":\"\",\"publisher\":{\"@id\":\"https:\\\/\\\/saccardo.com\\\/#organization\"},\"potentialAction\":[{\"@type\":\"SearchAction\",\"target\":{\"@type\":\"EntryPoint\",\"urlTemplate\":\"https:\\\/\\\/saccardo.com\\\/?s={search_term_string}\"},\"query-input\":{\"@type\":\"PropertyValueSpecification\",\"valueRequired\":true,\"valueName\":\"search_term_string\"}}],\"inLanguage\":\"pt-BR\"},{\"@type\":\"Organization\",\"@id\":\"https:\\\/\\\/saccardo.com\\\/#organization\",\"name\":\"Saccardo Arturo Figli Srl\",\"url\":\"https:\\\/\\\/saccardo.com\\\/\",\"logo\":{\"@type\":\"ImageObject\",\"inLanguage\":\"pt-BR\",\"@id\":\"https:\\\/\\\/saccardo.com\\\/#\\\/schema\\\/logo\\\/image\\\/\",\"url\":\"https:\\\/\\\/saccardo.com\\\/wp-content\\\/uploads\\\/2023\\\/09\\\/logo-saccardo.svg\",\"contentUrl\":\"https:\\\/\\\/saccardo.com\\\/wp-content\\\/uploads\\\/2023\\\/09\\\/logo-saccardo.svg\",\"width\":\"1024\",\"height\":\"1024\",\"caption\":\"Saccardo Arturo Figli Srl\"},\"image\":{\"@id\":\"https:\\\/\\\/saccardo.com\\\/#\\\/schema\\\/logo\\\/image\\\/\"}}]}<\/script>\n<!-- \/ Yoast SEO plugin. -->","yoast_head_json":{"title":"Nossa Miss\u00e3o | Inova\u00e7\u00e3o em Embalagem | Saccardo","description":"A miss\u00e3o da Saccardo \u00e9 inovar em embalagem aliment\u00edcia com solu\u00e7\u00f5es eficientes, sustent\u00e1veis e sob medida.","robots":{"index":"index","follow":"follow","max-snippet":"max-snippet:-1","max-image-preview":"max-image-preview:large","max-video-preview":"max-video-preview:-1"},"canonical":"https:\/\/saccardo.com\/mission\/","og_locale":"pt_BR","og_type":"article","og_title":"Nossa Miss\u00e3o | Inova\u00e7\u00e3o em Embalagem | Saccardo","og_description":"A miss\u00e3o da Saccardo \u00e9 inovar em embalagem aliment\u00edcia com solu\u00e7\u00f5es eficientes, sustent\u00e1veis e sob medida.","og_url":"https:\/\/saccardo.com\/mission\/","og_site_name":"Saccardo","article_modified_time":"2026-01-29T14:18:02+00:00","twitter_card":"summary_large_image","twitter_misc":{"Est. tempo de leitura":"8 minutos"},"schema":{"@context":"https:\/\/schema.org","@graph":[{"@type":"WebPage","@id":"https:\/\/saccardo.com\/mission\/","url":"https:\/\/saccardo.com\/mission\/","name":"Nossa Miss\u00e3o | Inova\u00e7\u00e3o em Embalagem | Saccardo","isPartOf":{"@id":"https:\/\/saccardo.com\/#website"},"datePublished":"2023-11-08T08:26:09+00:00","dateModified":"2026-01-29T14:18:02+00:00","description":"A miss\u00e3o da Saccardo \u00e9 inovar em embalagem aliment\u00edcia com solu\u00e7\u00f5es eficientes, sustent\u00e1veis e sob medida.","breadcrumb":{"@id":"https:\/\/saccardo.com\/mission\/#breadcrumb"},"inLanguage":"pt-BR","potentialAction":[{"@type":"ReadAction","target":["https:\/\/saccardo.com\/mission\/"]}]},{"@type":"BreadcrumbList","@id":"https:\/\/saccardo.com\/mission\/#breadcrumb","itemListElement":[{"@type":"ListItem","position":1,"name":"Home","item":"https:\/\/saccardo.com\/"},{"@type":"ListItem","position":2,"name":"Miss\u00e3o"}]},{"@type":"WebSite","@id":"https:\/\/saccardo.com\/#website","url":"https:\/\/saccardo.com\/","name":"Saccardo","description":"","publisher":{"@id":"https:\/\/saccardo.com\/#organization"},"potentialAction":[{"@type":"SearchAction","target":{"@type":"EntryPoint","urlTemplate":"https:\/\/saccardo.com\/?s={search_term_string}"},"query-input":{"@type":"PropertyValueSpecification","valueRequired":true,"valueName":"search_term_string"}}],"inLanguage":"pt-BR"},{"@type":"Organization","@id":"https:\/\/saccardo.com\/#organization","name":"Saccardo Arturo Figli Srl","url":"https:\/\/saccardo.com\/","logo":{"@type":"ImageObject","inLanguage":"pt-BR","@id":"https:\/\/saccardo.com\/#\/schema\/logo\/image\/","url":"https:\/\/saccardo.com\/wp-content\/uploads\/2023\/09\/logo-saccardo.svg","contentUrl":"https:\/\/saccardo.com\/wp-content\/uploads\/2023\/09\/logo-saccardo.svg","width":"1024","height":"1024","caption":"Saccardo Arturo Figli Srl"},"image":{"@id":"https:\/\/saccardo.com\/#\/schema\/logo\/image\/"}}]}},"_links":{"self":[{"href":"https:\/\/saccardo.com\/pt-br\/wp-json\/wp\/v2\/pages\/2016","targetHints":{"allow":["GET"]}}],"collection":[{"href":"https:\/\/saccardo.com\/pt-br\/wp-json\/wp\/v2\/pages"}],"about":[{"href":"https:\/\/saccardo.com\/pt-br\/wp-json\/wp\/v2\/types\/page"}],"author":[{"embeddable":true,"href":"https:\/\/saccardo.com\/pt-br\/wp-json\/wp\/v2\/users\/1"}],"replies":[{"embeddable":true,"href":"https:\/\/saccardo.com\/pt-br\/wp-json\/wp\/v2\/comments?post=2016"}],"version-history":[{"count":0,"href":"https:\/\/saccardo.com\/pt-br\/wp-json\/wp\/v2\/pages\/2016\/revisions"}],"wp:attachment":[{"href":"https:\/\/saccardo.com\/pt-br\/wp-json\/wp\/v2\/media?parent=2016"}],"curies":[{"name":"wp","href":"https:\/\/api.w.org\/{rel}","templated":true}]}}