{"id":2006,"date":"2024-10-23T07:52:33","date_gmt":"2024-10-23T07:52:33","guid":{"rendered":"https:\/\/saccardo.com\/lavora-con-noi\/"},"modified":"2026-01-29T14:18:09","modified_gmt":"2026-01-29T14:18:09","slug":"trabalhe-conosco","status":"publish","type":"page","link":"https:\/\/saccardo.com\/pt-br\/trabalhe-conosco\/","title":{"rendered":"Trabalhe conosco"},"content":{"rendered":"<p>[et_pb_section fb_built=&#8221;1&#8243; _builder_version=&#8221;4.27.4&#8243; _module_preset=&#8221;default&#8221; background_color=&#8221;rgba(20,20,19,0.85)&#8221; background_image=&#8221;https:\/\/saccardo.com\/wp-content\/uploads\/2025\/10\/L_azienda-oggi-4-compress.jpg&#8221; background_blend=&#8221;multiply&#8221; global_colors_info=&#8221;{}&#8221;][et_pb_row custom_padding_last_edited=&#8221;on|phone&#8221; _builder_version=&#8221;4.27.4&#8243; _module_preset=&#8221;default&#8221; width=&#8221;100%&#8221; max_width=&#8221;75%&#8221; custom_padding_tablet=&#8221;&#8221; custom_padding_phone=&#8221;||2%||false|false&#8221; global_colors_info=&#8221;{}&#8221;][et_pb_column type=&#8221;4_4&#8243; _builder_version=&#8221;4.22.1&#8243; _module_preset=&#8221;default&#8221; global_colors_info=&#8221;{}&#8221;][et_pb_text _builder_version=&#8221;4.27.4&#8243; _module_preset=&#8221;default&#8221; text_font=&#8221;|||on|||||&#8221; header_2_font=&#8221;|||||on|||&#8221; header_2_text_color=&#8221;#D9D9D9&#8243; header_2_font_size=&#8221;25px&#8221; custom_margin=&#8221;||1%||false|false&#8221; text_font_size_tablet=&#8221;&#8221; text_font_size_phone=&#8221;15px&#8221; text_font_size_last_edited=&#8221;on|phone&#8221; header_2_font_size_tablet=&#8221;25px&#8221; header_2_font_size_phone=&#8221;20px&#8221; header_2_font_size_last_edited=&#8221;on|phone&#8221; global_colors_info=&#8221;{}&#8221;]<\/p>\n<p>SACCARDO VACUUM PACKING MACHINES<\/p>\n<p>[\/et_pb_text][et_pb_text _builder_version=&#8221;4.27.4&#8243; _module_preset=&#8221;default&#8221; text_font=&#8221;Poppins||||||||&#8221; text_font_size=&#8221;16px&#8221; header_font=&#8221;|||on|||||&#8221; header_text_color=&#8221;#FFFFFF&#8221; header_font_size=&#8221;120px&#8221; header_letter_spacing=&#8221;5px&#8221; header_2_font=&#8221;Poppins||||||||&#8221; header_3_font=&#8221;Poppins||||||||&#8221; header_3_line_height=&#8221;1.5em&#8221; header_font_size_tablet=&#8221;5em&#8221; header_font_size_phone=&#8221;3.5em&#8221; header_font_size_last_edited=&#8221;on|tablet&#8221; locked=&#8221;off&#8221; global_colors_info=&#8221;{}&#8221;]<\/p>\n<h1>trabalhe<br \/>conosco<\/h1>\n<p>[\/et_pb_text][\/et_pb_column][\/et_pb_row][et_pb_row _builder_version=&#8221;4.27.2&#8243; _module_preset=&#8221;default&#8221; width=&#8221;100%&#8221; max_width=&#8221;75%&#8221; global_colors_info=&#8221;{}&#8221;][et_pb_column type=&#8221;4_4&#8243; _builder_version=&#8221;4.27.2&#8243; _module_preset=&#8221;default&#8221; global_colors_info=&#8221;{}&#8221;][et_pb_text _builder_version=&#8221;4.27.5&#8243; _module_preset=&#8221;default&#8221; text_font_size=&#8221;16px&#8221; header_3_font=&#8221;|||on|||||&#8221; header_3_text_color=&#8221;#FFFFFF&#8221; header_3_font_size=&#8221;50px&#8221; custom_padding_tablet=&#8221;|0%||0%|false|true&#8221; custom_padding_phone=&#8221;|0%||0%|false|true&#8221; custom_padding_last_edited=&#8221;on|tablet&#8221; hover_enabled=&#8221;0&#8243; text_text_color_tablet=&#8221;&#8221; text_text_color_phone=&#8221;#D9D9D9&#8243; text_text_color_last_edited=&#8221;on|phone&#8221; header_3_font_size_tablet=&#8221;50px&#8221; header_3_font_size_phone=&#8221;30px&#8221; header_3_font_size_last_edited=&#8221;on|phone&#8221; global_colors_info=&#8221;{}&#8221; sticky_enabled=&#8221;0&#8243;]<\/p>\n<h3>Junte-se \u00e0 nossa equipe<\/h3>\n<p>Nossa empresa est\u00e1 constantemente \u00e0 procura de profissionais competentes e motivados que desejam contribuir para o nosso sucesso. Se voc\u00ea aspira a fazer parte de uma realidade inovadora e ambiciosa, onde comprometimento, compet\u00eancia e dedica\u00e7\u00e3o s\u00e3o reconhecidos e valorizados, convidamos voc\u00ea a enviar sua candidatura.\u00a0<\/p>\n<p>[\/et_pb_text][\/et_pb_column][\/et_pb_row][\/et_pb_section][et_pb_section fb_built=&#8221;1&#8243; custom_padding_last_edited=&#8221;on|phone&#8221; module_class=&#8221;panel&#8221; _builder_version=&#8221;4.27.4&#8243; _module_preset=&#8221;default&#8221; background_color=&#8221;#141413&#8243; background_enable_image=&#8221;off&#8221; background_size=&#8221;custom&#8221; background_image_width=&#8221;62%&#8221; background_position=&#8221;center_right&#8221; background_horizontal_offset=&#8221;-56%&#8221; background_blend=&#8221;overlay&#8221; custom_padding=&#8221;1%||2%||false|false&#8221; custom_padding_tablet=&#8221;0%||3%||false|false&#8221; custom_padding_phone=&#8221;0%||5%||false|false&#8221; global_colors_info=&#8221;{}&#8221;][et_pb_row _builder_version=&#8221;4.27.4&#8243; _module_preset=&#8221;default&#8221; width=&#8221;100%&#8221; max_width=&#8221;75%&#8221; global_colors_info=&#8221;{}&#8221;][et_pb_column type=&#8221;4_4&#8243; _builder_version=&#8221;4.27.2&#8243; _module_preset=&#8221;default&#8221; global_colors_info=&#8221;{}&#8221;][dvppl_cf7_styler use_form_button_fullwidth=&#8221;on&#8221; cf7=&#8221;1523&#8243; form_field_padding=&#8221;20px|20px|20px|20px|true|true&#8221; form_background_color=&#8221;RGBA(255,255,255,0)&#8221; form_field_active_color=&#8221;rgba(255,255,255,0.5)&#8221; form_field_spacing=&#8221;15px&#8221; form_label_spacing=&#8221;5px&#8221; cr_custom_styles=&#8221;on&#8221; cr_size=&#8221;14px&#8221; cr_background_color=&#8221;RGBA(255,255,255,0)&#8221; cr_selected_color=&#8221;#FFFFFF&#8221; cr_border_color=&#8221;#D9D9D9&#8243; _builder_version=&#8221;4.27.2&#8243; _module_preset=&#8221;default&#8221; form_field_font_font=&#8221;Poppins||||||||&#8221; form_field_font_text_color=&#8221;#FFFFFF&#8221; labels_font=&#8221;Poppins||||||||&#8221; labels_text_color=&#8221;#FFFFFF&#8221; placeholder_font=&#8221;Poppins|||on|||||&#8221; placeholder_text_color=&#8221;#FFFFFF&#8221; custom_submit_button=&#8221;on&#8221; submit_button_text_size=&#8221;20px&#8221; submit_button_text_color=&#8221;#000000&#8243; submit_button_bg_color=&#8221;#F2F2F2&#8243; submit_button_border_width=&#8221;0px&#8221; submit_button_border_radius=&#8221;0px&#8221; submit_button_font=&#8221;Poppins|||on|||||&#8221; submit_button_custom_margin=&#8221;5%||||false|false&#8221; submit_button_custom_padding=&#8221;1%|4%|1%|4%|true|true&#8221; hover_transition_duration=&#8221;500ms&#8221; border_color_all_field=&#8221;RGBA(255,255,255,0)&#8221; border_width_bottom_field=&#8221;1px&#8221; border_color_bottom_field=&#8221;#8C8C8C&#8221; box_shadow_style_submit_button=&#8221;preset3&#8243; box_shadow_vertical_submit_button=&#8221;0px&#8221; box_shadow_blur_submit_button=&#8221;0px&#8221; box_shadow_spread_submit_button=&#8221;0px&#8221; locked=&#8221;off&#8221; global_colors_info=&#8221;{}&#8221; box_shadow_spread_submit_button__hover_enabled=&#8221;on|hover&#8221; box_shadow_spread_submit_button__hover=&#8221;-6px&#8221; box_shadow_blur_submit_button__hover_enabled=&#8221;on|hover&#8221; box_shadow_blur_submit_button__hover=&#8221;18px&#8221; box_shadow_vertical_submit_button__hover_enabled=&#8221;on|hover&#8221; box_shadow_vertical_submit_button__hover=&#8221;12px&#8221;][\/dvppl_cf7_styler][\/et_pb_column][\/et_pb_row][\/et_pb_section]<\/p>\n","protected":false},"excerpt":{"rendered":"<p>SACCARDO VACUUM PACKING MACHINEStrabalheconoscoJunte-se \u00e0 nossa equipe Nossa empresa est\u00e1 constantemente \u00e0 procura de profissionais competentes e motivados que desejam contribuir para o nosso sucesso. Se voc\u00ea aspira a fazer parte de uma realidade inovadora e ambiciosa, onde comprometimento, compet\u00eancia e dedica\u00e7\u00e3o s\u00e3o reconhecidos e valorizados, convidamos voc\u00ea a enviar sua candidatura.\u00a0<div class=\"et_pb_module dvppl_cf7_styler dvppl_cf7_styler_0\">\n\t\t\t\t\n\t\t\t\t\n\t\t\t\t\n\t\t\t\t\n\t\t\t\t\n\t\t\t\t\n\t\t\t\t<div class=\"et_pb_module_inner\">\n\t\t\t\t\t<div class=\"dipe-cf7-container dipe-cf7-button-left\">\n\t\t\t\t\n\t\t\t\t<div class=\"dipe-cf7 dipe-cf7-styler \">\n\t\t\t\t\t<p class=\"wpcf7-contact-form-not-found\"><strong>Erro:<\/strong> Formul\u00e1rio de contato n\u00e3o encontrado.<\/p>\n\t\t\t\t<\/div>\n\t\t\t<\/div>\n\t\t\t\t<\/div>\n\t\t\t<\/div><\/p>\n","protected":false},"author":1,"featured_media":0,"parent":0,"menu_order":0,"comment_status":"closed","ping_status":"closed","template":"","meta":{"_et_pb_use_builder":"on","_et_pb_old_content":"","_et_gb_content_width":"","inline_featured_image":false,"footnotes":""},"class_list":["post-2006","page","type-page","status-publish","hentry"],"acf":[],"yoast_head":"<!-- This site is optimized with the Yoast SEO plugin v27.3 - https:\/\/yoast.com\/product\/yoast-seo-wordpress\/ -->\n<title>Trabalhe Conosco | Carreiras na Saccardo<\/title>\n<meta name=\"description\" content=\"Fa\u00e7a parte da equipe Saccardo! Oportunidades de carreira no setor de embalagem de alimentos com uma empresa inovadora.\" \/>\n<meta name=\"robots\" content=\"index, follow, max-snippet:-1, max-image-preview:large, max-video-preview:-1\" \/>\n<link rel=\"canonical\" href=\"https:\/\/saccardo.com\/lavora-con-noi\/\" \/>\n<meta property=\"og:locale\" content=\"pt_BR\" \/>\n<meta property=\"og:type\" content=\"article\" \/>\n<meta property=\"og:title\" content=\"Trabalhe Conosco | Carreiras na Saccardo\" \/>\n<meta property=\"og:description\" content=\"Fa\u00e7a parte da equipe Saccardo! Oportunidades de carreira no setor de embalagem de alimentos com uma empresa inovadora.\" \/>\n<meta property=\"og:url\" content=\"https:\/\/saccardo.com\/lavora-con-noi\/\" \/>\n<meta property=\"og:site_name\" content=\"Saccardo\" \/>\n<meta property=\"article:modified_time\" content=\"2026-01-29T14:18:09+00:00\" \/>\n<meta name=\"twitter:card\" content=\"summary_large_image\" \/>\n<meta name=\"twitter:label1\" content=\"Est. tempo de leitura\" \/>\n\t<meta name=\"twitter:data1\" content=\"4 minutos\" \/>\n<script type=\"application\/ld+json\" class=\"yoast-schema-graph\">{\"@context\":\"https:\\\/\\\/schema.org\",\"@graph\":[{\"@type\":\"WebPage\",\"@id\":\"https:\\\/\\\/saccardo.com\\\/lavora-con-noi\\\/\",\"url\":\"https:\\\/\\\/saccardo.com\\\/lavora-con-noi\\\/\",\"name\":\"Trabalhe Conosco | Carreiras na Saccardo\",\"isPartOf\":{\"@id\":\"https:\\\/\\\/saccardo.com\\\/#website\"},\"datePublished\":\"2024-10-23T07:52:33+00:00\",\"dateModified\":\"2026-01-29T14:18:09+00:00\",\"description\":\"Fa\u00e7a parte da equipe Saccardo! Oportunidades de carreira no setor de embalagem de alimentos com uma empresa inovadora.\",\"breadcrumb\":{\"@id\":\"https:\\\/\\\/saccardo.com\\\/lavora-con-noi\\\/#breadcrumb\"},\"inLanguage\":\"pt-BR\",\"potentialAction\":[{\"@type\":\"ReadAction\",\"target\":[\"https:\\\/\\\/saccardo.com\\\/lavora-con-noi\\\/\"]}]},{\"@type\":\"BreadcrumbList\",\"@id\":\"https:\\\/\\\/saccardo.com\\\/lavora-con-noi\\\/#breadcrumb\",\"itemListElement\":[{\"@type\":\"ListItem\",\"position\":1,\"name\":\"Home\",\"item\":\"https:\\\/\\\/saccardo.com\\\/\"},{\"@type\":\"ListItem\",\"position\":2,\"name\":\"Trabalhe conosco\"}]},{\"@type\":\"WebSite\",\"@id\":\"https:\\\/\\\/saccardo.com\\\/#website\",\"url\":\"https:\\\/\\\/saccardo.com\\\/\",\"name\":\"Saccardo\",\"description\":\"\",\"publisher\":{\"@id\":\"https:\\\/\\\/saccardo.com\\\/#organization\"},\"potentialAction\":[{\"@type\":\"SearchAction\",\"target\":{\"@type\":\"EntryPoint\",\"urlTemplate\":\"https:\\\/\\\/saccardo.com\\\/?s={search_term_string}\"},\"query-input\":{\"@type\":\"PropertyValueSpecification\",\"valueRequired\":true,\"valueName\":\"search_term_string\"}}],\"inLanguage\":\"pt-BR\"},{\"@type\":\"Organization\",\"@id\":\"https:\\\/\\\/saccardo.com\\\/#organization\",\"name\":\"Saccardo Arturo Figli Srl\",\"url\":\"https:\\\/\\\/saccardo.com\\\/\",\"logo\":{\"@type\":\"ImageObject\",\"inLanguage\":\"pt-BR\",\"@id\":\"https:\\\/\\\/saccardo.com\\\/#\\\/schema\\\/logo\\\/image\\\/\",\"url\":\"https:\\\/\\\/saccardo.com\\\/wp-content\\\/uploads\\\/2023\\\/09\\\/logo-saccardo.svg\",\"contentUrl\":\"https:\\\/\\\/saccardo.com\\\/wp-content\\\/uploads\\\/2023\\\/09\\\/logo-saccardo.svg\",\"width\":\"1024\",\"height\":\"1024\",\"caption\":\"Saccardo Arturo Figli Srl\"},\"image\":{\"@id\":\"https:\\\/\\\/saccardo.com\\\/#\\\/schema\\\/logo\\\/image\\\/\"}}]}<\/script>\n<!-- \/ Yoast SEO plugin. -->","yoast_head_json":{"title":"Trabalhe Conosco | Carreiras na Saccardo","description":"Fa\u00e7a parte da equipe Saccardo! Oportunidades de carreira no setor de embalagem de alimentos com uma empresa inovadora.","robots":{"index":"index","follow":"follow","max-snippet":"max-snippet:-1","max-image-preview":"max-image-preview:large","max-video-preview":"max-video-preview:-1"},"canonical":"https:\/\/saccardo.com\/lavora-con-noi\/","og_locale":"pt_BR","og_type":"article","og_title":"Trabalhe Conosco | Carreiras na Saccardo","og_description":"Fa\u00e7a parte da equipe Saccardo! Oportunidades de carreira no setor de embalagem de alimentos com uma empresa inovadora.","og_url":"https:\/\/saccardo.com\/lavora-con-noi\/","og_site_name":"Saccardo","article_modified_time":"2026-01-29T14:18:09+00:00","twitter_card":"summary_large_image","twitter_misc":{"Est. tempo de leitura":"4 minutos"},"schema":{"@context":"https:\/\/schema.org","@graph":[{"@type":"WebPage","@id":"https:\/\/saccardo.com\/lavora-con-noi\/","url":"https:\/\/saccardo.com\/lavora-con-noi\/","name":"Trabalhe Conosco | Carreiras na Saccardo","isPartOf":{"@id":"https:\/\/saccardo.com\/#website"},"datePublished":"2024-10-23T07:52:33+00:00","dateModified":"2026-01-29T14:18:09+00:00","description":"Fa\u00e7a parte da equipe Saccardo! Oportunidades de carreira no setor de embalagem de alimentos com uma empresa inovadora.","breadcrumb":{"@id":"https:\/\/saccardo.com\/lavora-con-noi\/#breadcrumb"},"inLanguage":"pt-BR","potentialAction":[{"@type":"ReadAction","target":["https:\/\/saccardo.com\/lavora-con-noi\/"]}]},{"@type":"BreadcrumbList","@id":"https:\/\/saccardo.com\/lavora-con-noi\/#breadcrumb","itemListElement":[{"@type":"ListItem","position":1,"name":"Home","item":"https:\/\/saccardo.com\/"},{"@type":"ListItem","position":2,"name":"Trabalhe conosco"}]},{"@type":"WebSite","@id":"https:\/\/saccardo.com\/#website","url":"https:\/\/saccardo.com\/","name":"Saccardo","description":"","publisher":{"@id":"https:\/\/saccardo.com\/#organization"},"potentialAction":[{"@type":"SearchAction","target":{"@type":"EntryPoint","urlTemplate":"https:\/\/saccardo.com\/?s={search_term_string}"},"query-input":{"@type":"PropertyValueSpecification","valueRequired":true,"valueName":"search_term_string"}}],"inLanguage":"pt-BR"},{"@type":"Organization","@id":"https:\/\/saccardo.com\/#organization","name":"Saccardo Arturo Figli Srl","url":"https:\/\/saccardo.com\/","logo":{"@type":"ImageObject","inLanguage":"pt-BR","@id":"https:\/\/saccardo.com\/#\/schema\/logo\/image\/","url":"https:\/\/saccardo.com\/wp-content\/uploads\/2023\/09\/logo-saccardo.svg","contentUrl":"https:\/\/saccardo.com\/wp-content\/uploads\/2023\/09\/logo-saccardo.svg","width":"1024","height":"1024","caption":"Saccardo Arturo Figli Srl"},"image":{"@id":"https:\/\/saccardo.com\/#\/schema\/logo\/image\/"}}]}},"_links":{"self":[{"href":"https:\/\/saccardo.com\/pt-br\/wp-json\/wp\/v2\/pages\/2006","targetHints":{"allow":["GET"]}}],"collection":[{"href":"https:\/\/saccardo.com\/pt-br\/wp-json\/wp\/v2\/pages"}],"about":[{"href":"https:\/\/saccardo.com\/pt-br\/wp-json\/wp\/v2\/types\/page"}],"author":[{"embeddable":true,"href":"https:\/\/saccardo.com\/pt-br\/wp-json\/wp\/v2\/users\/1"}],"replies":[{"embeddable":true,"href":"https:\/\/saccardo.com\/pt-br\/wp-json\/wp\/v2\/comments?post=2006"}],"version-history":[{"count":0,"href":"https:\/\/saccardo.com\/pt-br\/wp-json\/wp\/v2\/pages\/2006\/revisions"}],"wp:attachment":[{"href":"https:\/\/saccardo.com\/pt-br\/wp-json\/wp\/v2\/media?parent=2006"}],"curies":[{"name":"wp","href":"https:\/\/api.w.org\/{rel}","templated":true}]}}