{"id":1127,"date":"2023-09-05T13:12:52","date_gmt":"2023-09-05T13:12:52","guid":{"rendered":"https:\/\/saccardo.com\/loja\/"},"modified":"2026-01-29T14:17:59","modified_gmt":"2026-01-29T14:17:59","slug":"nossas-solucoes","status":"publish","type":"page","link":"https:\/\/saccardo.com\/pt-br\/nossas-solucoes\/","title":{"rendered":"<b>Nossas Solu\u00e7\u00f5es:<\/b><br> <p>Para atender a cada solicita\u00e7\u00e3o, para satisfazer cada necessidade<p>"},"content":{"rendered":"","protected":false},"excerpt":{"rendered":"","protected":false},"author":1,"featured_media":0,"parent":0,"menu_order":0,"comment_status":"closed","ping_status":"closed","template":"","meta":{"_et_pb_use_builder":"off","_et_pb_old_content":"","_et_gb_content_width":"","inline_featured_image":false,"footnotes":""},"class_list":["post-1127","page","type-page","status-publish","hentry"],"acf":[],"yoast_head":"<!-- This site is optimized with the Yoast SEO plugin v27.3 - https:\/\/yoast.com\/product\/yoast-seo-wordpress\/ -->\n<title>Solu\u00e7\u00f5es em Embalagem de Alimentos | Saccardo<\/title>\n<meta name=\"description\" content=\"Gama completa de solu\u00e7\u00f5es em embalagem de alimentos: automa\u00e7\u00e3o, personaliza\u00e7\u00e3o e tecnologia avan\u00e7ada para sua linha de produ\u00e7\u00e3o.\" \/>\n<meta name=\"robots\" content=\"index, follow, max-snippet:-1, max-image-preview:large, max-video-preview:-1\" \/>\n<link rel=\"canonical\" href=\"https:\/\/saccardo.com\/le-nostre-soluzioni\/\" \/>\n<meta property=\"og:locale\" content=\"pt_BR\" \/>\n<meta property=\"og:type\" content=\"article\" \/>\n<meta property=\"og:title\" content=\"Solu\u00e7\u00f5es em Embalagem de Alimentos | Saccardo\" \/>\n<meta property=\"og:description\" content=\"Gama completa de solu\u00e7\u00f5es em embalagem de alimentos: automa\u00e7\u00e3o, personaliza\u00e7\u00e3o e tecnologia avan\u00e7ada para sua linha de produ\u00e7\u00e3o.\" \/>\n<meta property=\"og:url\" content=\"https:\/\/saccardo.com\/le-nostre-soluzioni\/\" \/>\n<meta property=\"og:site_name\" content=\"Saccardo\" \/>\n<meta property=\"article:modified_time\" content=\"2026-01-29T14:17:59+00:00\" \/>\n<meta name=\"twitter:card\" content=\"summary_large_image\" \/>\n<script type=\"application\/ld+json\" class=\"yoast-schema-graph\">{\"@context\":\"https:\\\/\\\/schema.org\",\"@graph\":[{\"@type\":\"WebPage\",\"@id\":\"https:\\\/\\\/saccardo.com\\\/le-nostre-soluzioni\\\/\",\"url\":\"https:\\\/\\\/saccardo.com\\\/le-nostre-soluzioni\\\/\",\"name\":\"Solu\u00e7\u00f5es em Embalagem de Alimentos | Saccardo\",\"isPartOf\":{\"@id\":\"https:\\\/\\\/saccardo.com\\\/#website\"},\"datePublished\":\"2023-09-05T13:12:52+00:00\",\"dateModified\":\"2026-01-29T14:17:59+00:00\",\"description\":\"Gama completa de solu\u00e7\u00f5es em embalagem de alimentos: automa\u00e7\u00e3o, personaliza\u00e7\u00e3o e tecnologia avan\u00e7ada para sua linha de produ\u00e7\u00e3o.\",\"breadcrumb\":{\"@id\":\"https:\\\/\\\/saccardo.com\\\/le-nostre-soluzioni\\\/#breadcrumb\"},\"inLanguage\":\"pt-BR\",\"potentialAction\":[{\"@type\":\"ReadAction\",\"target\":[\"https:\\\/\\\/saccardo.com\\\/le-nostre-soluzioni\\\/\"]}]},{\"@type\":\"BreadcrumbList\",\"@id\":\"https:\\\/\\\/saccardo.com\\\/le-nostre-soluzioni\\\/#breadcrumb\",\"itemListElement\":[{\"@type\":\"ListItem\",\"position\":1,\"name\":\"Home\",\"item\":\"https:\\\/\\\/saccardo.com\\\/\"},{\"@type\":\"ListItem\",\"position\":2,\"name\":\"Nossas Solu\u00e7\u00f5es: Para atender a cada solicita\u00e7\u00e3o, para satisfazer cada necessidade\"}]},{\"@type\":\"WebSite\",\"@id\":\"https:\\\/\\\/saccardo.com\\\/#website\",\"url\":\"https:\\\/\\\/saccardo.com\\\/\",\"name\":\"Saccardo\",\"description\":\"\",\"publisher\":{\"@id\":\"https:\\\/\\\/saccardo.com\\\/#organization\"},\"potentialAction\":[{\"@type\":\"SearchAction\",\"target\":{\"@type\":\"EntryPoint\",\"urlTemplate\":\"https:\\\/\\\/saccardo.com\\\/?s={search_term_string}\"},\"query-input\":{\"@type\":\"PropertyValueSpecification\",\"valueRequired\":true,\"valueName\":\"search_term_string\"}}],\"inLanguage\":\"pt-BR\"},{\"@type\":\"Organization\",\"@id\":\"https:\\\/\\\/saccardo.com\\\/#organization\",\"name\":\"Saccardo Arturo Figli Srl\",\"url\":\"https:\\\/\\\/saccardo.com\\\/\",\"logo\":{\"@type\":\"ImageObject\",\"inLanguage\":\"pt-BR\",\"@id\":\"https:\\\/\\\/saccardo.com\\\/#\\\/schema\\\/logo\\\/image\\\/\",\"url\":\"https:\\\/\\\/saccardo.com\\\/wp-content\\\/uploads\\\/2023\\\/09\\\/logo-saccardo.svg\",\"contentUrl\":\"https:\\\/\\\/saccardo.com\\\/wp-content\\\/uploads\\\/2023\\\/09\\\/logo-saccardo.svg\",\"width\":\"1024\",\"height\":\"1024\",\"caption\":\"Saccardo Arturo Figli Srl\"},\"image\":{\"@id\":\"https:\\\/\\\/saccardo.com\\\/#\\\/schema\\\/logo\\\/image\\\/\"}}]}<\/script>\n<!-- \/ Yoast SEO plugin. -->","yoast_head_json":{"title":"Solu\u00e7\u00f5es em Embalagem de Alimentos | Saccardo","description":"Gama completa de solu\u00e7\u00f5es em embalagem de alimentos: automa\u00e7\u00e3o, personaliza\u00e7\u00e3o e tecnologia avan\u00e7ada para sua linha de produ\u00e7\u00e3o.","robots":{"index":"index","follow":"follow","max-snippet":"max-snippet:-1","max-image-preview":"max-image-preview:large","max-video-preview":"max-video-preview:-1"},"canonical":"https:\/\/saccardo.com\/le-nostre-soluzioni\/","og_locale":"pt_BR","og_type":"article","og_title":"Solu\u00e7\u00f5es em Embalagem de Alimentos | Saccardo","og_description":"Gama completa de solu\u00e7\u00f5es em embalagem de alimentos: automa\u00e7\u00e3o, personaliza\u00e7\u00e3o e tecnologia avan\u00e7ada para sua linha de produ\u00e7\u00e3o.","og_url":"https:\/\/saccardo.com\/le-nostre-soluzioni\/","og_site_name":"Saccardo","article_modified_time":"2026-01-29T14:17:59+00:00","twitter_card":"summary_large_image","schema":{"@context":"https:\/\/schema.org","@graph":[{"@type":"WebPage","@id":"https:\/\/saccardo.com\/le-nostre-soluzioni\/","url":"https:\/\/saccardo.com\/le-nostre-soluzioni\/","name":"Solu\u00e7\u00f5es em Embalagem de Alimentos | Saccardo","isPartOf":{"@id":"https:\/\/saccardo.com\/#website"},"datePublished":"2023-09-05T13:12:52+00:00","dateModified":"2026-01-29T14:17:59+00:00","description":"Gama completa de solu\u00e7\u00f5es em embalagem de alimentos: automa\u00e7\u00e3o, personaliza\u00e7\u00e3o e tecnologia avan\u00e7ada para sua linha de produ\u00e7\u00e3o.","breadcrumb":{"@id":"https:\/\/saccardo.com\/le-nostre-soluzioni\/#breadcrumb"},"inLanguage":"pt-BR","potentialAction":[{"@type":"ReadAction","target":["https:\/\/saccardo.com\/le-nostre-soluzioni\/"]}]},{"@type":"BreadcrumbList","@id":"https:\/\/saccardo.com\/le-nostre-soluzioni\/#breadcrumb","itemListElement":[{"@type":"ListItem","position":1,"name":"Home","item":"https:\/\/saccardo.com\/"},{"@type":"ListItem","position":2,"name":"Nossas Solu\u00e7\u00f5es: Para atender a cada solicita\u00e7\u00e3o, para satisfazer cada necessidade"}]},{"@type":"WebSite","@id":"https:\/\/saccardo.com\/#website","url":"https:\/\/saccardo.com\/","name":"Saccardo","description":"","publisher":{"@id":"https:\/\/saccardo.com\/#organization"},"potentialAction":[{"@type":"SearchAction","target":{"@type":"EntryPoint","urlTemplate":"https:\/\/saccardo.com\/?s={search_term_string}"},"query-input":{"@type":"PropertyValueSpecification","valueRequired":true,"valueName":"search_term_string"}}],"inLanguage":"pt-BR"},{"@type":"Organization","@id":"https:\/\/saccardo.com\/#organization","name":"Saccardo Arturo Figli Srl","url":"https:\/\/saccardo.com\/","logo":{"@type":"ImageObject","inLanguage":"pt-BR","@id":"https:\/\/saccardo.com\/#\/schema\/logo\/image\/","url":"https:\/\/saccardo.com\/wp-content\/uploads\/2023\/09\/logo-saccardo.svg","contentUrl":"https:\/\/saccardo.com\/wp-content\/uploads\/2023\/09\/logo-saccardo.svg","width":"1024","height":"1024","caption":"Saccardo Arturo Figli Srl"},"image":{"@id":"https:\/\/saccardo.com\/#\/schema\/logo\/image\/"}}]}},"_links":{"self":[{"href":"https:\/\/saccardo.com\/pt-br\/wp-json\/wp\/v2\/pages\/1127","targetHints":{"allow":["GET"]}}],"collection":[{"href":"https:\/\/saccardo.com\/pt-br\/wp-json\/wp\/v2\/pages"}],"about":[{"href":"https:\/\/saccardo.com\/pt-br\/wp-json\/wp\/v2\/types\/page"}],"author":[{"embeddable":true,"href":"https:\/\/saccardo.com\/pt-br\/wp-json\/wp\/v2\/users\/1"}],"replies":[{"embeddable":true,"href":"https:\/\/saccardo.com\/pt-br\/wp-json\/wp\/v2\/comments?post=1127"}],"version-history":[{"count":0,"href":"https:\/\/saccardo.com\/pt-br\/wp-json\/wp\/v2\/pages\/1127\/revisions"}],"wp:attachment":[{"href":"https:\/\/saccardo.com\/pt-br\/wp-json\/wp\/v2\/media?parent=1127"}],"curies":[{"name":"wp","href":"https:\/\/api.w.org\/{rel}","templated":true}]}}