{"id":3002,"date":"2025-09-12T12:52:54","date_gmt":"2025-09-12T12:52:54","guid":{"rendered":"https:\/\/saccardo.com\/prodotto\/pl06\/"},"modified":"2025-09-12T12:52:54","modified_gmt":"2025-09-12T12:52:54","slug":"pl06","status":"publish","type":"product","link":"https:\/\/saccardo.com\/pl\/prodotto\/pl06\/","title":{"rendered":"PL06"},"content":{"rendered":"<p><span style=\"font-weight: 400;\">R\u0119czna maszyna do pakowania w worki <strong>PL06 Saccardo<\/strong> to urz\u0105dzenie zaprojektowane w celu optymalizacji i przyspieszenia proces\u00f3w pakowania. System z nap\u0119dzanymi ta\u015bmami u\u0142atwia wprowadzanie i prawid\u0142owe u\u0142o\u017cenie produkt\u00f3w wewn\u0105trz worka, podczas gdy zadanie operatora ogranicza si\u0119 wy\u0142\u0105cznie do podania worka. Maszyna zapewnia w ten spos\u00f3b ci\u0105g\u0142y, precyzyjny i wydajny przebieg pracy. Kompaktowa i solidna konstrukcja, wykonana z higienicznych i \u0142atwych do dezynfekcji materia\u0142\u00f3w, gwarantuje niezawodno\u015b\u0107, praktyczno\u015b\u0107 i \u0142atwo\u015b\u0107 konserwacji. Model <strong>PL06<\/strong> jest szczeg\u00f3lnie polecany do pakowania anatomicznych kawa\u0142k\u00f3w \u015bwie\u017cego mi\u0119sa, gdzie wymagane s\u0105 wysokie standardy higieny i jako\u015bci procesu.    <\/span><\/p>\n","protected":false},"excerpt":{"rendered":"<p>Zaprojektowany z my\u015bl\u0105 o optymalizacji i przyspieszeniu proces\u00f3w pakowania.<\/p>\n","protected":false},"featured_media":3005,"comment_status":"open","ping_status":"closed","template":"","meta":{"_et_pb_use_builder":"","_et_pb_old_content":"","_et_gb_content_width":"","inline_featured_image":false},"settore-di-applicazione":[],"soluzione":[],"product_brand":[],"product_cat":[903],"product_tag":[],"class_list":{"0":"post-3002","1":"product","2":"type-product","3":"status-publish","4":"has-post-thumbnail","6":"product_cat-pakowanie-do-torebek","7":"pa_dimensioni-di-ingombro-495-x-1045-x-953-wys-mm","8":"pa_peso-125-kg","10":"first","11":"instock","12":"shipping-taxable","13":"product-type-simple"},"acf":[],"yoast_head":"<!-- This site is optimized with the Yoast SEO plugin v27.3 - https:\/\/yoast.com\/product\/yoast-seo-wordpress\/ -->\n<title>PL06 | Pakowanie w koperty | Saccardo<\/title>\n<meta name=\"description\" content=\"PL06 Saccardo: profesjonalna maszyna do pakowania w koperty. Niezawodna technologia przemys\u0142owa dla przemys\u0142u spo\u017cywczego.\" \/>\n<meta name=\"robots\" content=\"index, follow, max-snippet:-1, max-image-preview:large, max-video-preview:-1\" \/>\n<link rel=\"canonical\" href=\"https:\/\/saccardo.com\/pl\/prodotto\/pl06\/\" \/>\n<meta property=\"og:locale\" content=\"pl_PL\" \/>\n<meta property=\"og:type\" content=\"article\" \/>\n<meta property=\"og:title\" content=\"PL06 | Pakowanie w koperty | Saccardo\" \/>\n<meta property=\"og:description\" content=\"PL06 Saccardo: profesjonalna maszyna do pakowania w koperty. Niezawodna technologia przemys\u0142owa dla przemys\u0142u spo\u017cywczego.\" \/>\n<meta property=\"og:url\" content=\"https:\/\/saccardo.com\/pl\/prodotto\/pl06\/\" \/>\n<meta property=\"og:site_name\" content=\"Saccardo\" \/>\n<meta property=\"og:image\" content=\"https:\/\/saccardo.com\/wp-content\/uploads\/2025\/09\/Pl06-img-cut.png\" \/>\n\t<meta property=\"og:image:width\" content=\"800\" \/>\n\t<meta property=\"og:image:height\" content=\"500\" \/>\n\t<meta property=\"og:image:type\" content=\"image\/png\" \/>\n<meta name=\"twitter:card\" content=\"summary_large_image\" \/>\n<meta name=\"twitter:label1\" content=\"Szacowany czas czytania\" \/>\n\t<meta name=\"twitter:data1\" content=\"1 minuta\" \/>\n<script type=\"application\/ld+json\" class=\"yoast-schema-graph\">{\"@context\":\"https:\\\/\\\/schema.org\",\"@graph\":[{\"@type\":\"WebPage\",\"@id\":\"https:\\\/\\\/saccardo.com\\\/pl\\\/prodotto\\\/pl06\\\/\",\"url\":\"https:\\\/\\\/saccardo.com\\\/pl\\\/prodotto\\\/pl06\\\/\",\"name\":\"PL06 | Pakowanie w koperty | Saccardo\",\"isPartOf\":{\"@id\":\"https:\\\/\\\/saccardo.com\\\/#website\"},\"primaryImageOfPage\":{\"@id\":\"https:\\\/\\\/saccardo.com\\\/pl\\\/prodotto\\\/pl06\\\/#primaryimage\"},\"image\":{\"@id\":\"https:\\\/\\\/saccardo.com\\\/pl\\\/prodotto\\\/pl06\\\/#primaryimage\"},\"thumbnailUrl\":\"https:\\\/\\\/saccardo.com\\\/wp-content\\\/uploads\\\/2025\\\/09\\\/Pl06-img-cut.png\",\"datePublished\":\"2025-09-12T12:52:54+00:00\",\"description\":\"PL06 Saccardo: profesjonalna maszyna do pakowania w koperty. Niezawodna technologia przemys\u0142owa dla przemys\u0142u spo\u017cywczego.\",\"breadcrumb\":{\"@id\":\"https:\\\/\\\/saccardo.com\\\/pl\\\/prodotto\\\/pl06\\\/#breadcrumb\"},\"inLanguage\":\"pl-PL\",\"potentialAction\":[{\"@type\":\"ReadAction\",\"target\":[\"https:\\\/\\\/saccardo.com\\\/pl\\\/prodotto\\\/pl06\\\/\"]}]},{\"@type\":\"ImageObject\",\"inLanguage\":\"pl-PL\",\"@id\":\"https:\\\/\\\/saccardo.com\\\/pl\\\/prodotto\\\/pl06\\\/#primaryimage\",\"url\":\"https:\\\/\\\/saccardo.com\\\/wp-content\\\/uploads\\\/2025\\\/09\\\/Pl06-img-cut.png\",\"contentUrl\":\"https:\\\/\\\/saccardo.com\\\/wp-content\\\/uploads\\\/2025\\\/09\\\/Pl06-img-cut.png\",\"width\":800,\"height\":500},{\"@type\":\"BreadcrumbList\",\"@id\":\"https:\\\/\\\/saccardo.com\\\/pl\\\/prodotto\\\/pl06\\\/#breadcrumb\",\"itemListElement\":[{\"@type\":\"ListItem\",\"position\":1,\"name\":\"Home\",\"item\":\"https:\\\/\\\/saccardo.com\\\/pl\\\/\"},{\"@type\":\"ListItem\",\"position\":2,\"name\":\"Nasze rozwi\u0105zania:aby sprosta\u0107 ka\u017cdemu zapytaniu, aby zaspokoi\u0107 ka\u017cd\u0105 potrzeb\u0119\",\"item\":\"https:\\\/\\\/saccardo.com\\\/pl\\\/nasze-rozwiazaniaaby\\\/\"},{\"@type\":\"ListItem\",\"position\":3,\"name\":\"PL06\"}]},{\"@type\":\"WebSite\",\"@id\":\"https:\\\/\\\/saccardo.com\\\/#website\",\"url\":\"https:\\\/\\\/saccardo.com\\\/\",\"name\":\"Saccardo\",\"description\":\"\",\"publisher\":{\"@id\":\"https:\\\/\\\/saccardo.com\\\/#organization\"},\"potentialAction\":[{\"@type\":\"SearchAction\",\"target\":{\"@type\":\"EntryPoint\",\"urlTemplate\":\"https:\\\/\\\/saccardo.com\\\/?s={search_term_string}\"},\"query-input\":{\"@type\":\"PropertyValueSpecification\",\"valueRequired\":true,\"valueName\":\"search_term_string\"}}],\"inLanguage\":\"pl-PL\"},{\"@type\":\"Organization\",\"@id\":\"https:\\\/\\\/saccardo.com\\\/#organization\",\"name\":\"Saccardo Arturo Figli Srl\",\"url\":\"https:\\\/\\\/saccardo.com\\\/\",\"logo\":{\"@type\":\"ImageObject\",\"inLanguage\":\"pl-PL\",\"@id\":\"https:\\\/\\\/saccardo.com\\\/#\\\/schema\\\/logo\\\/image\\\/\",\"url\":\"https:\\\/\\\/saccardo.com\\\/wp-content\\\/uploads\\\/2023\\\/09\\\/logo-saccardo.svg\",\"contentUrl\":\"https:\\\/\\\/saccardo.com\\\/wp-content\\\/uploads\\\/2023\\\/09\\\/logo-saccardo.svg\",\"width\":\"1024\",\"height\":\"1024\",\"caption\":\"Saccardo Arturo Figli Srl\"},\"image\":{\"@id\":\"https:\\\/\\\/saccardo.com\\\/#\\\/schema\\\/logo\\\/image\\\/\"}}]}<\/script>\n<!-- \/ Yoast SEO plugin. -->","yoast_head_json":{"title":"PL06 | Pakowanie w koperty | Saccardo","description":"PL06 Saccardo: profesjonalna maszyna do pakowania w koperty. Niezawodna technologia przemys\u0142owa dla przemys\u0142u spo\u017cywczego.","robots":{"index":"index","follow":"follow","max-snippet":"max-snippet:-1","max-image-preview":"max-image-preview:large","max-video-preview":"max-video-preview:-1"},"canonical":"https:\/\/saccardo.com\/pl\/prodotto\/pl06\/","og_locale":"pl_PL","og_type":"article","og_title":"PL06 | Pakowanie w koperty | Saccardo","og_description":"PL06 Saccardo: profesjonalna maszyna do pakowania w koperty. Niezawodna technologia przemys\u0142owa dla przemys\u0142u spo\u017cywczego.","og_url":"https:\/\/saccardo.com\/pl\/prodotto\/pl06\/","og_site_name":"Saccardo","og_image":[{"width":800,"height":500,"url":"https:\/\/saccardo.com\/wp-content\/uploads\/2025\/09\/Pl06-img-cut.png","type":"image\/png"}],"twitter_card":"summary_large_image","twitter_misc":{"Szacowany czas czytania":"1 minuta"},"schema":{"@context":"https:\/\/schema.org","@graph":[{"@type":"WebPage","@id":"https:\/\/saccardo.com\/pl\/prodotto\/pl06\/","url":"https:\/\/saccardo.com\/pl\/prodotto\/pl06\/","name":"PL06 | Pakowanie w koperty | Saccardo","isPartOf":{"@id":"https:\/\/saccardo.com\/#website"},"primaryImageOfPage":{"@id":"https:\/\/saccardo.com\/pl\/prodotto\/pl06\/#primaryimage"},"image":{"@id":"https:\/\/saccardo.com\/pl\/prodotto\/pl06\/#primaryimage"},"thumbnailUrl":"https:\/\/saccardo.com\/wp-content\/uploads\/2025\/09\/Pl06-img-cut.png","datePublished":"2025-09-12T12:52:54+00:00","description":"PL06 Saccardo: profesjonalna maszyna do pakowania w koperty. Niezawodna technologia przemys\u0142owa dla przemys\u0142u spo\u017cywczego.","breadcrumb":{"@id":"https:\/\/saccardo.com\/pl\/prodotto\/pl06\/#breadcrumb"},"inLanguage":"pl-PL","potentialAction":[{"@type":"ReadAction","target":["https:\/\/saccardo.com\/pl\/prodotto\/pl06\/"]}]},{"@type":"ImageObject","inLanguage":"pl-PL","@id":"https:\/\/saccardo.com\/pl\/prodotto\/pl06\/#primaryimage","url":"https:\/\/saccardo.com\/wp-content\/uploads\/2025\/09\/Pl06-img-cut.png","contentUrl":"https:\/\/saccardo.com\/wp-content\/uploads\/2025\/09\/Pl06-img-cut.png","width":800,"height":500},{"@type":"BreadcrumbList","@id":"https:\/\/saccardo.com\/pl\/prodotto\/pl06\/#breadcrumb","itemListElement":[{"@type":"ListItem","position":1,"name":"Home","item":"https:\/\/saccardo.com\/pl\/"},{"@type":"ListItem","position":2,"name":"Nasze rozwi\u0105zania:aby sprosta\u0107 ka\u017cdemu zapytaniu, aby zaspokoi\u0107 ka\u017cd\u0105 potrzeb\u0119","item":"https:\/\/saccardo.com\/pl\/nasze-rozwiazaniaaby\/"},{"@type":"ListItem","position":3,"name":"PL06"}]},{"@type":"WebSite","@id":"https:\/\/saccardo.com\/#website","url":"https:\/\/saccardo.com\/","name":"Saccardo","description":"","publisher":{"@id":"https:\/\/saccardo.com\/#organization"},"potentialAction":[{"@type":"SearchAction","target":{"@type":"EntryPoint","urlTemplate":"https:\/\/saccardo.com\/?s={search_term_string}"},"query-input":{"@type":"PropertyValueSpecification","valueRequired":true,"valueName":"search_term_string"}}],"inLanguage":"pl-PL"},{"@type":"Organization","@id":"https:\/\/saccardo.com\/#organization","name":"Saccardo Arturo Figli Srl","url":"https:\/\/saccardo.com\/","logo":{"@type":"ImageObject","inLanguage":"pl-PL","@id":"https:\/\/saccardo.com\/#\/schema\/logo\/image\/","url":"https:\/\/saccardo.com\/wp-content\/uploads\/2023\/09\/logo-saccardo.svg","contentUrl":"https:\/\/saccardo.com\/wp-content\/uploads\/2023\/09\/logo-saccardo.svg","width":"1024","height":"1024","caption":"Saccardo Arturo Figli Srl"},"image":{"@id":"https:\/\/saccardo.com\/#\/schema\/logo\/image\/"}}]}},"_links":{"self":[{"href":"https:\/\/saccardo.com\/pl\/wp-json\/wp\/v2\/product\/3002","targetHints":{"allow":["GET"]}}],"collection":[{"href":"https:\/\/saccardo.com\/pl\/wp-json\/wp\/v2\/product"}],"about":[{"href":"https:\/\/saccardo.com\/pl\/wp-json\/wp\/v2\/types\/product"}],"replies":[{"embeddable":true,"href":"https:\/\/saccardo.com\/pl\/wp-json\/wp\/v2\/comments?post=3002"}],"wp:featuredmedia":[{"embeddable":true,"href":"https:\/\/saccardo.com\/pl\/wp-json\/wp\/v2\/media\/3005"}],"wp:attachment":[{"href":"https:\/\/saccardo.com\/pl\/wp-json\/wp\/v2\/media?parent=3002"}],"wp:term":[{"taxonomy":"settore-di-applicazione","embeddable":true,"href":"https:\/\/saccardo.com\/pl\/wp-json\/wp\/v2\/settore-di-applicazione?post=3002"},{"taxonomy":"soluzione","embeddable":true,"href":"https:\/\/saccardo.com\/pl\/wp-json\/wp\/v2\/soluzione?post=3002"},{"taxonomy":"product_brand","embeddable":true,"href":"https:\/\/saccardo.com\/pl\/wp-json\/wp\/v2\/product_brand?post=3002"},{"taxonomy":"product_cat","embeddable":true,"href":"https:\/\/saccardo.com\/pl\/wp-json\/wp\/v2\/product_cat?post=3002"},{"taxonomy":"product_tag","embeddable":true,"href":"https:\/\/saccardo.com\/pl\/wp-json\/wp\/v2\/product_tag?post=3002"}],"curies":[{"name":"wp","href":"https:\/\/api.w.org\/{rel}","templated":true}]}}