{"id":2836,"date":"2025-09-12T13:20:40","date_gmt":"2025-09-12T13:20:40","guid":{"rendered":"https:\/\/saccardo.com\/prodotto\/dublino-1396\/"},"modified":"2025-09-12T13:20:40","modified_gmt":"2025-09-12T13:20:40","slug":"dublino-1396","status":"publish","type":"product","link":"https:\/\/saccardo.com\/pl\/prodotto\/dublino-1396\/","title":{"rendered":"Dublino 1396"},"content":{"rendered":"<p>Linia Dublino stanowi idealne rozwi\u0105zanie dla firm, kt\u00f3re dopiero wkraczaj\u0105 w \u015bwiat automatycznego pakowania i potrzebuj\u0105 wydajnego oraz niezawodnego sposobu obs\u0142ugi \u015brednich wielko\u015bci produkcji. Zaprojektowana z my\u015bl\u0105 o \u0142atwo\u015bci obs\u0142ugi, elastyczno\u015bci i sta\u0142ej wydajno\u015bci, linia Dublino \u0142\u0105czy w sobie sprawdzon\u0105 technologi\u0119 z prostot\u0105 obs\u0142ugi, wspieraj\u0105c przedsi\u0119biorstwo w rozwoju w kierunku bardziej zautomatyzowanej produkcji. <\/p>\n<p>Automatyczna pakowarka pr\u00f3\u017cniowa DUBLINO 1396 firmy Saccardo to urz\u0105dzenie zaprojektowane z my\u015bl\u0105 o zapewnieniu wydajno\u015bci i niezawodno\u015bci na liniach produkcyjnych. Proces przebiega szybko i bezpiecznie: operator umieszcza zapakowane produkty w wyznaczonym miejscu, sk\u0105d przeno\u015bnik ta\u015bmowy transportuje je do komory. Po hermetycznym zamkni\u0119ciu maszyna wytwarza pr\u00f3\u017cni\u0119 w ca\u0142ej komorze, zapewniaj\u0105c optymalne warunki przechowywania. Po zako\u0144czeniu cyklu zapakowane produkty s\u0105 automatycznie wy\u0142adowywane, a kolejne trafiaj\u0105 do obr\u00f3bki bez \u017cadnych przerw.   <\/p>\n<p>Automatyczna pakowarka pr\u00f3\u017cniowa DUBLINO 1396 firmy Saccardo \u0142\u0105czy w sobie prostot\u0119 konstrukcji z zaawansowan\u0105 technologi\u0105, zapewniaj\u0105c sta\u0142e i precyzyjne pakowanie pr\u00f3\u017cniowe, dostosowane do najwy\u017cszych wymaga\u0144 produkcyjnych.<\/p>\n","protected":false},"excerpt":{"rendered":"<p>Maszyna zaprojektowana z my\u015bl\u0105 o zapewnieniu wydajno\u015bci i niezawodno\u015bci na liniach produkcyjnych<\/p>\n","protected":false},"featured_media":2837,"comment_status":"open","ping_status":"closed","template":"","meta":{"_et_pb_use_builder":"","_et_pb_old_content":"","_et_gb_content_width":""},"settore-di-applicazione":[],"soluzione":[],"product_brand":[],"product_cat":[819],"product_tag":[],"class_list":{"0":"post-2836","1":"product","2":"type-product","3":"status-publish","4":"has-post-thumbnail","6":"product_cat-automatyczne-pakowanie-prozniowe","7":"pa_altezze-coperchio-160-mm","8":"pa_dimensioni-di-ingombro-3460-x-1100-x-1600-wys-mm","9":"pa_distanza-tra-le-barre-600-mm","10":"pa_lunghezza-barre-saldanti-2-x-1300-mm","11":"pa_nr-barre-saldanti-2-rownolegle","12":"pa_peso-600-kg-ca","13":"pa_pompa-primaria-1x300m3-h-o-2x300m3-h","15":"first","16":"instock","17":"shipping-taxable","18":"product-type-simple"},"acf":[],"yoast_head":"<!-- This site is optimized with the Yoast SEO plugin v27.4 - https:\/\/yoast.com\/product\/yoast-seo-wordpress\/ -->\n<title>Dublin 1396 | Automatyczne pakowanie pr\u00f3\u017cniowe | Saccardo<\/title>\n<meta name=\"description\" content=\"Dublin 1396 Saccardo: profesjonalna maszyna do automatycznego pakowania pr\u00f3\u017cniowego. Niezawodna technologia przemys\u0142owa dla przemys\u0142u spo\u017cywczego.\" \/>\n<meta name=\"robots\" content=\"index, follow, max-snippet:-1, max-image-preview:large, max-video-preview:-1\" \/>\n<link rel=\"canonical\" href=\"https:\/\/saccardo.com\/pl\/prodotto\/dublino-1396\/\" \/>\n<meta property=\"og:locale\" content=\"pl_PL\" \/>\n<meta property=\"og:type\" content=\"article\" \/>\n<meta property=\"og:title\" content=\"Dublin 1396 | Automatyczne pakowanie pr\u00f3\u017cniowe | Saccardo\" \/>\n<meta property=\"og:description\" content=\"Dublin 1396 Saccardo: profesjonalna maszyna do automatycznego pakowania pr\u00f3\u017cniowego. Niezawodna technologia przemys\u0142owa dla przemys\u0142u spo\u017cywczego.\" \/>\n<meta property=\"og:url\" content=\"https:\/\/saccardo.com\/pl\/prodotto\/dublino-1396\/\" \/>\n<meta property=\"og:site_name\" content=\"Saccardo\" \/>\n<meta property=\"og:image\" content=\"https:\/\/saccardo.com\/wp-content\/uploads\/2025\/09\/Dublino-1396_img-cut.png\" \/>\n\t<meta property=\"og:image:width\" content=\"800\" \/>\n\t<meta property=\"og:image:height\" content=\"500\" \/>\n\t<meta property=\"og:image:type\" content=\"image\/png\" \/>\n<meta name=\"twitter:card\" content=\"summary_large_image\" \/>\n<meta name=\"twitter:label1\" content=\"Szacowany czas czytania\" \/>\n\t<meta name=\"twitter:data1\" content=\"1 minuta\" \/>\n<script type=\"application\/ld+json\" class=\"yoast-schema-graph\">{\"@context\":\"https:\\\/\\\/schema.org\",\"@graph\":[{\"@type\":\"WebPage\",\"@id\":\"https:\\\/\\\/saccardo.com\\\/pl\\\/prodotto\\\/dublino-1396\\\/\",\"url\":\"https:\\\/\\\/saccardo.com\\\/pl\\\/prodotto\\\/dublino-1396\\\/\",\"name\":\"Dublin 1396 | Automatyczne pakowanie pr\u00f3\u017cniowe | Saccardo\",\"isPartOf\":{\"@id\":\"https:\\\/\\\/saccardo.com\\\/#website\"},\"primaryImageOfPage\":{\"@id\":\"https:\\\/\\\/saccardo.com\\\/pl\\\/prodotto\\\/dublino-1396\\\/#primaryimage\"},\"image\":{\"@id\":\"https:\\\/\\\/saccardo.com\\\/pl\\\/prodotto\\\/dublino-1396\\\/#primaryimage\"},\"thumbnailUrl\":\"https:\\\/\\\/saccardo.com\\\/wp-content\\\/uploads\\\/2025\\\/09\\\/Dublino-1396_img-cut.png\",\"datePublished\":\"2025-09-12T13:20:40+00:00\",\"description\":\"Dublin 1396 Saccardo: profesjonalna maszyna do automatycznego pakowania pr\u00f3\u017cniowego. Niezawodna technologia przemys\u0142owa dla przemys\u0142u spo\u017cywczego.\",\"breadcrumb\":{\"@id\":\"https:\\\/\\\/saccardo.com\\\/pl\\\/prodotto\\\/dublino-1396\\\/#breadcrumb\"},\"inLanguage\":\"pl-PL\",\"potentialAction\":[{\"@type\":\"ReadAction\",\"target\":[\"https:\\\/\\\/saccardo.com\\\/pl\\\/prodotto\\\/dublino-1396\\\/\"]}]},{\"@type\":\"ImageObject\",\"inLanguage\":\"pl-PL\",\"@id\":\"https:\\\/\\\/saccardo.com\\\/pl\\\/prodotto\\\/dublino-1396\\\/#primaryimage\",\"url\":\"https:\\\/\\\/saccardo.com\\\/wp-content\\\/uploads\\\/2025\\\/09\\\/Dublino-1396_img-cut.png\",\"contentUrl\":\"https:\\\/\\\/saccardo.com\\\/wp-content\\\/uploads\\\/2025\\\/09\\\/Dublino-1396_img-cut.png\",\"width\":800,\"height\":500},{\"@type\":\"BreadcrumbList\",\"@id\":\"https:\\\/\\\/saccardo.com\\\/pl\\\/prodotto\\\/dublino-1396\\\/#breadcrumb\",\"itemListElement\":[{\"@type\":\"ListItem\",\"position\":1,\"name\":\"Home\",\"item\":\"https:\\\/\\\/saccardo.com\\\/pl\\\/\"},{\"@type\":\"ListItem\",\"position\":2,\"name\":\"Nasze rozwi\u0105zania:aby sprosta\u0107 ka\u017cdemu zapytaniu, aby zaspokoi\u0107 ka\u017cd\u0105 potrzeb\u0119\",\"item\":\"https:\\\/\\\/saccardo.com\\\/pl\\\/nasze-rozwiazaniaaby\\\/\"},{\"@type\":\"ListItem\",\"position\":3,\"name\":\"Dublino 1396\"}]},{\"@type\":\"WebSite\",\"@id\":\"https:\\\/\\\/saccardo.com\\\/#website\",\"url\":\"https:\\\/\\\/saccardo.com\\\/\",\"name\":\"Saccardo\",\"description\":\"\",\"publisher\":{\"@id\":\"https:\\\/\\\/saccardo.com\\\/#organization\"},\"potentialAction\":[{\"@type\":\"SearchAction\",\"target\":{\"@type\":\"EntryPoint\",\"urlTemplate\":\"https:\\\/\\\/saccardo.com\\\/?s={search_term_string}\"},\"query-input\":{\"@type\":\"PropertyValueSpecification\",\"valueRequired\":true,\"valueName\":\"search_term_string\"}}],\"inLanguage\":\"pl-PL\"},{\"@type\":\"Organization\",\"@id\":\"https:\\\/\\\/saccardo.com\\\/#organization\",\"name\":\"Saccardo Arturo Figli Srl\",\"url\":\"https:\\\/\\\/saccardo.com\\\/\",\"logo\":{\"@type\":\"ImageObject\",\"inLanguage\":\"pl-PL\",\"@id\":\"https:\\\/\\\/saccardo.com\\\/#\\\/schema\\\/logo\\\/image\\\/\",\"url\":\"https:\\\/\\\/saccardo.com\\\/wp-content\\\/uploads\\\/2023\\\/09\\\/logo-saccardo.svg\",\"contentUrl\":\"https:\\\/\\\/saccardo.com\\\/wp-content\\\/uploads\\\/2023\\\/09\\\/logo-saccardo.svg\",\"width\":\"1024\",\"height\":\"1024\",\"caption\":\"Saccardo Arturo Figli Srl\"},\"image\":{\"@id\":\"https:\\\/\\\/saccardo.com\\\/#\\\/schema\\\/logo\\\/image\\\/\"}}]}<\/script>\n<!-- \/ Yoast SEO plugin. -->","yoast_head_json":{"title":"Dublin 1396 | Automatyczne pakowanie pr\u00f3\u017cniowe | Saccardo","description":"Dublin 1396 Saccardo: profesjonalna maszyna do automatycznego pakowania pr\u00f3\u017cniowego. Niezawodna technologia przemys\u0142owa dla przemys\u0142u spo\u017cywczego.","robots":{"index":"index","follow":"follow","max-snippet":"max-snippet:-1","max-image-preview":"max-image-preview:large","max-video-preview":"max-video-preview:-1"},"canonical":"https:\/\/saccardo.com\/pl\/prodotto\/dublino-1396\/","og_locale":"pl_PL","og_type":"article","og_title":"Dublin 1396 | Automatyczne pakowanie pr\u00f3\u017cniowe | Saccardo","og_description":"Dublin 1396 Saccardo: profesjonalna maszyna do automatycznego pakowania pr\u00f3\u017cniowego. Niezawodna technologia przemys\u0142owa dla przemys\u0142u spo\u017cywczego.","og_url":"https:\/\/saccardo.com\/pl\/prodotto\/dublino-1396\/","og_site_name":"Saccardo","og_image":[{"width":800,"height":500,"url":"https:\/\/saccardo.com\/wp-content\/uploads\/2025\/09\/Dublino-1396_img-cut.png","type":"image\/png"}],"twitter_card":"summary_large_image","twitter_misc":{"Szacowany czas czytania":"1 minuta"},"schema":{"@context":"https:\/\/schema.org","@graph":[{"@type":"WebPage","@id":"https:\/\/saccardo.com\/pl\/prodotto\/dublino-1396\/","url":"https:\/\/saccardo.com\/pl\/prodotto\/dublino-1396\/","name":"Dublin 1396 | Automatyczne pakowanie pr\u00f3\u017cniowe | Saccardo","isPartOf":{"@id":"https:\/\/saccardo.com\/#website"},"primaryImageOfPage":{"@id":"https:\/\/saccardo.com\/pl\/prodotto\/dublino-1396\/#primaryimage"},"image":{"@id":"https:\/\/saccardo.com\/pl\/prodotto\/dublino-1396\/#primaryimage"},"thumbnailUrl":"https:\/\/saccardo.com\/wp-content\/uploads\/2025\/09\/Dublino-1396_img-cut.png","datePublished":"2025-09-12T13:20:40+00:00","description":"Dublin 1396 Saccardo: profesjonalna maszyna do automatycznego pakowania pr\u00f3\u017cniowego. Niezawodna technologia przemys\u0142owa dla przemys\u0142u spo\u017cywczego.","breadcrumb":{"@id":"https:\/\/saccardo.com\/pl\/prodotto\/dublino-1396\/#breadcrumb"},"inLanguage":"pl-PL","potentialAction":[{"@type":"ReadAction","target":["https:\/\/saccardo.com\/pl\/prodotto\/dublino-1396\/"]}]},{"@type":"ImageObject","inLanguage":"pl-PL","@id":"https:\/\/saccardo.com\/pl\/prodotto\/dublino-1396\/#primaryimage","url":"https:\/\/saccardo.com\/wp-content\/uploads\/2025\/09\/Dublino-1396_img-cut.png","contentUrl":"https:\/\/saccardo.com\/wp-content\/uploads\/2025\/09\/Dublino-1396_img-cut.png","width":800,"height":500},{"@type":"BreadcrumbList","@id":"https:\/\/saccardo.com\/pl\/prodotto\/dublino-1396\/#breadcrumb","itemListElement":[{"@type":"ListItem","position":1,"name":"Home","item":"https:\/\/saccardo.com\/pl\/"},{"@type":"ListItem","position":2,"name":"Nasze rozwi\u0105zania:aby sprosta\u0107 ka\u017cdemu zapytaniu, aby zaspokoi\u0107 ka\u017cd\u0105 potrzeb\u0119","item":"https:\/\/saccardo.com\/pl\/nasze-rozwiazaniaaby\/"},{"@type":"ListItem","position":3,"name":"Dublino 1396"}]},{"@type":"WebSite","@id":"https:\/\/saccardo.com\/#website","url":"https:\/\/saccardo.com\/","name":"Saccardo","description":"","publisher":{"@id":"https:\/\/saccardo.com\/#organization"},"potentialAction":[{"@type":"SearchAction","target":{"@type":"EntryPoint","urlTemplate":"https:\/\/saccardo.com\/?s={search_term_string}"},"query-input":{"@type":"PropertyValueSpecification","valueRequired":true,"valueName":"search_term_string"}}],"inLanguage":"pl-PL"},{"@type":"Organization","@id":"https:\/\/saccardo.com\/#organization","name":"Saccardo Arturo Figli Srl","url":"https:\/\/saccardo.com\/","logo":{"@type":"ImageObject","inLanguage":"pl-PL","@id":"https:\/\/saccardo.com\/#\/schema\/logo\/image\/","url":"https:\/\/saccardo.com\/wp-content\/uploads\/2023\/09\/logo-saccardo.svg","contentUrl":"https:\/\/saccardo.com\/wp-content\/uploads\/2023\/09\/logo-saccardo.svg","width":"1024","height":"1024","caption":"Saccardo Arturo Figli Srl"},"image":{"@id":"https:\/\/saccardo.com\/#\/schema\/logo\/image\/"}}]}},"_links":{"self":[{"href":"https:\/\/saccardo.com\/pl\/wp-json\/wp\/v2\/product\/2836","targetHints":{"allow":["GET"]}}],"collection":[{"href":"https:\/\/saccardo.com\/pl\/wp-json\/wp\/v2\/product"}],"about":[{"href":"https:\/\/saccardo.com\/pl\/wp-json\/wp\/v2\/types\/product"}],"replies":[{"embeddable":true,"href":"https:\/\/saccardo.com\/pl\/wp-json\/wp\/v2\/comments?post=2836"}],"wp:featuredmedia":[{"embeddable":true,"href":"https:\/\/saccardo.com\/pl\/wp-json\/wp\/v2\/media\/2837"}],"wp:attachment":[{"href":"https:\/\/saccardo.com\/pl\/wp-json\/wp\/v2\/media?parent=2836"}],"wp:term":[{"taxonomy":"settore-di-applicazione","embeddable":true,"href":"https:\/\/saccardo.com\/pl\/wp-json\/wp\/v2\/settore-di-applicazione?post=2836"},{"taxonomy":"soluzione","embeddable":true,"href":"https:\/\/saccardo.com\/pl\/wp-json\/wp\/v2\/soluzione?post=2836"},{"taxonomy":"product_brand","embeddable":true,"href":"https:\/\/saccardo.com\/pl\/wp-json\/wp\/v2\/product_brand?post=2836"},{"taxonomy":"product_cat","embeddable":true,"href":"https:\/\/saccardo.com\/pl\/wp-json\/wp\/v2\/product_cat?post=2836"},{"taxonomy":"product_tag","embeddable":true,"href":"https:\/\/saccardo.com\/pl\/wp-json\/wp\/v2\/product_tag?post=2836"}],"curies":[{"name":"wp","href":"https:\/\/api.w.org\/{rel}","templated":true}]}}