{"id":2818,"date":"2024-05-14T14:26:40","date_gmt":"2024-05-14T14:26:40","guid":{"rendered":"https:\/\/saccardo.com\/prodotto\/vn1500\/"},"modified":"2024-05-14T14:26:40","modified_gmt":"2024-05-14T14:26:40","slug":"vn1500","status":"publish","type":"product","link":"https:\/\/saccardo.com\/pl\/prodotto\/vn1500\/","title":{"rendered":"VN1500"},"content":{"rendered":"<p><span style=\"font-weight: 400;\">Pionowa pakowarka pr\u00f3\u017cniowa<\/span> <b>VN1500 firmy<\/b> <span style=\"font-weight: 400;\">Saccardo zosta\u0142a zaprojektowana w celu optymalizacji wydajno\u015bci podczas przetwarzania<\/span><b> szynki gotowane w formach, przeznaczone do krojenia<\/b><span style=\"font-weight: 400;\"> oraz produkt\u00f3w, kt\u00f3re musz\u0105 pozosta\u0107 w pozycji pionowej podczas cyklu pr\u00f3\u017cniowego.<\/span><\/p>\n<p><span style=\"font-weight: 400;\">Dzi\u0119ki <\/span><b>szybka i precyzyjna automatyzacja<\/b> <span style=\"font-weight: 400;\">automatycznemu przechodzeniu mi\u0119dzy fazami pr\u00f3\u017cniowania i zgrzewania pionowa pakowarka pr\u00f3\u017cniowa VN1500 firmy Saccardo znacznie skraca czas przetwarzania, zwi\u0119kszaj\u0105c wydajno\u015b\u0107 godzinow\u0105 i zapewniaj\u0105c sta\u0142\u0105 jako\u015b\u0107 wynik\u00f3w.<\/span><\/p>\n<p><b>Ergonomiczna konstrukcja<\/b> <span style=\"font-weight: 400;\">u\u0142atwia dost\u0119p do element\u00f3w wymagaj\u0105cych czyszczenia, zmniejszaj\u0105c wysi\u0142ek fizyczny i skracaj\u0105c czas po\u015bwi\u0119cony na dezynfekcj\u0119, a<\/span> <b>najnowocze\u015bniejsze systemy bezpiecze\u0144stwa<\/b><span style=\"font-weight: 400;\"> zapewniaj\u0105 operatorowi maksymaln\u0105 ochron\u0119 oraz bezpieczne warunki pracy. Ponadto ich wszechstronno\u015b\u0107 pozwala na \u0142atwe dostosowanie do r\u00f3\u017cnych uk\u0142ad\u00f3w produkcyjnych. <\/span><\/p>\n","protected":false},"excerpt":{"rendered":"<p><span style=\"font-weight: 400;\">Pionowa pakowarka pr\u00f3\u017cniowa znacznie skraca czas przetwarzania, zwi\u0119kszaj\u0105c wydajno\u015b\u0107 godzinow\u0105 i zapewniaj\u0105c sta\u0142\u0105 jako\u015b\u0107<\/span><\/p>\n","protected":false},"featured_media":2819,"comment_status":"open","ping_status":"closed","template":"","meta":{"_et_pb_use_builder":"","_et_pb_old_content":"","_et_gb_content_width":""},"settore-di-applicazione":[],"soluzione":[],"product_brand":[],"product_cat":[825],"product_tag":[],"class_list":{"0":"post-2818","1":"product","2":"type-product","3":"status-publish","4":"has-post-thumbnail","6":"product_cat-pakowanie-prozniowe-w-ukladzie-pionowym","7":"pa_altezza-massima-prodotto-190-mm","8":"pa_lunghezza-barre-saldanti-1500-mm","10":"first","11":"instock","12":"shipping-taxable","13":"product-type-simple"},"acf":[],"yoast_head":"<!-- This site is optimized with the Yoast SEO plugin v27.4 - https:\/\/yoast.com\/product\/yoast-seo-wordpress\/ -->\n<title>VN1500 | Pionowe pakowanie pr\u00f3\u017cniowe | Saccardo<\/title>\n<meta name=\"description\" content=\"VN1500 Saccardo: profesjonalna maszyna do pionowego pakowania pr\u00f3\u017cniowego. Niezawodna technologia przemys\u0142owa dla przemys\u0142u spo\u017cywczego.\" \/>\n<meta name=\"robots\" content=\"index, follow, max-snippet:-1, max-image-preview:large, max-video-preview:-1\" \/>\n<link rel=\"canonical\" href=\"https:\/\/saccardo.com\/pl\/prodotto\/vn1500\/\" \/>\n<meta property=\"og:locale\" content=\"pl_PL\" \/>\n<meta property=\"og:type\" content=\"article\" \/>\n<meta property=\"og:title\" content=\"VN1500 | Pionowe pakowanie pr\u00f3\u017cniowe | Saccardo\" \/>\n<meta property=\"og:description\" content=\"VN1500 Saccardo: profesjonalna maszyna do pionowego pakowania pr\u00f3\u017cniowego. Niezawodna technologia przemys\u0142owa dla przemys\u0142u spo\u017cywczego.\" \/>\n<meta property=\"og:url\" content=\"https:\/\/saccardo.com\/pl\/prodotto\/vn1500\/\" \/>\n<meta property=\"og:site_name\" content=\"Saccardo\" \/>\n<meta property=\"og:image\" content=\"https:\/\/saccardo.com\/wp-content\/uploads\/2024\/05\/VN1500.png\" \/>\n\t<meta property=\"og:image:width\" content=\"967\" \/>\n\t<meta property=\"og:image:height\" content=\"633\" \/>\n\t<meta property=\"og:image:type\" content=\"image\/png\" \/>\n<meta name=\"twitter:card\" content=\"summary_large_image\" \/>\n<meta name=\"twitter:label1\" content=\"Szacowany czas czytania\" \/>\n\t<meta name=\"twitter:data1\" content=\"1 minuta\" \/>\n<script type=\"application\/ld+json\" class=\"yoast-schema-graph\">{\"@context\":\"https:\\\/\\\/schema.org\",\"@graph\":[{\"@type\":\"WebPage\",\"@id\":\"https:\\\/\\\/saccardo.com\\\/pl\\\/prodotto\\\/vn1500\\\/\",\"url\":\"https:\\\/\\\/saccardo.com\\\/pl\\\/prodotto\\\/vn1500\\\/\",\"name\":\"VN1500 | Pionowe pakowanie pr\u00f3\u017cniowe | Saccardo\",\"isPartOf\":{\"@id\":\"https:\\\/\\\/saccardo.com\\\/#website\"},\"primaryImageOfPage\":{\"@id\":\"https:\\\/\\\/saccardo.com\\\/pl\\\/prodotto\\\/vn1500\\\/#primaryimage\"},\"image\":{\"@id\":\"https:\\\/\\\/saccardo.com\\\/pl\\\/prodotto\\\/vn1500\\\/#primaryimage\"},\"thumbnailUrl\":\"https:\\\/\\\/saccardo.com\\\/wp-content\\\/uploads\\\/2024\\\/05\\\/VN1500.png\",\"datePublished\":\"2024-05-14T14:26:40+00:00\",\"description\":\"VN1500 Saccardo: profesjonalna maszyna do pionowego pakowania pr\u00f3\u017cniowego. Niezawodna technologia przemys\u0142owa dla przemys\u0142u spo\u017cywczego.\",\"breadcrumb\":{\"@id\":\"https:\\\/\\\/saccardo.com\\\/pl\\\/prodotto\\\/vn1500\\\/#breadcrumb\"},\"inLanguage\":\"pl-PL\",\"potentialAction\":[{\"@type\":\"ReadAction\",\"target\":[\"https:\\\/\\\/saccardo.com\\\/pl\\\/prodotto\\\/vn1500\\\/\"]}]},{\"@type\":\"ImageObject\",\"inLanguage\":\"pl-PL\",\"@id\":\"https:\\\/\\\/saccardo.com\\\/pl\\\/prodotto\\\/vn1500\\\/#primaryimage\",\"url\":\"https:\\\/\\\/saccardo.com\\\/wp-content\\\/uploads\\\/2024\\\/05\\\/VN1500.png\",\"contentUrl\":\"https:\\\/\\\/saccardo.com\\\/wp-content\\\/uploads\\\/2024\\\/05\\\/VN1500.png\",\"width\":967,\"height\":633},{\"@type\":\"BreadcrumbList\",\"@id\":\"https:\\\/\\\/saccardo.com\\\/pl\\\/prodotto\\\/vn1500\\\/#breadcrumb\",\"itemListElement\":[{\"@type\":\"ListItem\",\"position\":1,\"name\":\"Home\",\"item\":\"https:\\\/\\\/saccardo.com\\\/pl\\\/\"},{\"@type\":\"ListItem\",\"position\":2,\"name\":\"Nasze rozwi\u0105zania:aby sprosta\u0107 ka\u017cdemu zapytaniu, aby zaspokoi\u0107 ka\u017cd\u0105 potrzeb\u0119\",\"item\":\"https:\\\/\\\/saccardo.com\\\/pl\\\/nasze-rozwiazaniaaby\\\/\"},{\"@type\":\"ListItem\",\"position\":3,\"name\":\"VN1500\"}]},{\"@type\":\"WebSite\",\"@id\":\"https:\\\/\\\/saccardo.com\\\/#website\",\"url\":\"https:\\\/\\\/saccardo.com\\\/\",\"name\":\"Saccardo\",\"description\":\"\",\"publisher\":{\"@id\":\"https:\\\/\\\/saccardo.com\\\/#organization\"},\"potentialAction\":[{\"@type\":\"SearchAction\",\"target\":{\"@type\":\"EntryPoint\",\"urlTemplate\":\"https:\\\/\\\/saccardo.com\\\/?s={search_term_string}\"},\"query-input\":{\"@type\":\"PropertyValueSpecification\",\"valueRequired\":true,\"valueName\":\"search_term_string\"}}],\"inLanguage\":\"pl-PL\"},{\"@type\":\"Organization\",\"@id\":\"https:\\\/\\\/saccardo.com\\\/#organization\",\"name\":\"Saccardo Arturo Figli Srl\",\"url\":\"https:\\\/\\\/saccardo.com\\\/\",\"logo\":{\"@type\":\"ImageObject\",\"inLanguage\":\"pl-PL\",\"@id\":\"https:\\\/\\\/saccardo.com\\\/#\\\/schema\\\/logo\\\/image\\\/\",\"url\":\"https:\\\/\\\/saccardo.com\\\/wp-content\\\/uploads\\\/2023\\\/09\\\/logo-saccardo.svg\",\"contentUrl\":\"https:\\\/\\\/saccardo.com\\\/wp-content\\\/uploads\\\/2023\\\/09\\\/logo-saccardo.svg\",\"width\":\"1024\",\"height\":\"1024\",\"caption\":\"Saccardo Arturo Figli Srl\"},\"image\":{\"@id\":\"https:\\\/\\\/saccardo.com\\\/#\\\/schema\\\/logo\\\/image\\\/\"}}]}<\/script>\n<!-- \/ Yoast SEO plugin. -->","yoast_head_json":{"title":"VN1500 | Pionowe pakowanie pr\u00f3\u017cniowe | Saccardo","description":"VN1500 Saccardo: profesjonalna maszyna do pionowego pakowania pr\u00f3\u017cniowego. Niezawodna technologia przemys\u0142owa dla przemys\u0142u spo\u017cywczego.","robots":{"index":"index","follow":"follow","max-snippet":"max-snippet:-1","max-image-preview":"max-image-preview:large","max-video-preview":"max-video-preview:-1"},"canonical":"https:\/\/saccardo.com\/pl\/prodotto\/vn1500\/","og_locale":"pl_PL","og_type":"article","og_title":"VN1500 | Pionowe pakowanie pr\u00f3\u017cniowe | Saccardo","og_description":"VN1500 Saccardo: profesjonalna maszyna do pionowego pakowania pr\u00f3\u017cniowego. Niezawodna technologia przemys\u0142owa dla przemys\u0142u spo\u017cywczego.","og_url":"https:\/\/saccardo.com\/pl\/prodotto\/vn1500\/","og_site_name":"Saccardo","og_image":[{"width":967,"height":633,"url":"https:\/\/saccardo.com\/wp-content\/uploads\/2024\/05\/VN1500.png","type":"image\/png"}],"twitter_card":"summary_large_image","twitter_misc":{"Szacowany czas czytania":"1 minuta"},"schema":{"@context":"https:\/\/schema.org","@graph":[{"@type":"WebPage","@id":"https:\/\/saccardo.com\/pl\/prodotto\/vn1500\/","url":"https:\/\/saccardo.com\/pl\/prodotto\/vn1500\/","name":"VN1500 | Pionowe pakowanie pr\u00f3\u017cniowe | Saccardo","isPartOf":{"@id":"https:\/\/saccardo.com\/#website"},"primaryImageOfPage":{"@id":"https:\/\/saccardo.com\/pl\/prodotto\/vn1500\/#primaryimage"},"image":{"@id":"https:\/\/saccardo.com\/pl\/prodotto\/vn1500\/#primaryimage"},"thumbnailUrl":"https:\/\/saccardo.com\/wp-content\/uploads\/2024\/05\/VN1500.png","datePublished":"2024-05-14T14:26:40+00:00","description":"VN1500 Saccardo: profesjonalna maszyna do pionowego pakowania pr\u00f3\u017cniowego. Niezawodna technologia przemys\u0142owa dla przemys\u0142u spo\u017cywczego.","breadcrumb":{"@id":"https:\/\/saccardo.com\/pl\/prodotto\/vn1500\/#breadcrumb"},"inLanguage":"pl-PL","potentialAction":[{"@type":"ReadAction","target":["https:\/\/saccardo.com\/pl\/prodotto\/vn1500\/"]}]},{"@type":"ImageObject","inLanguage":"pl-PL","@id":"https:\/\/saccardo.com\/pl\/prodotto\/vn1500\/#primaryimage","url":"https:\/\/saccardo.com\/wp-content\/uploads\/2024\/05\/VN1500.png","contentUrl":"https:\/\/saccardo.com\/wp-content\/uploads\/2024\/05\/VN1500.png","width":967,"height":633},{"@type":"BreadcrumbList","@id":"https:\/\/saccardo.com\/pl\/prodotto\/vn1500\/#breadcrumb","itemListElement":[{"@type":"ListItem","position":1,"name":"Home","item":"https:\/\/saccardo.com\/pl\/"},{"@type":"ListItem","position":2,"name":"Nasze rozwi\u0105zania:aby sprosta\u0107 ka\u017cdemu zapytaniu, aby zaspokoi\u0107 ka\u017cd\u0105 potrzeb\u0119","item":"https:\/\/saccardo.com\/pl\/nasze-rozwiazaniaaby\/"},{"@type":"ListItem","position":3,"name":"VN1500"}]},{"@type":"WebSite","@id":"https:\/\/saccardo.com\/#website","url":"https:\/\/saccardo.com\/","name":"Saccardo","description":"","publisher":{"@id":"https:\/\/saccardo.com\/#organization"},"potentialAction":[{"@type":"SearchAction","target":{"@type":"EntryPoint","urlTemplate":"https:\/\/saccardo.com\/?s={search_term_string}"},"query-input":{"@type":"PropertyValueSpecification","valueRequired":true,"valueName":"search_term_string"}}],"inLanguage":"pl-PL"},{"@type":"Organization","@id":"https:\/\/saccardo.com\/#organization","name":"Saccardo Arturo Figli Srl","url":"https:\/\/saccardo.com\/","logo":{"@type":"ImageObject","inLanguage":"pl-PL","@id":"https:\/\/saccardo.com\/#\/schema\/logo\/image\/","url":"https:\/\/saccardo.com\/wp-content\/uploads\/2023\/09\/logo-saccardo.svg","contentUrl":"https:\/\/saccardo.com\/wp-content\/uploads\/2023\/09\/logo-saccardo.svg","width":"1024","height":"1024","caption":"Saccardo Arturo Figli Srl"},"image":{"@id":"https:\/\/saccardo.com\/#\/schema\/logo\/image\/"}}]}},"_links":{"self":[{"href":"https:\/\/saccardo.com\/pl\/wp-json\/wp\/v2\/product\/2818","targetHints":{"allow":["GET"]}}],"collection":[{"href":"https:\/\/saccardo.com\/pl\/wp-json\/wp\/v2\/product"}],"about":[{"href":"https:\/\/saccardo.com\/pl\/wp-json\/wp\/v2\/types\/product"}],"replies":[{"embeddable":true,"href":"https:\/\/saccardo.com\/pl\/wp-json\/wp\/v2\/comments?post=2818"}],"wp:featuredmedia":[{"embeddable":true,"href":"https:\/\/saccardo.com\/pl\/wp-json\/wp\/v2\/media\/2819"}],"wp:attachment":[{"href":"https:\/\/saccardo.com\/pl\/wp-json\/wp\/v2\/media?parent=2818"}],"wp:term":[{"taxonomy":"settore-di-applicazione","embeddable":true,"href":"https:\/\/saccardo.com\/pl\/wp-json\/wp\/v2\/settore-di-applicazione?post=2818"},{"taxonomy":"soluzione","embeddable":true,"href":"https:\/\/saccardo.com\/pl\/wp-json\/wp\/v2\/soluzione?post=2818"},{"taxonomy":"product_brand","embeddable":true,"href":"https:\/\/saccardo.com\/pl\/wp-json\/wp\/v2\/product_brand?post=2818"},{"taxonomy":"product_cat","embeddable":true,"href":"https:\/\/saccardo.com\/pl\/wp-json\/wp\/v2\/product_cat?post=2818"},{"taxonomy":"product_tag","embeddable":true,"href":"https:\/\/saccardo.com\/pl\/wp-json\/wp\/v2\/product_tag?post=2818"}],"curies":[{"name":"wp","href":"https:\/\/api.w.org\/{rel}","templated":true}]}}