{"id":2790,"date":"2025-10-15T10:25:06","date_gmt":"2025-10-15T10:25:06","guid":{"rendered":"https:\/\/saccardo.com\/prodotto\/sv-65-82-d\/"},"modified":"2025-10-15T10:25:06","modified_gmt":"2025-10-15T10:25:06","slug":"sv-65-82-d","status":"publish","type":"product","link":"https:\/\/saccardo.com\/pl\/prodotto\/sv-65-82-d\/","title":{"rendered":"SV-65-82-D"},"content":{"rendered":"<p><span style=\"font-weight: 400;\">R\u0119czna pakowarka pr\u00f3\u017cniowa z podw\u00f3jn\u0105 komor\u0105<\/span> <b>SV-65-82-D<\/b> <span style=\"font-weight: 400;\">z serii<\/span> <b>CELO-SACC<\/b><span style=\"font-weight: 400;\"> jest to maszyna zaprojektowana z my\u015bl\u0105 o zapewnieniu wydajno\u015bci i ci\u0105g\u0142o\u015bci pracy w procesach produkcyjnych. Konstrukcja no\u015bna ze stali nierdzewnej, stoj\u0105ca na pod\u0142odze i wyposa\u017cona w k\u00f3\u0142ka z hamulcami, zapewnia stabilno\u015b\u0107, higien\u0119, a jednocze\u015bnie \u0142atwo\u015b\u0107 przemieszczania urz\u0105dzenia.<\/span><\/p>\n<p><span style=\"font-weight: 400;\">Pokrywa, r\u00f3wnie\u017c wykonana ze stali nierdzewnej, zapewnia wytrzyma\u0142o\u015b\u0107 i trwa\u0142o\u015b\u0107, natomiast panel sterowania o intuicyjnej konstrukcji wyposa\u017cony jest w prze\u0142\u0105czniki cyfrowe i r\u0119czne, kt\u00f3re umo\u017cliwiaj\u0105 b\u0142yskawiczne ustawienie parametr\u00f3w pracy. Starannie wykonane powierzchnie, idealnie dopasowane i zapewniaj\u0105ce precyzyjne dzia\u0142anie, gwarantuj\u0105 niezawodno\u015b\u0107 u\u017cytkowania oraz \u0142atwe i szybkie czyszczenie, zgodnie z normami higienicznymi obowi\u0105zuj\u0105cymi w przemy\u015ble spo\u017cywczym.<\/span><\/p>\n<p><span style=\"font-weight: 400;\">Dzi\u0119ki podw\u00f3jnej komorze model SV-65-82-D Saccardo skraca czas pakowania, umo\u017cliwiaj\u0105c prac\u0119 bez przerw, zapewniaj\u0105c tym samym idealn\u0105 r\u00f3wnowag\u0119 mi\u0119dzy wytrzyma\u0142o\u015bci\u0105, praktyczno\u015bci\u0105 i wysok\u0105 wydajno\u015bci\u0105.<\/span><\/p>\n","protected":false},"excerpt":{"rendered":"<p>R\u0119czna pakowarka pr\u00f3\u017cniowa z podw\u00f3jn\u0105 komor\u0105 SV-65-82-D z serii CELO-SACC jest to maszyna zaprojektowana z my\u015bl\u0105 o zapewnieniu wydajno\u015bci i ci\u0105g\u0142o\u015bci pracy w procesach produkcyjnych. Konstrukcja no\u015bna ze stali nierdzewnej, stoj\u0105ca na pod\u0142odze i wyposa\u017cona w k\u00f3\u0142ka z hamulcami, zapewnia stabilno\u015b\u0107, higien\u0119, a jednocze\u015bnie \u0142atwo\u015b\u0107 przemieszczania urz\u0105dzenia. Pokrywa, r\u00f3wnie\u017c wykonana ze stali nierdzewnej, zapewnia wytrzyma\u0142o\u015b\u0107 [&hellip;]<\/p>\n","protected":false},"featured_media":2792,"comment_status":"open","ping_status":"closed","template":"","meta":{"_et_pb_use_builder":"","_et_pb_old_content":"","_et_gb_content_width":""},"settore-di-applicazione":[],"soluzione":[],"product_brand":[],"product_cat":[781],"product_tag":[],"class_list":{"0":"post-2790","1":"product","2":"type-product","3":"status-publish","4":"has-post-thumbnail","6":"product_cat-reczne-pakowanie-prozniowe","7":"pa_nr-barre-saldanti-2-rownolegle","8":"pa_peso-ok-560-kg","10":"first","11":"instock","12":"shipping-taxable","13":"product-type-simple"},"acf":[],"yoast_head":"<!-- This site is optimized with the Yoast SEO plugin v27.4 - https:\/\/yoast.com\/product\/yoast-seo-wordpress\/ -->\n<title>SV-65-82-D | R\u0119czne pakowanie pr\u00f3\u017cniowe | Saccardo<\/title>\n<meta name=\"description\" content=\"SV-65-82-D Saccardo: profesjonalna maszyna do r\u0119cznego pakowania pr\u00f3\u017cniowego. Niezawodna technologia przemys\u0142owa dla przemys\u0142u spo\u017cywczego.\" \/>\n<meta name=\"robots\" content=\"index, follow, max-snippet:-1, max-image-preview:large, max-video-preview:-1\" \/>\n<link rel=\"canonical\" href=\"https:\/\/saccardo.com\/pl\/prodotto\/sv-65-82-d\/\" \/>\n<meta property=\"og:locale\" content=\"pl_PL\" \/>\n<meta property=\"og:type\" content=\"article\" \/>\n<meta property=\"og:title\" content=\"SV-65-82-D | R\u0119czne pakowanie pr\u00f3\u017cniowe | Saccardo\" \/>\n<meta property=\"og:description\" content=\"SV-65-82-D Saccardo: profesjonalna maszyna do r\u0119cznego pakowania pr\u00f3\u017cniowego. Niezawodna technologia przemys\u0142owa dla przemys\u0142u spo\u017cywczego.\" \/>\n<meta property=\"og:url\" content=\"https:\/\/saccardo.com\/pl\/prodotto\/sv-65-82-d\/\" \/>\n<meta property=\"og:site_name\" content=\"Saccardo\" \/>\n<meta property=\"og:image\" content=\"https:\/\/saccardo.com\/wp-content\/uploads\/2025\/10\/CELO-SACC-SV-65-82-D-img.png\" \/>\n\t<meta property=\"og:image:width\" content=\"800\" \/>\n\t<meta property=\"og:image:height\" content=\"500\" \/>\n\t<meta property=\"og:image:type\" content=\"image\/png\" \/>\n<meta name=\"twitter:card\" content=\"summary_large_image\" \/>\n<meta name=\"twitter:label1\" content=\"Szacowany czas czytania\" \/>\n\t<meta name=\"twitter:data1\" content=\"1 minuta\" \/>\n<script type=\"application\/ld+json\" class=\"yoast-schema-graph\">{\"@context\":\"https:\\\/\\\/schema.org\",\"@graph\":[{\"@type\":\"WebPage\",\"@id\":\"https:\\\/\\\/saccardo.com\\\/pl\\\/prodotto\\\/sv-65-82-d\\\/\",\"url\":\"https:\\\/\\\/saccardo.com\\\/pl\\\/prodotto\\\/sv-65-82-d\\\/\",\"name\":\"SV-65-82-D | R\u0119czne pakowanie pr\u00f3\u017cniowe | Saccardo\",\"isPartOf\":{\"@id\":\"https:\\\/\\\/saccardo.com\\\/#website\"},\"primaryImageOfPage\":{\"@id\":\"https:\\\/\\\/saccardo.com\\\/pl\\\/prodotto\\\/sv-65-82-d\\\/#primaryimage\"},\"image\":{\"@id\":\"https:\\\/\\\/saccardo.com\\\/pl\\\/prodotto\\\/sv-65-82-d\\\/#primaryimage\"},\"thumbnailUrl\":\"https:\\\/\\\/saccardo.com\\\/wp-content\\\/uploads\\\/2025\\\/10\\\/CELO-SACC-SV-65-82-D-img.png\",\"datePublished\":\"2025-10-15T10:25:06+00:00\",\"description\":\"SV-65-82-D Saccardo: profesjonalna maszyna do r\u0119cznego pakowania pr\u00f3\u017cniowego. Niezawodna technologia przemys\u0142owa dla przemys\u0142u spo\u017cywczego.\",\"breadcrumb\":{\"@id\":\"https:\\\/\\\/saccardo.com\\\/pl\\\/prodotto\\\/sv-65-82-d\\\/#breadcrumb\"},\"inLanguage\":\"pl-PL\",\"potentialAction\":[{\"@type\":\"ReadAction\",\"target\":[\"https:\\\/\\\/saccardo.com\\\/pl\\\/prodotto\\\/sv-65-82-d\\\/\"]}]},{\"@type\":\"ImageObject\",\"inLanguage\":\"pl-PL\",\"@id\":\"https:\\\/\\\/saccardo.com\\\/pl\\\/prodotto\\\/sv-65-82-d\\\/#primaryimage\",\"url\":\"https:\\\/\\\/saccardo.com\\\/wp-content\\\/uploads\\\/2025\\\/10\\\/CELO-SACC-SV-65-82-D-img.png\",\"contentUrl\":\"https:\\\/\\\/saccardo.com\\\/wp-content\\\/uploads\\\/2025\\\/10\\\/CELO-SACC-SV-65-82-D-img.png\",\"width\":800,\"height\":500},{\"@type\":\"BreadcrumbList\",\"@id\":\"https:\\\/\\\/saccardo.com\\\/pl\\\/prodotto\\\/sv-65-82-d\\\/#breadcrumb\",\"itemListElement\":[{\"@type\":\"ListItem\",\"position\":1,\"name\":\"Home\",\"item\":\"https:\\\/\\\/saccardo.com\\\/pl\\\/\"},{\"@type\":\"ListItem\",\"position\":2,\"name\":\"Nasze rozwi\u0105zania:aby sprosta\u0107 ka\u017cdemu zapytaniu, aby zaspokoi\u0107 ka\u017cd\u0105 potrzeb\u0119\",\"item\":\"https:\\\/\\\/saccardo.com\\\/pl\\\/nasze-rozwiazaniaaby\\\/\"},{\"@type\":\"ListItem\",\"position\":3,\"name\":\"SV-65-82-D\"}]},{\"@type\":\"WebSite\",\"@id\":\"https:\\\/\\\/saccardo.com\\\/#website\",\"url\":\"https:\\\/\\\/saccardo.com\\\/\",\"name\":\"Saccardo\",\"description\":\"\",\"publisher\":{\"@id\":\"https:\\\/\\\/saccardo.com\\\/#organization\"},\"potentialAction\":[{\"@type\":\"SearchAction\",\"target\":{\"@type\":\"EntryPoint\",\"urlTemplate\":\"https:\\\/\\\/saccardo.com\\\/?s={search_term_string}\"},\"query-input\":{\"@type\":\"PropertyValueSpecification\",\"valueRequired\":true,\"valueName\":\"search_term_string\"}}],\"inLanguage\":\"pl-PL\"},{\"@type\":\"Organization\",\"@id\":\"https:\\\/\\\/saccardo.com\\\/#organization\",\"name\":\"Saccardo Arturo Figli Srl\",\"url\":\"https:\\\/\\\/saccardo.com\\\/\",\"logo\":{\"@type\":\"ImageObject\",\"inLanguage\":\"pl-PL\",\"@id\":\"https:\\\/\\\/saccardo.com\\\/#\\\/schema\\\/logo\\\/image\\\/\",\"url\":\"https:\\\/\\\/saccardo.com\\\/wp-content\\\/uploads\\\/2023\\\/09\\\/logo-saccardo.svg\",\"contentUrl\":\"https:\\\/\\\/saccardo.com\\\/wp-content\\\/uploads\\\/2023\\\/09\\\/logo-saccardo.svg\",\"width\":\"1024\",\"height\":\"1024\",\"caption\":\"Saccardo Arturo Figli Srl\"},\"image\":{\"@id\":\"https:\\\/\\\/saccardo.com\\\/#\\\/schema\\\/logo\\\/image\\\/\"}}]}<\/script>\n<!-- \/ Yoast SEO plugin. -->","yoast_head_json":{"title":"SV-65-82-D | R\u0119czne pakowanie pr\u00f3\u017cniowe | Saccardo","description":"SV-65-82-D Saccardo: profesjonalna maszyna do r\u0119cznego pakowania pr\u00f3\u017cniowego. Niezawodna technologia przemys\u0142owa dla przemys\u0142u spo\u017cywczego.","robots":{"index":"index","follow":"follow","max-snippet":"max-snippet:-1","max-image-preview":"max-image-preview:large","max-video-preview":"max-video-preview:-1"},"canonical":"https:\/\/saccardo.com\/pl\/prodotto\/sv-65-82-d\/","og_locale":"pl_PL","og_type":"article","og_title":"SV-65-82-D | R\u0119czne pakowanie pr\u00f3\u017cniowe | Saccardo","og_description":"SV-65-82-D Saccardo: profesjonalna maszyna do r\u0119cznego pakowania pr\u00f3\u017cniowego. Niezawodna technologia przemys\u0142owa dla przemys\u0142u spo\u017cywczego.","og_url":"https:\/\/saccardo.com\/pl\/prodotto\/sv-65-82-d\/","og_site_name":"Saccardo","og_image":[{"width":800,"height":500,"url":"https:\/\/saccardo.com\/wp-content\/uploads\/2025\/10\/CELO-SACC-SV-65-82-D-img.png","type":"image\/png"}],"twitter_card":"summary_large_image","twitter_misc":{"Szacowany czas czytania":"1 minuta"},"schema":{"@context":"https:\/\/schema.org","@graph":[{"@type":"WebPage","@id":"https:\/\/saccardo.com\/pl\/prodotto\/sv-65-82-d\/","url":"https:\/\/saccardo.com\/pl\/prodotto\/sv-65-82-d\/","name":"SV-65-82-D | R\u0119czne pakowanie pr\u00f3\u017cniowe | Saccardo","isPartOf":{"@id":"https:\/\/saccardo.com\/#website"},"primaryImageOfPage":{"@id":"https:\/\/saccardo.com\/pl\/prodotto\/sv-65-82-d\/#primaryimage"},"image":{"@id":"https:\/\/saccardo.com\/pl\/prodotto\/sv-65-82-d\/#primaryimage"},"thumbnailUrl":"https:\/\/saccardo.com\/wp-content\/uploads\/2025\/10\/CELO-SACC-SV-65-82-D-img.png","datePublished":"2025-10-15T10:25:06+00:00","description":"SV-65-82-D Saccardo: profesjonalna maszyna do r\u0119cznego pakowania pr\u00f3\u017cniowego. Niezawodna technologia przemys\u0142owa dla przemys\u0142u spo\u017cywczego.","breadcrumb":{"@id":"https:\/\/saccardo.com\/pl\/prodotto\/sv-65-82-d\/#breadcrumb"},"inLanguage":"pl-PL","potentialAction":[{"@type":"ReadAction","target":["https:\/\/saccardo.com\/pl\/prodotto\/sv-65-82-d\/"]}]},{"@type":"ImageObject","inLanguage":"pl-PL","@id":"https:\/\/saccardo.com\/pl\/prodotto\/sv-65-82-d\/#primaryimage","url":"https:\/\/saccardo.com\/wp-content\/uploads\/2025\/10\/CELO-SACC-SV-65-82-D-img.png","contentUrl":"https:\/\/saccardo.com\/wp-content\/uploads\/2025\/10\/CELO-SACC-SV-65-82-D-img.png","width":800,"height":500},{"@type":"BreadcrumbList","@id":"https:\/\/saccardo.com\/pl\/prodotto\/sv-65-82-d\/#breadcrumb","itemListElement":[{"@type":"ListItem","position":1,"name":"Home","item":"https:\/\/saccardo.com\/pl\/"},{"@type":"ListItem","position":2,"name":"Nasze rozwi\u0105zania:aby sprosta\u0107 ka\u017cdemu zapytaniu, aby zaspokoi\u0107 ka\u017cd\u0105 potrzeb\u0119","item":"https:\/\/saccardo.com\/pl\/nasze-rozwiazaniaaby\/"},{"@type":"ListItem","position":3,"name":"SV-65-82-D"}]},{"@type":"WebSite","@id":"https:\/\/saccardo.com\/#website","url":"https:\/\/saccardo.com\/","name":"Saccardo","description":"","publisher":{"@id":"https:\/\/saccardo.com\/#organization"},"potentialAction":[{"@type":"SearchAction","target":{"@type":"EntryPoint","urlTemplate":"https:\/\/saccardo.com\/?s={search_term_string}"},"query-input":{"@type":"PropertyValueSpecification","valueRequired":true,"valueName":"search_term_string"}}],"inLanguage":"pl-PL"},{"@type":"Organization","@id":"https:\/\/saccardo.com\/#organization","name":"Saccardo Arturo Figli Srl","url":"https:\/\/saccardo.com\/","logo":{"@type":"ImageObject","inLanguage":"pl-PL","@id":"https:\/\/saccardo.com\/#\/schema\/logo\/image\/","url":"https:\/\/saccardo.com\/wp-content\/uploads\/2023\/09\/logo-saccardo.svg","contentUrl":"https:\/\/saccardo.com\/wp-content\/uploads\/2023\/09\/logo-saccardo.svg","width":"1024","height":"1024","caption":"Saccardo Arturo Figli Srl"},"image":{"@id":"https:\/\/saccardo.com\/#\/schema\/logo\/image\/"}}]}},"_links":{"self":[{"href":"https:\/\/saccardo.com\/pl\/wp-json\/wp\/v2\/product\/2790","targetHints":{"allow":["GET"]}}],"collection":[{"href":"https:\/\/saccardo.com\/pl\/wp-json\/wp\/v2\/product"}],"about":[{"href":"https:\/\/saccardo.com\/pl\/wp-json\/wp\/v2\/types\/product"}],"replies":[{"embeddable":true,"href":"https:\/\/saccardo.com\/pl\/wp-json\/wp\/v2\/comments?post=2790"}],"wp:featuredmedia":[{"embeddable":true,"href":"https:\/\/saccardo.com\/pl\/wp-json\/wp\/v2\/media\/2792"}],"wp:attachment":[{"href":"https:\/\/saccardo.com\/pl\/wp-json\/wp\/v2\/media?parent=2790"}],"wp:term":[{"taxonomy":"settore-di-applicazione","embeddable":true,"href":"https:\/\/saccardo.com\/pl\/wp-json\/wp\/v2\/settore-di-applicazione?post=2790"},{"taxonomy":"soluzione","embeddable":true,"href":"https:\/\/saccardo.com\/pl\/wp-json\/wp\/v2\/soluzione?post=2790"},{"taxonomy":"product_brand","embeddable":true,"href":"https:\/\/saccardo.com\/pl\/wp-json\/wp\/v2\/product_brand?post=2790"},{"taxonomy":"product_cat","embeddable":true,"href":"https:\/\/saccardo.com\/pl\/wp-json\/wp\/v2\/product_cat?post=2790"},{"taxonomy":"product_tag","embeddable":true,"href":"https:\/\/saccardo.com\/pl\/wp-json\/wp\/v2\/product_tag?post=2790"}],"curies":[{"name":"wp","href":"https:\/\/api.w.org\/{rel}","templated":true}]}}