{"id":2780,"date":"2025-10-15T12:12:36","date_gmt":"2025-10-15T12:12:36","guid":{"rendered":"https:\/\/saccardo.com\/prodotto\/sv-51-44-ca\/"},"modified":"2025-10-15T12:12:36","modified_gmt":"2025-10-15T12:12:36","slug":"sv-51-44-ca","status":"publish","type":"product","link":"https:\/\/saccardo.com\/pl\/prodotto\/sv-51-44-ca\/","title":{"rendered":"SV-51- 44-CA"},"content":{"rendered":"<p><span style=\"font-weight: 400;\">R\u0119czna pakowarka pr\u00f3\u017cniowa z pojedyncz\u0105 komor\u0105 i w\u00f3zkiem<\/span> <b>SV-51-44-CA<\/b> <span style=\"font-weight: 400;\">firmy Saccardo z serii<\/span> <b>CELO-SACC<\/b> to <span style=\"font-weight: 400;\">urz\u0105dzenie zaprojektowane z my\u015bl\u0105 o wytrzyma\u0142o\u015bci, praktyczno\u015bci i maksymalnej wydajno\u015bci podczas pakowania.<\/span><\/p>\n<p><span style=\"font-weight: 400;\">Dzi\u0119ki kompaktowej konstrukcji i wbudowanym k\u00f3\u0142kom urz\u0105dzenie<\/span> SV-51-44-CA <span style=\"font-weight: 400;\">mo\u017cna u\u017cywa\u0107 w trybie autonomicznym, \u0142atwo ustawiaj\u0105c je w wybranym miejscu.<\/span><\/p>\n<p><span style=\"font-weight: 400;\">Konstrukcja no\u015bna ze stali nierdzewnej, wyposa\u017cona w k\u00f3\u0142ka z hamulcami, umo\u017cliwia \u0142atwe przemieszczanie urz\u0105dzenia, zapewniaj\u0105c jednocze\u015bnie stabilno\u015b\u0107 podczas u\u017cytkowania. Przezroczysta pokrywa z pleksiglasu pozwala na monitorowanie ca\u0142ego cyklu pr\u00f3\u017cniowego w czasie rzeczywistym, gwarantuj\u0105c kontrol\u0119 i bezpiecze\u0144stwo pracy. <\/span><\/p>\n<p><span style=\"font-weight: 400;\">Pojemno\u015b\u0107 komory, w po\u0142\u0105czeniu z wydajno\u015bci\u0105 pompy pr\u00f3\u017cniowej, sprawia, \u017ce model SV-51-44-CA Saccardo doskonale nadaje si\u0119 do produkcji wymagaj\u0105cej szybkich i wydajnych cykli, \u0142\u0105cz\u0105c w sobie solidn\u0105 konstrukcj\u0119 z zaawansowan\u0105 funkcjonalno\u015bci\u0105.<\/span><\/p>\n","protected":false},"excerpt":{"rendered":"<p>R\u0119czna pakowarka pr\u00f3\u017cniowa z pojedyncz\u0105 komor\u0105 i w\u00f3zkiem SV-51-44-CA firmy Saccardo z serii CELO-SACC to urz\u0105dzenie zaprojektowane z my\u015bl\u0105 o wytrzyma\u0142o\u015bci, praktyczno\u015bci i maksymalnej wydajno\u015bci podczas pakowania. Dzi\u0119ki kompaktowej konstrukcji i wbudowanym k\u00f3\u0142kom urz\u0105dzenie SV-51-44-CA mo\u017cna u\u017cywa\u0107 w trybie autonomicznym, \u0142atwo ustawiaj\u0105c je w wybranym miejscu. Konstrukcja no\u015bna ze stali nierdzewnej, wyposa\u017cona w k\u00f3\u0142ka z [&hellip;]<\/p>\n","protected":false},"featured_media":2782,"comment_status":"open","ping_status":"closed","template":"","meta":{"_et_pb_use_builder":"","_et_pb_old_content":"","_et_gb_content_width":""},"settore-di-applicazione":[],"soluzione":[],"product_brand":[],"product_cat":[781],"product_tag":[],"class_list":{"0":"post-2780","1":"product","2":"type-product","3":"status-publish","4":"has-post-thumbnail","6":"product_cat-reczne-pakowanie-prozniowe","8":"first","9":"instock","10":"shipping-taxable","11":"product-type-simple"},"acf":[],"yoast_head":"<!-- This site is optimized with the Yoast SEO plugin v27.4 - https:\/\/yoast.com\/product\/yoast-seo-wordpress\/ -->\n<title>SV-51-44-CA | R\u0119czne pakowanie pr\u00f3\u017cniowe | Saccardo<\/title>\n<meta name=\"description\" content=\"SV-51-44-CA Saccardo: profesjonalna maszyna do r\u0119cznego pakowania pr\u00f3\u017cniowego. Niezawodna technologia przemys\u0142owa dla przemys\u0142u spo\u017cywczego.\" \/>\n<meta name=\"robots\" content=\"index, follow, max-snippet:-1, max-image-preview:large, max-video-preview:-1\" \/>\n<link rel=\"canonical\" href=\"https:\/\/saccardo.com\/pl\/prodotto\/sv-51-44-ca\/\" \/>\n<meta property=\"og:locale\" content=\"pl_PL\" \/>\n<meta property=\"og:type\" content=\"article\" \/>\n<meta property=\"og:title\" content=\"SV-51-44-CA | R\u0119czne pakowanie pr\u00f3\u017cniowe | Saccardo\" \/>\n<meta property=\"og:description\" content=\"SV-51-44-CA Saccardo: profesjonalna maszyna do r\u0119cznego pakowania pr\u00f3\u017cniowego. Niezawodna technologia przemys\u0142owa dla przemys\u0142u spo\u017cywczego.\" \/>\n<meta property=\"og:url\" content=\"https:\/\/saccardo.com\/pl\/prodotto\/sv-51-44-ca\/\" \/>\n<meta property=\"og:site_name\" content=\"Saccardo\" \/>\n<meta property=\"og:image\" content=\"https:\/\/saccardo.com\/wp-content\/uploads\/2025\/10\/Sacc-SV-51-44-CA-img.png\" \/>\n\t<meta property=\"og:image:width\" content=\"800\" \/>\n\t<meta property=\"og:image:height\" content=\"500\" \/>\n\t<meta property=\"og:image:type\" content=\"image\/png\" \/>\n<meta name=\"twitter:card\" content=\"summary_large_image\" \/>\n<meta name=\"twitter:label1\" content=\"Szacowany czas czytania\" \/>\n\t<meta name=\"twitter:data1\" content=\"1 minuta\" \/>\n<script type=\"application\/ld+json\" class=\"yoast-schema-graph\">{\"@context\":\"https:\\\/\\\/schema.org\",\"@graph\":[{\"@type\":\"WebPage\",\"@id\":\"https:\\\/\\\/saccardo.com\\\/pl\\\/prodotto\\\/sv-51-44-ca\\\/\",\"url\":\"https:\\\/\\\/saccardo.com\\\/pl\\\/prodotto\\\/sv-51-44-ca\\\/\",\"name\":\"SV-51-44-CA | R\u0119czne pakowanie pr\u00f3\u017cniowe | Saccardo\",\"isPartOf\":{\"@id\":\"https:\\\/\\\/saccardo.com\\\/#website\"},\"primaryImageOfPage\":{\"@id\":\"https:\\\/\\\/saccardo.com\\\/pl\\\/prodotto\\\/sv-51-44-ca\\\/#primaryimage\"},\"image\":{\"@id\":\"https:\\\/\\\/saccardo.com\\\/pl\\\/prodotto\\\/sv-51-44-ca\\\/#primaryimage\"},\"thumbnailUrl\":\"https:\\\/\\\/saccardo.com\\\/wp-content\\\/uploads\\\/2025\\\/10\\\/Sacc-SV-51-44-CA-img.png\",\"datePublished\":\"2025-10-15T12:12:36+00:00\",\"description\":\"SV-51-44-CA Saccardo: profesjonalna maszyna do r\u0119cznego pakowania pr\u00f3\u017cniowego. Niezawodna technologia przemys\u0142owa dla przemys\u0142u spo\u017cywczego.\",\"breadcrumb\":{\"@id\":\"https:\\\/\\\/saccardo.com\\\/pl\\\/prodotto\\\/sv-51-44-ca\\\/#breadcrumb\"},\"inLanguage\":\"pl-PL\",\"potentialAction\":[{\"@type\":\"ReadAction\",\"target\":[\"https:\\\/\\\/saccardo.com\\\/pl\\\/prodotto\\\/sv-51-44-ca\\\/\"]}]},{\"@type\":\"ImageObject\",\"inLanguage\":\"pl-PL\",\"@id\":\"https:\\\/\\\/saccardo.com\\\/pl\\\/prodotto\\\/sv-51-44-ca\\\/#primaryimage\",\"url\":\"https:\\\/\\\/saccardo.com\\\/wp-content\\\/uploads\\\/2025\\\/10\\\/Sacc-SV-51-44-CA-img.png\",\"contentUrl\":\"https:\\\/\\\/saccardo.com\\\/wp-content\\\/uploads\\\/2025\\\/10\\\/Sacc-SV-51-44-CA-img.png\",\"width\":800,\"height\":500},{\"@type\":\"BreadcrumbList\",\"@id\":\"https:\\\/\\\/saccardo.com\\\/pl\\\/prodotto\\\/sv-51-44-ca\\\/#breadcrumb\",\"itemListElement\":[{\"@type\":\"ListItem\",\"position\":1,\"name\":\"Home\",\"item\":\"https:\\\/\\\/saccardo.com\\\/pl\\\/\"},{\"@type\":\"ListItem\",\"position\":2,\"name\":\"Nasze rozwi\u0105zania:aby sprosta\u0107 ka\u017cdemu zapytaniu, aby zaspokoi\u0107 ka\u017cd\u0105 potrzeb\u0119\",\"item\":\"https:\\\/\\\/saccardo.com\\\/pl\\\/nasze-rozwiazaniaaby\\\/\"},{\"@type\":\"ListItem\",\"position\":3,\"name\":\"SV-51- 44-CA\"}]},{\"@type\":\"WebSite\",\"@id\":\"https:\\\/\\\/saccardo.com\\\/#website\",\"url\":\"https:\\\/\\\/saccardo.com\\\/\",\"name\":\"Saccardo\",\"description\":\"\",\"publisher\":{\"@id\":\"https:\\\/\\\/saccardo.com\\\/#organization\"},\"potentialAction\":[{\"@type\":\"SearchAction\",\"target\":{\"@type\":\"EntryPoint\",\"urlTemplate\":\"https:\\\/\\\/saccardo.com\\\/?s={search_term_string}\"},\"query-input\":{\"@type\":\"PropertyValueSpecification\",\"valueRequired\":true,\"valueName\":\"search_term_string\"}}],\"inLanguage\":\"pl-PL\"},{\"@type\":\"Organization\",\"@id\":\"https:\\\/\\\/saccardo.com\\\/#organization\",\"name\":\"Saccardo Arturo Figli Srl\",\"url\":\"https:\\\/\\\/saccardo.com\\\/\",\"logo\":{\"@type\":\"ImageObject\",\"inLanguage\":\"pl-PL\",\"@id\":\"https:\\\/\\\/saccardo.com\\\/#\\\/schema\\\/logo\\\/image\\\/\",\"url\":\"https:\\\/\\\/saccardo.com\\\/wp-content\\\/uploads\\\/2023\\\/09\\\/logo-saccardo.svg\",\"contentUrl\":\"https:\\\/\\\/saccardo.com\\\/wp-content\\\/uploads\\\/2023\\\/09\\\/logo-saccardo.svg\",\"width\":\"1024\",\"height\":\"1024\",\"caption\":\"Saccardo Arturo Figli Srl\"},\"image\":{\"@id\":\"https:\\\/\\\/saccardo.com\\\/#\\\/schema\\\/logo\\\/image\\\/\"}}]}<\/script>\n<!-- \/ Yoast SEO plugin. -->","yoast_head_json":{"title":"SV-51-44-CA | R\u0119czne pakowanie pr\u00f3\u017cniowe | Saccardo","description":"SV-51-44-CA Saccardo: profesjonalna maszyna do r\u0119cznego pakowania pr\u00f3\u017cniowego. Niezawodna technologia przemys\u0142owa dla przemys\u0142u spo\u017cywczego.","robots":{"index":"index","follow":"follow","max-snippet":"max-snippet:-1","max-image-preview":"max-image-preview:large","max-video-preview":"max-video-preview:-1"},"canonical":"https:\/\/saccardo.com\/pl\/prodotto\/sv-51-44-ca\/","og_locale":"pl_PL","og_type":"article","og_title":"SV-51-44-CA | R\u0119czne pakowanie pr\u00f3\u017cniowe | Saccardo","og_description":"SV-51-44-CA Saccardo: profesjonalna maszyna do r\u0119cznego pakowania pr\u00f3\u017cniowego. Niezawodna technologia przemys\u0142owa dla przemys\u0142u spo\u017cywczego.","og_url":"https:\/\/saccardo.com\/pl\/prodotto\/sv-51-44-ca\/","og_site_name":"Saccardo","og_image":[{"width":800,"height":500,"url":"https:\/\/saccardo.com\/wp-content\/uploads\/2025\/10\/Sacc-SV-51-44-CA-img.png","type":"image\/png"}],"twitter_card":"summary_large_image","twitter_misc":{"Szacowany czas czytania":"1 minuta"},"schema":{"@context":"https:\/\/schema.org","@graph":[{"@type":"WebPage","@id":"https:\/\/saccardo.com\/pl\/prodotto\/sv-51-44-ca\/","url":"https:\/\/saccardo.com\/pl\/prodotto\/sv-51-44-ca\/","name":"SV-51-44-CA | R\u0119czne pakowanie pr\u00f3\u017cniowe | Saccardo","isPartOf":{"@id":"https:\/\/saccardo.com\/#website"},"primaryImageOfPage":{"@id":"https:\/\/saccardo.com\/pl\/prodotto\/sv-51-44-ca\/#primaryimage"},"image":{"@id":"https:\/\/saccardo.com\/pl\/prodotto\/sv-51-44-ca\/#primaryimage"},"thumbnailUrl":"https:\/\/saccardo.com\/wp-content\/uploads\/2025\/10\/Sacc-SV-51-44-CA-img.png","datePublished":"2025-10-15T12:12:36+00:00","description":"SV-51-44-CA Saccardo: profesjonalna maszyna do r\u0119cznego pakowania pr\u00f3\u017cniowego. Niezawodna technologia przemys\u0142owa dla przemys\u0142u spo\u017cywczego.","breadcrumb":{"@id":"https:\/\/saccardo.com\/pl\/prodotto\/sv-51-44-ca\/#breadcrumb"},"inLanguage":"pl-PL","potentialAction":[{"@type":"ReadAction","target":["https:\/\/saccardo.com\/pl\/prodotto\/sv-51-44-ca\/"]}]},{"@type":"ImageObject","inLanguage":"pl-PL","@id":"https:\/\/saccardo.com\/pl\/prodotto\/sv-51-44-ca\/#primaryimage","url":"https:\/\/saccardo.com\/wp-content\/uploads\/2025\/10\/Sacc-SV-51-44-CA-img.png","contentUrl":"https:\/\/saccardo.com\/wp-content\/uploads\/2025\/10\/Sacc-SV-51-44-CA-img.png","width":800,"height":500},{"@type":"BreadcrumbList","@id":"https:\/\/saccardo.com\/pl\/prodotto\/sv-51-44-ca\/#breadcrumb","itemListElement":[{"@type":"ListItem","position":1,"name":"Home","item":"https:\/\/saccardo.com\/pl\/"},{"@type":"ListItem","position":2,"name":"Nasze rozwi\u0105zania:aby sprosta\u0107 ka\u017cdemu zapytaniu, aby zaspokoi\u0107 ka\u017cd\u0105 potrzeb\u0119","item":"https:\/\/saccardo.com\/pl\/nasze-rozwiazaniaaby\/"},{"@type":"ListItem","position":3,"name":"SV-51- 44-CA"}]},{"@type":"WebSite","@id":"https:\/\/saccardo.com\/#website","url":"https:\/\/saccardo.com\/","name":"Saccardo","description":"","publisher":{"@id":"https:\/\/saccardo.com\/#organization"},"potentialAction":[{"@type":"SearchAction","target":{"@type":"EntryPoint","urlTemplate":"https:\/\/saccardo.com\/?s={search_term_string}"},"query-input":{"@type":"PropertyValueSpecification","valueRequired":true,"valueName":"search_term_string"}}],"inLanguage":"pl-PL"},{"@type":"Organization","@id":"https:\/\/saccardo.com\/#organization","name":"Saccardo Arturo Figli Srl","url":"https:\/\/saccardo.com\/","logo":{"@type":"ImageObject","inLanguage":"pl-PL","@id":"https:\/\/saccardo.com\/#\/schema\/logo\/image\/","url":"https:\/\/saccardo.com\/wp-content\/uploads\/2023\/09\/logo-saccardo.svg","contentUrl":"https:\/\/saccardo.com\/wp-content\/uploads\/2023\/09\/logo-saccardo.svg","width":"1024","height":"1024","caption":"Saccardo Arturo Figli Srl"},"image":{"@id":"https:\/\/saccardo.com\/#\/schema\/logo\/image\/"}}]}},"_links":{"self":[{"href":"https:\/\/saccardo.com\/pl\/wp-json\/wp\/v2\/product\/2780","targetHints":{"allow":["GET"]}}],"collection":[{"href":"https:\/\/saccardo.com\/pl\/wp-json\/wp\/v2\/product"}],"about":[{"href":"https:\/\/saccardo.com\/pl\/wp-json\/wp\/v2\/types\/product"}],"replies":[{"embeddable":true,"href":"https:\/\/saccardo.com\/pl\/wp-json\/wp\/v2\/comments?post=2780"}],"wp:featuredmedia":[{"embeddable":true,"href":"https:\/\/saccardo.com\/pl\/wp-json\/wp\/v2\/media\/2782"}],"wp:attachment":[{"href":"https:\/\/saccardo.com\/pl\/wp-json\/wp\/v2\/media?parent=2780"}],"wp:term":[{"taxonomy":"settore-di-applicazione","embeddable":true,"href":"https:\/\/saccardo.com\/pl\/wp-json\/wp\/v2\/settore-di-applicazione?post=2780"},{"taxonomy":"soluzione","embeddable":true,"href":"https:\/\/saccardo.com\/pl\/wp-json\/wp\/v2\/soluzione?post=2780"},{"taxonomy":"product_brand","embeddable":true,"href":"https:\/\/saccardo.com\/pl\/wp-json\/wp\/v2\/product_brand?post=2780"},{"taxonomy":"product_cat","embeddable":true,"href":"https:\/\/saccardo.com\/pl\/wp-json\/wp\/v2\/product_cat?post=2780"},{"taxonomy":"product_tag","embeddable":true,"href":"https:\/\/saccardo.com\/pl\/wp-json\/wp\/v2\/product_tag?post=2780"}],"curies":[{"name":"wp","href":"https:\/\/api.w.org\/{rel}","templated":true}]}}