{"id":2776,"date":"2025-10-15T10:15:50","date_gmt":"2025-10-15T10:15:50","guid":{"rendered":"https:\/\/saccardo.com\/prodotto\/sv-40-52-b\/"},"modified":"2025-10-15T10:15:50","modified_gmt":"2025-10-15T10:15:50","slug":"sv-40-52-b","status":"publish","type":"product","link":"https:\/\/saccardo.com\/pl\/prodotto\/sv-40-52-b\/","title":{"rendered":"SV-40-52-B"},"content":{"rendered":"<p>R\u0119czna pakowarka pr\u00f3\u017cniowa z pojedyncz\u0105 komor\u0105 <span style=\"font-weight: 400;\"><b>SV-40-52-B<\/b><\/span> firmy Saccardo z serii <b>CELO-SACC<\/b><span style=\"font-weight: 400;\"> Jest to urz\u0105dzenie sto\u0142owe, zaprojektowane z my\u015bl\u0105 o praktycznym i niezawodnym u\u017cytkowaniu w miejscach pracy, gdzie wymagana jest kompaktowo\u015b\u0107 i \u0142atwo\u015b\u0107 obs\u0142ugi. Konstrukcja no\u015bna, w ca\u0142o\u015bci wykonana ze stali nierdzewnej, zapewnia solidno\u015b\u0107 i higien\u0119, a sta\u0142e n\u00f3\u017cki umo\u017cliwiaj\u0105 wygodny monta\u017c na sto\u0142ach lub blatach roboczych. <\/span><\/p>\n<p><span style=\"font-weight: 400;\">Przezroczysta pokrywa z pleksiglasu pozwala w ka\u017cdej chwili \u015bledzi\u0107 przebieg cyklu pr\u00f3\u017cniowego, zapewniaj\u0105c kontrol\u0119 wzrokow\u0105 i bezpiecze\u0144stwo podczas u\u017cytkowania. Panel sterowania, o funkcjonalnym i intuicyjnym wygl\u0105dzie, wyposa\u017cony jest zar\u00f3wno w prze\u0142\u0105czniki cyfrowe, jak i r\u0119czne, co sprawia, \u017ce regulacja parametr\u00f3w jest prosta i intuicyjna. <\/span><\/p>\n<p><span style=\"font-weight: 400;\">Dzi\u0119ki starannemu wykonaniu, precyzyjnym powierzchniom, idealnie dopasowanym elementom i \u0142atwo\u015bci czyszczenia, r\u0119czna pakowarka pr\u00f3\u017cniowa SV-40-52-B firmy Saccardo \u0142\u0105czy w sobie wytrzyma\u0142o\u015b\u0107, praktyczno\u015b\u0107 i higien\u0119, zapewniaj\u0105c skuteczne pakowanie pr\u00f3\u017cniowe nawet w ograniczonej przestrzeni.<\/span><\/p>\n","protected":false},"excerpt":{"rendered":"<p>R\u0119czna pakowarka pr\u00f3\u017cniowa z pojedyncz\u0105 komor\u0105 SV-40-52-B firmy Saccardo z serii CELO-SACC Jest to urz\u0105dzenie sto\u0142owe, zaprojektowane z my\u015bl\u0105 o praktycznym i niezawodnym u\u017cytkowaniu w miejscach pracy, gdzie wymagana jest kompaktowo\u015b\u0107 i \u0142atwo\u015b\u0107 obs\u0142ugi. Konstrukcja no\u015bna, w ca\u0142o\u015bci wykonana ze stali nierdzewnej, zapewnia solidno\u015b\u0107 i higien\u0119, a sta\u0142e n\u00f3\u017cki umo\u017cliwiaj\u0105 wygodny monta\u017c na sto\u0142ach lub [&hellip;]<\/p>\n","protected":false},"featured_media":2778,"comment_status":"open","ping_status":"closed","template":"","meta":{"_et_pb_use_builder":"","_et_pb_old_content":"","_et_gb_content_width":""},"settore-di-applicazione":[],"soluzione":[],"product_brand":[],"product_cat":[781],"product_tag":[],"class_list":{"0":"post-2776","1":"product","2":"type-product","3":"status-publish","4":"has-post-thumbnail","6":"product_cat-reczne-pakowanie-prozniowe","7":"pa_distanza-tra-le-barre-435-mm","8":"pa_nr-barre-saldanti-2-rownolegle","9":"pa_peso-ok-85-kg","11":"first","12":"instock","13":"shipping-taxable","14":"product-type-simple"},"acf":[],"yoast_head":"<!-- This site is optimized with the Yoast SEO plugin v27.4 - https:\/\/yoast.com\/product\/yoast-seo-wordpress\/ -->\n<title>SV-40-52-B | R\u0119czne pakowanie pr\u00f3\u017cniowe | Saccardo<\/title>\n<meta name=\"description\" content=\"SV-40-52-B Saccardo: profesjonalna maszyna do r\u0119cznego pakowania pr\u00f3\u017cniowego. Niezawodna technologia przemys\u0142owa dla przemys\u0142u spo\u017cywczego.\" \/>\n<meta name=\"robots\" content=\"index, follow, max-snippet:-1, max-image-preview:large, max-video-preview:-1\" \/>\n<link rel=\"canonical\" href=\"https:\/\/saccardo.com\/pl\/prodotto\/sv-40-52-b\/\" \/>\n<meta property=\"og:locale\" content=\"pl_PL\" \/>\n<meta property=\"og:type\" content=\"article\" \/>\n<meta property=\"og:title\" content=\"SV-40-52-B | R\u0119czne pakowanie pr\u00f3\u017cniowe | Saccardo\" \/>\n<meta property=\"og:description\" content=\"SV-40-52-B Saccardo: profesjonalna maszyna do r\u0119cznego pakowania pr\u00f3\u017cniowego. Niezawodna technologia przemys\u0142owa dla przemys\u0142u spo\u017cywczego.\" \/>\n<meta property=\"og:url\" content=\"https:\/\/saccardo.com\/pl\/prodotto\/sv-40-52-b\/\" \/>\n<meta property=\"og:site_name\" content=\"Saccardo\" \/>\n<meta property=\"og:image\" content=\"https:\/\/saccardo.com\/wp-content\/uploads\/2025\/10\/SV-40-52-B-img-cut.png\" \/>\n\t<meta property=\"og:image:width\" content=\"800\" \/>\n\t<meta property=\"og:image:height\" content=\"500\" \/>\n\t<meta property=\"og:image:type\" content=\"image\/png\" \/>\n<meta name=\"twitter:card\" content=\"summary_large_image\" \/>\n<meta name=\"twitter:label1\" content=\"Szacowany czas czytania\" \/>\n\t<meta name=\"twitter:data1\" content=\"1 minuta\" \/>\n<script type=\"application\/ld+json\" class=\"yoast-schema-graph\">{\"@context\":\"https:\\\/\\\/schema.org\",\"@graph\":[{\"@type\":\"WebPage\",\"@id\":\"https:\\\/\\\/saccardo.com\\\/pl\\\/prodotto\\\/sv-40-52-b\\\/\",\"url\":\"https:\\\/\\\/saccardo.com\\\/pl\\\/prodotto\\\/sv-40-52-b\\\/\",\"name\":\"SV-40-52-B | R\u0119czne pakowanie pr\u00f3\u017cniowe | Saccardo\",\"isPartOf\":{\"@id\":\"https:\\\/\\\/saccardo.com\\\/#website\"},\"primaryImageOfPage\":{\"@id\":\"https:\\\/\\\/saccardo.com\\\/pl\\\/prodotto\\\/sv-40-52-b\\\/#primaryimage\"},\"image\":{\"@id\":\"https:\\\/\\\/saccardo.com\\\/pl\\\/prodotto\\\/sv-40-52-b\\\/#primaryimage\"},\"thumbnailUrl\":\"https:\\\/\\\/saccardo.com\\\/wp-content\\\/uploads\\\/2025\\\/10\\\/SV-40-52-B-img-cut.png\",\"datePublished\":\"2025-10-15T10:15:50+00:00\",\"description\":\"SV-40-52-B Saccardo: profesjonalna maszyna do r\u0119cznego pakowania pr\u00f3\u017cniowego. Niezawodna technologia przemys\u0142owa dla przemys\u0142u spo\u017cywczego.\",\"breadcrumb\":{\"@id\":\"https:\\\/\\\/saccardo.com\\\/pl\\\/prodotto\\\/sv-40-52-b\\\/#breadcrumb\"},\"inLanguage\":\"pl-PL\",\"potentialAction\":[{\"@type\":\"ReadAction\",\"target\":[\"https:\\\/\\\/saccardo.com\\\/pl\\\/prodotto\\\/sv-40-52-b\\\/\"]}]},{\"@type\":\"ImageObject\",\"inLanguage\":\"pl-PL\",\"@id\":\"https:\\\/\\\/saccardo.com\\\/pl\\\/prodotto\\\/sv-40-52-b\\\/#primaryimage\",\"url\":\"https:\\\/\\\/saccardo.com\\\/wp-content\\\/uploads\\\/2025\\\/10\\\/SV-40-52-B-img-cut.png\",\"contentUrl\":\"https:\\\/\\\/saccardo.com\\\/wp-content\\\/uploads\\\/2025\\\/10\\\/SV-40-52-B-img-cut.png\",\"width\":800,\"height\":500},{\"@type\":\"BreadcrumbList\",\"@id\":\"https:\\\/\\\/saccardo.com\\\/pl\\\/prodotto\\\/sv-40-52-b\\\/#breadcrumb\",\"itemListElement\":[{\"@type\":\"ListItem\",\"position\":1,\"name\":\"Home\",\"item\":\"https:\\\/\\\/saccardo.com\\\/pl\\\/\"},{\"@type\":\"ListItem\",\"position\":2,\"name\":\"Nasze rozwi\u0105zania:aby sprosta\u0107 ka\u017cdemu zapytaniu, aby zaspokoi\u0107 ka\u017cd\u0105 potrzeb\u0119\",\"item\":\"https:\\\/\\\/saccardo.com\\\/pl\\\/nasze-rozwiazaniaaby\\\/\"},{\"@type\":\"ListItem\",\"position\":3,\"name\":\"SV-40-52-B\"}]},{\"@type\":\"WebSite\",\"@id\":\"https:\\\/\\\/saccardo.com\\\/#website\",\"url\":\"https:\\\/\\\/saccardo.com\\\/\",\"name\":\"Saccardo\",\"description\":\"\",\"publisher\":{\"@id\":\"https:\\\/\\\/saccardo.com\\\/#organization\"},\"potentialAction\":[{\"@type\":\"SearchAction\",\"target\":{\"@type\":\"EntryPoint\",\"urlTemplate\":\"https:\\\/\\\/saccardo.com\\\/?s={search_term_string}\"},\"query-input\":{\"@type\":\"PropertyValueSpecification\",\"valueRequired\":true,\"valueName\":\"search_term_string\"}}],\"inLanguage\":\"pl-PL\"},{\"@type\":\"Organization\",\"@id\":\"https:\\\/\\\/saccardo.com\\\/#organization\",\"name\":\"Saccardo Arturo Figli Srl\",\"url\":\"https:\\\/\\\/saccardo.com\\\/\",\"logo\":{\"@type\":\"ImageObject\",\"inLanguage\":\"pl-PL\",\"@id\":\"https:\\\/\\\/saccardo.com\\\/#\\\/schema\\\/logo\\\/image\\\/\",\"url\":\"https:\\\/\\\/saccardo.com\\\/wp-content\\\/uploads\\\/2023\\\/09\\\/logo-saccardo.svg\",\"contentUrl\":\"https:\\\/\\\/saccardo.com\\\/wp-content\\\/uploads\\\/2023\\\/09\\\/logo-saccardo.svg\",\"width\":\"1024\",\"height\":\"1024\",\"caption\":\"Saccardo Arturo Figli Srl\"},\"image\":{\"@id\":\"https:\\\/\\\/saccardo.com\\\/#\\\/schema\\\/logo\\\/image\\\/\"}}]}<\/script>\n<!-- \/ Yoast SEO plugin. -->","yoast_head_json":{"title":"SV-40-52-B | R\u0119czne pakowanie pr\u00f3\u017cniowe | Saccardo","description":"SV-40-52-B Saccardo: profesjonalna maszyna do r\u0119cznego pakowania pr\u00f3\u017cniowego. Niezawodna technologia przemys\u0142owa dla przemys\u0142u spo\u017cywczego.","robots":{"index":"index","follow":"follow","max-snippet":"max-snippet:-1","max-image-preview":"max-image-preview:large","max-video-preview":"max-video-preview:-1"},"canonical":"https:\/\/saccardo.com\/pl\/prodotto\/sv-40-52-b\/","og_locale":"pl_PL","og_type":"article","og_title":"SV-40-52-B | R\u0119czne pakowanie pr\u00f3\u017cniowe | Saccardo","og_description":"SV-40-52-B Saccardo: profesjonalna maszyna do r\u0119cznego pakowania pr\u00f3\u017cniowego. Niezawodna technologia przemys\u0142owa dla przemys\u0142u spo\u017cywczego.","og_url":"https:\/\/saccardo.com\/pl\/prodotto\/sv-40-52-b\/","og_site_name":"Saccardo","og_image":[{"width":800,"height":500,"url":"https:\/\/saccardo.com\/wp-content\/uploads\/2025\/10\/SV-40-52-B-img-cut.png","type":"image\/png"}],"twitter_card":"summary_large_image","twitter_misc":{"Szacowany czas czytania":"1 minuta"},"schema":{"@context":"https:\/\/schema.org","@graph":[{"@type":"WebPage","@id":"https:\/\/saccardo.com\/pl\/prodotto\/sv-40-52-b\/","url":"https:\/\/saccardo.com\/pl\/prodotto\/sv-40-52-b\/","name":"SV-40-52-B | R\u0119czne pakowanie pr\u00f3\u017cniowe | Saccardo","isPartOf":{"@id":"https:\/\/saccardo.com\/#website"},"primaryImageOfPage":{"@id":"https:\/\/saccardo.com\/pl\/prodotto\/sv-40-52-b\/#primaryimage"},"image":{"@id":"https:\/\/saccardo.com\/pl\/prodotto\/sv-40-52-b\/#primaryimage"},"thumbnailUrl":"https:\/\/saccardo.com\/wp-content\/uploads\/2025\/10\/SV-40-52-B-img-cut.png","datePublished":"2025-10-15T10:15:50+00:00","description":"SV-40-52-B Saccardo: profesjonalna maszyna do r\u0119cznego pakowania pr\u00f3\u017cniowego. Niezawodna technologia przemys\u0142owa dla przemys\u0142u spo\u017cywczego.","breadcrumb":{"@id":"https:\/\/saccardo.com\/pl\/prodotto\/sv-40-52-b\/#breadcrumb"},"inLanguage":"pl-PL","potentialAction":[{"@type":"ReadAction","target":["https:\/\/saccardo.com\/pl\/prodotto\/sv-40-52-b\/"]}]},{"@type":"ImageObject","inLanguage":"pl-PL","@id":"https:\/\/saccardo.com\/pl\/prodotto\/sv-40-52-b\/#primaryimage","url":"https:\/\/saccardo.com\/wp-content\/uploads\/2025\/10\/SV-40-52-B-img-cut.png","contentUrl":"https:\/\/saccardo.com\/wp-content\/uploads\/2025\/10\/SV-40-52-B-img-cut.png","width":800,"height":500},{"@type":"BreadcrumbList","@id":"https:\/\/saccardo.com\/pl\/prodotto\/sv-40-52-b\/#breadcrumb","itemListElement":[{"@type":"ListItem","position":1,"name":"Home","item":"https:\/\/saccardo.com\/pl\/"},{"@type":"ListItem","position":2,"name":"Nasze rozwi\u0105zania:aby sprosta\u0107 ka\u017cdemu zapytaniu, aby zaspokoi\u0107 ka\u017cd\u0105 potrzeb\u0119","item":"https:\/\/saccardo.com\/pl\/nasze-rozwiazaniaaby\/"},{"@type":"ListItem","position":3,"name":"SV-40-52-B"}]},{"@type":"WebSite","@id":"https:\/\/saccardo.com\/#website","url":"https:\/\/saccardo.com\/","name":"Saccardo","description":"","publisher":{"@id":"https:\/\/saccardo.com\/#organization"},"potentialAction":[{"@type":"SearchAction","target":{"@type":"EntryPoint","urlTemplate":"https:\/\/saccardo.com\/?s={search_term_string}"},"query-input":{"@type":"PropertyValueSpecification","valueRequired":true,"valueName":"search_term_string"}}],"inLanguage":"pl-PL"},{"@type":"Organization","@id":"https:\/\/saccardo.com\/#organization","name":"Saccardo Arturo Figli Srl","url":"https:\/\/saccardo.com\/","logo":{"@type":"ImageObject","inLanguage":"pl-PL","@id":"https:\/\/saccardo.com\/#\/schema\/logo\/image\/","url":"https:\/\/saccardo.com\/wp-content\/uploads\/2023\/09\/logo-saccardo.svg","contentUrl":"https:\/\/saccardo.com\/wp-content\/uploads\/2023\/09\/logo-saccardo.svg","width":"1024","height":"1024","caption":"Saccardo Arturo Figli Srl"},"image":{"@id":"https:\/\/saccardo.com\/#\/schema\/logo\/image\/"}}]}},"_links":{"self":[{"href":"https:\/\/saccardo.com\/pl\/wp-json\/wp\/v2\/product\/2776","targetHints":{"allow":["GET"]}}],"collection":[{"href":"https:\/\/saccardo.com\/pl\/wp-json\/wp\/v2\/product"}],"about":[{"href":"https:\/\/saccardo.com\/pl\/wp-json\/wp\/v2\/types\/product"}],"replies":[{"embeddable":true,"href":"https:\/\/saccardo.com\/pl\/wp-json\/wp\/v2\/comments?post=2776"}],"wp:featuredmedia":[{"embeddable":true,"href":"https:\/\/saccardo.com\/pl\/wp-json\/wp\/v2\/media\/2778"}],"wp:attachment":[{"href":"https:\/\/saccardo.com\/pl\/wp-json\/wp\/v2\/media?parent=2776"}],"wp:term":[{"taxonomy":"settore-di-applicazione","embeddable":true,"href":"https:\/\/saccardo.com\/pl\/wp-json\/wp\/v2\/settore-di-applicazione?post=2776"},{"taxonomy":"soluzione","embeddable":true,"href":"https:\/\/saccardo.com\/pl\/wp-json\/wp\/v2\/soluzione?post=2776"},{"taxonomy":"product_brand","embeddable":true,"href":"https:\/\/saccardo.com\/pl\/wp-json\/wp\/v2\/product_brand?post=2776"},{"taxonomy":"product_cat","embeddable":true,"href":"https:\/\/saccardo.com\/pl\/wp-json\/wp\/v2\/product_cat?post=2776"},{"taxonomy":"product_tag","embeddable":true,"href":"https:\/\/saccardo.com\/pl\/wp-json\/wp\/v2\/product_tag?post=2776"}],"curies":[{"name":"wp","href":"https:\/\/api.w.org\/{rel}","templated":true}]}}