{"id":2774,"date":"2025-10-15T14:24:31","date_gmt":"2025-10-15T14:24:31","guid":{"rendered":"https:\/\/saccardo.com\/prodotto\/vect-60-80\/"},"modified":"2025-10-15T14:24:31","modified_gmt":"2025-10-15T14:24:31","slug":"vect-60-80","status":"publish","type":"product","link":"https:\/\/saccardo.com\/pl\/prodotto\/vect-60-80\/","title":{"rendered":"VECT 60-80"},"content":{"rendered":"<p>Proces termokurczliwo\u015bci stanowi etap, kt\u00f3ry uzupe\u0142nia i wzbogaca proces pakowania pr\u00f3\u017cniowego:<\/p>\n<ul>\n<li>poprawiaj\u0105c wygl\u0105d opakowania;<\/li>\n<li>zwi\u0119kszaj\u0105c ochron\u0119 produktu;<\/li>\n<li>przed\u0142u\u017caj\u0105c okres przydatno\u015bci do spo\u017cycia.<\/li>\n<\/ul>\n<p>Wanna do obkurczania folii <b>VECT 60-80<\/b> firmy Saccardo to idealne rozwi\u0105zanie r\u0119czne do produkcji ma\u0142ych partii. Jest \u0142atwa w obs\u0142udze i niezawodna w d\u0142ugotrwa\u0142ej eksploatacji, umo\u017cliwiaj\u0105c uzyskanie r\u00f3wnomiernego obkurczania przy minimalnym nak\u0142adzie pracy. <\/p>\n<p>Za\u0142adunek i roz\u0142adunek produkt\u00f3w odbywa si\u0119 r\u0119cznie, natomiast cykl obkurczania uruchamia si\u0119 za pomoc\u0105 specjalnego przycisku: opuszczanie i podnoszenie przeno\u015bnika rolkowego odbywa si\u0119 automatycznie, co u\u0142atwia obs\u0142ug\u0119 i zapewnia jednolito\u015b\u0107 procesu.<\/p>\n<p>Konstrukcja, w ca\u0142o\u015bci wykonana ze stali nierdzewnej, zapewnia solidno\u015b\u0107 i wytrzyma\u0142o\u015b\u0107, natomiast przeno\u015bnik zanurzeniowy i wspornik s\u0105 wykonane z materia\u0142\u00f3w, kt\u00f3re nie wp\u0142ywaj\u0105 negatywnie na produkt, nawet w warunkach wysokich temperatur.<\/p>\n","protected":false},"excerpt":{"rendered":"<p>Proces termokurczliwo\u015bci stanowi etap, kt\u00f3ry uzupe\u0142nia i wzbogaca proces pakowania pr\u00f3\u017cniowego: poprawiaj\u0105c wygl\u0105d opakowania; zwi\u0119kszaj\u0105c ochron\u0119 produktu; przed\u0142u\u017caj\u0105c okres przydatno\u015bci do spo\u017cycia. Wanna do obkurczania folii VECT 60-80 firmy Saccardo to idealne rozwi\u0105zanie r\u0119czne do produkcji ma\u0142ych partii. Jest \u0142atwa w obs\u0142udze i niezawodna w d\u0142ugotrwa\u0142ej eksploatacji, umo\u017cliwiaj\u0105c uzyskanie r\u00f3wnomiernego obkurczania przy minimalnym nak\u0142adzie pracy. [&hellip;]<\/p>\n","protected":false},"featured_media":2772,"comment_status":"open","ping_status":"closed","template":"","meta":{"_et_pb_use_builder":"","_et_pb_old_content":"","_et_gb_content_width":""},"settore-di-applicazione":[],"soluzione":[],"product_brand":[],"product_cat":[773],"product_tag":[],"class_list":{"0":"post-2774","1":"product","2":"type-product","3":"status-publish","4":"has-post-thumbnail","6":"product_cat-tunel-do-obkurczania-chlodzenia-i-suszenia","7":"pa_dim-rulliera-di-immersione-600-x-800-mm","8":"pa_dimensioni-di-ingombro-930-x-850-x-1240-wys-mm","9":"pa_peso-ok-150-kg","11":"first","12":"instock","13":"shipping-taxable","14":"product-type-simple"},"acf":[],"yoast_head":"<!-- This site is optimized with the Yoast SEO plugin v27.4 - https:\/\/yoast.com\/product\/yoast-seo-wordpress\/ -->\n<title>VECT 60-80 | Tunel do obkurczania, ch\u0142odzenia i suszenia | Saccardo<\/title>\n<meta name=\"description\" content=\"VECT 60-80 Saccardo: urz\u0105dzenie do tunelu termokurczliwego, ch\u0142odzenia i suszenia. Sta\u0142a wydajno\u015b\u0107, kontrola procesu i jako\u015b\u0107 pakowania.\" \/>\n<meta name=\"robots\" content=\"index, follow, max-snippet:-1, max-image-preview:large, max-video-preview:-1\" \/>\n<link rel=\"canonical\" href=\"https:\/\/saccardo.com\/pl\/prodotto\/vect-60-80\/\" \/>\n<meta property=\"og:locale\" content=\"pl_PL\" \/>\n<meta property=\"og:type\" content=\"article\" \/>\n<meta property=\"og:title\" content=\"VECT 60-80 | Tunel do obkurczania, ch\u0142odzenia i suszenia | Saccardo\" \/>\n<meta property=\"og:description\" content=\"VECT 60-80 Saccardo: urz\u0105dzenie do tunelu termokurczliwego, ch\u0142odzenia i suszenia. Sta\u0142a wydajno\u015b\u0107, kontrola procesu i jako\u015b\u0107 pakowania.\" \/>\n<meta property=\"og:url\" content=\"https:\/\/saccardo.com\/pl\/prodotto\/vect-60-80\/\" \/>\n<meta property=\"og:site_name\" content=\"Saccardo\" \/>\n<meta property=\"og:image\" content=\"https:\/\/saccardo.com\/wp-content\/uploads\/2025\/10\/VECT-45-60-img-cut.png\" \/>\n\t<meta property=\"og:image:width\" content=\"800\" \/>\n\t<meta property=\"og:image:height\" content=\"500\" \/>\n\t<meta property=\"og:image:type\" content=\"image\/png\" \/>\n<meta name=\"twitter:card\" content=\"summary_large_image\" \/>\n<meta name=\"twitter:label1\" content=\"Szacowany czas czytania\" \/>\n\t<meta name=\"twitter:data1\" content=\"1 minuta\" \/>\n<script type=\"application\/ld+json\" class=\"yoast-schema-graph\">{\"@context\":\"https:\\\/\\\/schema.org\",\"@graph\":[{\"@type\":\"WebPage\",\"@id\":\"https:\\\/\\\/saccardo.com\\\/pl\\\/prodotto\\\/vect-60-80\\\/\",\"url\":\"https:\\\/\\\/saccardo.com\\\/pl\\\/prodotto\\\/vect-60-80\\\/\",\"name\":\"VECT 60-80 | Tunel do obkurczania, ch\u0142odzenia i suszenia | Saccardo\",\"isPartOf\":{\"@id\":\"https:\\\/\\\/saccardo.com\\\/#website\"},\"primaryImageOfPage\":{\"@id\":\"https:\\\/\\\/saccardo.com\\\/pl\\\/prodotto\\\/vect-60-80\\\/#primaryimage\"},\"image\":{\"@id\":\"https:\\\/\\\/saccardo.com\\\/pl\\\/prodotto\\\/vect-60-80\\\/#primaryimage\"},\"thumbnailUrl\":\"https:\\\/\\\/saccardo.com\\\/wp-content\\\/uploads\\\/2025\\\/10\\\/VECT-45-60-img-cut.png\",\"datePublished\":\"2025-10-15T14:24:31+00:00\",\"description\":\"VECT 60-80 Saccardo: urz\u0105dzenie do tunelu termokurczliwego, ch\u0142odzenia i suszenia. Sta\u0142a wydajno\u015b\u0107, kontrola procesu i jako\u015b\u0107 pakowania.\",\"breadcrumb\":{\"@id\":\"https:\\\/\\\/saccardo.com\\\/pl\\\/prodotto\\\/vect-60-80\\\/#breadcrumb\"},\"inLanguage\":\"pl-PL\",\"potentialAction\":[{\"@type\":\"ReadAction\",\"target\":[\"https:\\\/\\\/saccardo.com\\\/pl\\\/prodotto\\\/vect-60-80\\\/\"]}]},{\"@type\":\"ImageObject\",\"inLanguage\":\"pl-PL\",\"@id\":\"https:\\\/\\\/saccardo.com\\\/pl\\\/prodotto\\\/vect-60-80\\\/#primaryimage\",\"url\":\"https:\\\/\\\/saccardo.com\\\/wp-content\\\/uploads\\\/2025\\\/10\\\/VECT-45-60-img-cut.png\",\"contentUrl\":\"https:\\\/\\\/saccardo.com\\\/wp-content\\\/uploads\\\/2025\\\/10\\\/VECT-45-60-img-cut.png\",\"width\":800,\"height\":500},{\"@type\":\"BreadcrumbList\",\"@id\":\"https:\\\/\\\/saccardo.com\\\/pl\\\/prodotto\\\/vect-60-80\\\/#breadcrumb\",\"itemListElement\":[{\"@type\":\"ListItem\",\"position\":1,\"name\":\"Home\",\"item\":\"https:\\\/\\\/saccardo.com\\\/pl\\\/\"},{\"@type\":\"ListItem\",\"position\":2,\"name\":\"Nasze rozwi\u0105zania:aby sprosta\u0107 ka\u017cdemu zapytaniu, aby zaspokoi\u0107 ka\u017cd\u0105 potrzeb\u0119\",\"item\":\"https:\\\/\\\/saccardo.com\\\/pl\\\/nasze-rozwiazaniaaby\\\/\"},{\"@type\":\"ListItem\",\"position\":3,\"name\":\"VECT 60-80\"}]},{\"@type\":\"WebSite\",\"@id\":\"https:\\\/\\\/saccardo.com\\\/#website\",\"url\":\"https:\\\/\\\/saccardo.com\\\/\",\"name\":\"Saccardo\",\"description\":\"\",\"publisher\":{\"@id\":\"https:\\\/\\\/saccardo.com\\\/#organization\"},\"potentialAction\":[{\"@type\":\"SearchAction\",\"target\":{\"@type\":\"EntryPoint\",\"urlTemplate\":\"https:\\\/\\\/saccardo.com\\\/?s={search_term_string}\"},\"query-input\":{\"@type\":\"PropertyValueSpecification\",\"valueRequired\":true,\"valueName\":\"search_term_string\"}}],\"inLanguage\":\"pl-PL\"},{\"@type\":\"Organization\",\"@id\":\"https:\\\/\\\/saccardo.com\\\/#organization\",\"name\":\"Saccardo Arturo Figli Srl\",\"url\":\"https:\\\/\\\/saccardo.com\\\/\",\"logo\":{\"@type\":\"ImageObject\",\"inLanguage\":\"pl-PL\",\"@id\":\"https:\\\/\\\/saccardo.com\\\/#\\\/schema\\\/logo\\\/image\\\/\",\"url\":\"https:\\\/\\\/saccardo.com\\\/wp-content\\\/uploads\\\/2023\\\/09\\\/logo-saccardo.svg\",\"contentUrl\":\"https:\\\/\\\/saccardo.com\\\/wp-content\\\/uploads\\\/2023\\\/09\\\/logo-saccardo.svg\",\"width\":\"1024\",\"height\":\"1024\",\"caption\":\"Saccardo Arturo Figli Srl\"},\"image\":{\"@id\":\"https:\\\/\\\/saccardo.com\\\/#\\\/schema\\\/logo\\\/image\\\/\"}}]}<\/script>\n<!-- \/ Yoast SEO plugin. -->","yoast_head_json":{"title":"VECT 60-80 | Tunel do obkurczania, ch\u0142odzenia i suszenia | Saccardo","description":"VECT 60-80 Saccardo: urz\u0105dzenie do tunelu termokurczliwego, ch\u0142odzenia i suszenia. Sta\u0142a wydajno\u015b\u0107, kontrola procesu i jako\u015b\u0107 pakowania.","robots":{"index":"index","follow":"follow","max-snippet":"max-snippet:-1","max-image-preview":"max-image-preview:large","max-video-preview":"max-video-preview:-1"},"canonical":"https:\/\/saccardo.com\/pl\/prodotto\/vect-60-80\/","og_locale":"pl_PL","og_type":"article","og_title":"VECT 60-80 | Tunel do obkurczania, ch\u0142odzenia i suszenia | Saccardo","og_description":"VECT 60-80 Saccardo: urz\u0105dzenie do tunelu termokurczliwego, ch\u0142odzenia i suszenia. Sta\u0142a wydajno\u015b\u0107, kontrola procesu i jako\u015b\u0107 pakowania.","og_url":"https:\/\/saccardo.com\/pl\/prodotto\/vect-60-80\/","og_site_name":"Saccardo","og_image":[{"width":800,"height":500,"url":"https:\/\/saccardo.com\/wp-content\/uploads\/2025\/10\/VECT-45-60-img-cut.png","type":"image\/png"}],"twitter_card":"summary_large_image","twitter_misc":{"Szacowany czas czytania":"1 minuta"},"schema":{"@context":"https:\/\/schema.org","@graph":[{"@type":"WebPage","@id":"https:\/\/saccardo.com\/pl\/prodotto\/vect-60-80\/","url":"https:\/\/saccardo.com\/pl\/prodotto\/vect-60-80\/","name":"VECT 60-80 | Tunel do obkurczania, ch\u0142odzenia i suszenia | Saccardo","isPartOf":{"@id":"https:\/\/saccardo.com\/#website"},"primaryImageOfPage":{"@id":"https:\/\/saccardo.com\/pl\/prodotto\/vect-60-80\/#primaryimage"},"image":{"@id":"https:\/\/saccardo.com\/pl\/prodotto\/vect-60-80\/#primaryimage"},"thumbnailUrl":"https:\/\/saccardo.com\/wp-content\/uploads\/2025\/10\/VECT-45-60-img-cut.png","datePublished":"2025-10-15T14:24:31+00:00","description":"VECT 60-80 Saccardo: urz\u0105dzenie do tunelu termokurczliwego, ch\u0142odzenia i suszenia. Sta\u0142a wydajno\u015b\u0107, kontrola procesu i jako\u015b\u0107 pakowania.","breadcrumb":{"@id":"https:\/\/saccardo.com\/pl\/prodotto\/vect-60-80\/#breadcrumb"},"inLanguage":"pl-PL","potentialAction":[{"@type":"ReadAction","target":["https:\/\/saccardo.com\/pl\/prodotto\/vect-60-80\/"]}]},{"@type":"ImageObject","inLanguage":"pl-PL","@id":"https:\/\/saccardo.com\/pl\/prodotto\/vect-60-80\/#primaryimage","url":"https:\/\/saccardo.com\/wp-content\/uploads\/2025\/10\/VECT-45-60-img-cut.png","contentUrl":"https:\/\/saccardo.com\/wp-content\/uploads\/2025\/10\/VECT-45-60-img-cut.png","width":800,"height":500},{"@type":"BreadcrumbList","@id":"https:\/\/saccardo.com\/pl\/prodotto\/vect-60-80\/#breadcrumb","itemListElement":[{"@type":"ListItem","position":1,"name":"Home","item":"https:\/\/saccardo.com\/pl\/"},{"@type":"ListItem","position":2,"name":"Nasze rozwi\u0105zania:aby sprosta\u0107 ka\u017cdemu zapytaniu, aby zaspokoi\u0107 ka\u017cd\u0105 potrzeb\u0119","item":"https:\/\/saccardo.com\/pl\/nasze-rozwiazaniaaby\/"},{"@type":"ListItem","position":3,"name":"VECT 60-80"}]},{"@type":"WebSite","@id":"https:\/\/saccardo.com\/#website","url":"https:\/\/saccardo.com\/","name":"Saccardo","description":"","publisher":{"@id":"https:\/\/saccardo.com\/#organization"},"potentialAction":[{"@type":"SearchAction","target":{"@type":"EntryPoint","urlTemplate":"https:\/\/saccardo.com\/?s={search_term_string}"},"query-input":{"@type":"PropertyValueSpecification","valueRequired":true,"valueName":"search_term_string"}}],"inLanguage":"pl-PL"},{"@type":"Organization","@id":"https:\/\/saccardo.com\/#organization","name":"Saccardo Arturo Figli Srl","url":"https:\/\/saccardo.com\/","logo":{"@type":"ImageObject","inLanguage":"pl-PL","@id":"https:\/\/saccardo.com\/#\/schema\/logo\/image\/","url":"https:\/\/saccardo.com\/wp-content\/uploads\/2023\/09\/logo-saccardo.svg","contentUrl":"https:\/\/saccardo.com\/wp-content\/uploads\/2023\/09\/logo-saccardo.svg","width":"1024","height":"1024","caption":"Saccardo Arturo Figli Srl"},"image":{"@id":"https:\/\/saccardo.com\/#\/schema\/logo\/image\/"}}]}},"_links":{"self":[{"href":"https:\/\/saccardo.com\/pl\/wp-json\/wp\/v2\/product\/2774","targetHints":{"allow":["GET"]}}],"collection":[{"href":"https:\/\/saccardo.com\/pl\/wp-json\/wp\/v2\/product"}],"about":[{"href":"https:\/\/saccardo.com\/pl\/wp-json\/wp\/v2\/types\/product"}],"replies":[{"embeddable":true,"href":"https:\/\/saccardo.com\/pl\/wp-json\/wp\/v2\/comments?post=2774"}],"wp:featuredmedia":[{"embeddable":true,"href":"https:\/\/saccardo.com\/pl\/wp-json\/wp\/v2\/media\/2772"}],"wp:attachment":[{"href":"https:\/\/saccardo.com\/pl\/wp-json\/wp\/v2\/media?parent=2774"}],"wp:term":[{"taxonomy":"settore-di-applicazione","embeddable":true,"href":"https:\/\/saccardo.com\/pl\/wp-json\/wp\/v2\/settore-di-applicazione?post=2774"},{"taxonomy":"soluzione","embeddable":true,"href":"https:\/\/saccardo.com\/pl\/wp-json\/wp\/v2\/soluzione?post=2774"},{"taxonomy":"product_brand","embeddable":true,"href":"https:\/\/saccardo.com\/pl\/wp-json\/wp\/v2\/product_brand?post=2774"},{"taxonomy":"product_cat","embeddable":true,"href":"https:\/\/saccardo.com\/pl\/wp-json\/wp\/v2\/product_cat?post=2774"},{"taxonomy":"product_tag","embeddable":true,"href":"https:\/\/saccardo.com\/pl\/wp-json\/wp\/v2\/product_tag?post=2774"}],"curies":[{"name":"wp","href":"https:\/\/api.w.org\/{rel}","templated":true}]}}