{"id":2523,"date":"2025-10-15T14:31:07","date_gmt":"2025-10-15T14:31:07","guid":{"rendered":"https:\/\/saccardo.com\/prodotto\/dr800-2\/"},"modified":"2026-03-24T10:33:01","modified_gmt":"2026-03-24T10:33:01","slug":"dr800-2","status":"publish","type":"product","link":"https:\/\/saccardo.com\/pl\/prodotto\/dr800-2\/","title":{"rendered":"DR800"},"content":{"rendered":"<p>Urz\u0105dzenie do usuwania wody <b>DR800<\/b> Saccardo, umieszczone za tunelem termokurczliwym, usuwa pozosta\u0142\u0105 wod\u0119 i sprawia, \u017ce produkt jest bardziej suchy.<\/p>\n<p>Model DR800 Saccardo uzupe\u0142nia standardow\u0105 lini\u0119 pakuj\u0105c\u0105 i doskonale sprawdza si\u0119 w dalszym etapie procesu, obejmuj\u0105cym kontrol\u0119 jako\u015bci, etykietowanie oraz pakowanie do karton\u00f3w. Ten niezawodny system pozwala zaoszcz\u0119dzi\u0107 czas i obni\u017cy\u0107 koszty zwi\u0105zane z procesem produkcyjnym. <\/p>\n","protected":false},"excerpt":{"rendered":"<p>Urz\u0105dzenie do usuwania wody DR800 Saccardo, umieszczone za tunelem termokurczliwym, usuwa pozosta\u0142\u0105 wod\u0119 i sprawia, \u017ce produkt jest bardziej suchy. Model DR800 Saccardo uzupe\u0142nia standardow\u0105 lini\u0119 pakuj\u0105c\u0105 i doskonale sprawdza si\u0119 w dalszym etapie procesu, obejmuj\u0105cym kontrol\u0119 jako\u015bci, etykietowanie oraz pakowanie do karton\u00f3w. Ten niezawodny system pozwala zaoszcz\u0119dzi\u0107 czas i obni\u017cy\u0107 koszty zwi\u0105zane z procesem [&hellip;]<\/p>\n","protected":false},"featured_media":2525,"comment_status":"open","ping_status":"closed","template":"","meta":{"_et_pb_use_builder":"","_et_pb_old_content":"","_et_gb_content_width":"","inline_featured_image":false},"settore-di-applicazione":[],"soluzione":[],"product_brand":[],"product_cat":[],"product_tag":[],"class_list":{"0":"post-2523","1":"product","2":"type-product","3":"status-publish","4":"has-post-thumbnail","7":"first","8":"instock","9":"shipping-taxable","10":"product-type-simple"},"acf":[],"yoast_head":"<!-- This site is optimized with the Yoast SEO plugin v27.3 - https:\/\/yoast.com\/product\/yoast-seo-wordpress\/ -->\n<title>DR800 | Tunel do obkurczania, ch\u0142odzenia i suszenia | Saccardo<\/title>\n<meta name=\"description\" content=\"DR800 Saccardo: urz\u0105dzenie do tuneli termokurczliwych, ch\u0142odzenia i suszenia. Sta\u0142a wydajno\u015b\u0107, kontrola procesu i jako\u015b\u0107 pakowania.\" \/>\n<meta name=\"robots\" content=\"index, follow, max-snippet:-1, max-image-preview:large, max-video-preview:-1\" \/>\n<link rel=\"canonical\" href=\"https:\/\/saccardo.com\/pl\/prodotto\/dr800-2\/\" \/>\n<meta property=\"og:locale\" content=\"pl_PL\" \/>\n<meta property=\"og:type\" content=\"article\" \/>\n<meta property=\"og:title\" content=\"DR800 | Tunel do obkurczania, ch\u0142odzenia i suszenia | Saccardo\" \/>\n<meta property=\"og:description\" content=\"DR800 Saccardo: urz\u0105dzenie do tuneli termokurczliwych, ch\u0142odzenia i suszenia. Sta\u0142a wydajno\u015b\u0107, kontrola procesu i jako\u015b\u0107 pakowania.\" \/>\n<meta property=\"og:url\" content=\"https:\/\/saccardo.com\/pl\/prodotto\/dr800-2\/\" \/>\n<meta property=\"og:site_name\" content=\"Saccardo\" \/>\n<meta property=\"article:modified_time\" content=\"2026-03-24T10:33:01+00:00\" \/>\n<meta property=\"og:image\" content=\"https:\/\/saccardo.com\/wp-content\/uploads\/2025\/10\/DR800_img-cut.png\" \/>\n\t<meta property=\"og:image:width\" content=\"800\" \/>\n\t<meta property=\"og:image:height\" content=\"500\" \/>\n\t<meta property=\"og:image:type\" content=\"image\/png\" \/>\n<meta name=\"twitter:card\" content=\"summary_large_image\" \/>\n<script type=\"application\/ld+json\" class=\"yoast-schema-graph\">{\"@context\":\"https:\\\/\\\/schema.org\",\"@graph\":[{\"@type\":\"WebPage\",\"@id\":\"https:\\\/\\\/saccardo.com\\\/pl\\\/prodotto\\\/dr800-2\\\/\",\"url\":\"https:\\\/\\\/saccardo.com\\\/pl\\\/prodotto\\\/dr800-2\\\/\",\"name\":\"DR800 | Tunel do obkurczania, ch\u0142odzenia i suszenia | Saccardo\",\"isPartOf\":{\"@id\":\"https:\\\/\\\/saccardo.com\\\/#website\"},\"primaryImageOfPage\":{\"@id\":\"https:\\\/\\\/saccardo.com\\\/pl\\\/prodotto\\\/dr800-2\\\/#primaryimage\"},\"image\":{\"@id\":\"https:\\\/\\\/saccardo.com\\\/pl\\\/prodotto\\\/dr800-2\\\/#primaryimage\"},\"thumbnailUrl\":\"https:\\\/\\\/saccardo.com\\\/wp-content\\\/uploads\\\/2025\\\/10\\\/DR800_img-cut.png\",\"datePublished\":\"2025-10-15T14:31:07+00:00\",\"dateModified\":\"2026-03-24T10:33:01+00:00\",\"description\":\"DR800 Saccardo: urz\u0105dzenie do tuneli termokurczliwych, ch\u0142odzenia i suszenia. Sta\u0142a wydajno\u015b\u0107, kontrola procesu i jako\u015b\u0107 pakowania.\",\"breadcrumb\":{\"@id\":\"https:\\\/\\\/saccardo.com\\\/pl\\\/prodotto\\\/dr800-2\\\/#breadcrumb\"},\"inLanguage\":\"pl-PL\",\"potentialAction\":[{\"@type\":\"ReadAction\",\"target\":[\"https:\\\/\\\/saccardo.com\\\/pl\\\/prodotto\\\/dr800-2\\\/\"]}]},{\"@type\":\"ImageObject\",\"inLanguage\":\"pl-PL\",\"@id\":\"https:\\\/\\\/saccardo.com\\\/pl\\\/prodotto\\\/dr800-2\\\/#primaryimage\",\"url\":\"https:\\\/\\\/saccardo.com\\\/wp-content\\\/uploads\\\/2025\\\/10\\\/DR800_img-cut.png\",\"contentUrl\":\"https:\\\/\\\/saccardo.com\\\/wp-content\\\/uploads\\\/2025\\\/10\\\/DR800_img-cut.png\",\"width\":800,\"height\":500},{\"@type\":\"BreadcrumbList\",\"@id\":\"https:\\\/\\\/saccardo.com\\\/pl\\\/prodotto\\\/dr800-2\\\/#breadcrumb\",\"itemListElement\":[{\"@type\":\"ListItem\",\"position\":1,\"name\":\"Home\",\"item\":\"https:\\\/\\\/saccardo.com\\\/pl\\\/\"},{\"@type\":\"ListItem\",\"position\":2,\"name\":\"Nasze rozwi\u0105zania:aby sprosta\u0107 ka\u017cdemu zapytaniu, aby zaspokoi\u0107 ka\u017cd\u0105 potrzeb\u0119\",\"item\":\"https:\\\/\\\/saccardo.com\\\/pl\\\/nasze-rozwiazaniaaby\\\/\"},{\"@type\":\"ListItem\",\"position\":3,\"name\":\"DR800\"}]},{\"@type\":\"WebSite\",\"@id\":\"https:\\\/\\\/saccardo.com\\\/#website\",\"url\":\"https:\\\/\\\/saccardo.com\\\/\",\"name\":\"Saccardo\",\"description\":\"\",\"publisher\":{\"@id\":\"https:\\\/\\\/saccardo.com\\\/#organization\"},\"potentialAction\":[{\"@type\":\"SearchAction\",\"target\":{\"@type\":\"EntryPoint\",\"urlTemplate\":\"https:\\\/\\\/saccardo.com\\\/?s={search_term_string}\"},\"query-input\":{\"@type\":\"PropertyValueSpecification\",\"valueRequired\":true,\"valueName\":\"search_term_string\"}}],\"inLanguage\":\"pl-PL\"},{\"@type\":\"Organization\",\"@id\":\"https:\\\/\\\/saccardo.com\\\/#organization\",\"name\":\"Saccardo Arturo Figli Srl\",\"url\":\"https:\\\/\\\/saccardo.com\\\/\",\"logo\":{\"@type\":\"ImageObject\",\"inLanguage\":\"pl-PL\",\"@id\":\"https:\\\/\\\/saccardo.com\\\/#\\\/schema\\\/logo\\\/image\\\/\",\"url\":\"https:\\\/\\\/saccardo.com\\\/wp-content\\\/uploads\\\/2023\\\/09\\\/logo-saccardo.svg\",\"contentUrl\":\"https:\\\/\\\/saccardo.com\\\/wp-content\\\/uploads\\\/2023\\\/09\\\/logo-saccardo.svg\",\"width\":\"1024\",\"height\":\"1024\",\"caption\":\"Saccardo Arturo Figli Srl\"},\"image\":{\"@id\":\"https:\\\/\\\/saccardo.com\\\/#\\\/schema\\\/logo\\\/image\\\/\"}}]}<\/script>\n<!-- \/ Yoast SEO plugin. -->","yoast_head_json":{"title":"DR800 | Tunel do obkurczania, ch\u0142odzenia i suszenia | Saccardo","description":"DR800 Saccardo: urz\u0105dzenie do tuneli termokurczliwych, ch\u0142odzenia i suszenia. Sta\u0142a wydajno\u015b\u0107, kontrola procesu i jako\u015b\u0107 pakowania.","robots":{"index":"index","follow":"follow","max-snippet":"max-snippet:-1","max-image-preview":"max-image-preview:large","max-video-preview":"max-video-preview:-1"},"canonical":"https:\/\/saccardo.com\/pl\/prodotto\/dr800-2\/","og_locale":"pl_PL","og_type":"article","og_title":"DR800 | Tunel do obkurczania, ch\u0142odzenia i suszenia | Saccardo","og_description":"DR800 Saccardo: urz\u0105dzenie do tuneli termokurczliwych, ch\u0142odzenia i suszenia. Sta\u0142a wydajno\u015b\u0107, kontrola procesu i jako\u015b\u0107 pakowania.","og_url":"https:\/\/saccardo.com\/pl\/prodotto\/dr800-2\/","og_site_name":"Saccardo","article_modified_time":"2026-03-24T10:33:01+00:00","og_image":[{"width":800,"height":500,"url":"https:\/\/saccardo.com\/wp-content\/uploads\/2025\/10\/DR800_img-cut.png","type":"image\/png"}],"twitter_card":"summary_large_image","schema":{"@context":"https:\/\/schema.org","@graph":[{"@type":"WebPage","@id":"https:\/\/saccardo.com\/pl\/prodotto\/dr800-2\/","url":"https:\/\/saccardo.com\/pl\/prodotto\/dr800-2\/","name":"DR800 | Tunel do obkurczania, ch\u0142odzenia i suszenia | Saccardo","isPartOf":{"@id":"https:\/\/saccardo.com\/#website"},"primaryImageOfPage":{"@id":"https:\/\/saccardo.com\/pl\/prodotto\/dr800-2\/#primaryimage"},"image":{"@id":"https:\/\/saccardo.com\/pl\/prodotto\/dr800-2\/#primaryimage"},"thumbnailUrl":"https:\/\/saccardo.com\/wp-content\/uploads\/2025\/10\/DR800_img-cut.png","datePublished":"2025-10-15T14:31:07+00:00","dateModified":"2026-03-24T10:33:01+00:00","description":"DR800 Saccardo: urz\u0105dzenie do tuneli termokurczliwych, ch\u0142odzenia i suszenia. Sta\u0142a wydajno\u015b\u0107, kontrola procesu i jako\u015b\u0107 pakowania.","breadcrumb":{"@id":"https:\/\/saccardo.com\/pl\/prodotto\/dr800-2\/#breadcrumb"},"inLanguage":"pl-PL","potentialAction":[{"@type":"ReadAction","target":["https:\/\/saccardo.com\/pl\/prodotto\/dr800-2\/"]}]},{"@type":"ImageObject","inLanguage":"pl-PL","@id":"https:\/\/saccardo.com\/pl\/prodotto\/dr800-2\/#primaryimage","url":"https:\/\/saccardo.com\/wp-content\/uploads\/2025\/10\/DR800_img-cut.png","contentUrl":"https:\/\/saccardo.com\/wp-content\/uploads\/2025\/10\/DR800_img-cut.png","width":800,"height":500},{"@type":"BreadcrumbList","@id":"https:\/\/saccardo.com\/pl\/prodotto\/dr800-2\/#breadcrumb","itemListElement":[{"@type":"ListItem","position":1,"name":"Home","item":"https:\/\/saccardo.com\/pl\/"},{"@type":"ListItem","position":2,"name":"Nasze rozwi\u0105zania:aby sprosta\u0107 ka\u017cdemu zapytaniu, aby zaspokoi\u0107 ka\u017cd\u0105 potrzeb\u0119","item":"https:\/\/saccardo.com\/pl\/nasze-rozwiazaniaaby\/"},{"@type":"ListItem","position":3,"name":"DR800"}]},{"@type":"WebSite","@id":"https:\/\/saccardo.com\/#website","url":"https:\/\/saccardo.com\/","name":"Saccardo","description":"","publisher":{"@id":"https:\/\/saccardo.com\/#organization"},"potentialAction":[{"@type":"SearchAction","target":{"@type":"EntryPoint","urlTemplate":"https:\/\/saccardo.com\/?s={search_term_string}"},"query-input":{"@type":"PropertyValueSpecification","valueRequired":true,"valueName":"search_term_string"}}],"inLanguage":"pl-PL"},{"@type":"Organization","@id":"https:\/\/saccardo.com\/#organization","name":"Saccardo Arturo Figli Srl","url":"https:\/\/saccardo.com\/","logo":{"@type":"ImageObject","inLanguage":"pl-PL","@id":"https:\/\/saccardo.com\/#\/schema\/logo\/image\/","url":"https:\/\/saccardo.com\/wp-content\/uploads\/2023\/09\/logo-saccardo.svg","contentUrl":"https:\/\/saccardo.com\/wp-content\/uploads\/2023\/09\/logo-saccardo.svg","width":"1024","height":"1024","caption":"Saccardo Arturo Figli Srl"},"image":{"@id":"https:\/\/saccardo.com\/#\/schema\/logo\/image\/"}}]}},"_links":{"self":[{"href":"https:\/\/saccardo.com\/pl\/wp-json\/wp\/v2\/product\/2523","targetHints":{"allow":["GET"]}}],"collection":[{"href":"https:\/\/saccardo.com\/pl\/wp-json\/wp\/v2\/product"}],"about":[{"href":"https:\/\/saccardo.com\/pl\/wp-json\/wp\/v2\/types\/product"}],"replies":[{"embeddable":true,"href":"https:\/\/saccardo.com\/pl\/wp-json\/wp\/v2\/comments?post=2523"}],"wp:featuredmedia":[{"embeddable":true,"href":"https:\/\/saccardo.com\/pl\/wp-json\/wp\/v2\/media\/2525"}],"wp:attachment":[{"href":"https:\/\/saccardo.com\/pl\/wp-json\/wp\/v2\/media?parent=2523"}],"wp:term":[{"taxonomy":"settore-di-applicazione","embeddable":true,"href":"https:\/\/saccardo.com\/pl\/wp-json\/wp\/v2\/settore-di-applicazione?post=2523"},{"taxonomy":"soluzione","embeddable":true,"href":"https:\/\/saccardo.com\/pl\/wp-json\/wp\/v2\/soluzione?post=2523"},{"taxonomy":"product_brand","embeddable":true,"href":"https:\/\/saccardo.com\/pl\/wp-json\/wp\/v2\/product_brand?post=2523"},{"taxonomy":"product_cat","embeddable":true,"href":"https:\/\/saccardo.com\/pl\/wp-json\/wp\/v2\/product_cat?post=2523"},{"taxonomy":"product_tag","embeddable":true,"href":"https:\/\/saccardo.com\/pl\/wp-json\/wp\/v2\/product_tag?post=2523"}],"curies":[{"name":"wp","href":"https:\/\/api.w.org\/{rel}","templated":true}]}}