{"id":2452,"date":"2023-11-08T08:26:09","date_gmt":"2023-11-08T08:26:09","guid":{"rendered":"https:\/\/saccardo.com\/misja\/"},"modified":"2026-03-19T08:35:58","modified_gmt":"2026-03-19T08:35:58","slug":"misja","status":"publish","type":"page","link":"https:\/\/saccardo.com\/pl\/misja\/","title":{"rendered":"Misja"},"content":{"rendered":"<p>[et_pb_section fb_built=&#8221;1&#8243; _builder_version=&#8221;4.23.1&#8243; _module_preset=&#8221;default&#8221; background_color=&#8221;#141413&#8243; use_background_color_gradient=&#8221;on&#8221; background_color_gradient_stops=&#8221;rgba(255,255,255,0) 0%|#141413 71%&#8221; background_color_gradient_overlays_image=&#8221;on&#8221; background_image=&#8221;https:\/\/saccardo.com\/wp-content\/uploads\/2023\/11\/Mission-word.jpg&#8221; custom_padding=&#8221;10%||0px||false|false&#8221; locked=&#8221;off&#8221; global_colors_info=&#8221;{}&#8221;][et_pb_row _builder_version=&#8221;4.23&#8243; _module_preset=&#8221;default&#8221; global_colors_info=&#8221;{}&#8221;][et_pb_column type=&#8221;4_4&#8243; _builder_version=&#8221;4.23&#8243; _module_preset=&#8221;default&#8221; global_colors_info=&#8221;{}&#8221;][dipl_text_animator animated_text=&#8221;Passion |Action|Care|Know-How&#8221; animation_time=&#8221;1000ms&#8221; animation_hold=&#8221;2500ms&#8221; _builder_version=&#8221;4.23.1&#8243; _module_preset=&#8221;default&#8221; global_text_settings_font=&#8221;|||on|||||&#8221; global_text_settings_text_align=&#8221;center&#8221; global_text_settings_text_color=&#8221;rgba(255,255,255,0.8)&#8221; global_text_settings_font_size=&#8221;10em&#8221; custom_margin=&#8221;||10%||false|false&#8221; custom_margin_tablet=&#8221;||10%||false|false&#8221; custom_margin_phone=&#8221;||20%||false|false&#8221; custom_margin_last_edited=&#8221;on|phone&#8221; global_text_settings_font_size_tablet=&#8221;5em&#8221; global_text_settings_font_size_phone=&#8221;3em&#8221; global_text_settings_font_size_last_edited=&#8221;on|tablet&#8221; global_text_settings_text_shadow_style=&#8221;preset3&#8243; global_text_settings_text_shadow_color=&#8221;RGBA(255,255,255,0)&#8221; global_colors_info=&#8221;{}&#8221;][\/dipl_text_animator][et_pb_text _builder_version=&#8221;4.23.1&#8243; _module_preset=&#8221;default&#8221; text_text_color=&#8221;#FFFFFF&#8221; text_font_size=&#8221;1.8em&#8221; text_line_height=&#8221;1.3em&#8221; text_orientation=&#8221;center&#8221; text_font_size_tablet=&#8221;1.5em&#8221; text_font_size_phone=&#8221;1.2em&#8221; text_font_size_last_edited=&#8221;on|tablet&#8221; global_colors_info=&#8221;{}&#8221;]<\/p>\n<p>Posiadamy instalacje w 40 krajach w Europie, Azji, Ameryce i Australii, dzi\u0119ki rozbudowanej sieci handlowej obejmuj\u0105cej zagraniczne oddzia\u0142y i dystrybutor\u00f3w.<\/p>\n<p>[\/et_pb_text][\/et_pb_column][\/et_pb_row][et_pb_row column_structure=&#8221;1_3,1_3,1_3&#8243; _builder_version=&#8221;4.23.1&#8243; _module_preset=&#8221;default&#8221; custom_margin=&#8221;2%||||false|false&#8221; global_colors_info=&#8221;{}&#8221;][et_pb_column type=&#8221;1_3&#8243; _builder_version=&#8221;4.23&#8243; _module_preset=&#8221;default&#8221; global_colors_info=&#8221;{}&#8221;][et_pb_number_counter title=&#8221;dane osobowe&#8221; number=&#8221;+5.000 &#8221; percent_sign=&#8221;off&#8221; _builder_version=&#8221;4.27.4&#8243; _module_preset=&#8221;default&#8221; title_font=&#8221;|||on|||||&#8221; title_text_color=&#8221;#8C8C8C&#8221; title_font_size=&#8221;1.5em&#8221; number_font_size_tablet=&#8221;&#8221; number_font_size_phone=&#8221;50px&#8221; number_font_size_last_edited=&#8221;on|phone&#8221; global_colors_info=&#8221;{}&#8221;][\/et_pb_number_counter][\/et_pb_column][et_pb_column type=&#8221;1_3&#8243; _builder_version=&#8221;4.23&#8243; _module_preset=&#8221;default&#8221; global_colors_info=&#8221;{}&#8221;][et_pb_number_counter title=&#8221;sprzedane maszyny&#8221; number=&#8221;+27.000 &#8221; percent_sign=&#8221;off&#8221; _builder_version=&#8221;4.27.4&#8243; _module_preset=&#8221;default&#8221; title_font=&#8221;|||on|||||&#8221; title_text_color=&#8221;#8C8C8C&#8221; title_font_size=&#8221;1.5em&#8221; number_font_size_tablet=&#8221;&#8221; number_font_size_phone=&#8221;50px&#8221; number_font_size_last_edited=&#8221;on|phone&#8221; global_colors_info=&#8221;{}&#8221;][\/et_pb_number_counter][\/et_pb_column][et_pb_column type=&#8221;1_3&#8243; _builder_version=&#8221;4.23&#8243; _module_preset=&#8221;default&#8221; global_colors_info=&#8221;{}&#8221;][et_pb_number_counter title=&#8221;wieloletnie do\u015bwiadczenie&#8221; number=&#8221;+50&#8243; percent_sign=&#8221;off&#8221; _builder_version=&#8221;4.27.4&#8243; _module_preset=&#8221;default&#8221; title_font=&#8221;|||on|||||&#8221; title_text_color=&#8221;#8C8C8C&#8221; title_font_size=&#8221;1.5em&#8221; number_font_size_tablet=&#8221;&#8221; number_font_size_phone=&#8221;50px&#8221; number_font_size_last_edited=&#8221;on|phone&#8221; global_colors_info=&#8221;{}&#8221;][\/et_pb_number_counter][\/et_pb_column][\/et_pb_row][\/et_pb_section][et_pb_section fb_built=&#8221;1&#8243; _builder_version=&#8221;4.27.4&#8243; _module_preset=&#8221;default&#8221; background_color=&#8221;#141413&#8243; global_colors_info=&#8221;{}&#8221;][et_pb_row _builder_version=&#8221;4.22.1&#8243; _module_preset=&#8221;default&#8221; width=&#8221;100%&#8221; max_width=&#8221;100%&#8221; locked=&#8221;off&#8221; global_colors_info=&#8221;{}&#8221;][et_pb_column type=&#8221;4_4&#8243; _builder_version=&#8221;4.22.1&#8243; _module_preset=&#8221;default&#8221; global_colors_info=&#8221;{}&#8221;][et_pb_divider color=&#8221;#8C8C8C&#8221; divider_position=&#8221;center&#8221; _builder_version=&#8221;4.22.1&#8243; _module_preset=&#8221;default&#8221; global_colors_info=&#8221;{}&#8221;][\/et_pb_divider][\/et_pb_column][\/et_pb_row][et_pb_row column_structure=&#8221;1_2,1_2&#8243; custom_padding_last_edited=&#8221;on|phone&#8221; module_class=&#8221;reverse&#8221; _builder_version=&#8221;4.27.4&#8243; _module_preset=&#8221;default&#8221; width=&#8221;100%&#8221; max_width=&#8221;80%&#8221; max_width_tablet=&#8221;80%&#8221; max_width_phone=&#8221;90%&#8221; max_width_last_edited=&#8221;on|phone&#8221; custom_padding=&#8221;|2%||2%|false|true&#8221; custom_padding_tablet=&#8221;|2%||2%|false|true&#8221; custom_padding_phone=&#8221;|7%||7%|false|true&#8221; custom_css_main_element=&#8221;align-items:center;&#8221; border_color_right=&#8221;RGBA(255,255,255,0)&#8221; border_color_left=&#8221;RGBA(255,255,255,0)&#8221; locked=&#8221;off&#8221; global_colors_info=&#8221;{}&#8221;][et_pb_column type=&#8221;1_2&#8243; _builder_version=&#8221;4.22.1&#8243; _module_preset=&#8221;default&#8221; custom_padding=&#8221;||||false|false&#8221; border_color_right=&#8221;#8C8C8C&#8221; global_colors_info=&#8221;{}&#8221;][et_pb_text _builder_version=&#8221;4.27.4&#8243; _module_preset=&#8221;default&#8221; text_font=&#8221;Poppins||||||||&#8221; text_font_size=&#8221;16px&#8221; header_text_color=&#8221;#FFFFFF&#8221; header_font_size=&#8221;6vh&#8221; header_2_font=&#8221;||||||||&#8221; header_2_text_color=&#8221;#FFFFFF&#8221; header_2_font_size=&#8221;60px&#8221; header_3_font=&#8221;Poppins||||||||&#8221; header_3_line_height=&#8221;1.5em&#8221; custom_margin_tablet=&#8221;5%||||false|false&#8221; custom_margin_phone=&#8221;10%||||false|false&#8221; custom_margin_last_edited=&#8221;on|phone&#8221; custom_padding=&#8221;0px||0px||true|false&#8221; header_2_font_size_tablet=&#8221;60px&#8221; header_2_font_size_phone=&#8221;30px&#8221; header_2_font_size_last_edited=&#8221;on|phone&#8221; global_colors_info=&#8221;{}&#8221;]<\/p>\n<h2>Potrzebna jest ekologiczna wizja, aby kszta\u0142towa\u0107 przysz\u0142o\u015b\u0107<\/h2>\n<p>[\/et_pb_text][et_pb_text _builder_version=&#8221;4.27.4&#8243; _module_preset=&#8221;default&#8221; global_colors_info=&#8221;{}&#8221;]<\/p>\n<p>Jeste\u015bmy wiod\u0105c\u0105 mark\u0105 w bran\u017cy opakowa\u0144, kt\u00f3ra z wyczuciem patrzy w przysz\u0142o\u015b\u0107. Nasz cel? Sprawi\u0107, by praca sta\u0142a si\u0119 bardziej inteligentna, a proces produkcji \u2013 zr\u00f3wnowa\u017cony, tworz\u0105c warto\u015b\u0107 dla tych, kt\u00f3rzy maj\u0105 z tym do czynienia na co dzie\u0144.  <\/p>\n<p>Nasze rozwi\u0105zania zosta\u0142y zaprojektowane tak, aby mo\u017cna je by\u0142o wdro\u017cy\u0107 w r\u00f3\u017cnych uk\u0142adach produkcyjnych, wsp\u00f3\u0142pracuj\u0105c z innymi maszynami i r\u00f3\u017cnymi systemami zarz\u0105dzania w zak\u0142adzie. Ka\u017cda instalacja zosta\u0142a zaprojektowana tak, aby zapewni\u0107 wydajno\u015b\u0107, pe\u0142n\u0105 identyfikowalno\u015b\u0107 produkcji oraz maksymalizacj\u0119 warto\u015bci, upraszczaj\u0105c codzienne zadania i wspieraj\u0105c zr\u00f3wnowa\u017con\u0105 i inteligentn\u0105 produkcj\u0119. <\/p>\n<p>[\/et_pb_text][et_pb_toggle title=&#8221;PRACA ZDALNA&#8221; open_toggle_text_color=&#8221;#FFFFFF&#8221; open_toggle_background_color=&#8221;#141413&#8243; closed_toggle_background_color=&#8221;#141413&#8243; toggle_icon=&#8221;&#x33;||divi||400&#8243; use_icon_font_size=&#8221;on&#8221; icon_font_size=&#8221;25px&#8221; open_toggle_icon=&#8221;&#x32;||divi||400&#8243; open_use_icon_font_size=&#8221;on&#8221; open_icon_font_size=&#8221;25px&#8221; _builder_version=&#8221;4.23&#8243; _module_preset=&#8221;default&#8221; title_text_color=&#8221;#FFFFFF&#8221; title_font_size=&#8221;1.2em&#8221; custom_margin=&#8221;||2%||false|false&#8221; global_colors_info=&#8221;{}&#8221;]<\/p>\n<p>Nadszed\u0142 czas na inteligentn\u0105 prac\u0119, podej\u015bcie ukierunkowane na ograniczenie marnotrawstwa w procesie produkcyjnym oraz optymalizacj\u0119 czasu i wykorzystywanych zasob\u00f3w.<\/p>\n<p>[\/et_pb_toggle][et_pb_toggle title=&#8221;Inteligentne \u017cycie&#8221; open_toggle_text_color=&#8221;#FFFFFF&#8221; open_toggle_background_color=&#8221;#141413&#8243; closed_toggle_background_color=&#8221;#141413&#8243; toggle_icon=&#8221;&#x33;||divi||400&#8243; use_icon_font_size=&#8221;on&#8221; icon_font_size=&#8221;25px&#8221; open_toggle_icon=&#8221;&#x32;||divi||400&#8243; open_use_icon_font_size=&#8221;on&#8221; open_icon_font_size=&#8221;25px&#8221; _builder_version=&#8221;4.23&#8243; _module_preset=&#8221;default&#8221; title_text_color=&#8221;#FFFFFF&#8221; title_font_size=&#8221;1.2em&#8221; custom_margin=&#8221;||2%||false|false&#8221; global_colors_info=&#8221;{}&#8221;]<\/p>\n<p>Stawianie cz\u0142owieka w centrum uwagi oznacza dla nas tworzenie \u015brodowiska, kt\u00f3re odpowiada potrzebom ludzi i u\u0142atwia \u017cycie zawodowe.<\/p>\n<p>Inteligentne podej\u015bcie, kt\u00f3re wspiera potencja\u0142 poszczeg\u00f3lnych os\u00f3b w kontek\u015bcie tworzenia warto\u015bci dodanej dla grupy, poprawiaj\u0105c jako\u015b\u0107 \u015brodowiska pracy.<\/p>\n<p>[\/et_pb_toggle][et_pb_toggle title=&#8221;ZR\u00d3WNOWA\u017bONY ROZW\u00d3J&#8221; open_toggle_text_color=&#8221;#FFFFFF&#8221; open_toggle_background_color=&#8221;#141413&#8243; closed_toggle_background_color=&#8221;#141413&#8243; toggle_icon=&#8221;&#x33;||divi||400&#8243; use_icon_font_size=&#8221;on&#8221; icon_font_size=&#8221;25px&#8221; open_toggle_icon=&#8221;&#x32;||divi||400&#8243; open_use_icon_font_size=&#8221;on&#8221; open_icon_font_size=&#8221;25px&#8221; _builder_version=&#8221;4.23&#8243; _module_preset=&#8221;default&#8221; title_text_color=&#8221;#FFFFFF&#8221; title_font_size=&#8221;1.2em&#8221; custom_margin=&#8221;||2%||false|false&#8221; global_colors_info=&#8221;{}&#8221;]<\/p>\n<p>Przestrzeganie zasad ochrony \u015brodowiska, poszanowanie spo\u0142eczno\u015bci oraz wspieranie lokalnej gospodarki oznacza dla nas zapewnienie zr\u00f3wnowa\u017conego charakteru naszej dzia\u0142alno\u015bci.<\/p>\n<p>[\/et_pb_toggle][\/et_pb_column][et_pb_column type=&#8221;1_2&#8243; _builder_version=&#8221;4.22.1&#8243; _module_preset=&#8221;default&#8221; custom_padding=&#8221;||||false|false&#8221; border_color_right=&#8221;#8C8C8C&#8221; global_colors_info=&#8221;{}&#8221;][et_pb_image src=&#8221;https:\/\/saccardo.com\/wp-content\/uploads\/2023\/10\/green_800x800px.jpeg&#8221; title_text=&#8221;green_800x800px&#8221; _builder_version=&#8221;4.27.4&#8243; _module_preset=&#8221;default&#8221; hover_enabled=&#8221;0&#8243; global_colors_info=&#8221;{}&#8221; sticky_enabled=&#8221;0&#8243;][\/et_pb_image][\/et_pb_column][\/et_pb_row][et_pb_row _builder_version=&#8221;4.22.1&#8243; _module_preset=&#8221;default&#8221; width=&#8221;100%&#8221; max_width=&#8221;100%&#8221; locked=&#8221;off&#8221; global_colors_info=&#8221;{}&#8221;][et_pb_column type=&#8221;4_4&#8243; _builder_version=&#8221;4.22.1&#8243; _module_preset=&#8221;default&#8221; global_colors_info=&#8221;{}&#8221;][et_pb_divider color=&#8221;#8C8C8C&#8221; divider_position=&#8221;center&#8221; _builder_version=&#8221;4.22.1&#8243; _module_preset=&#8221;default&#8221; global_colors_info=&#8221;{}&#8221;][\/et_pb_divider][\/et_pb_column][\/et_pb_row][et_pb_row column_structure=&#8221;1_2,1_2&#8243; make_equal=&#8221;on&#8221; custom_padding_last_edited=&#8221;on|phone&#8221; _builder_version=&#8221;4.27.4&#8243; _module_preset=&#8221;default&#8221; width=&#8221;100%&#8221; max_width=&#8221;80%&#8221; max_width_tablet=&#8221;80%&#8221; max_width_phone=&#8221;90%&#8221; max_width_last_edited=&#8221;on|phone&#8221; custom_padding=&#8221;|2%||2%|false|true&#8221; custom_padding_tablet=&#8221;|2%||2%|false|true&#8221; custom_padding_phone=&#8221;|7%|0px|7%|false|true&#8221; border_color_right=&#8221;RGBA(255,255,255,0)&#8221; border_color_left=&#8221;RGBA(255,255,255,0)&#8221; locked=&#8221;off&#8221; global_colors_info=&#8221;{}&#8221;][et_pb_column type=&#8221;1_2&#8243; _builder_version=&#8221;4.22.1&#8243; _module_preset=&#8221;default&#8221; custom_padding=&#8221;||||false|false&#8221; border_color_right=&#8221;#8C8C8C&#8221; global_colors_info=&#8221;{}&#8221;][et_pb_image src=&#8221;https:\/\/saccardo.com\/wp-content\/uploads\/2025\/10\/Experience-makes-the-difference.jpg&#8221; title_text=&#8221;Do\u015bwiadczenie robi r\u00f3\u017cnic\u0119&#8221; _builder_version=&#8221;4.27.4&#8243; _module_preset=&#8221;default&#8221; global_colors_info=&#8221;{}&#8221;][\/et_pb_image][\/et_pb_column][et_pb_column type=&#8221;1_2&#8243; _builder_version=&#8221;4.22.1&#8243; _module_preset=&#8221;default&#8221; custom_padding=&#8221;||||false|false&#8221; border_color_right=&#8221;#8C8C8C&#8221; global_colors_info=&#8221;{}&#8221;][et_pb_text _builder_version=&#8221;4.23.4&#8243; _module_preset=&#8221;default&#8221; text_font=&#8221;Poppins||||||||&#8221; text_font_size=&#8221;16px&#8221; header_text_color=&#8221;#FFFFFF&#8221; header_font_size=&#8221;6vh&#8221; header_2_font=&#8221;||||||||&#8221; header_2_text_color=&#8221;#FFFFFF&#8221; header_2_font_size=&#8221;60px&#8221; header_3_font=&#8221;Poppins||||||||&#8221; header_3_line_height=&#8221;1.5em&#8221; custom_padding=&#8221;0px||0px||true|false&#8221; header_2_font_size_tablet=&#8221;60px&#8221; header_2_font_size_phone=&#8221;40px&#8221; header_2_font_size_last_edited=&#8221;on|phone&#8221; global_colors_info=&#8221;{}&#8221;]<\/p>\n<h2>To do\u015bwiadczenie ma kluczowe znaczenie<\/h2>\n<p>[\/et_pb_text][et_pb_text _builder_version=&#8221;4.23&#8243; _module_preset=&#8221;default&#8221; global_colors_info=&#8221;{}&#8221;]<\/p>\n<p>50 lat do\u015bwiadczenia w bran\u017cy opakowaniowej uczyni\u0142o nas pionierami w dziedzinie innowacji i jako\u015bci. Od zawsze wybieramy materia\u0142y i komponenty najwy\u017cszej jako\u015bci, aby zapewni\u0107 niezawodne i nowoczesne produkty oraz linie produkcyjne. <\/p>\n<p>Na nieustannie zmieniaj\u0105cym si\u0119 rynku nasze rozwi\u0105zania pomagaj\u0105 klientom dzia\u0142a\u0107 szybciej i wydajniej: intuicyjne produkty, procesy eliminuj\u0105ce b\u0142\u0119dy ludzkie oraz szybka i terminowa obs\u0142uga serwisowa i dostawy cz\u0119\u015bci zamiennych.<\/p>\n<p>Nasza si\u0142a wynika z r\u00f3wnowagi mi\u0119dzy do\u015bwiadczeniem, kompetencjami i wizj\u0105: ka\u017cda realizowana przez nas linia \u0142\u0105czy w sobie innowacyjno\u015b\u0107 i niezawodno\u015b\u0107, przekszta\u0142caj\u0105c energi\u0119 produkcji w konkretn\u0105 warto\u015b\u0107 dla u\u017cytkownik\u00f3w.<\/p>\n<p>[\/et_pb_text][\/et_pb_column][\/et_pb_row][\/et_pb_section]<\/p>\n","protected":false},"excerpt":{"rendered":"<p><div class=\"et_pb_module dipl_text_animator dipl_text_animator_0\">\n\t\t\t\t\n\t\t\t\t\n\t\t\t\t\n\t\t\t\t\n\t\t\t\t\n\t\t\t\t\n\t\t\t\t<div class=\"et_pb_module_inner\">\n\t\t\t\t\t<div class=\"animated_text_wrapper dipl-fade\">\n\t\t\t\t<h2>\n\t\t\t\t\n\t\t\t\t<span\n\t\t\t\t\tclass=\"animated_text dipl_main_part\" \n\t\t\t\t\tdata-wait-time=\"2500\"\n\t\t\t\t\tdata-animation-time=\"1000\"\n\t\t\t\t\tdata-text=\"Passion |Action|Care|Know-How\"\n\t\t\t\t\tdata-stop-animation-on-hover=\"off\"\n\t\t\t\t\tdata-animate-only-once=\"off\"\n\t\t\t\t>Passion <\/span>\n\t\t\t\t\n\t\t\t\t<\/h2>\n\t\t\t<\/div>\n\t\t\t\t<\/div>\n\t\t\t<\/div>Posiadamy instalacje w 40 krajach w Europie, Azji, Ameryce i Australii, dzi\u0119ki rozbudowanej sieci handlowej obejmuj\u0105cej zagraniczne oddzia\u0142y i dystrybutor\u00f3w.Potrzebna jest ekologiczna wizja, aby kszta\u0142towa\u0107 przysz\u0142o\u015b\u0107Jeste\u015bmy wiod\u0105c\u0105 mark\u0105 w bran\u017cy opakowa\u0144, kt\u00f3ra z wyczuciem patrzy [&hellip;]<\/p>\n","protected":false},"author":1,"featured_media":0,"parent":0,"menu_order":0,"comment_status":"closed","ping_status":"closed","template":"","meta":{"_et_pb_use_builder":"on","_et_pb_old_content":"","_et_gb_content_width":"","footnotes":""},"class_list":["post-2452","page","type-page","status-publish","hentry"],"acf":[],"yoast_head":"<!-- This site is optimized with the Yoast SEO plugin v27.4 - https:\/\/yoast.com\/product\/yoast-seo-wordpress\/ -->\n<title>Nasza misja | Jako\u015b\u0107 w opakowaniach do \u017cywno\u015bci<\/title>\n<meta name=\"description\" content=\"Innovare il packaging alimentare offrendo soluzioni efficienti, sostenibili e su misura: questa \u00e8 la missione di Saccardo.\" \/>\n<meta name=\"robots\" content=\"index, follow, max-snippet:-1, max-image-preview:large, max-video-preview:-1\" \/>\n<link rel=\"canonical\" href=\"https:\/\/saccardo.com\/pl\/misja\/\" \/>\n<meta property=\"og:locale\" content=\"pl_PL\" \/>\n<meta property=\"og:type\" content=\"article\" \/>\n<meta property=\"og:title\" content=\"Nasza misja | Jako\u015b\u0107 w opakowaniach do \u017cywno\u015bci\" \/>\n<meta property=\"og:description\" content=\"Innovare il packaging alimentare offrendo soluzioni efficienti, sostenibili e su misura: questa \u00e8 la missione di Saccardo.\" \/>\n<meta property=\"og:url\" content=\"https:\/\/saccardo.com\/pl\/misja\/\" \/>\n<meta property=\"og:site_name\" content=\"Saccardo\" \/>\n<meta property=\"article:modified_time\" content=\"2026-03-19T08:35:58+00:00\" \/>\n<meta name=\"twitter:card\" content=\"summary_large_image\" \/>\n<meta name=\"twitter:label1\" content=\"Szacowany czas czytania\" \/>\n\t<meta name=\"twitter:data1\" content=\"8 minut\" \/>\n<script type=\"application\/ld+json\" class=\"yoast-schema-graph\">{\"@context\":\"https:\\\/\\\/schema.org\",\"@graph\":[{\"@type\":\"WebPage\",\"@id\":\"https:\\\/\\\/saccardo.com\\\/pl\\\/misja\\\/\",\"url\":\"https:\\\/\\\/saccardo.com\\\/pl\\\/misja\\\/\",\"name\":\"Nasza misja | Jako\u015b\u0107 w opakowaniach do \u017cywno\u015bci\",\"isPartOf\":{\"@id\":\"https:\\\/\\\/saccardo.com\\\/#website\"},\"datePublished\":\"2023-11-08T08:26:09+00:00\",\"dateModified\":\"2026-03-19T08:35:58+00:00\",\"description\":\"Innovare il packaging alimentare offrendo soluzioni efficienti, sostenibili e su misura: questa \u00e8 la missione di Saccardo.\",\"breadcrumb\":{\"@id\":\"https:\\\/\\\/saccardo.com\\\/pl\\\/misja\\\/#breadcrumb\"},\"inLanguage\":\"pl-PL\",\"potentialAction\":[{\"@type\":\"ReadAction\",\"target\":[\"https:\\\/\\\/saccardo.com\\\/pl\\\/misja\\\/\"]}]},{\"@type\":\"BreadcrumbList\",\"@id\":\"https:\\\/\\\/saccardo.com\\\/pl\\\/misja\\\/#breadcrumb\",\"itemListElement\":[{\"@type\":\"ListItem\",\"position\":1,\"name\":\"Home\",\"item\":\"https:\\\/\\\/saccardo.com\\\/pl\\\/\"},{\"@type\":\"ListItem\",\"position\":2,\"name\":\"Misja\"}]},{\"@type\":\"WebSite\",\"@id\":\"https:\\\/\\\/saccardo.com\\\/#website\",\"url\":\"https:\\\/\\\/saccardo.com\\\/\",\"name\":\"Saccardo\",\"description\":\"\",\"publisher\":{\"@id\":\"https:\\\/\\\/saccardo.com\\\/#organization\"},\"potentialAction\":[{\"@type\":\"SearchAction\",\"target\":{\"@type\":\"EntryPoint\",\"urlTemplate\":\"https:\\\/\\\/saccardo.com\\\/?s={search_term_string}\"},\"query-input\":{\"@type\":\"PropertyValueSpecification\",\"valueRequired\":true,\"valueName\":\"search_term_string\"}}],\"inLanguage\":\"pl-PL\"},{\"@type\":\"Organization\",\"@id\":\"https:\\\/\\\/saccardo.com\\\/#organization\",\"name\":\"Saccardo Arturo Figli Srl\",\"url\":\"https:\\\/\\\/saccardo.com\\\/\",\"logo\":{\"@type\":\"ImageObject\",\"inLanguage\":\"pl-PL\",\"@id\":\"https:\\\/\\\/saccardo.com\\\/#\\\/schema\\\/logo\\\/image\\\/\",\"url\":\"https:\\\/\\\/saccardo.com\\\/wp-content\\\/uploads\\\/2023\\\/09\\\/logo-saccardo.svg\",\"contentUrl\":\"https:\\\/\\\/saccardo.com\\\/wp-content\\\/uploads\\\/2023\\\/09\\\/logo-saccardo.svg\",\"width\":\"1024\",\"height\":\"1024\",\"caption\":\"Saccardo Arturo Figli Srl\"},\"image\":{\"@id\":\"https:\\\/\\\/saccardo.com\\\/#\\\/schema\\\/logo\\\/image\\\/\"}}]}<\/script>\n<!-- \/ Yoast SEO plugin. -->","yoast_head_json":{"title":"Nasza misja | Jako\u015b\u0107 w opakowaniach do \u017cywno\u015bci","description":"Innovare il packaging alimentare offrendo soluzioni efficienti, sostenibili e su misura: questa \u00e8 la missione di Saccardo.","robots":{"index":"index","follow":"follow","max-snippet":"max-snippet:-1","max-image-preview":"max-image-preview:large","max-video-preview":"max-video-preview:-1"},"canonical":"https:\/\/saccardo.com\/pl\/misja\/","og_locale":"pl_PL","og_type":"article","og_title":"Nasza misja | Jako\u015b\u0107 w opakowaniach do \u017cywno\u015bci","og_description":"Innovare il packaging alimentare offrendo soluzioni efficienti, sostenibili e su misura: questa \u00e8 la missione di Saccardo.","og_url":"https:\/\/saccardo.com\/pl\/misja\/","og_site_name":"Saccardo","article_modified_time":"2026-03-19T08:35:58+00:00","twitter_card":"summary_large_image","twitter_misc":{"Szacowany czas czytania":"8 minut"},"schema":{"@context":"https:\/\/schema.org","@graph":[{"@type":"WebPage","@id":"https:\/\/saccardo.com\/pl\/misja\/","url":"https:\/\/saccardo.com\/pl\/misja\/","name":"Nasza misja | Jako\u015b\u0107 w opakowaniach do \u017cywno\u015bci","isPartOf":{"@id":"https:\/\/saccardo.com\/#website"},"datePublished":"2023-11-08T08:26:09+00:00","dateModified":"2026-03-19T08:35:58+00:00","description":"Innovare il packaging alimentare offrendo soluzioni efficienti, sostenibili e su misura: questa \u00e8 la missione di Saccardo.","breadcrumb":{"@id":"https:\/\/saccardo.com\/pl\/misja\/#breadcrumb"},"inLanguage":"pl-PL","potentialAction":[{"@type":"ReadAction","target":["https:\/\/saccardo.com\/pl\/misja\/"]}]},{"@type":"BreadcrumbList","@id":"https:\/\/saccardo.com\/pl\/misja\/#breadcrumb","itemListElement":[{"@type":"ListItem","position":1,"name":"Home","item":"https:\/\/saccardo.com\/pl\/"},{"@type":"ListItem","position":2,"name":"Misja"}]},{"@type":"WebSite","@id":"https:\/\/saccardo.com\/#website","url":"https:\/\/saccardo.com\/","name":"Saccardo","description":"","publisher":{"@id":"https:\/\/saccardo.com\/#organization"},"potentialAction":[{"@type":"SearchAction","target":{"@type":"EntryPoint","urlTemplate":"https:\/\/saccardo.com\/?s={search_term_string}"},"query-input":{"@type":"PropertyValueSpecification","valueRequired":true,"valueName":"search_term_string"}}],"inLanguage":"pl-PL"},{"@type":"Organization","@id":"https:\/\/saccardo.com\/#organization","name":"Saccardo Arturo Figli Srl","url":"https:\/\/saccardo.com\/","logo":{"@type":"ImageObject","inLanguage":"pl-PL","@id":"https:\/\/saccardo.com\/#\/schema\/logo\/image\/","url":"https:\/\/saccardo.com\/wp-content\/uploads\/2023\/09\/logo-saccardo.svg","contentUrl":"https:\/\/saccardo.com\/wp-content\/uploads\/2023\/09\/logo-saccardo.svg","width":"1024","height":"1024","caption":"Saccardo Arturo Figli Srl"},"image":{"@id":"https:\/\/saccardo.com\/#\/schema\/logo\/image\/"}}]}},"_links":{"self":[{"href":"https:\/\/saccardo.com\/pl\/wp-json\/wp\/v2\/pages\/2452","targetHints":{"allow":["GET"]}}],"collection":[{"href":"https:\/\/saccardo.com\/pl\/wp-json\/wp\/v2\/pages"}],"about":[{"href":"https:\/\/saccardo.com\/pl\/wp-json\/wp\/v2\/types\/page"}],"author":[{"embeddable":true,"href":"https:\/\/saccardo.com\/pl\/wp-json\/wp\/v2\/users\/1"}],"replies":[{"embeddable":true,"href":"https:\/\/saccardo.com\/pl\/wp-json\/wp\/v2\/comments?post=2452"}],"version-history":[{"count":0,"href":"https:\/\/saccardo.com\/pl\/wp-json\/wp\/v2\/pages\/2452\/revisions"}],"wp:attachment":[{"href":"https:\/\/saccardo.com\/pl\/wp-json\/wp\/v2\/media?parent=2452"}],"curies":[{"name":"wp","href":"https:\/\/api.w.org\/{rel}","templated":true}]}}