{"id":2444,"date":"2023-09-05T15:33:11","date_gmt":"2023-09-05T15:33:11","guid":{"rendered":"https:\/\/saccardo.com\/nasza-historia\/"},"modified":"2026-03-17T16:22:41","modified_gmt":"2026-03-17T16:22:41","slug":"nasza-historia","status":"publish","type":"page","link":"https:\/\/saccardo.com\/pl\/nasza-historia\/","title":{"rendered":"Nasza historia"},"content":{"rendered":"<p>[et_pb_section fb_built=&#8221;1&#8243; custom_padding_last_edited=&#8221;off|desktop&#8221; module_class=&#8221;panel&#8221; _builder_version=&#8221;4.27.4&#8243; _module_preset=&#8221;default&#8221; background_color=&#8221;rgba(20,20,19,0.7)&#8221; use_background_color_gradient=&#8221;on&#8221; background_color_gradient_stops=&#8221;#141413 24%|rgba(20,20,19,0.1) 69%&#8221; background_color_gradient_overlays_image=&#8221;on&#8221; background_image=&#8221;https:\/\/saccardo.com\/wp-content\/uploads\/2025\/10\/Prima-foto-sezione-STORIA-compress.jpg&#8221; height=&#8221;100vh&#8221; height_tablet=&#8221;80vh&#8221; height_phone=&#8221;60vh&#8221; height_last_edited=&#8221;on|phone&#8221; custom_padding=&#8221;||||true|false&#8221; custom_padding_tablet=&#8221;8%||8%||true|false&#8221; custom_padding_phone=&#8221;8%||0%||false|false&#8221; hover_enabled=&#8221;0&#8243; global_colors_info=&#8221;{}&#8221; sticky_enabled=&#8221;0&#8243;][et_pb_row _builder_version=&#8221;4.27.4&#8243; _module_preset=&#8221;default&#8221; positioning=&#8221;absolute&#8221; position_origin_a=&#8221;top_center&#8221; vertical_offset=&#8221;50px&#8221; horizontal_offset=&#8221;170px&#8221; width=&#8221;100%&#8221; max_width=&#8221;75%&#8221; global_colors_info=&#8221;{}&#8221;][et_pb_column type=&#8221;4_4&#8243; _builder_version=&#8221;4.22.1&#8243; _module_preset=&#8221;default&#8221; global_colors_info=&#8221;{}&#8221;][et_pb_text _builder_version=&#8221;4.27.5&#8243; _module_preset=&#8221;default&#8221; text_font=&#8221;Poppins||||||||&#8221; text_font_size=&#8221;16px&#8221; header_font=&#8221;|||on|||||&#8221; header_text_color=&#8221;#FFFFFF&#8221; header_font_size=&#8221;4.5em&#8221; header_letter_spacing=&#8221;5px&#8221; header_2_font=&#8221;Poppins||||||||&#8221; header_3_font=&#8221;Poppins||||||||&#8221; header_3_line_height=&#8221;1.5em&#8221; hover_enabled=&#8221;0&#8243; header_font_size_tablet=&#8221;2.5em&#8221; header_font_size_phone=&#8221;1.5em&#8221; header_font_size_last_edited=&#8221;on|tablet&#8221; locked=&#8221;off&#8221; global_colors_info=&#8221;{}&#8221; sticky_enabled=&#8221;0&#8243;]<\/p>\n<h1>Ponad 50 lat do\u015bwiadczenia w kszta\u0142towaniu przysz\u0142o\u015bci opakowa\u0144<\/h1>\n<p>[\/et_pb_text][\/et_pb_column][\/et_pb_row][\/et_pb_section][et_pb_section fb_built=&#8221;1&#8243; module_class=&#8221;panel&#8221; _builder_version=&#8221;4.23.1&#8243; _module_preset=&#8221;default&#8221; background_color=&#8221;#141413&#8243; use_background_color_gradient=&#8221;on&#8221; background_color_gradient_stops=&#8221;#141413 0%|rgba(255,255,255,0) 50%&#8221; background_color_gradient_overlays_image=&#8221;on&#8221; background_enable_image=&#8221;off&#8221; background_size=&#8221;contain&#8221; background_position=&#8221;center_right&#8221; custom_padding=&#8221;0px||0px||true|false&#8221; global_colors_info=&#8221;{}&#8221;][et_pb_row _builder_version=&#8221;4.22.1&#8243; _module_preset=&#8221;default&#8221; width=&#8221;100%&#8221; max_width=&#8221;100%&#8221; locked=&#8221;off&#8221; global_colors_info=&#8221;{}&#8221;][et_pb_column type=&#8221;4_4&#8243; _builder_version=&#8221;4.22.1&#8243; _module_preset=&#8221;default&#8221; global_colors_info=&#8221;{}&#8221;][et_pb_divider color=&#8221;#8C8C8C&#8221; divider_position=&#8221;center&#8221; _builder_version=&#8221;4.22.1&#8243; _module_preset=&#8221;default&#8221; global_colors_info=&#8221;{}&#8221;][\/et_pb_divider][\/et_pb_column][\/et_pb_row][et_pb_row column_structure=&#8221;2_3,1_3&#8243; make_equal=&#8221;on&#8221; custom_padding_last_edited=&#8221;on|tablet&#8221; _builder_version=&#8221;4.22.1&#8243; _module_preset=&#8221;default&#8221; positioning=&#8221;none&#8221; position_origin_a=&#8221;bottom_center&#8221; width=&#8221;100%&#8221; max_width=&#8221;100%&#8221; custom_padding=&#8221;0px|10%|0px||true|false&#8221; custom_padding_tablet=&#8221;0px|0%|0px||true|false&#8221; custom_padding_phone=&#8221;0px|0%|0px||true|false&#8221; custom_css_main_element=&#8221;align-items:center;&#8221; global_colors_info=&#8221;{}&#8221;][et_pb_column type=&#8221;2_3&#8243; _builder_version=&#8221;4.22.1&#8243; _module_preset=&#8221;default&#8221; global_colors_info=&#8221;{}&#8221;][et_pb_image src=&#8221;https:\/\/saccardo.com\/wp-content\/uploads\/2023\/09\/azienda-2.webp&#8221; title_text=&#8221;firma-2&#8243; _builder_version=&#8221;4.27.5&#8243; _module_preset=&#8221;default&#8221; hover_enabled=&#8221;0&#8243; global_colors_info=&#8221;{}&#8221; sticky_enabled=&#8221;0&#8243;][\/et_pb_image][\/et_pb_column][et_pb_column type=&#8221;1_3&#8243; _builder_version=&#8221;4.22.1&#8243; _module_preset=&#8221;default&#8221; global_colors_info=&#8221;{}&#8221;][et_pb_text _builder_version=&#8221;4.22.1&#8243; _module_preset=&#8221;default&#8221; text_font_size=&#8221;16px&#8221; header_3_font=&#8221;|||on|||||&#8221; header_3_text_color=&#8221;#FFFFFF&#8221; header_3_font_size=&#8221;50px&#8221; custom_padding_tablet=&#8221;|10%||10%|false|true&#8221; custom_padding_phone=&#8221;|12.5%||12.5%|false|true&#8221; custom_padding_last_edited=&#8221;on|tablet&#8221; header_3_font_size_tablet=&#8221;50px&#8221; header_3_font_size_phone=&#8221;30px&#8221; header_3_font_size_last_edited=&#8221;on|phone&#8221; global_colors_info=&#8221;{}&#8221;]<\/p>\n<h3>50 LAT HISTORII<\/h3>\n<p>Nasza historia rozpocz\u0119\u0142a si\u0119 w 1975 roku, kiedy to pan Arturo Saccardo, kierowany pasj\u0105 i determinacj\u0105, postanowi\u0142 przekszta\u0142ci\u0107 sw\u00f3j pomys\u0142 w konkretny projekt. Od tamtej pory firma nosz\u0105ca jego imi\u0119 ma swoj\u0105 siedzib\u0119 w samym sercu p\u00f3\u0142nocnych W\u0142och i zawsze realizowa\u0142a jedn\u0105 misj\u0119: projektowanie i produkcj\u0119 najnowocze\u015bniejszych maszyn do pakowania pr\u00f3\u017cniowego, przeznaczonych g\u0142\u00f3wnie dla bran\u017cy spo\u017cywczej. <\/p>\n<p>Od samego pocz\u0105tku nasz\u0105 si\u0142\u0105 jest po\u0142\u0105czenie innowacji technicznych z trosk\u0105 o klienta, dzi\u0119ki czemu wprowadzamy na rynek rozwi\u0105zania, kt\u00f3re u\u0142atwiaj\u0105 codzienn\u0105 prac\u0119 oraz gwarantuj\u0105 jako\u015b\u0107 i bezpiecze\u0144stwo. To w\u0142a\u015bnie z tej wizji wywodzi si\u0119 droga, kt\u00f3ra uczyni\u0142a nas liderem w bran\u017cy i kt\u00f3ra nadal prowadzi nas ku przysz\u0142o\u015bci. <\/p>\n<p>[\/et_pb_text][\/et_pb_column][\/et_pb_row][et_pb_row _builder_version=&#8221;4.22.1&#8243; _module_preset=&#8221;default&#8221; width=&#8221;100%&#8221; max_width=&#8221;100%&#8221; locked=&#8221;off&#8221; global_colors_info=&#8221;{}&#8221;][et_pb_column type=&#8221;4_4&#8243; _builder_version=&#8221;4.22.1&#8243; _module_preset=&#8221;default&#8221; global_colors_info=&#8221;{}&#8221;][et_pb_divider color=&#8221;#8C8C8C&#8221; divider_position=&#8221;center&#8221; _builder_version=&#8221;4.22.1&#8243; _module_preset=&#8221;default&#8221; global_colors_info=&#8221;{}&#8221;][\/et_pb_divider][\/et_pb_column][\/et_pb_row][\/et_pb_section][et_pb_section fb_built=&#8221;1&#8243; module_class=&#8221;panel&#8221; _builder_version=&#8221;4.23.1&#8243; _module_preset=&#8221;default&#8221; background_color=&#8221;#141413&#8243; use_background_color_gradient=&#8221;on&#8221; background_color_gradient_stops=&#8221;#141413 0%|rgba(255,255,255,0) 50%&#8221; background_color_gradient_overlays_image=&#8221;on&#8221; background_enable_image=&#8221;off&#8221; background_size=&#8221;contain&#8221; background_position=&#8221;center_right&#8221; custom_padding=&#8221;0px||0px||true|false&#8221; global_colors_info=&#8221;{}&#8221;][et_pb_row column_structure=&#8221;1_3,2_3&#8243; make_equal=&#8221;on&#8221; custom_padding_last_edited=&#8221;on|tablet&#8221; module_class=&#8221;reverse&#8221; _builder_version=&#8221;4.22.1&#8243; _module_preset=&#8221;default&#8221; positioning=&#8221;none&#8221; position_origin_a=&#8221;bottom_center&#8221; width=&#8221;100%&#8221; max_width=&#8221;100%&#8221; custom_padding=&#8221;0px||0px|10%|true|false&#8221; custom_padding_tablet=&#8221;0px||0px|0%|true|false&#8221; custom_padding_phone=&#8221;0px||0px|0%|true|false&#8221; custom_css_main_element=&#8221;align-items:center;&#8221; global_colors_info=&#8221;{}&#8221;][et_pb_column type=&#8221;1_3&#8243; _builder_version=&#8221;4.22.1&#8243; _module_preset=&#8221;default&#8221; global_colors_info=&#8221;{}&#8221;][et_pb_text _builder_version=&#8221;4.27.4&#8243; _module_preset=&#8221;default&#8221; text_font_size=&#8221;16px&#8221; header_3_font=&#8221;|||on|||||&#8221; header_3_text_color=&#8221;#FFFFFF&#8221; header_3_font_size=&#8221;50px&#8221; custom_margin_tablet=&#8221;5%||0px||false|false&#8221; custom_margin_phone=&#8221;8%||||false|false&#8221; custom_margin_last_edited=&#8221;on|phone&#8221; custom_padding_tablet=&#8221;|10%|0px|10%|false|true&#8221; custom_padding_phone=&#8221;|12.5%||12.5%|false|true&#8221; custom_padding_last_edited=&#8221;on|tablet&#8221; header_3_font_size_tablet=&#8221;50px&#8221; header_3_font_size_phone=&#8221;30px&#8221; header_3_font_size_last_edited=&#8221;on|phone&#8221; global_colors_info=&#8221;{}&#8221;]<\/p>\n<h3>FIRMA DZISIAJ<\/h3>\n<p>Obecnie firm\u0105 kieruje pan Walter Saccardo, wspierany przez wykwalifikowany i pe\u0142en pasji zesp\u00f3\u0142, kt\u00f3ry ka\u017cdego dnia przyczynia si\u0119 do rozwoju i sukcesu marki. Pod jego kierownictwem firma Saccardo rozpocz\u0119\u0142a proces ekspansji mi\u0119dzynarodowej, rozszerzaj\u0105c swoj\u0105 dzia\u0142alno\u015b\u0107 poza granice W\u0142och i umacniaj\u0105c swoj\u0105 pozycj\u0119 na rynkach \u015bwiatowych poprzez udzia\u0142 w najbardziej presti\u017cowych i innowacyjnych targach bran\u017cowych na \u015bwiecie. <\/p>\n<p>Opr\u00f3cz d\u0105\u017cenia do innowacji i internacjonalizacji firma Saccardo piel\u0119gnuje g\u0142\u0119bok\u0105 mi\u0142o\u015b\u0107 do sztuki i przywi\u0105zuje du\u017c\u0105 wag\u0119 do dobrego samopoczucia pracownik\u00f3w, tworz\u0105c komfortowe i integracyjne \u015brodowisko pracy, w kt\u00f3rym na pierwszym miejscu stawia si\u0119 dobrobyt pracownik\u00f3w.<\/p>\n<p>[\/et_pb_text][\/et_pb_column][et_pb_column type=&#8221;2_3&#8243; _builder_version=&#8221;4.22.1&#8243; _module_preset=&#8221;default&#8221; global_colors_info=&#8221;{}&#8221;][dipl_image_card_carousel hide_title=&#8221;on&#8221; cards_per_slide=&#8221;1&#8243; auto_height_slider=&#8221;on&#8221; slider_loop=&#8221;on&#8221; autoplay_speed=&#8221;1000&#8243; slide_transition_duration=&#8221;800&#8243; cards_per_slide_tablet=&#8221;1&#8243; cards_per_slide_phone=&#8221;1&#8243; module_class=&#8221;carosello-storia&#8221; _builder_version=&#8221;4.27.5&#8243; _module_preset=&#8221;default&#8221; hover_enabled=&#8221;0&#8243; global_colors_info=&#8221;{}&#8221; sticky_enabled=&#8221;0&#8243;][dipl_image_card_carousel_item image=&#8221;https:\/\/saccardo.com\/wp-content\/uploads\/2025\/10\/L_azienda-oggi1-compress.jpg&#8221; _builder_version=&#8221;4.27.4&#8243; _module_preset=&#8221;default&#8221; global_colors_info=&#8221;{}&#8221;][\/dipl_image_card_carousel_item][dipl_image_card_carousel_item image=&#8221;https:\/\/saccardo.com\/wp-content\/uploads\/2025\/10\/L_azienda-oggi2-compress.jpg&#8221; _builder_version=&#8221;4.27.4&#8243; _module_preset=&#8221;default&#8221; global_colors_info=&#8221;{}&#8221;][\/dipl_image_card_carousel_item][dipl_image_card_carousel_item image=&#8221;https:\/\/saccardo.com\/wp-content\/uploads\/2025\/10\/L_azienda-oggi3-compress.jpg&#8221; _builder_version=&#8221;4.27.4&#8243; _module_preset=&#8221;default&#8221; global_colors_info=&#8221;{}&#8221;][\/dipl_image_card_carousel_item][dipl_image_card_carousel_item image=&#8221;https:\/\/saccardo.com\/wp-content\/uploads\/2025\/10\/L_azienda-oggi-4-compress.jpg&#8221; _builder_version=&#8221;4.27.4&#8243; _module_preset=&#8221;default&#8221; global_colors_info=&#8221;{}&#8221;][\/dipl_image_card_carousel_item][dipl_image_card_carousel_item image=&#8221;https:\/\/saccardo.com\/wp-content\/uploads\/2025\/10\/L_azienda-oggi5-compress.jpg&#8221; _builder_version=&#8221;4.27.4&#8243; _module_preset=&#8221;default&#8221; global_colors_info=&#8221;{}&#8221;][\/dipl_image_card_carousel_item][\/dipl_image_card_carousel][\/et_pb_column][\/et_pb_row][et_pb_row custom_padding_last_edited=&#8221;on|phone&#8221; _builder_version=&#8221;4.23&#8243; _module_preset=&#8221;default&#8221; width=&#8221;100%&#8221; max_width=&#8221;100%&#8221; custom_padding_tablet=&#8221;0px||||false|false&#8221; custom_padding_phone=&#8221;0px||||false|false&#8221; locked=&#8221;off&#8221; global_colors_info=&#8221;{}&#8221;][et_pb_column type=&#8221;4_4&#8243; _builder_version=&#8221;4.22.1&#8243; _module_preset=&#8221;default&#8221; global_colors_info=&#8221;{}&#8221;][et_pb_divider color=&#8221;#8C8C8C&#8221; divider_position=&#8221;center&#8221; _builder_version=&#8221;4.22.1&#8243; _module_preset=&#8221;default&#8221; global_colors_info=&#8221;{}&#8221;][\/et_pb_divider][\/et_pb_column][\/et_pb_row][\/et_pb_section][et_pb_section fb_built=&#8221;1&#8243; custom_padding_last_edited=&#8221;on|phone&#8221; module_class=&#8221;panel&#8221; _builder_version=&#8221;4.27.4&#8243; _module_preset=&#8221;default&#8221; background_color=&#8221;#141413&#8243; use_background_color_gradient=&#8221;on&#8221; background_color_gradient_stops=&#8221;#141413 0%|rgba(255,255,255,0) 50%&#8221; background_color_gradient_overlays_image=&#8221;on&#8221; background_enable_image=&#8221;off&#8221; background_size=&#8221;contain&#8221; background_position=&#8221;center_right&#8221; custom_padding=&#8221;0px||2.5%||false|false&#8221; custom_padding_tablet=&#8221;||5%||false|false&#8221; custom_padding_phone=&#8221;0px||7.5%||false|false&#8221; global_colors_info=&#8221;{}&#8221;][et_pb_row column_structure=&#8221;2_3,1_3&#8243; make_equal=&#8221;on&#8221; custom_padding_last_edited=&#8221;on|tablet&#8221; _builder_version=&#8221;4.22.1&#8243; _module_preset=&#8221;default&#8221; positioning=&#8221;none&#8221; position_origin_a=&#8221;bottom_center&#8221; width=&#8221;100%&#8221; max_width=&#8221;100%&#8221; custom_padding=&#8221;0px|10%|0px||true|false&#8221; custom_padding_tablet=&#8221;0px|0%|0px||true|false&#8221; custom_padding_phone=&#8221;0px|0%|0px||true|false&#8221; custom_css_main_element=&#8221;align-items:center;&#8221; global_colors_info=&#8221;{}&#8221;][et_pb_column type=&#8221;2_3&#8243; _builder_version=&#8221;4.22.1&#8243; _module_preset=&#8221;default&#8221; global_colors_info=&#8221;{}&#8221;][et_pb_divider show_divider=&#8221;off&#8221; _builder_version=&#8221;4.27.4&#8243; _module_preset=&#8221;default&#8221; background_image=&#8221;https:\/\/saccardo.com\/wp-content\/uploads\/2025\/10\/Visione-globale-compress.jpg&#8221; height=&#8221;60vh&#8221; height_tablet=&#8221;50vh&#8221; height_phone=&#8221;35vh&#8221; height_last_edited=&#8221;on|phone&#8221; global_colors_info=&#8221;{}&#8221;][\/et_pb_divider][\/et_pb_column][et_pb_column type=&#8221;1_3&#8243; _builder_version=&#8221;4.22.1&#8243; _module_preset=&#8221;default&#8221; global_colors_info=&#8221;{}&#8221;][et_pb_text _builder_version=&#8221;4.27.4&#8243; _module_preset=&#8221;default&#8221; text_font_size=&#8221;16px&#8221; header_3_font=&#8221;|||on|||||&#8221; header_3_text_color=&#8221;#FFFFFF&#8221; header_3_font_size=&#8221;50px&#8221; custom_padding_tablet=&#8221;|10%||10%|false|true&#8221; custom_padding_phone=&#8221;|12.5%||12.5%|false|true&#8221; custom_padding_last_edited=&#8221;on|tablet&#8221; header_3_font_size_tablet=&#8221;50px&#8221; header_3_font_size_phone=&#8221;30px&#8221; header_3_font_size_last_edited=&#8221;on|phone&#8221; global_colors_info=&#8221;{}&#8221;]<\/p>\n<h3>GLOBALNE POWO\u0141ANIE<\/h3>\n<p>Obecnie firma Saccardo jest obecna na wszystkich kontynentach dzi\u0119ki rozbudowanej sieci przedstawicieli i dealer\u00f3w, oddzia\u0142om techniczno-handlowym, wyspecjalizowanemu dzia\u0142owi sprzeda\u017cy oraz szybkiej i sprawnej obs\u0142udze klienta.<\/p>\n<p>Nasze maszyny s\u0105 instalowane w ponad 40 krajach w Europie, Azji, Ameryce i Australii dzi\u0119ki rozbudowanej sieci handlowej, na kt\u00f3r\u0105 sk\u0142adaj\u0105 si\u0119 zagraniczne oddzia\u0142y i wykwalifikowani dystrybutorzy.<\/p>\n<p><em>\u201cNie nale\u017c\u0119 do \u017cadnego kraju, lecz do \u015bwiata.\u201d<\/em> \u2014 <strong>Alexander von Humboldt<\/strong><\/p>\n<p>[\/et_pb_text][\/et_pb_column][\/et_pb_row][\/et_pb_section]<\/p>\n","protected":false},"excerpt":{"rendered":"<p>Ponad 50 lat do\u015bwiadczenia w kszta\u0142towaniu przysz\u0142o\u015bci opakowa\u014450 LAT HISTORII Nasza historia rozpocz\u0119\u0142a si\u0119 w 1975 roku, kiedy to pan Arturo Saccardo, kierowany pasj\u0105 i determinacj\u0105, postanowi\u0142 przekszta\u0142ci\u0107 sw\u00f3j pomys\u0142 w konkretny projekt. Od tamtej pory firma nosz\u0105ca jego imi\u0119 ma swoj\u0105 siedzib\u0119 w samym sercu p\u00f3\u0142nocnych W\u0142och i zawsze realizowa\u0142a jedn\u0105 misj\u0119: projektowanie i [&hellip;]<\/p>\n","protected":false},"author":1,"featured_media":0,"parent":0,"menu_order":0,"comment_status":"closed","ping_status":"closed","template":"","meta":{"_et_pb_use_builder":"on","_et_pb_old_content":"","_et_gb_content_width":"","footnotes":""},"class_list":["post-2444","page","type-page","status-publish","hentry"],"acf":[],"yoast_head":"<!-- This site is optimized with the Yoast SEO plugin v27.4 - https:\/\/yoast.com\/product\/yoast-seo-wordpress\/ -->\n<title>Saccardo | Opakowania spo\u017cywcze od 1975 roku<\/title>\n<meta name=\"description\" content=\"Od 1980 roku wprowadzamy innowacje w dziedzinie opakowa\u0144 spo\u017cywczych. Poznaj histori\u0119 rozwoju firmy Saccardo oraz nasze do\u015bwiadczenie w bran\u017cy opakowa\u0144.\" \/>\n<meta name=\"robots\" content=\"index, follow, max-snippet:-1, max-image-preview:large, max-video-preview:-1\" \/>\n<link rel=\"canonical\" href=\"https:\/\/saccardo.com\/pl\/nasza-historia\/\" \/>\n<meta property=\"og:locale\" content=\"pl_PL\" \/>\n<meta property=\"og:type\" content=\"article\" \/>\n<meta property=\"og:title\" content=\"Saccardo | Opakowania spo\u017cywcze od 1975 roku\" \/>\n<meta property=\"og:description\" content=\"Od 1980 roku wprowadzamy innowacje w dziedzinie opakowa\u0144 spo\u017cywczych. Poznaj histori\u0119 rozwoju firmy Saccardo oraz nasze do\u015bwiadczenie w bran\u017cy opakowa\u0144.\" \/>\n<meta property=\"og:url\" content=\"https:\/\/saccardo.com\/pl\/nasza-historia\/\" \/>\n<meta property=\"og:site_name\" content=\"Saccardo\" \/>\n<meta property=\"article:modified_time\" content=\"2026-03-17T16:22:41+00:00\" \/>\n<meta name=\"twitter:card\" content=\"summary_large_image\" \/>\n<meta name=\"twitter:label1\" content=\"Szacowany czas czytania\" \/>\n\t<meta name=\"twitter:data1\" content=\"8 minut\" \/>\n<script type=\"application\/ld+json\" class=\"yoast-schema-graph\">{\"@context\":\"https:\\\/\\\/schema.org\",\"@graph\":[{\"@type\":\"WebPage\",\"@id\":\"https:\\\/\\\/saccardo.com\\\/pl\\\/nasza-historia\\\/\",\"url\":\"https:\\\/\\\/saccardo.com\\\/pl\\\/nasza-historia\\\/\",\"name\":\"Saccardo | Opakowania spo\u017cywcze od 1975 roku\",\"isPartOf\":{\"@id\":\"https:\\\/\\\/saccardo.com\\\/#website\"},\"datePublished\":\"2023-09-05T15:33:11+00:00\",\"dateModified\":\"2026-03-17T16:22:41+00:00\",\"description\":\"Od 1980 roku wprowadzamy innowacje w dziedzinie opakowa\u0144 spo\u017cywczych. Poznaj histori\u0119 rozwoju firmy Saccardo oraz nasze do\u015bwiadczenie w bran\u017cy opakowa\u0144.\",\"breadcrumb\":{\"@id\":\"https:\\\/\\\/saccardo.com\\\/pl\\\/nasza-historia\\\/#breadcrumb\"},\"inLanguage\":\"pl-PL\",\"potentialAction\":[{\"@type\":\"ReadAction\",\"target\":[\"https:\\\/\\\/saccardo.com\\\/pl\\\/nasza-historia\\\/\"]}]},{\"@type\":\"BreadcrumbList\",\"@id\":\"https:\\\/\\\/saccardo.com\\\/pl\\\/nasza-historia\\\/#breadcrumb\",\"itemListElement\":[{\"@type\":\"ListItem\",\"position\":1,\"name\":\"Home\",\"item\":\"https:\\\/\\\/saccardo.com\\\/pl\\\/\"},{\"@type\":\"ListItem\",\"position\":2,\"name\":\"Nasza historia\"}]},{\"@type\":\"WebSite\",\"@id\":\"https:\\\/\\\/saccardo.com\\\/#website\",\"url\":\"https:\\\/\\\/saccardo.com\\\/\",\"name\":\"Saccardo\",\"description\":\"\",\"publisher\":{\"@id\":\"https:\\\/\\\/saccardo.com\\\/#organization\"},\"potentialAction\":[{\"@type\":\"SearchAction\",\"target\":{\"@type\":\"EntryPoint\",\"urlTemplate\":\"https:\\\/\\\/saccardo.com\\\/?s={search_term_string}\"},\"query-input\":{\"@type\":\"PropertyValueSpecification\",\"valueRequired\":true,\"valueName\":\"search_term_string\"}}],\"inLanguage\":\"pl-PL\"},{\"@type\":\"Organization\",\"@id\":\"https:\\\/\\\/saccardo.com\\\/#organization\",\"name\":\"Saccardo Arturo Figli Srl\",\"url\":\"https:\\\/\\\/saccardo.com\\\/\",\"logo\":{\"@type\":\"ImageObject\",\"inLanguage\":\"pl-PL\",\"@id\":\"https:\\\/\\\/saccardo.com\\\/#\\\/schema\\\/logo\\\/image\\\/\",\"url\":\"https:\\\/\\\/saccardo.com\\\/wp-content\\\/uploads\\\/2023\\\/09\\\/logo-saccardo.svg\",\"contentUrl\":\"https:\\\/\\\/saccardo.com\\\/wp-content\\\/uploads\\\/2023\\\/09\\\/logo-saccardo.svg\",\"width\":\"1024\",\"height\":\"1024\",\"caption\":\"Saccardo Arturo Figli Srl\"},\"image\":{\"@id\":\"https:\\\/\\\/saccardo.com\\\/#\\\/schema\\\/logo\\\/image\\\/\"}}]}<\/script>\n<!-- \/ Yoast SEO plugin. -->","yoast_head_json":{"title":"Saccardo | Opakowania spo\u017cywcze od 1975 roku","description":"Od 1980 roku wprowadzamy innowacje w dziedzinie opakowa\u0144 spo\u017cywczych. Poznaj histori\u0119 rozwoju firmy Saccardo oraz nasze do\u015bwiadczenie w bran\u017cy opakowa\u0144.","robots":{"index":"index","follow":"follow","max-snippet":"max-snippet:-1","max-image-preview":"max-image-preview:large","max-video-preview":"max-video-preview:-1"},"canonical":"https:\/\/saccardo.com\/pl\/nasza-historia\/","og_locale":"pl_PL","og_type":"article","og_title":"Saccardo | Opakowania spo\u017cywcze od 1975 roku","og_description":"Od 1980 roku wprowadzamy innowacje w dziedzinie opakowa\u0144 spo\u017cywczych. Poznaj histori\u0119 rozwoju firmy Saccardo oraz nasze do\u015bwiadczenie w bran\u017cy opakowa\u0144.","og_url":"https:\/\/saccardo.com\/pl\/nasza-historia\/","og_site_name":"Saccardo","article_modified_time":"2026-03-17T16:22:41+00:00","twitter_card":"summary_large_image","twitter_misc":{"Szacowany czas czytania":"8 minut"},"schema":{"@context":"https:\/\/schema.org","@graph":[{"@type":"WebPage","@id":"https:\/\/saccardo.com\/pl\/nasza-historia\/","url":"https:\/\/saccardo.com\/pl\/nasza-historia\/","name":"Saccardo | Opakowania spo\u017cywcze od 1975 roku","isPartOf":{"@id":"https:\/\/saccardo.com\/#website"},"datePublished":"2023-09-05T15:33:11+00:00","dateModified":"2026-03-17T16:22:41+00:00","description":"Od 1980 roku wprowadzamy innowacje w dziedzinie opakowa\u0144 spo\u017cywczych. Poznaj histori\u0119 rozwoju firmy Saccardo oraz nasze do\u015bwiadczenie w bran\u017cy opakowa\u0144.","breadcrumb":{"@id":"https:\/\/saccardo.com\/pl\/nasza-historia\/#breadcrumb"},"inLanguage":"pl-PL","potentialAction":[{"@type":"ReadAction","target":["https:\/\/saccardo.com\/pl\/nasza-historia\/"]}]},{"@type":"BreadcrumbList","@id":"https:\/\/saccardo.com\/pl\/nasza-historia\/#breadcrumb","itemListElement":[{"@type":"ListItem","position":1,"name":"Home","item":"https:\/\/saccardo.com\/pl\/"},{"@type":"ListItem","position":2,"name":"Nasza historia"}]},{"@type":"WebSite","@id":"https:\/\/saccardo.com\/#website","url":"https:\/\/saccardo.com\/","name":"Saccardo","description":"","publisher":{"@id":"https:\/\/saccardo.com\/#organization"},"potentialAction":[{"@type":"SearchAction","target":{"@type":"EntryPoint","urlTemplate":"https:\/\/saccardo.com\/?s={search_term_string}"},"query-input":{"@type":"PropertyValueSpecification","valueRequired":true,"valueName":"search_term_string"}}],"inLanguage":"pl-PL"},{"@type":"Organization","@id":"https:\/\/saccardo.com\/#organization","name":"Saccardo Arturo Figli Srl","url":"https:\/\/saccardo.com\/","logo":{"@type":"ImageObject","inLanguage":"pl-PL","@id":"https:\/\/saccardo.com\/#\/schema\/logo\/image\/","url":"https:\/\/saccardo.com\/wp-content\/uploads\/2023\/09\/logo-saccardo.svg","contentUrl":"https:\/\/saccardo.com\/wp-content\/uploads\/2023\/09\/logo-saccardo.svg","width":"1024","height":"1024","caption":"Saccardo Arturo Figli Srl"},"image":{"@id":"https:\/\/saccardo.com\/#\/schema\/logo\/image\/"}}]}},"_links":{"self":[{"href":"https:\/\/saccardo.com\/pl\/wp-json\/wp\/v2\/pages\/2444","targetHints":{"allow":["GET"]}}],"collection":[{"href":"https:\/\/saccardo.com\/pl\/wp-json\/wp\/v2\/pages"}],"about":[{"href":"https:\/\/saccardo.com\/pl\/wp-json\/wp\/v2\/types\/page"}],"author":[{"embeddable":true,"href":"https:\/\/saccardo.com\/pl\/wp-json\/wp\/v2\/users\/1"}],"replies":[{"embeddable":true,"href":"https:\/\/saccardo.com\/pl\/wp-json\/wp\/v2\/comments?post=2444"}],"version-history":[{"count":0,"href":"https:\/\/saccardo.com\/pl\/wp-json\/wp\/v2\/pages\/2444\/revisions"}],"wp:attachment":[{"href":"https:\/\/saccardo.com\/pl\/wp-json\/wp\/v2\/media?parent=2444"}],"curies":[{"name":"wp","href":"https:\/\/api.w.org\/{rel}","templated":true}]}}