{"id":2995,"date":"2024-02-01T15:59:57","date_gmt":"2024-02-01T15:59:57","guid":{"rendered":"https:\/\/saccardo.com\/prodotto\/js06\/"},"modified":"2024-02-01T15:59:57","modified_gmt":"2024-02-01T15:59:57","slug":"js06","status":"publish","type":"product","link":"https:\/\/saccardo.com\/es\/prodotto\/js06\/","title":{"rendered":"JS06"},"content":{"rendered":"<p>La ensacadora autom\u00e1tica <strong>JS06 Saccardo<\/strong> est\u00e1 dise\u00f1ada para fabricar bolsas a partir de film tubular e introducir en ellas una amplia gama de productos de dimensiones est\u00e1ndar. Gracias a su versatilidad y precisi\u00f3n, es la soluci\u00f3n ideal para el envasado de embutidos y quesos, con la posibilidad de trabajar tanto con films laminados como termorretr\u00e1ctiles. El coraz\u00f3n de la m\u00e1quina es la unidad de control con PC industrial, combinada con una moderna interfaz de usuario con monitor en color y pantalla t\u00e1ctil, lo que hace que cada ajuste sea intuitivo y r\u00e1pido.  <\/p>\n","protected":false},"excerpt":{"rendered":"<p>Soluci\u00f3n ideal para el envasado de embutidos y quesos<\/p>\n","protected":false},"featured_media":2998,"comment_status":"open","ping_status":"closed","template":"","meta":{"_et_pb_use_builder":"","_et_pb_old_content":"","_et_gb_content_width":"","inline_featured_image":false},"settore-di-applicazione":[],"soluzione":[983],"product_brand":[],"product_cat":[841],"product_tag":[],"class_list":{"0":"post-2995","1":"product","2":"type-product","3":"status-publish","4":"has-post-thumbnail","6":"soluzione-automatica","7":"product_cat-envasado","9":"first","10":"instock","11":"shipping-taxable","12":"product-type-simple"},"acf":[],"yoast_head":"<!-- This site is optimized with the Yoast SEO plugin v27.3 - https:\/\/yoast.com\/product\/yoast-seo-wordpress\/ -->\n<title>JS06 | Ensacado | Saccardo<\/title>\n<meta name=\"description\" content=\"JS06 Saccardo: m\u00e1quina profesional para el ensacado. Tecnolog\u00eda industrial fiable para la industria alimentaria.\" \/>\n<meta name=\"robots\" content=\"index, follow, max-snippet:-1, max-image-preview:large, max-video-preview:-1\" \/>\n<link rel=\"canonical\" href=\"https:\/\/saccardo.com\/es\/prodotto\/js06\/\" \/>\n<meta property=\"og:locale\" content=\"es_ES\" \/>\n<meta property=\"og:type\" content=\"article\" \/>\n<meta property=\"og:title\" content=\"JS06 | Ensacado | Saccardo\" \/>\n<meta property=\"og:description\" content=\"JS06 Saccardo: m\u00e1quina profesional para el ensacado. Tecnolog\u00eda industrial fiable para la industria alimentaria.\" \/>\n<meta property=\"og:url\" content=\"https:\/\/saccardo.com\/es\/prodotto\/js06\/\" \/>\n<meta property=\"og:site_name\" content=\"Saccardo\" \/>\n<meta property=\"og:image\" content=\"https:\/\/saccardo.com\/wp-content\/uploads\/2024\/02\/JS06_render.png\" \/>\n\t<meta property=\"og:image:width\" content=\"1080\" \/>\n\t<meta property=\"og:image:height\" content=\"675\" \/>\n\t<meta property=\"og:image:type\" content=\"image\/png\" \/>\n<meta name=\"twitter:card\" content=\"summary_large_image\" \/>\n<meta name=\"twitter:label1\" content=\"Tiempo de lectura\" \/>\n\t<meta name=\"twitter:data1\" content=\"1 minuto\" \/>\n<script type=\"application\/ld+json\" class=\"yoast-schema-graph\">{\"@context\":\"https:\\\/\\\/schema.org\",\"@graph\":[{\"@type\":\"WebPage\",\"@id\":\"https:\\\/\\\/saccardo.com\\\/es\\\/prodotto\\\/js06\\\/\",\"url\":\"https:\\\/\\\/saccardo.com\\\/es\\\/prodotto\\\/js06\\\/\",\"name\":\"JS06 | Ensacado | Saccardo\",\"isPartOf\":{\"@id\":\"https:\\\/\\\/saccardo.com\\\/#website\"},\"primaryImageOfPage\":{\"@id\":\"https:\\\/\\\/saccardo.com\\\/es\\\/prodotto\\\/js06\\\/#primaryimage\"},\"image\":{\"@id\":\"https:\\\/\\\/saccardo.com\\\/es\\\/prodotto\\\/js06\\\/#primaryimage\"},\"thumbnailUrl\":\"https:\\\/\\\/saccardo.com\\\/wp-content\\\/uploads\\\/2024\\\/02\\\/JS06_render.png\",\"datePublished\":\"2024-02-01T15:59:57+00:00\",\"description\":\"JS06 Saccardo: m\u00e1quina profesional para el ensacado. Tecnolog\u00eda industrial fiable para la industria alimentaria.\",\"breadcrumb\":{\"@id\":\"https:\\\/\\\/saccardo.com\\\/es\\\/prodotto\\\/js06\\\/#breadcrumb\"},\"inLanguage\":\"es\",\"potentialAction\":[{\"@type\":\"ReadAction\",\"target\":[\"https:\\\/\\\/saccardo.com\\\/es\\\/prodotto\\\/js06\\\/\"]}]},{\"@type\":\"ImageObject\",\"inLanguage\":\"es\",\"@id\":\"https:\\\/\\\/saccardo.com\\\/es\\\/prodotto\\\/js06\\\/#primaryimage\",\"url\":\"https:\\\/\\\/saccardo.com\\\/wp-content\\\/uploads\\\/2024\\\/02\\\/JS06_render.png\",\"contentUrl\":\"https:\\\/\\\/saccardo.com\\\/wp-content\\\/uploads\\\/2024\\\/02\\\/JS06_render.png\",\"width\":1080,\"height\":675},{\"@type\":\"BreadcrumbList\",\"@id\":\"https:\\\/\\\/saccardo.com\\\/es\\\/prodotto\\\/js06\\\/#breadcrumb\",\"itemListElement\":[{\"@type\":\"ListItem\",\"position\":1,\"name\":\"Home\",\"item\":\"https:\\\/\\\/saccardo.com\\\/es\\\/\"},{\"@type\":\"ListItem\",\"position\":2,\"name\":\"Nuestras soluciones:para responder a todas las solicitudes, para satisfacer todas las necesidades\",\"item\":\"https:\\\/\\\/saccardo.com\\\/es\\\/nuestras-solucionespara\\\/\"},{\"@type\":\"ListItem\",\"position\":3,\"name\":\"JS06\"}]},{\"@type\":\"WebSite\",\"@id\":\"https:\\\/\\\/saccardo.com\\\/#website\",\"url\":\"https:\\\/\\\/saccardo.com\\\/\",\"name\":\"Saccardo\",\"description\":\"\",\"publisher\":{\"@id\":\"https:\\\/\\\/saccardo.com\\\/#organization\"},\"potentialAction\":[{\"@type\":\"SearchAction\",\"target\":{\"@type\":\"EntryPoint\",\"urlTemplate\":\"https:\\\/\\\/saccardo.com\\\/?s={search_term_string}\"},\"query-input\":{\"@type\":\"PropertyValueSpecification\",\"valueRequired\":true,\"valueName\":\"search_term_string\"}}],\"inLanguage\":\"es\"},{\"@type\":\"Organization\",\"@id\":\"https:\\\/\\\/saccardo.com\\\/#organization\",\"name\":\"Saccardo Arturo Figli Srl\",\"url\":\"https:\\\/\\\/saccardo.com\\\/\",\"logo\":{\"@type\":\"ImageObject\",\"inLanguage\":\"es\",\"@id\":\"https:\\\/\\\/saccardo.com\\\/#\\\/schema\\\/logo\\\/image\\\/\",\"url\":\"https:\\\/\\\/saccardo.com\\\/wp-content\\\/uploads\\\/2023\\\/09\\\/logo-saccardo.svg\",\"contentUrl\":\"https:\\\/\\\/saccardo.com\\\/wp-content\\\/uploads\\\/2023\\\/09\\\/logo-saccardo.svg\",\"width\":\"1024\",\"height\":\"1024\",\"caption\":\"Saccardo Arturo Figli Srl\"},\"image\":{\"@id\":\"https:\\\/\\\/saccardo.com\\\/#\\\/schema\\\/logo\\\/image\\\/\"}}]}<\/script>\n<!-- \/ Yoast SEO plugin. -->","yoast_head_json":{"title":"JS06 | Ensacado | Saccardo","description":"JS06 Saccardo: m\u00e1quina profesional para el ensacado. Tecnolog\u00eda industrial fiable para la industria alimentaria.","robots":{"index":"index","follow":"follow","max-snippet":"max-snippet:-1","max-image-preview":"max-image-preview:large","max-video-preview":"max-video-preview:-1"},"canonical":"https:\/\/saccardo.com\/es\/prodotto\/js06\/","og_locale":"es_ES","og_type":"article","og_title":"JS06 | Ensacado | Saccardo","og_description":"JS06 Saccardo: m\u00e1quina profesional para el ensacado. Tecnolog\u00eda industrial fiable para la industria alimentaria.","og_url":"https:\/\/saccardo.com\/es\/prodotto\/js06\/","og_site_name":"Saccardo","og_image":[{"width":1080,"height":675,"url":"https:\/\/saccardo.com\/wp-content\/uploads\/2024\/02\/JS06_render.png","type":"image\/png"}],"twitter_card":"summary_large_image","twitter_misc":{"Tiempo de lectura":"1 minuto"},"schema":{"@context":"https:\/\/schema.org","@graph":[{"@type":"WebPage","@id":"https:\/\/saccardo.com\/es\/prodotto\/js06\/","url":"https:\/\/saccardo.com\/es\/prodotto\/js06\/","name":"JS06 | Ensacado | Saccardo","isPartOf":{"@id":"https:\/\/saccardo.com\/#website"},"primaryImageOfPage":{"@id":"https:\/\/saccardo.com\/es\/prodotto\/js06\/#primaryimage"},"image":{"@id":"https:\/\/saccardo.com\/es\/prodotto\/js06\/#primaryimage"},"thumbnailUrl":"https:\/\/saccardo.com\/wp-content\/uploads\/2024\/02\/JS06_render.png","datePublished":"2024-02-01T15:59:57+00:00","description":"JS06 Saccardo: m\u00e1quina profesional para el ensacado. Tecnolog\u00eda industrial fiable para la industria alimentaria.","breadcrumb":{"@id":"https:\/\/saccardo.com\/es\/prodotto\/js06\/#breadcrumb"},"inLanguage":"es","potentialAction":[{"@type":"ReadAction","target":["https:\/\/saccardo.com\/es\/prodotto\/js06\/"]}]},{"@type":"ImageObject","inLanguage":"es","@id":"https:\/\/saccardo.com\/es\/prodotto\/js06\/#primaryimage","url":"https:\/\/saccardo.com\/wp-content\/uploads\/2024\/02\/JS06_render.png","contentUrl":"https:\/\/saccardo.com\/wp-content\/uploads\/2024\/02\/JS06_render.png","width":1080,"height":675},{"@type":"BreadcrumbList","@id":"https:\/\/saccardo.com\/es\/prodotto\/js06\/#breadcrumb","itemListElement":[{"@type":"ListItem","position":1,"name":"Home","item":"https:\/\/saccardo.com\/es\/"},{"@type":"ListItem","position":2,"name":"Nuestras soluciones:para responder a todas las solicitudes, para satisfacer todas las necesidades","item":"https:\/\/saccardo.com\/es\/nuestras-solucionespara\/"},{"@type":"ListItem","position":3,"name":"JS06"}]},{"@type":"WebSite","@id":"https:\/\/saccardo.com\/#website","url":"https:\/\/saccardo.com\/","name":"Saccardo","description":"","publisher":{"@id":"https:\/\/saccardo.com\/#organization"},"potentialAction":[{"@type":"SearchAction","target":{"@type":"EntryPoint","urlTemplate":"https:\/\/saccardo.com\/?s={search_term_string}"},"query-input":{"@type":"PropertyValueSpecification","valueRequired":true,"valueName":"search_term_string"}}],"inLanguage":"es"},{"@type":"Organization","@id":"https:\/\/saccardo.com\/#organization","name":"Saccardo Arturo Figli Srl","url":"https:\/\/saccardo.com\/","logo":{"@type":"ImageObject","inLanguage":"es","@id":"https:\/\/saccardo.com\/#\/schema\/logo\/image\/","url":"https:\/\/saccardo.com\/wp-content\/uploads\/2023\/09\/logo-saccardo.svg","contentUrl":"https:\/\/saccardo.com\/wp-content\/uploads\/2023\/09\/logo-saccardo.svg","width":"1024","height":"1024","caption":"Saccardo Arturo Figli Srl"},"image":{"@id":"https:\/\/saccardo.com\/#\/schema\/logo\/image\/"}}]}},"_links":{"self":[{"href":"https:\/\/saccardo.com\/es\/wp-json\/wp\/v2\/product\/2995","targetHints":{"allow":["GET"]}}],"collection":[{"href":"https:\/\/saccardo.com\/es\/wp-json\/wp\/v2\/product"}],"about":[{"href":"https:\/\/saccardo.com\/es\/wp-json\/wp\/v2\/types\/product"}],"replies":[{"embeddable":true,"href":"https:\/\/saccardo.com\/es\/wp-json\/wp\/v2\/comments?post=2995"}],"wp:featuredmedia":[{"embeddable":true,"href":"https:\/\/saccardo.com\/es\/wp-json\/wp\/v2\/media\/2998"}],"wp:attachment":[{"href":"https:\/\/saccardo.com\/es\/wp-json\/wp\/v2\/media?parent=2995"}],"wp:term":[{"taxonomy":"settore-di-applicazione","embeddable":true,"href":"https:\/\/saccardo.com\/es\/wp-json\/wp\/v2\/settore-di-applicazione?post=2995"},{"taxonomy":"soluzione","embeddable":true,"href":"https:\/\/saccardo.com\/es\/wp-json\/wp\/v2\/soluzione?post=2995"},{"taxonomy":"product_brand","embeddable":true,"href":"https:\/\/saccardo.com\/es\/wp-json\/wp\/v2\/product_brand?post=2995"},{"taxonomy":"product_cat","embeddable":true,"href":"https:\/\/saccardo.com\/es\/wp-json\/wp\/v2\/product_cat?post=2995"},{"taxonomy":"product_tag","embeddable":true,"href":"https:\/\/saccardo.com\/es\/wp-json\/wp\/v2\/product_tag?post=2995"}],"curies":[{"name":"wp","href":"https:\/\/api.w.org\/{rel}","templated":true}]}}