{"id":2972,"date":"2025-09-12T13:20:40","date_gmt":"2025-09-12T13:20:40","guid":{"rendered":"https:\/\/saccardo.com\/prodotto\/dublino-1396\/"},"modified":"2025-09-12T13:20:40","modified_gmt":"2025-09-12T13:20:40","slug":"dublino-1396","status":"publish","type":"product","link":"https:\/\/saccardo.com\/es\/prodotto\/dublino-1396\/","title":{"rendered":"Dublino 1396"},"content":{"rendered":"<p>La l\u00ednea Dublino es la soluci\u00f3n ideal para quienes se inician en el envasado autom\u00e1tico y necesitan gestionar vol\u00famenes de producci\u00f3n medios de forma eficiente y fiable. Dise\u00f1ada para garantizar facilidad de uso, flexibilidad y un rendimiento constante, la l\u00ednea Dublino combina tecnolog\u00eda probada y simplicidad operativa, acompa\u00f1ando a la empresa en su crecimiento hacia una producci\u00f3n m\u00e1s automatizada. <\/p>\n<p>La envasadora al vac\u00edo autom\u00e1tica DUBLINO 1396 de Saccardo es una m\u00e1quina dise\u00f1ada para garantizar la eficiencia y la fiabilidad en las l\u00edneas de producci\u00f3n. El proceso se lleva a cabo de forma r\u00e1pida y segura: el operario coloca los productos envueltos en la zona habilitada, desde donde la cinta transportadora los conduce al interior de la campana. Una vez cerrada herm\u00e9ticamente, la m\u00e1quina genera el vac\u00edo en toda la c\u00e1mara, garantizando una conservaci\u00f3n \u00f3ptima. Una vez finalizado el ciclo, los productos envasados se descargan autom\u00e1ticamente, mientras que los siguientes entran en el proceso sin interrupciones.   <\/p>\n<p>La envasadora al vac\u00edo autom\u00e1tica DUBLINO 1396 de Saccardo combina un dise\u00f1o sencillo con tecnolog\u00eda avanzada, lo que garantiza un envasado al vac\u00edo constante, preciso y adecuado para las exigencias de producci\u00f3n m\u00e1s exigentes.<\/p>\n","protected":false},"excerpt":{"rendered":"<p>M\u00e1quina dise\u00f1ada para garantizar la eficiencia y la fiabilidad en las l\u00edneas de producci\u00f3n<\/p>\n","protected":false},"featured_media":2973,"comment_status":"open","ping_status":"closed","template":"","meta":{"_et_pb_use_builder":"","_et_pb_old_content":"","_et_gb_content_width":"","inline_featured_image":false},"settore-di-applicazione":[],"soluzione":[],"product_brand":[],"product_cat":[755],"product_tag":[],"class_list":{"0":"post-2972","1":"product","2":"type-product","3":"status-publish","4":"has-post-thumbnail","6":"product_cat-envasado-al-vacio-automatico","7":"pa_altezze-coperchio-160-mm-es","8":"pa_dimensioni-di-ingombro-3460-x-1100-x-1600alt-mm","9":"pa_distanza-tra-le-barre-600-mm","10":"pa_lunghezza-barre-saldanti-2-x-1300-mm","11":"pa_nr-barre-saldanti-2-paralelas","12":"pa_peso-600-kg-aprox","13":"pa_pompa-primaria-1x300m3-h-o-2x300m3-h","15":"first","16":"instock","17":"shipping-taxable","18":"product-type-simple"},"acf":[],"yoast_head":"<!-- This site is optimized with the Yoast SEO plugin v27.3 - https:\/\/yoast.com\/product\/yoast-seo-wordpress\/ -->\n<title>Dubl\u00edn 1396 | Envasado al vac\u00edo autom\u00e1tico | Saccardo<\/title>\n<meta name=\"description\" content=\"Dubl\u00edn 1396 Saccardo: m\u00e1quina profesional para el envasado al vac\u00edo autom\u00e1tico. Tecnolog\u00eda industrial fiable para la industria alimentaria.\" \/>\n<meta name=\"robots\" content=\"index, follow, max-snippet:-1, max-image-preview:large, max-video-preview:-1\" \/>\n<link rel=\"canonical\" href=\"https:\/\/saccardo.com\/es\/prodotto\/dublino-1396\/\" \/>\n<meta property=\"og:locale\" content=\"es_ES\" \/>\n<meta property=\"og:type\" content=\"article\" \/>\n<meta property=\"og:title\" content=\"Dubl\u00edn 1396 | Envasado al vac\u00edo autom\u00e1tico | Saccardo\" \/>\n<meta property=\"og:description\" content=\"Dubl\u00edn 1396 Saccardo: m\u00e1quina profesional para el envasado al vac\u00edo autom\u00e1tico. Tecnolog\u00eda industrial fiable para la industria alimentaria.\" \/>\n<meta property=\"og:url\" content=\"https:\/\/saccardo.com\/es\/prodotto\/dublino-1396\/\" \/>\n<meta property=\"og:site_name\" content=\"Saccardo\" \/>\n<meta property=\"og:image\" content=\"https:\/\/saccardo.com\/wp-content\/uploads\/2025\/09\/Dublino-1396_img-cut.png\" \/>\n\t<meta property=\"og:image:width\" content=\"800\" \/>\n\t<meta property=\"og:image:height\" content=\"500\" \/>\n\t<meta property=\"og:image:type\" content=\"image\/png\" \/>\n<meta name=\"twitter:card\" content=\"summary_large_image\" \/>\n<meta name=\"twitter:label1\" content=\"Tiempo de lectura\" \/>\n\t<meta name=\"twitter:data1\" content=\"1 minuto\" \/>\n<script type=\"application\/ld+json\" class=\"yoast-schema-graph\">{\"@context\":\"https:\\\/\\\/schema.org\",\"@graph\":[{\"@type\":\"WebPage\",\"@id\":\"https:\\\/\\\/saccardo.com\\\/es\\\/prodotto\\\/dublino-1396\\\/\",\"url\":\"https:\\\/\\\/saccardo.com\\\/es\\\/prodotto\\\/dublino-1396\\\/\",\"name\":\"Dubl\u00edn 1396 | Envasado al vac\u00edo autom\u00e1tico | Saccardo\",\"isPartOf\":{\"@id\":\"https:\\\/\\\/saccardo.com\\\/#website\"},\"primaryImageOfPage\":{\"@id\":\"https:\\\/\\\/saccardo.com\\\/es\\\/prodotto\\\/dublino-1396\\\/#primaryimage\"},\"image\":{\"@id\":\"https:\\\/\\\/saccardo.com\\\/es\\\/prodotto\\\/dublino-1396\\\/#primaryimage\"},\"thumbnailUrl\":\"https:\\\/\\\/saccardo.com\\\/wp-content\\\/uploads\\\/2025\\\/09\\\/Dublino-1396_img-cut.png\",\"datePublished\":\"2025-09-12T13:20:40+00:00\",\"description\":\"Dubl\u00edn 1396 Saccardo: m\u00e1quina profesional para el envasado al vac\u00edo autom\u00e1tico. Tecnolog\u00eda industrial fiable para la industria alimentaria.\",\"breadcrumb\":{\"@id\":\"https:\\\/\\\/saccardo.com\\\/es\\\/prodotto\\\/dublino-1396\\\/#breadcrumb\"},\"inLanguage\":\"es\",\"potentialAction\":[{\"@type\":\"ReadAction\",\"target\":[\"https:\\\/\\\/saccardo.com\\\/es\\\/prodotto\\\/dublino-1396\\\/\"]}]},{\"@type\":\"ImageObject\",\"inLanguage\":\"es\",\"@id\":\"https:\\\/\\\/saccardo.com\\\/es\\\/prodotto\\\/dublino-1396\\\/#primaryimage\",\"url\":\"https:\\\/\\\/saccardo.com\\\/wp-content\\\/uploads\\\/2025\\\/09\\\/Dublino-1396_img-cut.png\",\"contentUrl\":\"https:\\\/\\\/saccardo.com\\\/wp-content\\\/uploads\\\/2025\\\/09\\\/Dublino-1396_img-cut.png\",\"width\":800,\"height\":500},{\"@type\":\"BreadcrumbList\",\"@id\":\"https:\\\/\\\/saccardo.com\\\/es\\\/prodotto\\\/dublino-1396\\\/#breadcrumb\",\"itemListElement\":[{\"@type\":\"ListItem\",\"position\":1,\"name\":\"Home\",\"item\":\"https:\\\/\\\/saccardo.com\\\/es\\\/\"},{\"@type\":\"ListItem\",\"position\":2,\"name\":\"Nuestras soluciones:para responder a todas las solicitudes, para satisfacer todas las necesidades\",\"item\":\"https:\\\/\\\/saccardo.com\\\/es\\\/nuestras-solucionespara\\\/\"},{\"@type\":\"ListItem\",\"position\":3,\"name\":\"Dublino 1396\"}]},{\"@type\":\"WebSite\",\"@id\":\"https:\\\/\\\/saccardo.com\\\/#website\",\"url\":\"https:\\\/\\\/saccardo.com\\\/\",\"name\":\"Saccardo\",\"description\":\"\",\"publisher\":{\"@id\":\"https:\\\/\\\/saccardo.com\\\/#organization\"},\"potentialAction\":[{\"@type\":\"SearchAction\",\"target\":{\"@type\":\"EntryPoint\",\"urlTemplate\":\"https:\\\/\\\/saccardo.com\\\/?s={search_term_string}\"},\"query-input\":{\"@type\":\"PropertyValueSpecification\",\"valueRequired\":true,\"valueName\":\"search_term_string\"}}],\"inLanguage\":\"es\"},{\"@type\":\"Organization\",\"@id\":\"https:\\\/\\\/saccardo.com\\\/#organization\",\"name\":\"Saccardo Arturo Figli Srl\",\"url\":\"https:\\\/\\\/saccardo.com\\\/\",\"logo\":{\"@type\":\"ImageObject\",\"inLanguage\":\"es\",\"@id\":\"https:\\\/\\\/saccardo.com\\\/#\\\/schema\\\/logo\\\/image\\\/\",\"url\":\"https:\\\/\\\/saccardo.com\\\/wp-content\\\/uploads\\\/2023\\\/09\\\/logo-saccardo.svg\",\"contentUrl\":\"https:\\\/\\\/saccardo.com\\\/wp-content\\\/uploads\\\/2023\\\/09\\\/logo-saccardo.svg\",\"width\":\"1024\",\"height\":\"1024\",\"caption\":\"Saccardo Arturo Figli Srl\"},\"image\":{\"@id\":\"https:\\\/\\\/saccardo.com\\\/#\\\/schema\\\/logo\\\/image\\\/\"}}]}<\/script>\n<!-- \/ Yoast SEO plugin. -->","yoast_head_json":{"title":"Dubl\u00edn 1396 | Envasado al vac\u00edo autom\u00e1tico | Saccardo","description":"Dubl\u00edn 1396 Saccardo: m\u00e1quina profesional para el envasado al vac\u00edo autom\u00e1tico. Tecnolog\u00eda industrial fiable para la industria alimentaria.","robots":{"index":"index","follow":"follow","max-snippet":"max-snippet:-1","max-image-preview":"max-image-preview:large","max-video-preview":"max-video-preview:-1"},"canonical":"https:\/\/saccardo.com\/es\/prodotto\/dublino-1396\/","og_locale":"es_ES","og_type":"article","og_title":"Dubl\u00edn 1396 | Envasado al vac\u00edo autom\u00e1tico | Saccardo","og_description":"Dubl\u00edn 1396 Saccardo: m\u00e1quina profesional para el envasado al vac\u00edo autom\u00e1tico. Tecnolog\u00eda industrial fiable para la industria alimentaria.","og_url":"https:\/\/saccardo.com\/es\/prodotto\/dublino-1396\/","og_site_name":"Saccardo","og_image":[{"width":800,"height":500,"url":"https:\/\/saccardo.com\/wp-content\/uploads\/2025\/09\/Dublino-1396_img-cut.png","type":"image\/png"}],"twitter_card":"summary_large_image","twitter_misc":{"Tiempo de lectura":"1 minuto"},"schema":{"@context":"https:\/\/schema.org","@graph":[{"@type":"WebPage","@id":"https:\/\/saccardo.com\/es\/prodotto\/dublino-1396\/","url":"https:\/\/saccardo.com\/es\/prodotto\/dublino-1396\/","name":"Dubl\u00edn 1396 | Envasado al vac\u00edo autom\u00e1tico | Saccardo","isPartOf":{"@id":"https:\/\/saccardo.com\/#website"},"primaryImageOfPage":{"@id":"https:\/\/saccardo.com\/es\/prodotto\/dublino-1396\/#primaryimage"},"image":{"@id":"https:\/\/saccardo.com\/es\/prodotto\/dublino-1396\/#primaryimage"},"thumbnailUrl":"https:\/\/saccardo.com\/wp-content\/uploads\/2025\/09\/Dublino-1396_img-cut.png","datePublished":"2025-09-12T13:20:40+00:00","description":"Dubl\u00edn 1396 Saccardo: m\u00e1quina profesional para el envasado al vac\u00edo autom\u00e1tico. Tecnolog\u00eda industrial fiable para la industria alimentaria.","breadcrumb":{"@id":"https:\/\/saccardo.com\/es\/prodotto\/dublino-1396\/#breadcrumb"},"inLanguage":"es","potentialAction":[{"@type":"ReadAction","target":["https:\/\/saccardo.com\/es\/prodotto\/dublino-1396\/"]}]},{"@type":"ImageObject","inLanguage":"es","@id":"https:\/\/saccardo.com\/es\/prodotto\/dublino-1396\/#primaryimage","url":"https:\/\/saccardo.com\/wp-content\/uploads\/2025\/09\/Dublino-1396_img-cut.png","contentUrl":"https:\/\/saccardo.com\/wp-content\/uploads\/2025\/09\/Dublino-1396_img-cut.png","width":800,"height":500},{"@type":"BreadcrumbList","@id":"https:\/\/saccardo.com\/es\/prodotto\/dublino-1396\/#breadcrumb","itemListElement":[{"@type":"ListItem","position":1,"name":"Home","item":"https:\/\/saccardo.com\/es\/"},{"@type":"ListItem","position":2,"name":"Nuestras soluciones:para responder a todas las solicitudes, para satisfacer todas las necesidades","item":"https:\/\/saccardo.com\/es\/nuestras-solucionespara\/"},{"@type":"ListItem","position":3,"name":"Dublino 1396"}]},{"@type":"WebSite","@id":"https:\/\/saccardo.com\/#website","url":"https:\/\/saccardo.com\/","name":"Saccardo","description":"","publisher":{"@id":"https:\/\/saccardo.com\/#organization"},"potentialAction":[{"@type":"SearchAction","target":{"@type":"EntryPoint","urlTemplate":"https:\/\/saccardo.com\/?s={search_term_string}"},"query-input":{"@type":"PropertyValueSpecification","valueRequired":true,"valueName":"search_term_string"}}],"inLanguage":"es"},{"@type":"Organization","@id":"https:\/\/saccardo.com\/#organization","name":"Saccardo Arturo Figli Srl","url":"https:\/\/saccardo.com\/","logo":{"@type":"ImageObject","inLanguage":"es","@id":"https:\/\/saccardo.com\/#\/schema\/logo\/image\/","url":"https:\/\/saccardo.com\/wp-content\/uploads\/2023\/09\/logo-saccardo.svg","contentUrl":"https:\/\/saccardo.com\/wp-content\/uploads\/2023\/09\/logo-saccardo.svg","width":"1024","height":"1024","caption":"Saccardo Arturo Figli Srl"},"image":{"@id":"https:\/\/saccardo.com\/#\/schema\/logo\/image\/"}}]}},"_links":{"self":[{"href":"https:\/\/saccardo.com\/es\/wp-json\/wp\/v2\/product\/2972","targetHints":{"allow":["GET"]}}],"collection":[{"href":"https:\/\/saccardo.com\/es\/wp-json\/wp\/v2\/product"}],"about":[{"href":"https:\/\/saccardo.com\/es\/wp-json\/wp\/v2\/types\/product"}],"replies":[{"embeddable":true,"href":"https:\/\/saccardo.com\/es\/wp-json\/wp\/v2\/comments?post=2972"}],"wp:featuredmedia":[{"embeddable":true,"href":"https:\/\/saccardo.com\/es\/wp-json\/wp\/v2\/media\/2973"}],"wp:attachment":[{"href":"https:\/\/saccardo.com\/es\/wp-json\/wp\/v2\/media?parent=2972"}],"wp:term":[{"taxonomy":"settore-di-applicazione","embeddable":true,"href":"https:\/\/saccardo.com\/es\/wp-json\/wp\/v2\/settore-di-applicazione?post=2972"},{"taxonomy":"soluzione","embeddable":true,"href":"https:\/\/saccardo.com\/es\/wp-json\/wp\/v2\/soluzione?post=2972"},{"taxonomy":"product_brand","embeddable":true,"href":"https:\/\/saccardo.com\/es\/wp-json\/wp\/v2\/product_brand?post=2972"},{"taxonomy":"product_cat","embeddable":true,"href":"https:\/\/saccardo.com\/es\/wp-json\/wp\/v2\/product_cat?post=2972"},{"taxonomy":"product_tag","embeddable":true,"href":"https:\/\/saccardo.com\/es\/wp-json\/wp\/v2\/product_tag?post=2972"}],"curies":[{"name":"wp","href":"https:\/\/api.w.org\/{rel}","templated":true}]}}