{"id":2958,"date":"2023-11-08T14:05:24","date_gmt":"2023-11-08T14:05:24","guid":{"rendered":"https:\/\/saccardo.com\/prodotto\/as38-1500-b\/"},"modified":"2023-11-08T14:05:24","modified_gmt":"2023-11-08T14:05:24","slug":"as38-1500-b","status":"publish","type":"product","link":"https:\/\/saccardo.com\/es\/prodotto\/as38-1500-b\/","title":{"rendered":"AS38 1500 B"},"content":{"rendered":"<p><span style=\"font-weight: 400;\">La envasadora al vac\u00edo autom\u00e1tica de cinta AS38 1500 B de Saccardo, una m\u00e1quina envasadora al vac\u00edo de campana con cinta transportadora, es una soluci\u00f3n autom\u00e1tica ideal para el envasado al vac\u00edo, en cualquier tipo de bolsa termosellable, de carnes frescas, carnes procesadas, queso, embutidos y pescado. <\/span><span style=\"font-weight: 400;\">La estructura, la manipulaci\u00f3n y el sistema neum\u00e1tico adoptados permiten optimizar los tiempos de ciclo, garantizando una alta producci\u00f3n horaria con la seguridad de una presentaci\u00f3n estable y \u00f3ptima de los envases. <\/span><\/p>\n<p><span style=\"font-weight: 400;\">Gracias a su versatilidad de configuraci\u00f3n, la envasadora al vac\u00edo de campana con cinta AS38 1500 B se adapta a las diversas necesidades operativas y productivas del cliente. <\/span><span style=\"font-weight: 400;\">Combinadas con sistemas de retractilado y secado, las envasadoras de cinta con campana de vac\u00edo pueden formar una l\u00ednea autom\u00e1tica de retractilado.<\/span><\/p>\n<p><span style=\"font-weight: 400;\">La envasadora al vac\u00edo autom\u00e1tica de cinta AS38 1500 B de Saccardo es la soluci\u00f3n ideal para quienes buscan una m\u00e1quina completa, vers\u00e1til y tecnol\u00f3gicamente avanzada, capaz de adaptarse a las necesidades de producci\u00f3n m\u00e1s diversas y de evaluar la calidad mediante el control del proceso y la eficiencia productiva. <\/span><\/p>\n","protected":false},"excerpt":{"rendered":"<p><span style=\"font-weight: 400;\">M\u00e1quina de envasado al vac\u00edo con campana y cinta transportadora, ideal para el envasado al vac\u00edo<\/span><\/p>\n","protected":false},"featured_media":2962,"comment_status":"open","ping_status":"closed","template":"","meta":{"_et_pb_use_builder":"","_et_pb_old_content":"","_et_gb_content_width":"","inline_featured_image":false},"settore-di-applicazione":[],"soluzione":[983],"product_brand":[],"product_cat":[755],"product_tag":[],"class_list":{"0":"post-2958","1":"product","2":"type-product","3":"status-publish","4":"has-post-thumbnail","6":"soluzione-automatica","7":"product_cat-envasado-al-vacio-automatico","8":"pa_altezze-coperchio-160-220-260-300-mm-es","9":"pa_dimensioni-di-ingombro-4067-x-1500-x-2036h-mm","10":"pa_distanza-tra-le-barre-800-mm","11":"pa_lunghezza-barre-saldanti-2-x-1500-mm","12":"pa_nr-barre-saldanti-2-paralelas","13":"pa_peso-2200-kg-ca","14":"pa_pompa-primaria-consigliata-1x630-m3-h-o-2x300-m3-h","15":"pa_pompa-roots-interna-1500-m3-h-o-1000-m3-h","17":"first","18":"instock","19":"shipping-taxable","20":"product-type-simple"},"acf":[],"yoast_head":"<!-- This site is optimized with the Yoast SEO plugin v27.3 - https:\/\/yoast.com\/product\/yoast-seo-wordpress\/ -->\n<title>AS38 1500 B | Envasado al vac\u00edo autom\u00e1tico | Saccardo<\/title>\n<meta name=\"description\" content=\"AS38 1500 B Saccardo: m\u00e1quina profesional para el envasado al vac\u00edo autom\u00e1tico. Tecnolog\u00eda industrial fiable para la industria alimentaria.\" \/>\n<meta name=\"robots\" content=\"index, follow, max-snippet:-1, max-image-preview:large, max-video-preview:-1\" \/>\n<link rel=\"canonical\" href=\"https:\/\/saccardo.com\/es\/prodotto\/as38-1500-b\/\" \/>\n<meta property=\"og:locale\" content=\"es_ES\" \/>\n<meta property=\"og:type\" content=\"article\" \/>\n<meta property=\"og:title\" content=\"AS38 1500 B | Envasado al vac\u00edo autom\u00e1tico | Saccardo\" \/>\n<meta property=\"og:description\" content=\"AS38 1500 B Saccardo: m\u00e1quina profesional para el envasado al vac\u00edo autom\u00e1tico. Tecnolog\u00eda industrial fiable para la industria alimentaria.\" \/>\n<meta property=\"og:url\" content=\"https:\/\/saccardo.com\/es\/prodotto\/as38-1500-b\/\" \/>\n<meta property=\"og:site_name\" content=\"Saccardo\" \/>\n<meta property=\"og:image\" content=\"https:\/\/saccardo.com\/wp-content\/uploads\/2023\/11\/AS38-1550-B-Europa.png\" \/>\n\t<meta property=\"og:image:width\" content=\"2000\" \/>\n\t<meta property=\"og:image:height\" content=\"1024\" \/>\n\t<meta property=\"og:image:type\" content=\"image\/png\" \/>\n<meta name=\"twitter:card\" content=\"summary_large_image\" \/>\n<meta name=\"twitter:label1\" content=\"Tiempo de lectura\" \/>\n\t<meta name=\"twitter:data1\" content=\"1 minuto\" \/>\n<script type=\"application\/ld+json\" class=\"yoast-schema-graph\">{\"@context\":\"https:\\\/\\\/schema.org\",\"@graph\":[{\"@type\":\"WebPage\",\"@id\":\"https:\\\/\\\/saccardo.com\\\/es\\\/prodotto\\\/as38-1500-b\\\/\",\"url\":\"https:\\\/\\\/saccardo.com\\\/es\\\/prodotto\\\/as38-1500-b\\\/\",\"name\":\"AS38 1500 B | Envasado al vac\u00edo autom\u00e1tico | Saccardo\",\"isPartOf\":{\"@id\":\"https:\\\/\\\/saccardo.com\\\/#website\"},\"primaryImageOfPage\":{\"@id\":\"https:\\\/\\\/saccardo.com\\\/es\\\/prodotto\\\/as38-1500-b\\\/#primaryimage\"},\"image\":{\"@id\":\"https:\\\/\\\/saccardo.com\\\/es\\\/prodotto\\\/as38-1500-b\\\/#primaryimage\"},\"thumbnailUrl\":\"https:\\\/\\\/saccardo.com\\\/wp-content\\\/uploads\\\/2023\\\/11\\\/AS38-1550-B-Europa.png\",\"datePublished\":\"2023-11-08T14:05:24+00:00\",\"description\":\"AS38 1500 B Saccardo: m\u00e1quina profesional para el envasado al vac\u00edo autom\u00e1tico. Tecnolog\u00eda industrial fiable para la industria alimentaria.\",\"breadcrumb\":{\"@id\":\"https:\\\/\\\/saccardo.com\\\/es\\\/prodotto\\\/as38-1500-b\\\/#breadcrumb\"},\"inLanguage\":\"es\",\"potentialAction\":[{\"@type\":\"ReadAction\",\"target\":[\"https:\\\/\\\/saccardo.com\\\/es\\\/prodotto\\\/as38-1500-b\\\/\"]}]},{\"@type\":\"ImageObject\",\"inLanguage\":\"es\",\"@id\":\"https:\\\/\\\/saccardo.com\\\/es\\\/prodotto\\\/as38-1500-b\\\/#primaryimage\",\"url\":\"https:\\\/\\\/saccardo.com\\\/wp-content\\\/uploads\\\/2023\\\/11\\\/AS38-1550-B-Europa.png\",\"contentUrl\":\"https:\\\/\\\/saccardo.com\\\/wp-content\\\/uploads\\\/2023\\\/11\\\/AS38-1550-B-Europa.png\",\"width\":2000,\"height\":1024},{\"@type\":\"BreadcrumbList\",\"@id\":\"https:\\\/\\\/saccardo.com\\\/es\\\/prodotto\\\/as38-1500-b\\\/#breadcrumb\",\"itemListElement\":[{\"@type\":\"ListItem\",\"position\":1,\"name\":\"Home\",\"item\":\"https:\\\/\\\/saccardo.com\\\/es\\\/\"},{\"@type\":\"ListItem\",\"position\":2,\"name\":\"Nuestras soluciones:para responder a todas las solicitudes, para satisfacer todas las necesidades\",\"item\":\"https:\\\/\\\/saccardo.com\\\/es\\\/nuestras-solucionespara\\\/\"},{\"@type\":\"ListItem\",\"position\":3,\"name\":\"AS38 1500 B\"}]},{\"@type\":\"WebSite\",\"@id\":\"https:\\\/\\\/saccardo.com\\\/#website\",\"url\":\"https:\\\/\\\/saccardo.com\\\/\",\"name\":\"Saccardo\",\"description\":\"\",\"publisher\":{\"@id\":\"https:\\\/\\\/saccardo.com\\\/#organization\"},\"potentialAction\":[{\"@type\":\"SearchAction\",\"target\":{\"@type\":\"EntryPoint\",\"urlTemplate\":\"https:\\\/\\\/saccardo.com\\\/?s={search_term_string}\"},\"query-input\":{\"@type\":\"PropertyValueSpecification\",\"valueRequired\":true,\"valueName\":\"search_term_string\"}}],\"inLanguage\":\"es\"},{\"@type\":\"Organization\",\"@id\":\"https:\\\/\\\/saccardo.com\\\/#organization\",\"name\":\"Saccardo Arturo Figli Srl\",\"url\":\"https:\\\/\\\/saccardo.com\\\/\",\"logo\":{\"@type\":\"ImageObject\",\"inLanguage\":\"es\",\"@id\":\"https:\\\/\\\/saccardo.com\\\/#\\\/schema\\\/logo\\\/image\\\/\",\"url\":\"https:\\\/\\\/saccardo.com\\\/wp-content\\\/uploads\\\/2023\\\/09\\\/logo-saccardo.svg\",\"contentUrl\":\"https:\\\/\\\/saccardo.com\\\/wp-content\\\/uploads\\\/2023\\\/09\\\/logo-saccardo.svg\",\"width\":\"1024\",\"height\":\"1024\",\"caption\":\"Saccardo Arturo Figli Srl\"},\"image\":{\"@id\":\"https:\\\/\\\/saccardo.com\\\/#\\\/schema\\\/logo\\\/image\\\/\"}}]}<\/script>\n<!-- \/ Yoast SEO plugin. -->","yoast_head_json":{"title":"AS38 1500 B | Envasado al vac\u00edo autom\u00e1tico | Saccardo","description":"AS38 1500 B Saccardo: m\u00e1quina profesional para el envasado al vac\u00edo autom\u00e1tico. Tecnolog\u00eda industrial fiable para la industria alimentaria.","robots":{"index":"index","follow":"follow","max-snippet":"max-snippet:-1","max-image-preview":"max-image-preview:large","max-video-preview":"max-video-preview:-1"},"canonical":"https:\/\/saccardo.com\/es\/prodotto\/as38-1500-b\/","og_locale":"es_ES","og_type":"article","og_title":"AS38 1500 B | Envasado al vac\u00edo autom\u00e1tico | Saccardo","og_description":"AS38 1500 B Saccardo: m\u00e1quina profesional para el envasado al vac\u00edo autom\u00e1tico. Tecnolog\u00eda industrial fiable para la industria alimentaria.","og_url":"https:\/\/saccardo.com\/es\/prodotto\/as38-1500-b\/","og_site_name":"Saccardo","og_image":[{"width":2000,"height":1024,"url":"https:\/\/saccardo.com\/wp-content\/uploads\/2023\/11\/AS38-1550-B-Europa.png","type":"image\/png"}],"twitter_card":"summary_large_image","twitter_misc":{"Tiempo de lectura":"1 minuto"},"schema":{"@context":"https:\/\/schema.org","@graph":[{"@type":"WebPage","@id":"https:\/\/saccardo.com\/es\/prodotto\/as38-1500-b\/","url":"https:\/\/saccardo.com\/es\/prodotto\/as38-1500-b\/","name":"AS38 1500 B | Envasado al vac\u00edo autom\u00e1tico | Saccardo","isPartOf":{"@id":"https:\/\/saccardo.com\/#website"},"primaryImageOfPage":{"@id":"https:\/\/saccardo.com\/es\/prodotto\/as38-1500-b\/#primaryimage"},"image":{"@id":"https:\/\/saccardo.com\/es\/prodotto\/as38-1500-b\/#primaryimage"},"thumbnailUrl":"https:\/\/saccardo.com\/wp-content\/uploads\/2023\/11\/AS38-1550-B-Europa.png","datePublished":"2023-11-08T14:05:24+00:00","description":"AS38 1500 B Saccardo: m\u00e1quina profesional para el envasado al vac\u00edo autom\u00e1tico. Tecnolog\u00eda industrial fiable para la industria alimentaria.","breadcrumb":{"@id":"https:\/\/saccardo.com\/es\/prodotto\/as38-1500-b\/#breadcrumb"},"inLanguage":"es","potentialAction":[{"@type":"ReadAction","target":["https:\/\/saccardo.com\/es\/prodotto\/as38-1500-b\/"]}]},{"@type":"ImageObject","inLanguage":"es","@id":"https:\/\/saccardo.com\/es\/prodotto\/as38-1500-b\/#primaryimage","url":"https:\/\/saccardo.com\/wp-content\/uploads\/2023\/11\/AS38-1550-B-Europa.png","contentUrl":"https:\/\/saccardo.com\/wp-content\/uploads\/2023\/11\/AS38-1550-B-Europa.png","width":2000,"height":1024},{"@type":"BreadcrumbList","@id":"https:\/\/saccardo.com\/es\/prodotto\/as38-1500-b\/#breadcrumb","itemListElement":[{"@type":"ListItem","position":1,"name":"Home","item":"https:\/\/saccardo.com\/es\/"},{"@type":"ListItem","position":2,"name":"Nuestras soluciones:para responder a todas las solicitudes, para satisfacer todas las necesidades","item":"https:\/\/saccardo.com\/es\/nuestras-solucionespara\/"},{"@type":"ListItem","position":3,"name":"AS38 1500 B"}]},{"@type":"WebSite","@id":"https:\/\/saccardo.com\/#website","url":"https:\/\/saccardo.com\/","name":"Saccardo","description":"","publisher":{"@id":"https:\/\/saccardo.com\/#organization"},"potentialAction":[{"@type":"SearchAction","target":{"@type":"EntryPoint","urlTemplate":"https:\/\/saccardo.com\/?s={search_term_string}"},"query-input":{"@type":"PropertyValueSpecification","valueRequired":true,"valueName":"search_term_string"}}],"inLanguage":"es"},{"@type":"Organization","@id":"https:\/\/saccardo.com\/#organization","name":"Saccardo Arturo Figli Srl","url":"https:\/\/saccardo.com\/","logo":{"@type":"ImageObject","inLanguage":"es","@id":"https:\/\/saccardo.com\/#\/schema\/logo\/image\/","url":"https:\/\/saccardo.com\/wp-content\/uploads\/2023\/09\/logo-saccardo.svg","contentUrl":"https:\/\/saccardo.com\/wp-content\/uploads\/2023\/09\/logo-saccardo.svg","width":"1024","height":"1024","caption":"Saccardo Arturo Figli Srl"},"image":{"@id":"https:\/\/saccardo.com\/#\/schema\/logo\/image\/"}}]}},"_links":{"self":[{"href":"https:\/\/saccardo.com\/es\/wp-json\/wp\/v2\/product\/2958","targetHints":{"allow":["GET"]}}],"collection":[{"href":"https:\/\/saccardo.com\/es\/wp-json\/wp\/v2\/product"}],"about":[{"href":"https:\/\/saccardo.com\/es\/wp-json\/wp\/v2\/types\/product"}],"replies":[{"embeddable":true,"href":"https:\/\/saccardo.com\/es\/wp-json\/wp\/v2\/comments?post=2958"}],"wp:featuredmedia":[{"embeddable":true,"href":"https:\/\/saccardo.com\/es\/wp-json\/wp\/v2\/media\/2962"}],"wp:attachment":[{"href":"https:\/\/saccardo.com\/es\/wp-json\/wp\/v2\/media?parent=2958"}],"wp:term":[{"taxonomy":"settore-di-applicazione","embeddable":true,"href":"https:\/\/saccardo.com\/es\/wp-json\/wp\/v2\/settore-di-applicazione?post=2958"},{"taxonomy":"soluzione","embeddable":true,"href":"https:\/\/saccardo.com\/es\/wp-json\/wp\/v2\/soluzione?post=2958"},{"taxonomy":"product_brand","embeddable":true,"href":"https:\/\/saccardo.com\/es\/wp-json\/wp\/v2\/product_brand?post=2958"},{"taxonomy":"product_cat","embeddable":true,"href":"https:\/\/saccardo.com\/es\/wp-json\/wp\/v2\/product_cat?post=2958"},{"taxonomy":"product_tag","embeddable":true,"href":"https:\/\/saccardo.com\/es\/wp-json\/wp\/v2\/product_tag?post=2958"}],"curies":[{"name":"wp","href":"https:\/\/api.w.org\/{rel}","templated":true}]}}