{"id":2934,"date":"2024-07-02T09:20:59","date_gmt":"2024-07-02T09:20:59","guid":{"rendered":"https:\/\/saccardo.com\/prodotto\/ws940\/"},"modified":"2024-07-02T09:20:59","modified_gmt":"2024-07-02T09:20:59","slug":"ws940","status":"publish","type":"product","link":"https:\/\/saccardo.com\/es\/prodotto\/ws940\/","title":{"rendered":"WS940"},"content":{"rendered":"<p>La envasadora al vac\u00edo manual de campana \u00fanica<strong> WS940 de Saccardo<\/strong> es una m\u00e1quina dise\u00f1ada para garantizar solidez y practicidad. Gracias a su dise\u00f1o compacto y a las ruedas integradas, la <strong>WS940<\/strong> se puede utilizar de forma aut\u00f3noma, coloc\u00e1ndola f\u00e1cilmente en el lugar de uso deseado.<\/p>\n","protected":false},"excerpt":{"rendered":"<p>La envasadora al vac\u00edo manual de campana \u00fanica WS940 de Saccardo es una m\u00e1quina dise\u00f1ada para garantizar solidez y practicidad. Gracias a su dise\u00f1o compacto y a las ruedas integradas, la WS940 se puede utilizar de forma aut\u00f3noma, coloc\u00e1ndola f\u00e1cilmente en el lugar de uso deseado.<\/p>\n","protected":false},"featured_media":2939,"comment_status":"open","ping_status":"closed","template":"","meta":{"_et_pb_use_builder":"","_et_pb_old_content":"","_et_gb_content_width":"","inline_featured_image":false},"settore-di-applicazione":[],"soluzione":[966],"product_brand":[],"product_cat":[839],"product_tag":[],"class_list":{"0":"post-2934","1":"product","2":"type-product","3":"status-publish","4":"has-post-thumbnail","6":"soluzione-manual","7":"product_cat-envasado-al-vacio-manual","8":"pa_altezze-coperchio-280-mm-es","9":"pa_nr-barre-saldanti-2-1-barra-frontal-y-1-barra-lateral","10":"pa_peso-465-kg-aprox","12":"first","13":"instock","14":"shipping-taxable","15":"product-type-simple"},"acf":[],"yoast_head":"<!-- This site is optimized with the Yoast SEO plugin v27.3 - https:\/\/yoast.com\/product\/yoast-seo-wordpress\/ -->\n<title>WS940 | Envasado al vac\u00edo manual | Saccardo<\/title>\n<meta name=\"description\" content=\"WS940 Saccardo: m\u00e1quina profesional para el envasado al vac\u00edo manual. Tecnolog\u00eda industrial fiable para la industria alimentaria.\" \/>\n<meta name=\"robots\" content=\"index, follow, max-snippet:-1, max-image-preview:large, max-video-preview:-1\" \/>\n<link rel=\"canonical\" href=\"https:\/\/saccardo.com\/es\/prodotto\/ws940\/\" \/>\n<meta property=\"og:locale\" content=\"es_ES\" \/>\n<meta property=\"og:type\" content=\"article\" \/>\n<meta property=\"og:title\" content=\"WS940 | Envasado al vac\u00edo manual | Saccardo\" \/>\n<meta property=\"og:description\" content=\"WS940 Saccardo: m\u00e1quina profesional para el envasado al vac\u00edo manual. Tecnolog\u00eda industrial fiable para la industria alimentaria.\" \/>\n<meta property=\"og:url\" content=\"https:\/\/saccardo.com\/es\/prodotto\/ws940\/\" \/>\n<meta property=\"og:site_name\" content=\"Saccardo\" \/>\n<meta property=\"og:image\" content=\"https:\/\/saccardo.com\/wp-content\/uploads\/2024\/07\/ws940-img-cut.png\" \/>\n\t<meta property=\"og:image:width\" content=\"800\" \/>\n\t<meta property=\"og:image:height\" content=\"500\" \/>\n\t<meta property=\"og:image:type\" content=\"image\/png\" \/>\n<meta name=\"twitter:card\" content=\"summary_large_image\" \/>\n<script type=\"application\/ld+json\" class=\"yoast-schema-graph\">{\"@context\":\"https:\\\/\\\/schema.org\",\"@graph\":[{\"@type\":\"WebPage\",\"@id\":\"https:\\\/\\\/saccardo.com\\\/es\\\/prodotto\\\/ws940\\\/\",\"url\":\"https:\\\/\\\/saccardo.com\\\/es\\\/prodotto\\\/ws940\\\/\",\"name\":\"WS940 | Envasado al vac\u00edo manual | Saccardo\",\"isPartOf\":{\"@id\":\"https:\\\/\\\/saccardo.com\\\/#website\"},\"primaryImageOfPage\":{\"@id\":\"https:\\\/\\\/saccardo.com\\\/es\\\/prodotto\\\/ws940\\\/#primaryimage\"},\"image\":{\"@id\":\"https:\\\/\\\/saccardo.com\\\/es\\\/prodotto\\\/ws940\\\/#primaryimage\"},\"thumbnailUrl\":\"https:\\\/\\\/saccardo.com\\\/wp-content\\\/uploads\\\/2024\\\/07\\\/ws940-img-cut.png\",\"datePublished\":\"2024-07-02T09:20:59+00:00\",\"description\":\"WS940 Saccardo: m\u00e1quina profesional para el envasado al vac\u00edo manual. Tecnolog\u00eda industrial fiable para la industria alimentaria.\",\"breadcrumb\":{\"@id\":\"https:\\\/\\\/saccardo.com\\\/es\\\/prodotto\\\/ws940\\\/#breadcrumb\"},\"inLanguage\":\"es\",\"potentialAction\":[{\"@type\":\"ReadAction\",\"target\":[\"https:\\\/\\\/saccardo.com\\\/es\\\/prodotto\\\/ws940\\\/\"]}]},{\"@type\":\"ImageObject\",\"inLanguage\":\"es\",\"@id\":\"https:\\\/\\\/saccardo.com\\\/es\\\/prodotto\\\/ws940\\\/#primaryimage\",\"url\":\"https:\\\/\\\/saccardo.com\\\/wp-content\\\/uploads\\\/2024\\\/07\\\/ws940-img-cut.png\",\"contentUrl\":\"https:\\\/\\\/saccardo.com\\\/wp-content\\\/uploads\\\/2024\\\/07\\\/ws940-img-cut.png\",\"width\":800,\"height\":500},{\"@type\":\"BreadcrumbList\",\"@id\":\"https:\\\/\\\/saccardo.com\\\/es\\\/prodotto\\\/ws940\\\/#breadcrumb\",\"itemListElement\":[{\"@type\":\"ListItem\",\"position\":1,\"name\":\"Home\",\"item\":\"https:\\\/\\\/saccardo.com\\\/es\\\/\"},{\"@type\":\"ListItem\",\"position\":2,\"name\":\"Nuestras soluciones:para responder a todas las solicitudes, para satisfacer todas las necesidades\",\"item\":\"https:\\\/\\\/saccardo.com\\\/es\\\/nuestras-solucionespara\\\/\"},{\"@type\":\"ListItem\",\"position\":3,\"name\":\"WS940\"}]},{\"@type\":\"WebSite\",\"@id\":\"https:\\\/\\\/saccardo.com\\\/#website\",\"url\":\"https:\\\/\\\/saccardo.com\\\/\",\"name\":\"Saccardo\",\"description\":\"\",\"publisher\":{\"@id\":\"https:\\\/\\\/saccardo.com\\\/#organization\"},\"potentialAction\":[{\"@type\":\"SearchAction\",\"target\":{\"@type\":\"EntryPoint\",\"urlTemplate\":\"https:\\\/\\\/saccardo.com\\\/?s={search_term_string}\"},\"query-input\":{\"@type\":\"PropertyValueSpecification\",\"valueRequired\":true,\"valueName\":\"search_term_string\"}}],\"inLanguage\":\"es\"},{\"@type\":\"Organization\",\"@id\":\"https:\\\/\\\/saccardo.com\\\/#organization\",\"name\":\"Saccardo Arturo Figli Srl\",\"url\":\"https:\\\/\\\/saccardo.com\\\/\",\"logo\":{\"@type\":\"ImageObject\",\"inLanguage\":\"es\",\"@id\":\"https:\\\/\\\/saccardo.com\\\/#\\\/schema\\\/logo\\\/image\\\/\",\"url\":\"https:\\\/\\\/saccardo.com\\\/wp-content\\\/uploads\\\/2023\\\/09\\\/logo-saccardo.svg\",\"contentUrl\":\"https:\\\/\\\/saccardo.com\\\/wp-content\\\/uploads\\\/2023\\\/09\\\/logo-saccardo.svg\",\"width\":\"1024\",\"height\":\"1024\",\"caption\":\"Saccardo Arturo Figli Srl\"},\"image\":{\"@id\":\"https:\\\/\\\/saccardo.com\\\/#\\\/schema\\\/logo\\\/image\\\/\"}}]}<\/script>\n<!-- \/ Yoast SEO plugin. -->","yoast_head_json":{"title":"WS940 | Envasado al vac\u00edo manual | Saccardo","description":"WS940 Saccardo: m\u00e1quina profesional para el envasado al vac\u00edo manual. Tecnolog\u00eda industrial fiable para la industria alimentaria.","robots":{"index":"index","follow":"follow","max-snippet":"max-snippet:-1","max-image-preview":"max-image-preview:large","max-video-preview":"max-video-preview:-1"},"canonical":"https:\/\/saccardo.com\/es\/prodotto\/ws940\/","og_locale":"es_ES","og_type":"article","og_title":"WS940 | Envasado al vac\u00edo manual | Saccardo","og_description":"WS940 Saccardo: m\u00e1quina profesional para el envasado al vac\u00edo manual. Tecnolog\u00eda industrial fiable para la industria alimentaria.","og_url":"https:\/\/saccardo.com\/es\/prodotto\/ws940\/","og_site_name":"Saccardo","og_image":[{"width":800,"height":500,"url":"https:\/\/saccardo.com\/wp-content\/uploads\/2024\/07\/ws940-img-cut.png","type":"image\/png"}],"twitter_card":"summary_large_image","schema":{"@context":"https:\/\/schema.org","@graph":[{"@type":"WebPage","@id":"https:\/\/saccardo.com\/es\/prodotto\/ws940\/","url":"https:\/\/saccardo.com\/es\/prodotto\/ws940\/","name":"WS940 | Envasado al vac\u00edo manual | Saccardo","isPartOf":{"@id":"https:\/\/saccardo.com\/#website"},"primaryImageOfPage":{"@id":"https:\/\/saccardo.com\/es\/prodotto\/ws940\/#primaryimage"},"image":{"@id":"https:\/\/saccardo.com\/es\/prodotto\/ws940\/#primaryimage"},"thumbnailUrl":"https:\/\/saccardo.com\/wp-content\/uploads\/2024\/07\/ws940-img-cut.png","datePublished":"2024-07-02T09:20:59+00:00","description":"WS940 Saccardo: m\u00e1quina profesional para el envasado al vac\u00edo manual. Tecnolog\u00eda industrial fiable para la industria alimentaria.","breadcrumb":{"@id":"https:\/\/saccardo.com\/es\/prodotto\/ws940\/#breadcrumb"},"inLanguage":"es","potentialAction":[{"@type":"ReadAction","target":["https:\/\/saccardo.com\/es\/prodotto\/ws940\/"]}]},{"@type":"ImageObject","inLanguage":"es","@id":"https:\/\/saccardo.com\/es\/prodotto\/ws940\/#primaryimage","url":"https:\/\/saccardo.com\/wp-content\/uploads\/2024\/07\/ws940-img-cut.png","contentUrl":"https:\/\/saccardo.com\/wp-content\/uploads\/2024\/07\/ws940-img-cut.png","width":800,"height":500},{"@type":"BreadcrumbList","@id":"https:\/\/saccardo.com\/es\/prodotto\/ws940\/#breadcrumb","itemListElement":[{"@type":"ListItem","position":1,"name":"Home","item":"https:\/\/saccardo.com\/es\/"},{"@type":"ListItem","position":2,"name":"Nuestras soluciones:para responder a todas las solicitudes, para satisfacer todas las necesidades","item":"https:\/\/saccardo.com\/es\/nuestras-solucionespara\/"},{"@type":"ListItem","position":3,"name":"WS940"}]},{"@type":"WebSite","@id":"https:\/\/saccardo.com\/#website","url":"https:\/\/saccardo.com\/","name":"Saccardo","description":"","publisher":{"@id":"https:\/\/saccardo.com\/#organization"},"potentialAction":[{"@type":"SearchAction","target":{"@type":"EntryPoint","urlTemplate":"https:\/\/saccardo.com\/?s={search_term_string}"},"query-input":{"@type":"PropertyValueSpecification","valueRequired":true,"valueName":"search_term_string"}}],"inLanguage":"es"},{"@type":"Organization","@id":"https:\/\/saccardo.com\/#organization","name":"Saccardo Arturo Figli Srl","url":"https:\/\/saccardo.com\/","logo":{"@type":"ImageObject","inLanguage":"es","@id":"https:\/\/saccardo.com\/#\/schema\/logo\/image\/","url":"https:\/\/saccardo.com\/wp-content\/uploads\/2023\/09\/logo-saccardo.svg","contentUrl":"https:\/\/saccardo.com\/wp-content\/uploads\/2023\/09\/logo-saccardo.svg","width":"1024","height":"1024","caption":"Saccardo Arturo Figli Srl"},"image":{"@id":"https:\/\/saccardo.com\/#\/schema\/logo\/image\/"}}]}},"_links":{"self":[{"href":"https:\/\/saccardo.com\/es\/wp-json\/wp\/v2\/product\/2934","targetHints":{"allow":["GET"]}}],"collection":[{"href":"https:\/\/saccardo.com\/es\/wp-json\/wp\/v2\/product"}],"about":[{"href":"https:\/\/saccardo.com\/es\/wp-json\/wp\/v2\/types\/product"}],"replies":[{"embeddable":true,"href":"https:\/\/saccardo.com\/es\/wp-json\/wp\/v2\/comments?post=2934"}],"wp:featuredmedia":[{"embeddable":true,"href":"https:\/\/saccardo.com\/es\/wp-json\/wp\/v2\/media\/2939"}],"wp:attachment":[{"href":"https:\/\/saccardo.com\/es\/wp-json\/wp\/v2\/media?parent=2934"}],"wp:term":[{"taxonomy":"settore-di-applicazione","embeddable":true,"href":"https:\/\/saccardo.com\/es\/wp-json\/wp\/v2\/settore-di-applicazione?post=2934"},{"taxonomy":"soluzione","embeddable":true,"href":"https:\/\/saccardo.com\/es\/wp-json\/wp\/v2\/soluzione?post=2934"},{"taxonomy":"product_brand","embeddable":true,"href":"https:\/\/saccardo.com\/es\/wp-json\/wp\/v2\/product_brand?post=2934"},{"taxonomy":"product_cat","embeddable":true,"href":"https:\/\/saccardo.com\/es\/wp-json\/wp\/v2\/product_cat?post=2934"},{"taxonomy":"product_tag","embeddable":true,"href":"https:\/\/saccardo.com\/es\/wp-json\/wp\/v2\/product_tag?post=2934"}],"curies":[{"name":"wp","href":"https:\/\/api.w.org\/{rel}","templated":true}]}}