{"id":2930,"date":"2025-10-15T10:25:06","date_gmt":"2025-10-15T10:25:06","guid":{"rendered":"https:\/\/saccardo.com\/prodotto\/sv-65-82-d\/"},"modified":"2025-10-15T10:25:06","modified_gmt":"2025-10-15T10:25:06","slug":"sv-65-82-d","status":"publish","type":"product","link":"https:\/\/saccardo.com\/es\/prodotto\/sv-65-82-d\/","title":{"rendered":"SV-65-82-D"},"content":{"rendered":"<p><span style=\"font-weight: 400;\">La envasadora al vac\u00edo manual de doble campana<\/span> <b>SV-65-82-D<\/b> <span style=\"font-weight: 400;\">de la l\u00ednea<\/span> <b>CELO-SACC<\/b><span style=\"font-weight: 400;\"> Es una m\u00e1quina dise\u00f1ada para garantizar la eficiencia y la continuidad operativa de los procesos. La estructura portante de acero inoxidable, apoyada en el suelo y equipada con ruedas con frenos, garantiza solidez e higiene, al tiempo que facilita el desplazamiento de la m\u00e1quina. <\/span><\/p>\n<p><span style=\"font-weight: 400;\">La tapa, tambi\u00e9n fabricada en acero inoxidable, garantiza resistencia y durabilidad, mientras que el panel de control, de dise\u00f1o intuitivo, cuenta con selectores digitales y manuales que permiten ajustar de forma inmediata los par\u00e1metros de trabajo. El cuidado en la fabricaci\u00f3n de las superficies, perfectamente acopladas y con movimientos precisos, permite un uso fiable y una limpieza sencilla y r\u00e1pida, respetando las normas de higiene exigidas por el sector alimentario. <\/span><\/p>\n<p><span style=\"font-weight: 400;\">Gracias a su doble campana, la SV-65-82-D Saccardo optimiza los tiempos de envasado, lo que permite trabajar sin interrupciones y ofrece as\u00ed un equilibrio ideal entre robustez, practicidad y alto rendimiento.<\/span><\/p>\n","protected":false},"excerpt":{"rendered":"<p>La envasadora al vac\u00edo manual de doble campana SV-65-82-D de la l\u00ednea CELO-SACC Es una m\u00e1quina dise\u00f1ada para garantizar la eficiencia y la continuidad operativa de los procesos. La estructura portante de acero inoxidable, apoyada en el suelo y equipada con ruedas con frenos, garantiza solidez e higiene, al tiempo que facilita el desplazamiento de [&hellip;]<\/p>\n","protected":false},"featured_media":2932,"comment_status":"open","ping_status":"closed","template":"","meta":{"_et_pb_use_builder":"","_et_pb_old_content":"","_et_gb_content_width":"","inline_featured_image":false},"settore-di-applicazione":[],"soluzione":[],"product_brand":[],"product_cat":[839],"product_tag":[],"class_list":{"0":"post-2930","1":"product","2":"type-product","3":"status-publish","4":"has-post-thumbnail","6":"product_cat-envasado-al-vacio-manual","7":"pa_nr-barre-saldanti-2-paralelas","8":"pa_peso-560-kg-aprox","10":"first","11":"instock","12":"shipping-taxable","13":"product-type-simple"},"acf":[],"yoast_head":"<!-- This site is optimized with the Yoast SEO plugin v27.3 - https:\/\/yoast.com\/product\/yoast-seo-wordpress\/ -->\n<title>SV-65-82-D | Envasado al vac\u00edo manual | Saccardo<\/title>\n<meta name=\"description\" content=\"SV-65-82-D Saccardo: m\u00e1quina profesional para el envasado al vac\u00edo manual. Tecnolog\u00eda industrial fiable para la industria alimentaria.\" \/>\n<meta name=\"robots\" content=\"index, follow, max-snippet:-1, max-image-preview:large, max-video-preview:-1\" \/>\n<link rel=\"canonical\" href=\"https:\/\/saccardo.com\/es\/prodotto\/sv-65-82-d\/\" \/>\n<meta property=\"og:locale\" content=\"es_ES\" \/>\n<meta property=\"og:type\" content=\"article\" \/>\n<meta property=\"og:title\" content=\"SV-65-82-D | Envasado al vac\u00edo manual | Saccardo\" \/>\n<meta property=\"og:description\" content=\"SV-65-82-D Saccardo: m\u00e1quina profesional para el envasado al vac\u00edo manual. Tecnolog\u00eda industrial fiable para la industria alimentaria.\" \/>\n<meta property=\"og:url\" content=\"https:\/\/saccardo.com\/es\/prodotto\/sv-65-82-d\/\" \/>\n<meta property=\"og:site_name\" content=\"Saccardo\" \/>\n<meta property=\"og:image\" content=\"https:\/\/saccardo.com\/wp-content\/uploads\/2025\/10\/CELO-SACC-SV-65-82-D-img.png\" \/>\n\t<meta property=\"og:image:width\" content=\"800\" \/>\n\t<meta property=\"og:image:height\" content=\"500\" \/>\n\t<meta property=\"og:image:type\" content=\"image\/png\" \/>\n<meta name=\"twitter:card\" content=\"summary_large_image\" \/>\n<meta name=\"twitter:label1\" content=\"Tiempo de lectura\" \/>\n\t<meta name=\"twitter:data1\" content=\"1 minuto\" \/>\n<script type=\"application\/ld+json\" class=\"yoast-schema-graph\">{\"@context\":\"https:\\\/\\\/schema.org\",\"@graph\":[{\"@type\":\"WebPage\",\"@id\":\"https:\\\/\\\/saccardo.com\\\/es\\\/prodotto\\\/sv-65-82-d\\\/\",\"url\":\"https:\\\/\\\/saccardo.com\\\/es\\\/prodotto\\\/sv-65-82-d\\\/\",\"name\":\"SV-65-82-D | Envasado al vac\u00edo manual | Saccardo\",\"isPartOf\":{\"@id\":\"https:\\\/\\\/saccardo.com\\\/#website\"},\"primaryImageOfPage\":{\"@id\":\"https:\\\/\\\/saccardo.com\\\/es\\\/prodotto\\\/sv-65-82-d\\\/#primaryimage\"},\"image\":{\"@id\":\"https:\\\/\\\/saccardo.com\\\/es\\\/prodotto\\\/sv-65-82-d\\\/#primaryimage\"},\"thumbnailUrl\":\"https:\\\/\\\/saccardo.com\\\/wp-content\\\/uploads\\\/2025\\\/10\\\/CELO-SACC-SV-65-82-D-img.png\",\"datePublished\":\"2025-10-15T10:25:06+00:00\",\"description\":\"SV-65-82-D Saccardo: m\u00e1quina profesional para el envasado al vac\u00edo manual. Tecnolog\u00eda industrial fiable para la industria alimentaria.\",\"breadcrumb\":{\"@id\":\"https:\\\/\\\/saccardo.com\\\/es\\\/prodotto\\\/sv-65-82-d\\\/#breadcrumb\"},\"inLanguage\":\"es\",\"potentialAction\":[{\"@type\":\"ReadAction\",\"target\":[\"https:\\\/\\\/saccardo.com\\\/es\\\/prodotto\\\/sv-65-82-d\\\/\"]}]},{\"@type\":\"ImageObject\",\"inLanguage\":\"es\",\"@id\":\"https:\\\/\\\/saccardo.com\\\/es\\\/prodotto\\\/sv-65-82-d\\\/#primaryimage\",\"url\":\"https:\\\/\\\/saccardo.com\\\/wp-content\\\/uploads\\\/2025\\\/10\\\/CELO-SACC-SV-65-82-D-img.png\",\"contentUrl\":\"https:\\\/\\\/saccardo.com\\\/wp-content\\\/uploads\\\/2025\\\/10\\\/CELO-SACC-SV-65-82-D-img.png\",\"width\":800,\"height\":500},{\"@type\":\"BreadcrumbList\",\"@id\":\"https:\\\/\\\/saccardo.com\\\/es\\\/prodotto\\\/sv-65-82-d\\\/#breadcrumb\",\"itemListElement\":[{\"@type\":\"ListItem\",\"position\":1,\"name\":\"Home\",\"item\":\"https:\\\/\\\/saccardo.com\\\/es\\\/\"},{\"@type\":\"ListItem\",\"position\":2,\"name\":\"Nuestras soluciones:para responder a todas las solicitudes, para satisfacer todas las necesidades\",\"item\":\"https:\\\/\\\/saccardo.com\\\/es\\\/nuestras-solucionespara\\\/\"},{\"@type\":\"ListItem\",\"position\":3,\"name\":\"SV-65-82-D\"}]},{\"@type\":\"WebSite\",\"@id\":\"https:\\\/\\\/saccardo.com\\\/#website\",\"url\":\"https:\\\/\\\/saccardo.com\\\/\",\"name\":\"Saccardo\",\"description\":\"\",\"publisher\":{\"@id\":\"https:\\\/\\\/saccardo.com\\\/#organization\"},\"potentialAction\":[{\"@type\":\"SearchAction\",\"target\":{\"@type\":\"EntryPoint\",\"urlTemplate\":\"https:\\\/\\\/saccardo.com\\\/?s={search_term_string}\"},\"query-input\":{\"@type\":\"PropertyValueSpecification\",\"valueRequired\":true,\"valueName\":\"search_term_string\"}}],\"inLanguage\":\"es\"},{\"@type\":\"Organization\",\"@id\":\"https:\\\/\\\/saccardo.com\\\/#organization\",\"name\":\"Saccardo Arturo Figli Srl\",\"url\":\"https:\\\/\\\/saccardo.com\\\/\",\"logo\":{\"@type\":\"ImageObject\",\"inLanguage\":\"es\",\"@id\":\"https:\\\/\\\/saccardo.com\\\/#\\\/schema\\\/logo\\\/image\\\/\",\"url\":\"https:\\\/\\\/saccardo.com\\\/wp-content\\\/uploads\\\/2023\\\/09\\\/logo-saccardo.svg\",\"contentUrl\":\"https:\\\/\\\/saccardo.com\\\/wp-content\\\/uploads\\\/2023\\\/09\\\/logo-saccardo.svg\",\"width\":\"1024\",\"height\":\"1024\",\"caption\":\"Saccardo Arturo Figli Srl\"},\"image\":{\"@id\":\"https:\\\/\\\/saccardo.com\\\/#\\\/schema\\\/logo\\\/image\\\/\"}}]}<\/script>\n<!-- \/ Yoast SEO plugin. -->","yoast_head_json":{"title":"SV-65-82-D | Envasado al vac\u00edo manual | Saccardo","description":"SV-65-82-D Saccardo: m\u00e1quina profesional para el envasado al vac\u00edo manual. Tecnolog\u00eda industrial fiable para la industria alimentaria.","robots":{"index":"index","follow":"follow","max-snippet":"max-snippet:-1","max-image-preview":"max-image-preview:large","max-video-preview":"max-video-preview:-1"},"canonical":"https:\/\/saccardo.com\/es\/prodotto\/sv-65-82-d\/","og_locale":"es_ES","og_type":"article","og_title":"SV-65-82-D | Envasado al vac\u00edo manual | Saccardo","og_description":"SV-65-82-D Saccardo: m\u00e1quina profesional para el envasado al vac\u00edo manual. Tecnolog\u00eda industrial fiable para la industria alimentaria.","og_url":"https:\/\/saccardo.com\/es\/prodotto\/sv-65-82-d\/","og_site_name":"Saccardo","og_image":[{"width":800,"height":500,"url":"https:\/\/saccardo.com\/wp-content\/uploads\/2025\/10\/CELO-SACC-SV-65-82-D-img.png","type":"image\/png"}],"twitter_card":"summary_large_image","twitter_misc":{"Tiempo de lectura":"1 minuto"},"schema":{"@context":"https:\/\/schema.org","@graph":[{"@type":"WebPage","@id":"https:\/\/saccardo.com\/es\/prodotto\/sv-65-82-d\/","url":"https:\/\/saccardo.com\/es\/prodotto\/sv-65-82-d\/","name":"SV-65-82-D | Envasado al vac\u00edo manual | Saccardo","isPartOf":{"@id":"https:\/\/saccardo.com\/#website"},"primaryImageOfPage":{"@id":"https:\/\/saccardo.com\/es\/prodotto\/sv-65-82-d\/#primaryimage"},"image":{"@id":"https:\/\/saccardo.com\/es\/prodotto\/sv-65-82-d\/#primaryimage"},"thumbnailUrl":"https:\/\/saccardo.com\/wp-content\/uploads\/2025\/10\/CELO-SACC-SV-65-82-D-img.png","datePublished":"2025-10-15T10:25:06+00:00","description":"SV-65-82-D Saccardo: m\u00e1quina profesional para el envasado al vac\u00edo manual. Tecnolog\u00eda industrial fiable para la industria alimentaria.","breadcrumb":{"@id":"https:\/\/saccardo.com\/es\/prodotto\/sv-65-82-d\/#breadcrumb"},"inLanguage":"es","potentialAction":[{"@type":"ReadAction","target":["https:\/\/saccardo.com\/es\/prodotto\/sv-65-82-d\/"]}]},{"@type":"ImageObject","inLanguage":"es","@id":"https:\/\/saccardo.com\/es\/prodotto\/sv-65-82-d\/#primaryimage","url":"https:\/\/saccardo.com\/wp-content\/uploads\/2025\/10\/CELO-SACC-SV-65-82-D-img.png","contentUrl":"https:\/\/saccardo.com\/wp-content\/uploads\/2025\/10\/CELO-SACC-SV-65-82-D-img.png","width":800,"height":500},{"@type":"BreadcrumbList","@id":"https:\/\/saccardo.com\/es\/prodotto\/sv-65-82-d\/#breadcrumb","itemListElement":[{"@type":"ListItem","position":1,"name":"Home","item":"https:\/\/saccardo.com\/es\/"},{"@type":"ListItem","position":2,"name":"Nuestras soluciones:para responder a todas las solicitudes, para satisfacer todas las necesidades","item":"https:\/\/saccardo.com\/es\/nuestras-solucionespara\/"},{"@type":"ListItem","position":3,"name":"SV-65-82-D"}]},{"@type":"WebSite","@id":"https:\/\/saccardo.com\/#website","url":"https:\/\/saccardo.com\/","name":"Saccardo","description":"","publisher":{"@id":"https:\/\/saccardo.com\/#organization"},"potentialAction":[{"@type":"SearchAction","target":{"@type":"EntryPoint","urlTemplate":"https:\/\/saccardo.com\/?s={search_term_string}"},"query-input":{"@type":"PropertyValueSpecification","valueRequired":true,"valueName":"search_term_string"}}],"inLanguage":"es"},{"@type":"Organization","@id":"https:\/\/saccardo.com\/#organization","name":"Saccardo Arturo Figli Srl","url":"https:\/\/saccardo.com\/","logo":{"@type":"ImageObject","inLanguage":"es","@id":"https:\/\/saccardo.com\/#\/schema\/logo\/image\/","url":"https:\/\/saccardo.com\/wp-content\/uploads\/2023\/09\/logo-saccardo.svg","contentUrl":"https:\/\/saccardo.com\/wp-content\/uploads\/2023\/09\/logo-saccardo.svg","width":"1024","height":"1024","caption":"Saccardo Arturo Figli Srl"},"image":{"@id":"https:\/\/saccardo.com\/#\/schema\/logo\/image\/"}}]}},"_links":{"self":[{"href":"https:\/\/saccardo.com\/es\/wp-json\/wp\/v2\/product\/2930","targetHints":{"allow":["GET"]}}],"collection":[{"href":"https:\/\/saccardo.com\/es\/wp-json\/wp\/v2\/product"}],"about":[{"href":"https:\/\/saccardo.com\/es\/wp-json\/wp\/v2\/types\/product"}],"replies":[{"embeddable":true,"href":"https:\/\/saccardo.com\/es\/wp-json\/wp\/v2\/comments?post=2930"}],"wp:featuredmedia":[{"embeddable":true,"href":"https:\/\/saccardo.com\/es\/wp-json\/wp\/v2\/media\/2932"}],"wp:attachment":[{"href":"https:\/\/saccardo.com\/es\/wp-json\/wp\/v2\/media?parent=2930"}],"wp:term":[{"taxonomy":"settore-di-applicazione","embeddable":true,"href":"https:\/\/saccardo.com\/es\/wp-json\/wp\/v2\/settore-di-applicazione?post=2930"},{"taxonomy":"soluzione","embeddable":true,"href":"https:\/\/saccardo.com\/es\/wp-json\/wp\/v2\/soluzione?post=2930"},{"taxonomy":"product_brand","embeddable":true,"href":"https:\/\/saccardo.com\/es\/wp-json\/wp\/v2\/product_brand?post=2930"},{"taxonomy":"product_cat","embeddable":true,"href":"https:\/\/saccardo.com\/es\/wp-json\/wp\/v2\/product_cat?post=2930"},{"taxonomy":"product_tag","embeddable":true,"href":"https:\/\/saccardo.com\/es\/wp-json\/wp\/v2\/product_tag?post=2930"}],"curies":[{"name":"wp","href":"https:\/\/api.w.org\/{rel}","templated":true}]}}