{"id":2922,"date":"2025-10-15T12:12:36","date_gmt":"2025-10-15T12:12:36","guid":{"rendered":"https:\/\/saccardo.com\/prodotto\/sv-51-44-ca\/"},"modified":"2025-10-15T12:12:36","modified_gmt":"2025-10-15T12:12:36","slug":"sv-51-44-ca","status":"publish","type":"product","link":"https:\/\/saccardo.com\/es\/prodotto\/sv-51-44-ca\/","title":{"rendered":"SV-51- 44-CA"},"content":{"rendered":"<p><span style=\"font-weight: 400;\">La envasadora al vac\u00edo manual de campana \u00fanica con carro<\/span><b> SV-51-44-CA de Saccardo,<\/b> <span style=\"font-weight: 400;\">perteneciente a la l\u00ednea<\/span> <b>CELO-SACC<\/b><span style=\"font-weight: 400;\">, es una m\u00e1quina dise\u00f1ada para ofrecer robustez, practicidad y la m\u00e1xima eficiencia en el envasado.<\/span><\/p>\n<p><span style=\"font-weight: 400;\">Gracias a su dise\u00f1o compacto y a las ruedas integradas, el modelo<\/span> <b>SV-51-44-CA<\/b> <span style=\"font-weight: 400;\">se puede utilizar de forma aut\u00f3noma, coloc\u00e1ndolo f\u00e1cilmente en el lugar de uso deseado.<\/span><\/p>\n<p><span style=\"font-weight: 400;\">La estructura portante de acero inoxidable, equipada con ruedas con freno, permite desplazar f\u00e1cilmente la m\u00e1quina y mantener la estabilidad durante su uso. La tapa de plexigl\u00e1s transparente permite supervisar en tiempo real todo el ciclo de vac\u00edo, lo que garantiza el control y la seguridad operativa. <\/span><\/p>\n<p><span style=\"font-weight: 400;\">El volumen de la campana, junto con la capacidad de la bomba de vac\u00edo, hace que la SV-51-44-CA Saccardo sea especialmente adecuada para producciones que requieren ciclos r\u00e1pidos y de alto rendimiento, combinando fiabilidad constructiva y funcionalidad avanzada.<\/span><\/p>\n","protected":false},"excerpt":{"rendered":"<p>La envasadora al vac\u00edo manual de campana \u00fanica con carro SV-51-44-CA de Saccardo, perteneciente a la l\u00ednea CELO-SACC, es una m\u00e1quina dise\u00f1ada para ofrecer robustez, practicidad y la m\u00e1xima eficiencia en el envasado. Gracias a su dise\u00f1o compacto y a las ruedas integradas, el modelo SV-51-44-CA se puede utilizar de forma aut\u00f3noma, coloc\u00e1ndolo f\u00e1cilmente en [&hellip;]<\/p>\n","protected":false},"featured_media":2924,"comment_status":"open","ping_status":"closed","template":"","meta":{"_et_pb_use_builder":"","_et_pb_old_content":"","_et_gb_content_width":"","inline_featured_image":false},"settore-di-applicazione":[],"soluzione":[],"product_brand":[],"product_cat":[839],"product_tag":[],"class_list":{"0":"post-2922","1":"product","2":"type-product","3":"status-publish","4":"has-post-thumbnail","6":"product_cat-envasado-al-vacio-manual","8":"first","9":"instock","10":"shipping-taxable","11":"product-type-simple"},"acf":[],"yoast_head":"<!-- This site is optimized with the Yoast SEO plugin v27.3 - https:\/\/yoast.com\/product\/yoast-seo-wordpress\/ -->\n<title>SV-51-44-CA | Envasado al vac\u00edo manual | Saccardo<\/title>\n<meta name=\"description\" content=\"SV-51-44-CA Saccardo: m\u00e1quina profesional para el envasado al vac\u00edo manual. Tecnolog\u00eda industrial fiable para la industria alimentaria.\" \/>\n<meta name=\"robots\" content=\"index, follow, max-snippet:-1, max-image-preview:large, max-video-preview:-1\" \/>\n<link rel=\"canonical\" href=\"https:\/\/saccardo.com\/es\/prodotto\/sv-51-44-ca\/\" \/>\n<meta property=\"og:locale\" content=\"es_ES\" \/>\n<meta property=\"og:type\" content=\"article\" \/>\n<meta property=\"og:title\" content=\"SV-51-44-CA | Envasado al vac\u00edo manual | Saccardo\" \/>\n<meta property=\"og:description\" content=\"SV-51-44-CA Saccardo: m\u00e1quina profesional para el envasado al vac\u00edo manual. Tecnolog\u00eda industrial fiable para la industria alimentaria.\" \/>\n<meta property=\"og:url\" content=\"https:\/\/saccardo.com\/es\/prodotto\/sv-51-44-ca\/\" \/>\n<meta property=\"og:site_name\" content=\"Saccardo\" \/>\n<meta property=\"og:image\" content=\"https:\/\/saccardo.com\/wp-content\/uploads\/2025\/10\/Sacc-SV-51-44-CA-img.png\" \/>\n\t<meta property=\"og:image:width\" content=\"800\" \/>\n\t<meta property=\"og:image:height\" content=\"500\" \/>\n\t<meta property=\"og:image:type\" content=\"image\/png\" \/>\n<meta name=\"twitter:card\" content=\"summary_large_image\" \/>\n<meta name=\"twitter:label1\" content=\"Tiempo de lectura\" \/>\n\t<meta name=\"twitter:data1\" content=\"1 minuto\" \/>\n<script type=\"application\/ld+json\" class=\"yoast-schema-graph\">{\"@context\":\"https:\\\/\\\/schema.org\",\"@graph\":[{\"@type\":\"WebPage\",\"@id\":\"https:\\\/\\\/saccardo.com\\\/es\\\/prodotto\\\/sv-51-44-ca\\\/\",\"url\":\"https:\\\/\\\/saccardo.com\\\/es\\\/prodotto\\\/sv-51-44-ca\\\/\",\"name\":\"SV-51-44-CA | Envasado al vac\u00edo manual | Saccardo\",\"isPartOf\":{\"@id\":\"https:\\\/\\\/saccardo.com\\\/#website\"},\"primaryImageOfPage\":{\"@id\":\"https:\\\/\\\/saccardo.com\\\/es\\\/prodotto\\\/sv-51-44-ca\\\/#primaryimage\"},\"image\":{\"@id\":\"https:\\\/\\\/saccardo.com\\\/es\\\/prodotto\\\/sv-51-44-ca\\\/#primaryimage\"},\"thumbnailUrl\":\"https:\\\/\\\/saccardo.com\\\/wp-content\\\/uploads\\\/2025\\\/10\\\/Sacc-SV-51-44-CA-img.png\",\"datePublished\":\"2025-10-15T12:12:36+00:00\",\"description\":\"SV-51-44-CA Saccardo: m\u00e1quina profesional para el envasado al vac\u00edo manual. Tecnolog\u00eda industrial fiable para la industria alimentaria.\",\"breadcrumb\":{\"@id\":\"https:\\\/\\\/saccardo.com\\\/es\\\/prodotto\\\/sv-51-44-ca\\\/#breadcrumb\"},\"inLanguage\":\"es\",\"potentialAction\":[{\"@type\":\"ReadAction\",\"target\":[\"https:\\\/\\\/saccardo.com\\\/es\\\/prodotto\\\/sv-51-44-ca\\\/\"]}]},{\"@type\":\"ImageObject\",\"inLanguage\":\"es\",\"@id\":\"https:\\\/\\\/saccardo.com\\\/es\\\/prodotto\\\/sv-51-44-ca\\\/#primaryimage\",\"url\":\"https:\\\/\\\/saccardo.com\\\/wp-content\\\/uploads\\\/2025\\\/10\\\/Sacc-SV-51-44-CA-img.png\",\"contentUrl\":\"https:\\\/\\\/saccardo.com\\\/wp-content\\\/uploads\\\/2025\\\/10\\\/Sacc-SV-51-44-CA-img.png\",\"width\":800,\"height\":500},{\"@type\":\"BreadcrumbList\",\"@id\":\"https:\\\/\\\/saccardo.com\\\/es\\\/prodotto\\\/sv-51-44-ca\\\/#breadcrumb\",\"itemListElement\":[{\"@type\":\"ListItem\",\"position\":1,\"name\":\"Home\",\"item\":\"https:\\\/\\\/saccardo.com\\\/es\\\/\"},{\"@type\":\"ListItem\",\"position\":2,\"name\":\"Nuestras soluciones:para responder a todas las solicitudes, para satisfacer todas las necesidades\",\"item\":\"https:\\\/\\\/saccardo.com\\\/es\\\/nuestras-solucionespara\\\/\"},{\"@type\":\"ListItem\",\"position\":3,\"name\":\"SV-51- 44-CA\"}]},{\"@type\":\"WebSite\",\"@id\":\"https:\\\/\\\/saccardo.com\\\/#website\",\"url\":\"https:\\\/\\\/saccardo.com\\\/\",\"name\":\"Saccardo\",\"description\":\"\",\"publisher\":{\"@id\":\"https:\\\/\\\/saccardo.com\\\/#organization\"},\"potentialAction\":[{\"@type\":\"SearchAction\",\"target\":{\"@type\":\"EntryPoint\",\"urlTemplate\":\"https:\\\/\\\/saccardo.com\\\/?s={search_term_string}\"},\"query-input\":{\"@type\":\"PropertyValueSpecification\",\"valueRequired\":true,\"valueName\":\"search_term_string\"}}],\"inLanguage\":\"es\"},{\"@type\":\"Organization\",\"@id\":\"https:\\\/\\\/saccardo.com\\\/#organization\",\"name\":\"Saccardo Arturo Figli Srl\",\"url\":\"https:\\\/\\\/saccardo.com\\\/\",\"logo\":{\"@type\":\"ImageObject\",\"inLanguage\":\"es\",\"@id\":\"https:\\\/\\\/saccardo.com\\\/#\\\/schema\\\/logo\\\/image\\\/\",\"url\":\"https:\\\/\\\/saccardo.com\\\/wp-content\\\/uploads\\\/2023\\\/09\\\/logo-saccardo.svg\",\"contentUrl\":\"https:\\\/\\\/saccardo.com\\\/wp-content\\\/uploads\\\/2023\\\/09\\\/logo-saccardo.svg\",\"width\":\"1024\",\"height\":\"1024\",\"caption\":\"Saccardo Arturo Figli Srl\"},\"image\":{\"@id\":\"https:\\\/\\\/saccardo.com\\\/#\\\/schema\\\/logo\\\/image\\\/\"}}]}<\/script>\n<!-- \/ Yoast SEO plugin. -->","yoast_head_json":{"title":"SV-51-44-CA | Envasado al vac\u00edo manual | Saccardo","description":"SV-51-44-CA Saccardo: m\u00e1quina profesional para el envasado al vac\u00edo manual. Tecnolog\u00eda industrial fiable para la industria alimentaria.","robots":{"index":"index","follow":"follow","max-snippet":"max-snippet:-1","max-image-preview":"max-image-preview:large","max-video-preview":"max-video-preview:-1"},"canonical":"https:\/\/saccardo.com\/es\/prodotto\/sv-51-44-ca\/","og_locale":"es_ES","og_type":"article","og_title":"SV-51-44-CA | Envasado al vac\u00edo manual | Saccardo","og_description":"SV-51-44-CA Saccardo: m\u00e1quina profesional para el envasado al vac\u00edo manual. Tecnolog\u00eda industrial fiable para la industria alimentaria.","og_url":"https:\/\/saccardo.com\/es\/prodotto\/sv-51-44-ca\/","og_site_name":"Saccardo","og_image":[{"width":800,"height":500,"url":"https:\/\/saccardo.com\/wp-content\/uploads\/2025\/10\/Sacc-SV-51-44-CA-img.png","type":"image\/png"}],"twitter_card":"summary_large_image","twitter_misc":{"Tiempo de lectura":"1 minuto"},"schema":{"@context":"https:\/\/schema.org","@graph":[{"@type":"WebPage","@id":"https:\/\/saccardo.com\/es\/prodotto\/sv-51-44-ca\/","url":"https:\/\/saccardo.com\/es\/prodotto\/sv-51-44-ca\/","name":"SV-51-44-CA | Envasado al vac\u00edo manual | Saccardo","isPartOf":{"@id":"https:\/\/saccardo.com\/#website"},"primaryImageOfPage":{"@id":"https:\/\/saccardo.com\/es\/prodotto\/sv-51-44-ca\/#primaryimage"},"image":{"@id":"https:\/\/saccardo.com\/es\/prodotto\/sv-51-44-ca\/#primaryimage"},"thumbnailUrl":"https:\/\/saccardo.com\/wp-content\/uploads\/2025\/10\/Sacc-SV-51-44-CA-img.png","datePublished":"2025-10-15T12:12:36+00:00","description":"SV-51-44-CA Saccardo: m\u00e1quina profesional para el envasado al vac\u00edo manual. Tecnolog\u00eda industrial fiable para la industria alimentaria.","breadcrumb":{"@id":"https:\/\/saccardo.com\/es\/prodotto\/sv-51-44-ca\/#breadcrumb"},"inLanguage":"es","potentialAction":[{"@type":"ReadAction","target":["https:\/\/saccardo.com\/es\/prodotto\/sv-51-44-ca\/"]}]},{"@type":"ImageObject","inLanguage":"es","@id":"https:\/\/saccardo.com\/es\/prodotto\/sv-51-44-ca\/#primaryimage","url":"https:\/\/saccardo.com\/wp-content\/uploads\/2025\/10\/Sacc-SV-51-44-CA-img.png","contentUrl":"https:\/\/saccardo.com\/wp-content\/uploads\/2025\/10\/Sacc-SV-51-44-CA-img.png","width":800,"height":500},{"@type":"BreadcrumbList","@id":"https:\/\/saccardo.com\/es\/prodotto\/sv-51-44-ca\/#breadcrumb","itemListElement":[{"@type":"ListItem","position":1,"name":"Home","item":"https:\/\/saccardo.com\/es\/"},{"@type":"ListItem","position":2,"name":"Nuestras soluciones:para responder a todas las solicitudes, para satisfacer todas las necesidades","item":"https:\/\/saccardo.com\/es\/nuestras-solucionespara\/"},{"@type":"ListItem","position":3,"name":"SV-51- 44-CA"}]},{"@type":"WebSite","@id":"https:\/\/saccardo.com\/#website","url":"https:\/\/saccardo.com\/","name":"Saccardo","description":"","publisher":{"@id":"https:\/\/saccardo.com\/#organization"},"potentialAction":[{"@type":"SearchAction","target":{"@type":"EntryPoint","urlTemplate":"https:\/\/saccardo.com\/?s={search_term_string}"},"query-input":{"@type":"PropertyValueSpecification","valueRequired":true,"valueName":"search_term_string"}}],"inLanguage":"es"},{"@type":"Organization","@id":"https:\/\/saccardo.com\/#organization","name":"Saccardo Arturo Figli Srl","url":"https:\/\/saccardo.com\/","logo":{"@type":"ImageObject","inLanguage":"es","@id":"https:\/\/saccardo.com\/#\/schema\/logo\/image\/","url":"https:\/\/saccardo.com\/wp-content\/uploads\/2023\/09\/logo-saccardo.svg","contentUrl":"https:\/\/saccardo.com\/wp-content\/uploads\/2023\/09\/logo-saccardo.svg","width":"1024","height":"1024","caption":"Saccardo Arturo Figli Srl"},"image":{"@id":"https:\/\/saccardo.com\/#\/schema\/logo\/image\/"}}]}},"_links":{"self":[{"href":"https:\/\/saccardo.com\/es\/wp-json\/wp\/v2\/product\/2922","targetHints":{"allow":["GET"]}}],"collection":[{"href":"https:\/\/saccardo.com\/es\/wp-json\/wp\/v2\/product"}],"about":[{"href":"https:\/\/saccardo.com\/es\/wp-json\/wp\/v2\/types\/product"}],"replies":[{"embeddable":true,"href":"https:\/\/saccardo.com\/es\/wp-json\/wp\/v2\/comments?post=2922"}],"wp:featuredmedia":[{"embeddable":true,"href":"https:\/\/saccardo.com\/es\/wp-json\/wp\/v2\/media\/2924"}],"wp:attachment":[{"href":"https:\/\/saccardo.com\/es\/wp-json\/wp\/v2\/media?parent=2922"}],"wp:term":[{"taxonomy":"settore-di-applicazione","embeddable":true,"href":"https:\/\/saccardo.com\/es\/wp-json\/wp\/v2\/settore-di-applicazione?post=2922"},{"taxonomy":"soluzione","embeddable":true,"href":"https:\/\/saccardo.com\/es\/wp-json\/wp\/v2\/soluzione?post=2922"},{"taxonomy":"product_brand","embeddable":true,"href":"https:\/\/saccardo.com\/es\/wp-json\/wp\/v2\/product_brand?post=2922"},{"taxonomy":"product_cat","embeddable":true,"href":"https:\/\/saccardo.com\/es\/wp-json\/wp\/v2\/product_cat?post=2922"},{"taxonomy":"product_tag","embeddable":true,"href":"https:\/\/saccardo.com\/es\/wp-json\/wp\/v2\/product_tag?post=2922"}],"curies":[{"name":"wp","href":"https:\/\/api.w.org\/{rel}","templated":true}]}}