{"id":2497,"date":"2023-11-08T08:26:09","date_gmt":"2023-11-08T08:26:09","guid":{"rendered":"https:\/\/saccardo.com\/mision\/"},"modified":"2026-03-19T10:49:51","modified_gmt":"2026-03-19T10:49:51","slug":"mision","status":"publish","type":"page","link":"https:\/\/saccardo.com\/es\/mision\/","title":{"rendered":"Misi\u00f3n"},"content":{"rendered":"<p>[et_pb_section fb_built=\u00bb1&#8243; _builder_version=\u00bb4.23.1&#8243; _module_preset=\u00bbdefault\u00bb background_color=\u00bb#141413&#8243; use_background_color_gradient=\u00bbon\u00bb background_color_gradient_stops=\u00bbrgba(255,255,255,0) 0%|#141413 71%\u00bb background_color_gradient_overlays_image=\u00bbon\u00bb background_image=\u00bbhttps:\/\/saccardo.com\/wp-content\/uploads\/2023\/11\/Mission-word.jpg\u00bb custom_padding=\u00bb10%||0px||false|false\u00bb locked=\u00bboff\u00bb global_colors_info=\u00bb{}\u00bb][et_pb_row _builder_version=\u00bb4.23&#8243; _module_preset=\u00bbdefault\u00bb global_colors_info=\u00bb{}\u00bb][et_pb_column type=\u00bb4_4&#8243; _builder_version=\u00bb4.23&#8243; _module_preset=\u00bbdefault\u00bb global_colors_info=\u00bb{}\u00bb][dipl_text_animator animated_text=\u00bbPassion |Action|Care|Know-How\u00bb animation_time=\u00bb1000ms\u00bb animation_hold=\u00bb2500ms\u00bb _builder_version=\u00bb4.23.1&#8243; _module_preset=\u00bbdefault\u00bb global_text_settings_font=\u00bb|||on|||||\u00bb global_text_settings_text_align=\u00bbcenter\u00bb global_text_settings_text_color=\u00bbrgba(255,255,255,0.8)\u00bb global_text_settings_font_size=\u00bb10em\u00bb custom_margin=\u00bb||10%||false|false\u00bb custom_margin_tablet=\u00bb||10%||false|false\u00bb custom_margin_phone=\u00bb||20%||false|false\u00bb custom_margin_last_edited=\u00bbon|phone\u00bb global_text_settings_font_size_tablet=\u00bb5em\u00bb global_text_settings_font_size_phone=\u00bb3em\u00bb global_text_settings_font_size_last_edited=\u00bbon|tablet\u00bb global_text_settings_text_shadow_style=\u00bbpreset3&#8243; global_text_settings_text_shadow_color=\u00bbRGBA(255,255,255,0)\u00bb global_colors_info=\u00bb{}\u00bb][\/dipl_text_animator][et_pb_text _builder_version=\u00bb4.23.1&#8243; _module_preset=\u00bbdefault\u00bb text_text_color=\u00bb#FFFFFF\u00bb text_font_size=\u00bb1.8em\u00bb text_line_height=\u00bb1.3em\u00bb text_orientation=\u00bbcenter\u00bb text_font_size_tablet=\u00bb1.5em\u00bb text_font_size_phone=\u00bb1.2em\u00bb text_font_size_last_edited=\u00bbon|tablet\u00bb global_colors_info=\u00bb{}\u00bb]<\/p>\n<p>Contamos con instalaciones en 40 pa\u00edses repartidos entre Europa, Asia, Am\u00e9rica y Australia, a trav\u00e9s de una amplia red comercial formada por filiales en el extranjero y distribuidores.<\/p>\n<p>[\/et_pb_text][\/et_pb_column][\/et_pb_row][et_pb_row column_structure=\u00bb1_3,1_3,1_3&#8243; _builder_version=\u00bb4.23.1&#8243; _module_preset=\u00bbdefault\u00bb custom_margin=\u00bb2%||||false|false\u00bb global_colors_info=\u00bb{}\u00bb][et_pb_column type=\u00bb1_3&#8243; _builder_version=\u00bb4.23&#8243; _module_preset=\u00bbdefault\u00bb global_colors_info=\u00bb{}\u00bb][et_pb_number_counter title=\u00bbdatos personales\u00bb number=\u00bb+5.000 \u00bb percent_sign=\u00bboff\u00bb _builder_version=\u00bb4.27.4&#8243; _module_preset=\u00bbdefault\u00bb title_font=\u00bb|||on|||||\u00bb title_text_color=\u00bb#8C8C8C\u00bb title_font_size=\u00bb1.5em\u00bb number_font_size_tablet=\u00bb\u00bb number_font_size_phone=\u00bb50px\u00bb number_font_size_last_edited=\u00bbon|phone\u00bb global_colors_info=\u00bb{}\u00bb][\/et_pb_number_counter][\/et_pb_column][et_pb_column type=\u00bb1_3&#8243; _builder_version=\u00bb4.23&#8243; _module_preset=\u00bbdefault\u00bb global_colors_info=\u00bb{}\u00bb][et_pb_number_counter title=\u00bbveh\u00edculos vendidos\u00bb number=\u00bb+27.000 \u00bb percent_sign=\u00bboff\u00bb _builder_version=\u00bb4.27.4&#8243; _module_preset=\u00bbdefault\u00bb title_font=\u00bb|||on|||||\u00bb title_text_color=\u00bb#8C8C8C\u00bb title_font_size=\u00bb1.5em\u00bb number_font_size_tablet=\u00bb\u00bb number_font_size_phone=\u00bb50px\u00bb number_font_size_last_edited=\u00bbon|phone\u00bb global_colors_info=\u00bb{}\u00bb][\/et_pb_number_counter][\/et_pb_column][et_pb_column type=\u00bb1_3&#8243; _builder_version=\u00bb4.23&#8243; _module_preset=\u00bbdefault\u00bb global_colors_info=\u00bb{}\u00bb][et_pb_number_counter title=\u00bba\u00f1os de experiencia\u00bb number=\u00bb+50&#8243; percent_sign=\u00bboff\u00bb _builder_version=\u00bb4.27.4&#8243; _module_preset=\u00bbdefault\u00bb title_font=\u00bb|||on|||||\u00bb title_text_color=\u00bb#8C8C8C\u00bb title_font_size=\u00bb1.5em\u00bb number_font_size_tablet=\u00bb\u00bb number_font_size_phone=\u00bb50px\u00bb number_font_size_last_edited=\u00bbon|phone\u00bb global_colors_info=\u00bb{}\u00bb][\/et_pb_number_counter][\/et_pb_column][\/et_pb_row][\/et_pb_section][et_pb_section fb_built=\u00bb1&#8243; _builder_version=\u00bb4.27.4&#8243; _module_preset=\u00bbdefault\u00bb background_color=\u00bb#141413&#8243; global_colors_info=\u00bb{}\u00bb][et_pb_row _builder_version=\u00bb4.22.1&#8243; _module_preset=\u00bbdefault\u00bb width=\u00bb100%\u00bb max_width=\u00bb100%\u00bb locked=\u00bboff\u00bb global_colors_info=\u00bb{}\u00bb][et_pb_column type=\u00bb4_4&#8243; _builder_version=\u00bb4.22.1&#8243; _module_preset=\u00bbdefault\u00bb global_colors_info=\u00bb{}\u00bb][et_pb_divider color=\u00bb#8C8C8C\u00bb divider_position=\u00bbcenter\u00bb _builder_version=\u00bb4.22.1&#8243; _module_preset=\u00bbdefault\u00bb global_colors_info=\u00bb{}\u00bb][\/et_pb_divider][\/et_pb_column][\/et_pb_row][et_pb_row column_structure=\u00bb1_2,1_2&#8243; custom_padding_last_edited=\u00bbon|phone\u00bb module_class=\u00bbreverse\u00bb _builder_version=\u00bb4.27.4&#8243; _module_preset=\u00bbdefault\u00bb width=\u00bb100%\u00bb max_width=\u00bb80%\u00bb max_width_tablet=\u00bb80%\u00bb max_width_phone=\u00bb90%\u00bb max_width_last_edited=\u00bbon|phone\u00bb custom_padding=\u00bb|2%||2%|false|true\u00bb custom_padding_tablet=\u00bb|2%||2%|false|true\u00bb custom_padding_phone=\u00bb|7%||7%|false|true\u00bb custom_css_main_element=\u00bbalign-items:center;\u00bb border_color_right=\u00bbRGBA(255,255,255,0)\u00bb border_color_left=\u00bbRGBA(255,255,255,0)\u00bb locked=\u00bboff\u00bb global_colors_info=\u00bb{}\u00bb][et_pb_column type=\u00bb1_2&#8243; _builder_version=\u00bb4.22.1&#8243; _module_preset=\u00bbdefault\u00bb custom_padding=\u00bb||||false|false\u00bb border_color_right=\u00bb#8C8C8C\u00bb global_colors_info=\u00bb{}\u00bb][et_pb_text _builder_version=\u00bb4.27.4&#8243; _module_preset=\u00bbdefault\u00bb text_font=\u00bbPoppins||||||||\u00bb text_font_size=\u00bb16px\u00bb header_text_color=\u00bb#FFFFFF\u00bb header_font_size=\u00bb6vh\u00bb header_2_font=\u00bb||||||||\u00bb header_2_text_color=\u00bb#FFFFFF\u00bb header_2_font_size=\u00bb60px\u00bb header_3_font=\u00bbPoppins||||||||\u00bb header_3_line_height=\u00bb1.5em\u00bb custom_margin_tablet=\u00bb5%||||false|false\u00bb custom_margin_phone=\u00bb10%||||false|false\u00bb custom_margin_last_edited=\u00bbon|phone\u00bb custom_padding=\u00bb0px||0px||true|false\u00bb header_2_font_size_tablet=\u00bb60px\u00bb header_2_font_size_phone=\u00bb30px\u00bb header_2_font_size_last_edited=\u00bbon|phone\u00bb global_colors_info=\u00bb{}\u00bb]<\/p>\n<h2>Se necesita una visi\u00f3n ecol\u00f3gica para construir el futuro<\/h2>\n<p>[\/et_pb_text][et_pb_text _builder_version=\u00bb4.27.4&#8243; _module_preset=\u00bbdefault\u00bb global_colors_info=\u00bb{}\u00bb]<\/p>\n<p>Somos una marca l\u00edder en el sector del embalaje que mira hacia el futuro con sensibilidad. \u00bfNuestro objetivo? Hacer que el trabajo sea m\u00e1s inteligente y que el proceso de producci\u00f3n sea sostenible, creando valor para quienes lo viven cada d\u00eda.  <\/p>\n<p>Nuestras soluciones est\u00e1n dise\u00f1adas para integrarse en los distintos entornos de producci\u00f3n, colaborando con el resto de m\u00e1quinas y los diversos sistemas de gesti\u00f3n de la f\u00e1brica. Cada instalaci\u00f3n est\u00e1 dise\u00f1ada para garantizar la eficiencia, la trazabilidad completa de la producci\u00f3n y la maximizaci\u00f3n del valor, simplificando el trabajo diario y favoreciendo una producci\u00f3n sostenible e inteligente. <\/p>\n<p>[\/et_pb_text][et_pb_toggle title=\u00bbTRABAJO INTELIGENTE\u00bb open_toggle_text_color=\u00bb#FFFFFF\u00bb open_toggle_background_color=\u00bb#141413&#8243; closed_toggle_background_color=\u00bb#141413&#8243; toggle_icon=\u00bb&#x33;||divi||400&#8243; use_icon_font_size=\u00bbon\u00bb icon_font_size=\u00bb25px\u00bb open_toggle_icon=\u00bb&#x32;||divi||400&#8243; open_use_icon_font_size=\u00bbon\u00bb open_icon_font_size=\u00bb25px\u00bb _builder_version=\u00bb4.23&#8243; _module_preset=\u00bbdefault\u00bb title_text_color=\u00bb#FFFFFF\u00bb title_font_size=\u00bb1.2em\u00bb custom_margin=\u00bb||2%||false|false\u00bb global_colors_info=\u00bb{}\u00bb]<\/p>\n<p>Es el momento del trabajo inteligente, de un enfoque orientado a reducir el desperdicio en el proceso de producci\u00f3n y de optimizar el tiempo y los recursos empleados.<\/p>\n<p>[\/et_pb_toggle][et_pb_toggle title=\u00bbVIDA INTELIGENTE\u00bb open_toggle_text_color=\u00bb#FFFFFF\u00bb open_toggle_background_color=\u00bb#141413&#8243; closed_toggle_background_color=\u00bb#141413&#8243; toggle_icon=\u00bb&#x33;||divi||400&#8243; use_icon_font_size=\u00bbon\u00bb icon_font_size=\u00bb25px\u00bb open_toggle_icon=\u00bb&#x32;||divi||400&#8243; open_use_icon_font_size=\u00bbon\u00bb open_icon_font_size=\u00bb25px\u00bb _builder_version=\u00bb4.23&#8243; _module_preset=\u00bbdefault\u00bb title_text_color=\u00bb#FFFFFF\u00bb title_font_size=\u00bb1.2em\u00bb custom_margin=\u00bb||2%||false|false\u00bb global_colors_info=\u00bb{}\u00bb]<\/p>\n<p>Para nosotros, poner a la persona en el centro significa crear un entorno que responda a las necesidades del ser humano y facilite la vida laboral.<\/p>\n<p>Un enfoque inteligente que potencie el potencial de cada persona en un contexto que aporte valor a\u00f1adido al grupo, mejorando la calidad del entorno laboral.<\/p>\n<p>[\/et_pb_toggle][et_pb_toggle title=\u00bbSOSTENIBILIDAD\u00bb open_toggle_text_color=\u00bb#FFFFFF\u00bb open_toggle_background_color=\u00bb#141413&#8243; closed_toggle_background_color=\u00bb#141413&#8243; toggle_icon=\u00bb&#x33;||divi||400&#8243; use_icon_font_size=\u00bbon\u00bb icon_font_size=\u00bb25px\u00bb open_toggle_icon=\u00bb&#x32;||divi||400&#8243; open_use_icon_font_size=\u00bbon\u00bb open_icon_font_size=\u00bb25px\u00bb _builder_version=\u00bb4.23&#8243; _module_preset=\u00bbdefault\u00bb title_text_color=\u00bb#FFFFFF\u00bb title_font_size=\u00bb1.2em\u00bb custom_margin=\u00bb||2%||false|false\u00bb global_colors_info=\u00bb{}\u00bb]<\/p>\n<p>Para nosotros, respetar el principio de protecci\u00f3n del medio ambiente, el respeto por la comunidad y la contribuci\u00f3n a la econom\u00eda local significa hacer que nuestro proyecto empresarial sea sostenible.<\/p>\n<p>[\/et_pb_toggle][\/et_pb_column][et_pb_column type=\u00bb1_2&#8243; _builder_version=\u00bb4.22.1&#8243; _module_preset=\u00bbdefault\u00bb custom_padding=\u00bb||||false|false\u00bb border_color_right=\u00bb#8C8C8C\u00bb global_colors_info=\u00bb{}\u00bb][et_pb_image src=\u00bbhttps:\/\/saccardo.com\/wp-content\/uploads\/2023\/10\/green_800x800px.jpeg\u00bb title_text=\u00bbgreen_800x800px\u00bb _builder_version=\u00bb4.27.4&#8243; _module_preset=\u00bbdefault\u00bb hover_enabled=\u00bb0&#8243; global_colors_info=\u00bb{}\u00bb sticky_enabled=\u00bb0&#8243;][\/et_pb_image][\/et_pb_column][\/et_pb_row][et_pb_row _builder_version=\u00bb4.22.1&#8243; _module_preset=\u00bbdefault\u00bb width=\u00bb100%\u00bb max_width=\u00bb100%\u00bb locked=\u00bboff\u00bb global_colors_info=\u00bb{}\u00bb][et_pb_column type=\u00bb4_4&#8243; _builder_version=\u00bb4.22.1&#8243; _module_preset=\u00bbdefault\u00bb global_colors_info=\u00bb{}\u00bb][et_pb_divider color=\u00bb#8C8C8C\u00bb divider_position=\u00bbcenter\u00bb _builder_version=\u00bb4.22.1&#8243; _module_preset=\u00bbdefault\u00bb global_colors_info=\u00bb{}\u00bb][\/et_pb_divider][\/et_pb_column][\/et_pb_row][et_pb_row column_structure=\u00bb1_2,1_2&#8243; make_equal=\u00bbon\u00bb custom_padding_last_edited=\u00bbon|phone\u00bb _builder_version=\u00bb4.27.4&#8243; _module_preset=\u00bbdefault\u00bb width=\u00bb100%\u00bb max_width=\u00bb80%\u00bb max_width_tablet=\u00bb80%\u00bb max_width_phone=\u00bb90%\u00bb max_width_last_edited=\u00bbon|phone\u00bb custom_padding=\u00bb|2%||2%|false|true\u00bb custom_padding_tablet=\u00bb|2%||2%|false|true\u00bb custom_padding_phone=\u00bb|7%|0px|7%|false|true\u00bb border_color_right=\u00bbRGBA(255,255,255,0)\u00bb border_color_left=\u00bbRGBA(255,255,255,0)\u00bb locked=\u00bboff\u00bb global_colors_info=\u00bb{}\u00bb][et_pb_column type=\u00bb1_2&#8243; _builder_version=\u00bb4.22.1&#8243; _module_preset=\u00bbdefault\u00bb custom_padding=\u00bb||||false|false\u00bb border_color_right=\u00bb#8C8C8C\u00bb global_colors_info=\u00bb{}\u00bb][et_pb_image src=\u00bbhttps:\/\/saccardo.com\/wp-content\/uploads\/2025\/10\/Experience-makes-the-difference.jpg\u00bb title_text=\u00bbLa experiencia marca la diferencia\u00bb _builder_version=\u00bb4.27.4&#8243; _module_preset=\u00bbdefault\u00bb global_colors_info=\u00bb{}\u00bb][\/et_pb_image][\/et_pb_column][et_pb_column type=\u00bb1_2&#8243; _builder_version=\u00bb4.22.1&#8243; _module_preset=\u00bbdefault\u00bb custom_padding=\u00bb||||false|false\u00bb border_color_right=\u00bb#8C8C8C\u00bb global_colors_info=\u00bb{}\u00bb][et_pb_text _builder_version=\u00bb4.23.4&#8243; _module_preset=\u00bbdefault\u00bb text_font=\u00bbPoppins||||||||\u00bb text_font_size=\u00bb16px\u00bb header_text_color=\u00bb#FFFFFF\u00bb header_font_size=\u00bb6vh\u00bb header_2_font=\u00bb||||||||\u00bb header_2_text_color=\u00bb#FFFFFF\u00bb header_2_font_size=\u00bb60px\u00bb header_3_font=\u00bbPoppins||||||||\u00bb header_3_line_height=\u00bb1.5em\u00bb custom_padding=\u00bb0px||0px||true|false\u00bb header_2_font_size_tablet=\u00bb60px\u00bb header_2_font_size_phone=\u00bb40px\u00bb header_2_font_size_last_edited=\u00bbon|phone\u00bb global_colors_info=\u00bb{}\u00bb]<\/p>\n<h2>La experiencia es lo que marca la diferencia<\/h2>\n<p>[\/et_pb_text][et_pb_text _builder_version=\u00bb4.23&#8243; _module_preset=\u00bbdefault\u00bb global_colors_info=\u00bb{}\u00bb]<\/p>\n<p>Nuestros 50 a\u00f1os de experiencia en el sector del envasado nos han convertido en pioneros en innovaci\u00f3n y calidad. Desde siempre seleccionamos materiales y componentes de primera calidad para garantizar productos y l\u00edneas de producci\u00f3n fiables y a la vanguardia. <\/p>\n<p>En un mercado en constante evoluci\u00f3n, nuestras soluciones ayudan a los clientes a ser m\u00e1s r\u00e1pidos y eficientes: productos intuitivos, procesos que eliminan por completo el error humano y un servicio de asistencia y repuestos r\u00e1pido y puntual.<\/p>\n<p>Nuestra fortaleza se basa en el equilibrio entre experiencia, competencia y visi\u00f3n: cada l\u00ednea que fabricamos combina innovaci\u00f3n y fiabilidad, transformando la energ\u00eda de la producci\u00f3n en valor real para quienes la utilizan.<\/p>\n<p>[\/et_pb_text][\/et_pb_column][\/et_pb_row][\/et_pb_section]<\/p>\n","protected":false},"excerpt":{"rendered":"<p><div class=\"et_pb_module dipl_text_animator dipl_text_animator_0\">\n\t\t\t\t\n\t\t\t\t\n\t\t\t\t\n\t\t\t\t\n\t\t\t\t\n\t\t\t\t\n\t\t\t\t<div class=\"et_pb_module_inner\">\n\t\t\t\t\t<div class=\"animated_text_wrapper dipl-fade\">\n\t\t\t\t<h2>\n\t\t\t\t\n\t\t\t\t<span\n\t\t\t\t\tclass=\"animated_text dipl_main_part\" \n\t\t\t\t\tdata-wait-time=\"2500\"\n\t\t\t\t\tdata-animation-time=\"1000\"\n\t\t\t\t\tdata-text=\"Passion |Action|Care|Know-How\"\n\t\t\t\t\tdata-stop-animation-on-hover=\"off\"\n\t\t\t\t\tdata-animate-only-once=\"off\"\n\t\t\t\t>Passion <\/span>\n\t\t\t\t\n\t\t\t\t<\/h2>\n\t\t\t<\/div>\n\t\t\t\t<\/div>\n\t\t\t<\/div>Contamos con instalaciones en 40 pa\u00edses repartidos entre Europa, Asia, Am\u00e9rica y Australia, a trav\u00e9s de una amplia red comercial formada por filiales en el extranjero y distribuidores.Se necesita una visi\u00f3n ecol\u00f3gica para construir el [&hellip;]<\/p>\n","protected":false},"author":1,"featured_media":0,"parent":0,"menu_order":0,"comment_status":"closed","ping_status":"closed","template":"","meta":{"_et_pb_use_builder":"on","_et_pb_old_content":"","_et_gb_content_width":"","footnotes":""},"class_list":["post-2497","page","type-page","status-publish","hentry"],"acf":[],"yoast_head":"<!-- This site is optimized with the Yoast SEO plugin v27.4 - https:\/\/yoast.com\/product\/yoast-seo-wordpress\/ -->\n<title>Nuestra misi\u00f3n | Calidad en el envasado de alimentos<\/title>\n<meta name=\"description\" content=\"Innovare il packaging alimentare offrendo soluzioni efficienti, sostenibili e su misura: questa \u00e8 la missione di Saccardo.\" \/>\n<meta name=\"robots\" content=\"index, follow, max-snippet:-1, max-image-preview:large, max-video-preview:-1\" \/>\n<link rel=\"canonical\" href=\"https:\/\/saccardo.com\/es\/mision\/\" \/>\n<meta property=\"og:locale\" content=\"es_ES\" \/>\n<meta property=\"og:type\" content=\"article\" \/>\n<meta property=\"og:title\" content=\"Nuestra misi\u00f3n | Calidad en el envasado de alimentos\" \/>\n<meta property=\"og:description\" content=\"Innovare il packaging alimentare offrendo soluzioni efficienti, sostenibili e su misura: questa \u00e8 la missione di Saccardo.\" \/>\n<meta property=\"og:url\" content=\"https:\/\/saccardo.com\/es\/mision\/\" \/>\n<meta property=\"og:site_name\" content=\"Saccardo\" \/>\n<meta property=\"article:modified_time\" content=\"2026-03-19T10:49:51+00:00\" \/>\n<meta name=\"twitter:card\" content=\"summary_large_image\" \/>\n<meta name=\"twitter:label1\" content=\"Tiempo de lectura\" \/>\n\t<meta name=\"twitter:data1\" content=\"8 minutos\" \/>\n<script type=\"application\/ld+json\" class=\"yoast-schema-graph\">{\"@context\":\"https:\\\/\\\/schema.org\",\"@graph\":[{\"@type\":\"WebPage\",\"@id\":\"https:\\\/\\\/saccardo.com\\\/es\\\/mision\\\/\",\"url\":\"https:\\\/\\\/saccardo.com\\\/es\\\/mision\\\/\",\"name\":\"Nuestra misi\u00f3n | Calidad en el envasado de alimentos\",\"isPartOf\":{\"@id\":\"https:\\\/\\\/saccardo.com\\\/#website\"},\"datePublished\":\"2023-11-08T08:26:09+00:00\",\"dateModified\":\"2026-03-19T10:49:51+00:00\",\"description\":\"Innovare il packaging alimentare offrendo soluzioni efficienti, sostenibili e su misura: questa \u00e8 la missione di Saccardo.\",\"breadcrumb\":{\"@id\":\"https:\\\/\\\/saccardo.com\\\/es\\\/mision\\\/#breadcrumb\"},\"inLanguage\":\"es\",\"potentialAction\":[{\"@type\":\"ReadAction\",\"target\":[\"https:\\\/\\\/saccardo.com\\\/es\\\/mision\\\/\"]}]},{\"@type\":\"BreadcrumbList\",\"@id\":\"https:\\\/\\\/saccardo.com\\\/es\\\/mision\\\/#breadcrumb\",\"itemListElement\":[{\"@type\":\"ListItem\",\"position\":1,\"name\":\"Home\",\"item\":\"https:\\\/\\\/saccardo.com\\\/es\\\/\"},{\"@type\":\"ListItem\",\"position\":2,\"name\":\"Misi\u00f3n\"}]},{\"@type\":\"WebSite\",\"@id\":\"https:\\\/\\\/saccardo.com\\\/#website\",\"url\":\"https:\\\/\\\/saccardo.com\\\/\",\"name\":\"Saccardo\",\"description\":\"\",\"publisher\":{\"@id\":\"https:\\\/\\\/saccardo.com\\\/#organization\"},\"potentialAction\":[{\"@type\":\"SearchAction\",\"target\":{\"@type\":\"EntryPoint\",\"urlTemplate\":\"https:\\\/\\\/saccardo.com\\\/?s={search_term_string}\"},\"query-input\":{\"@type\":\"PropertyValueSpecification\",\"valueRequired\":true,\"valueName\":\"search_term_string\"}}],\"inLanguage\":\"es\"},{\"@type\":\"Organization\",\"@id\":\"https:\\\/\\\/saccardo.com\\\/#organization\",\"name\":\"Saccardo Arturo Figli Srl\",\"url\":\"https:\\\/\\\/saccardo.com\\\/\",\"logo\":{\"@type\":\"ImageObject\",\"inLanguage\":\"es\",\"@id\":\"https:\\\/\\\/saccardo.com\\\/#\\\/schema\\\/logo\\\/image\\\/\",\"url\":\"https:\\\/\\\/saccardo.com\\\/wp-content\\\/uploads\\\/2023\\\/09\\\/logo-saccardo.svg\",\"contentUrl\":\"https:\\\/\\\/saccardo.com\\\/wp-content\\\/uploads\\\/2023\\\/09\\\/logo-saccardo.svg\",\"width\":\"1024\",\"height\":\"1024\",\"caption\":\"Saccardo Arturo Figli Srl\"},\"image\":{\"@id\":\"https:\\\/\\\/saccardo.com\\\/#\\\/schema\\\/logo\\\/image\\\/\"}}]}<\/script>\n<!-- \/ Yoast SEO plugin. -->","yoast_head_json":{"title":"Nuestra misi\u00f3n | Calidad en el envasado de alimentos","description":"Innovare il packaging alimentare offrendo soluzioni efficienti, sostenibili e su misura: questa \u00e8 la missione di Saccardo.","robots":{"index":"index","follow":"follow","max-snippet":"max-snippet:-1","max-image-preview":"max-image-preview:large","max-video-preview":"max-video-preview:-1"},"canonical":"https:\/\/saccardo.com\/es\/mision\/","og_locale":"es_ES","og_type":"article","og_title":"Nuestra misi\u00f3n | Calidad en el envasado de alimentos","og_description":"Innovare il packaging alimentare offrendo soluzioni efficienti, sostenibili e su misura: questa \u00e8 la missione di Saccardo.","og_url":"https:\/\/saccardo.com\/es\/mision\/","og_site_name":"Saccardo","article_modified_time":"2026-03-19T10:49:51+00:00","twitter_card":"summary_large_image","twitter_misc":{"Tiempo de lectura":"8 minutos"},"schema":{"@context":"https:\/\/schema.org","@graph":[{"@type":"WebPage","@id":"https:\/\/saccardo.com\/es\/mision\/","url":"https:\/\/saccardo.com\/es\/mision\/","name":"Nuestra misi\u00f3n | Calidad en el envasado de alimentos","isPartOf":{"@id":"https:\/\/saccardo.com\/#website"},"datePublished":"2023-11-08T08:26:09+00:00","dateModified":"2026-03-19T10:49:51+00:00","description":"Innovare il packaging alimentare offrendo soluzioni efficienti, sostenibili e su misura: questa \u00e8 la missione di Saccardo.","breadcrumb":{"@id":"https:\/\/saccardo.com\/es\/mision\/#breadcrumb"},"inLanguage":"es","potentialAction":[{"@type":"ReadAction","target":["https:\/\/saccardo.com\/es\/mision\/"]}]},{"@type":"BreadcrumbList","@id":"https:\/\/saccardo.com\/es\/mision\/#breadcrumb","itemListElement":[{"@type":"ListItem","position":1,"name":"Home","item":"https:\/\/saccardo.com\/es\/"},{"@type":"ListItem","position":2,"name":"Misi\u00f3n"}]},{"@type":"WebSite","@id":"https:\/\/saccardo.com\/#website","url":"https:\/\/saccardo.com\/","name":"Saccardo","description":"","publisher":{"@id":"https:\/\/saccardo.com\/#organization"},"potentialAction":[{"@type":"SearchAction","target":{"@type":"EntryPoint","urlTemplate":"https:\/\/saccardo.com\/?s={search_term_string}"},"query-input":{"@type":"PropertyValueSpecification","valueRequired":true,"valueName":"search_term_string"}}],"inLanguage":"es"},{"@type":"Organization","@id":"https:\/\/saccardo.com\/#organization","name":"Saccardo Arturo Figli Srl","url":"https:\/\/saccardo.com\/","logo":{"@type":"ImageObject","inLanguage":"es","@id":"https:\/\/saccardo.com\/#\/schema\/logo\/image\/","url":"https:\/\/saccardo.com\/wp-content\/uploads\/2023\/09\/logo-saccardo.svg","contentUrl":"https:\/\/saccardo.com\/wp-content\/uploads\/2023\/09\/logo-saccardo.svg","width":"1024","height":"1024","caption":"Saccardo Arturo Figli Srl"},"image":{"@id":"https:\/\/saccardo.com\/#\/schema\/logo\/image\/"}}]}},"_links":{"self":[{"href":"https:\/\/saccardo.com\/es\/wp-json\/wp\/v2\/pages\/2497","targetHints":{"allow":["GET"]}}],"collection":[{"href":"https:\/\/saccardo.com\/es\/wp-json\/wp\/v2\/pages"}],"about":[{"href":"https:\/\/saccardo.com\/es\/wp-json\/wp\/v2\/types\/page"}],"author":[{"embeddable":true,"href":"https:\/\/saccardo.com\/es\/wp-json\/wp\/v2\/users\/1"}],"replies":[{"embeddable":true,"href":"https:\/\/saccardo.com\/es\/wp-json\/wp\/v2\/comments?post=2497"}],"version-history":[{"count":0,"href":"https:\/\/saccardo.com\/es\/wp-json\/wp\/v2\/pages\/2497\/revisions"}],"wp:attachment":[{"href":"https:\/\/saccardo.com\/es\/wp-json\/wp\/v2\/media?parent=2497"}],"curies":[{"name":"wp","href":"https:\/\/api.w.org\/{rel}","templated":true}]}}