{"id":2493,"date":"2024-10-23T07:52:33","date_gmt":"2024-10-23T07:52:33","guid":{"rendered":"https:\/\/saccardo.com\/trabaja-con-nosotros\/"},"modified":"2026-03-19T10:40:19","modified_gmt":"2026-03-19T10:40:19","slug":"trabaja-con-nosotros","status":"publish","type":"page","link":"https:\/\/saccardo.com\/es\/trabaja-con-nosotros\/","title":{"rendered":"Trabaja con nosotros"},"content":{"rendered":"<p>[et_pb_section fb_built=\u00bb1&#8243; theme_builder_area=\u00bbpost_content\u00bb _builder_version=\u00bb4.27.4&#8243; _module_preset=\u00bbdefault\u00bb title_text=\u00bbL_azienda-oggi-4-compress\u00bb background_image=\u00bbhttps:\/\/saccardo.com\/wp-content\/uploads\/2025\/10\/L_azienda-oggi-4-compress.jpg\u00bb background_color=\u00bbrgba(20,20,19,0.85)\u00bb background_blend=\u00bbmultiply\u00bb hover_enabled=\u00bb0&#8243; sticky_enabled=\u00bb0&#8243;][et_pb_row _builder_version=\u00bb4.27.4&#8243; _module_preset=\u00bbdefault\u00bb width=\u00bb100%\u00bb max_width=\u00bb75%\u00bb hover_enabled=\u00bb0&#8243; global_colors_info=\u00bb{}\u00bb theme_builder_area=\u00bbpost_content\u00bb custom_padding_last_edited=\u00bbon|phone\u00bb custom_padding_phone=\u00bb||2%||false|false\u00bb sticky_enabled=\u00bb0&#8243;][et_pb_column type=\u00bb4_4&#8243; _builder_version=\u00bb4.22.1&#8243; _module_preset=\u00bbdefault\u00bb global_colors_info=\u00bb{}\u00bb theme_builder_area=\u00bbpost_content\u00bb][et_pb_text _builder_version=\u00bb4.27.4&#8243; _module_preset=\u00bbdefault\u00bb text_font=\u00bb|||on|||||\u00bb header_2_font=\u00bb|||||on|||\u00bb header_2_text_color=\u00bb#D9D9D9&#8243; header_2_font_size=\u00bb25px\u00bb custom_margin=\u00bb||1%||false|false\u00bb hover_enabled=\u00bb0&#8243; header_2_font_size_tablet=\u00bb25px\u00bb header_2_font_size_phone=\u00bb20px\u00bb header_2_font_size_last_edited=\u00bbon|phone\u00bb global_colors_info=\u00bb{}\u00bb sticky_enabled=\u00bb0&#8243; theme_builder_area=\u00bbpost_content\u00bb text_font_size_last_edited=\u00bbon|phone\u00bb text_font_size_phone=\u00bb15px\u00bb]<\/p>\n<p>M\u00c1QUINAS DE ENVASADO AL VAC\u00cdO SACCARDO<\/p>\n<p>[\/et_pb_text][et_pb_text _builder_version=\u00bb4.27.4&#8243; _module_preset=\u00bbdefault\u00bb text_font=\u00bbPoppins||||||||\u00bb text_font_size=\u00bb16px\u00bb header_font=\u00bb|||on|||||\u00bb header_text_color=\u00bb#FFFFFF\u00bb header_font_size=\u00bb120px\u00bb header_letter_spacing=\u00bb5px\u00bb header_2_font=\u00bbPoppins||||||||\u00bb header_3_font=\u00bbPoppins||||||||\u00bb header_3_line_height=\u00bb1.5em\u00bb hover_enabled=\u00bb0&#8243; header_font_size_tablet=\u00bb5em\u00bb header_font_size_phone=\u00bb3.5em\u00bb header_font_size_last_edited=\u00bbon|tablet\u00bb locked=\u00bboff\u00bb global_colors_info=\u00bb{}\u00bb theme_builder_area=\u00bbpost_content\u00bb sticky_enabled=\u00bb0&#8243;]<\/p>\n<h1>Trabaja<br \/>con nosotros<\/h1>\n<p>[\/et_pb_text][\/et_pb_column][\/et_pb_row][et_pb_row _builder_version=\u00bb4.27.2&#8243; _module_preset=\u00bbdefault\u00bb width=\u00bb100%\u00bb max_width=\u00bb75%\u00bb global_colors_info=\u00bb{}\u00bb theme_builder_area=\u00bbpost_content\u00bb][et_pb_column type=\u00bb4_4&#8243; _builder_version=\u00bb4.27.2&#8243; _module_preset=\u00bbdefault\u00bb global_colors_info=\u00bb{}\u00bb theme_builder_area=\u00bbpost_content\u00bb][et_pb_text _builder_version=\u00bb4.27.4&#8243; _module_preset=\u00bbdefault\u00bb text_font_size=\u00bb16px\u00bb header_3_font=\u00bb|||on|||||\u00bb header_3_text_color=\u00bb#FFFFFF\u00bb header_3_font_size=\u00bb50px\u00bb custom_padding_tablet=\u00bb|0%||0%|false|true\u00bb custom_padding_phone=\u00bb|0%||0%|false|true\u00bb custom_padding_last_edited=\u00bbon|tablet\u00bb hover_enabled=\u00bb0&#8243; header_3_font_size_tablet=\u00bb50px\u00bb header_3_font_size_phone=\u00bb30px\u00bb header_3_font_size_last_edited=\u00bbon|phone\u00bb global_colors_info=\u00bb{}\u00bb sticky_enabled=\u00bb0&#8243; theme_builder_area=\u00bbpost_content\u00bb text_text_color_last_edited=\u00bbon|phone\u00bb text_text_color_phone=\u00bb#D9D9D9&#8243;]<\/p>\n<h3>\u00danete a nuestro equipo<\/h3>\n<p>Nuestra empresa busca constantemente profesionales competentes y motivados que deseen contribuir a nuestro \u00e9xito. Si deseas formar parte de una empresa innovadora y ambiciosa, en la que se reconocen y valoran el compromiso, la competencia y la dedicaci\u00f3n, te invitamos a que nos env\u00edes tu candidatura.<\/p>\n<p>[\/et_pb_text][\/et_pb_column][\/et_pb_row][\/et_pb_section][et_pb_section fb_built=\u00bb1&#8243; custom_padding_last_edited=\u00bbon|phone\u00bb module_class=\u00bbpanel\u00bb _builder_version=\u00bb4.27.4&#8243; _module_preset=\u00bbdefault\u00bb background_color=\u00bb#141413&#8243; background_enable_image=\u00bboff\u00bb background_size=\u00bbcustom\u00bb background_image_width=\u00bb62%\u00bb background_position=\u00bbcenter_right\u00bb background_horizontal_offset=\u00bb-56%\u00bb background_blend=\u00bboverlay\u00bb custom_padding=\u00bb1%||2%||false|false\u00bb custom_padding_tablet=\u00bb0%||3%||false|false\u00bb custom_padding_phone=\u00bb0%||5%||false|false\u00bb hover_enabled=\u00bb0&#8243; global_colors_info=\u00bb{}\u00bb sticky_enabled=\u00bb0&#8243;][et_pb_row _builder_version=\u00bb4.27.4&#8243; _module_preset=\u00bbdefault\u00bb hover_enabled=\u00bb0&#8243; global_colors_info=\u00bb{}\u00bb width=\u00bb100%\u00bb max_width=\u00bb75%\u00bb sticky_enabled=\u00bb0&#8243;][et_pb_column type=\u00bb4_4&#8243; _builder_version=\u00bb4.27.2&#8243; _module_preset=\u00bbdefault\u00bb global_colors_info=\u00bb{}\u00bb][dvppl_cf7_styler use_form_button_fullwidth=\u00bbon\u00bb cf7=\u00bb1523&#8243; form_field_padding=\u00bb20px|20px|20px|20px|true|true\u00bb form_background_color=\u00bbRGBA(255,255,255,0)\u00bb form_field_active_color=\u00bbrgba(255,255,255,0.5)\u00bb form_field_spacing=\u00bb15px\u00bb form_label_spacing=\u00bb5px\u00bb cr_custom_styles=\u00bbon\u00bb cr_size=\u00bb14px\u00bb cr_background_color=\u00bbRGBA(255,255,255,0)\u00bb cr_selected_color=\u00bb#FFFFFF\u00bb cr_border_color=\u00bb#D9D9D9&#8243; _builder_version=\u00bb4.27.2&#8243; _module_preset=\u00bbdefault\u00bb form_field_font_font=\u00bbPoppins||||||||\u00bb form_field_font_text_color=\u00bb#FFFFFF\u00bb labels_font=\u00bbPoppins||||||||\u00bb labels_text_color=\u00bb#FFFFFF\u00bb placeholder_font=\u00bbPoppins|||on|||||\u00bb placeholder_text_color=\u00bb#FFFFFF\u00bb custom_submit_button=\u00bbon\u00bb submit_button_text_size=\u00bb20px\u00bb submit_button_text_color=\u00bb#000000&#8243; submit_button_bg_color=\u00bb#F2F2F2&#8243; submit_button_border_width=\u00bb0px\u00bb submit_button_border_radius=\u00bb0px\u00bb submit_button_font=\u00bbPoppins|||on|||||\u00bb submit_button_custom_margin=\u00bb5%||||false|false\u00bb submit_button_custom_padding=\u00bb1%|4%|1%|4%|true|true\u00bb hover_transition_duration=\u00bb500ms\u00bb border_color_all_field=\u00bbRGBA(255,255,255,0)\u00bb border_width_bottom_field=\u00bb1px\u00bb border_color_bottom_field=\u00bb#8C8C8C\u00bb box_shadow_style_submit_button=\u00bbpreset3&#8243; box_shadow_vertical_submit_button=\u00bb0px\u00bb box_shadow_blur_submit_button=\u00bb0px\u00bb box_shadow_spread_submit_button=\u00bb0px\u00bb locked=\u00bboff\u00bb global_colors_info=\u00bb{}\u00bb box_shadow_spread_submit_button__hover_enabled=\u00bbon|hover\u00bb box_shadow_spread_submit_button__hover=\u00bb-6px\u00bb box_shadow_blur_submit_button__hover_enabled=\u00bbon|hover\u00bb box_shadow_blur_submit_button__hover=\u00bb18px\u00bb box_shadow_vertical_submit_button__hover_enabled=\u00bbon|hover\u00bb box_shadow_vertical_submit_button__hover=\u00bb12px\u00bb][\/dvppl_cf7_styler][\/et_pb_column][\/et_pb_row][\/et_pb_section]<\/p>\n","protected":false},"excerpt":{"rendered":"<p>M\u00c1QUINAS DE ENVASADO AL VAC\u00cdO SACCARDOTrabajacon nosotros\u00danete a nuestro equipo Nuestra empresa busca constantemente profesionales competentes y motivados que deseen contribuir a nuestro \u00e9xito. Si deseas formar parte de una empresa innovadora y ambiciosa, en la que se reconocen y valoran el compromiso, la competencia y la dedicaci\u00f3n, te invitamos a que nos env\u00edes tu [&hellip;]<\/p>\n","protected":false},"author":1,"featured_media":0,"parent":0,"menu_order":0,"comment_status":"closed","ping_status":"closed","template":"","meta":{"_et_pb_use_builder":"on","_et_pb_old_content":"","_et_gb_content_width":"","footnotes":""},"class_list":["post-2493","page","type-page","status-publish","hentry"],"acf":[],"yoast_head":"<!-- This site is optimized with the Yoast SEO plugin v27.4 - https:\/\/yoast.com\/product\/yoast-seo-wordpress\/ -->\n<title>Trabaja con nosotros | Saccardo<\/title>\n<meta name=\"description\" content=\"\u00a1\u00danete al equipo de Saccardo! Descubre las vacantes disponibles en el sector del envasado de alimentos y trabaja en una empresa innovadora.\" \/>\n<meta name=\"robots\" content=\"index, follow, max-snippet:-1, max-image-preview:large, max-video-preview:-1\" \/>\n<link rel=\"canonical\" href=\"https:\/\/saccardo.com\/es\/trabaja-con-nosotros\/\" \/>\n<meta property=\"og:locale\" content=\"es_ES\" \/>\n<meta property=\"og:type\" content=\"article\" \/>\n<meta property=\"og:title\" content=\"Trabaja con nosotros | Saccardo\" \/>\n<meta property=\"og:description\" content=\"\u00a1\u00danete al equipo de Saccardo! Descubre las vacantes disponibles en el sector del envasado de alimentos y trabaja en una empresa innovadora.\" \/>\n<meta property=\"og:url\" content=\"https:\/\/saccardo.com\/es\/trabaja-con-nosotros\/\" \/>\n<meta property=\"og:site_name\" content=\"Saccardo\" \/>\n<meta property=\"article:modified_time\" content=\"2026-03-19T10:40:19+00:00\" \/>\n<meta name=\"twitter:card\" content=\"summary_large_image\" \/>\n<meta name=\"twitter:label1\" content=\"Tiempo de lectura\" \/>\n\t<meta name=\"twitter:data1\" content=\"4 minutos\" \/>\n<script type=\"application\/ld+json\" class=\"yoast-schema-graph\">{\"@context\":\"https:\\\/\\\/schema.org\",\"@graph\":[{\"@type\":\"WebPage\",\"@id\":\"https:\\\/\\\/saccardo.com\\\/es\\\/trabaja-con-nosotros\\\/\",\"url\":\"https:\\\/\\\/saccardo.com\\\/es\\\/trabaja-con-nosotros\\\/\",\"name\":\"Trabaja con nosotros | Saccardo\",\"isPartOf\":{\"@id\":\"https:\\\/\\\/saccardo.com\\\/#website\"},\"datePublished\":\"2024-10-23T07:52:33+00:00\",\"dateModified\":\"2026-03-19T10:40:19+00:00\",\"description\":\"\u00a1\u00danete al equipo de Saccardo! Descubre las vacantes disponibles en el sector del envasado de alimentos y trabaja en una empresa innovadora.\",\"breadcrumb\":{\"@id\":\"https:\\\/\\\/saccardo.com\\\/es\\\/trabaja-con-nosotros\\\/#breadcrumb\"},\"inLanguage\":\"es\",\"potentialAction\":[{\"@type\":\"ReadAction\",\"target\":[\"https:\\\/\\\/saccardo.com\\\/es\\\/trabaja-con-nosotros\\\/\"]}]},{\"@type\":\"BreadcrumbList\",\"@id\":\"https:\\\/\\\/saccardo.com\\\/es\\\/trabaja-con-nosotros\\\/#breadcrumb\",\"itemListElement\":[{\"@type\":\"ListItem\",\"position\":1,\"name\":\"Home\",\"item\":\"https:\\\/\\\/saccardo.com\\\/es\\\/\"},{\"@type\":\"ListItem\",\"position\":2,\"name\":\"Trabaja con nosotros\"}]},{\"@type\":\"WebSite\",\"@id\":\"https:\\\/\\\/saccardo.com\\\/#website\",\"url\":\"https:\\\/\\\/saccardo.com\\\/\",\"name\":\"Saccardo\",\"description\":\"\",\"publisher\":{\"@id\":\"https:\\\/\\\/saccardo.com\\\/#organization\"},\"potentialAction\":[{\"@type\":\"SearchAction\",\"target\":{\"@type\":\"EntryPoint\",\"urlTemplate\":\"https:\\\/\\\/saccardo.com\\\/?s={search_term_string}\"},\"query-input\":{\"@type\":\"PropertyValueSpecification\",\"valueRequired\":true,\"valueName\":\"search_term_string\"}}],\"inLanguage\":\"es\"},{\"@type\":\"Organization\",\"@id\":\"https:\\\/\\\/saccardo.com\\\/#organization\",\"name\":\"Saccardo Arturo Figli Srl\",\"url\":\"https:\\\/\\\/saccardo.com\\\/\",\"logo\":{\"@type\":\"ImageObject\",\"inLanguage\":\"es\",\"@id\":\"https:\\\/\\\/saccardo.com\\\/#\\\/schema\\\/logo\\\/image\\\/\",\"url\":\"https:\\\/\\\/saccardo.com\\\/wp-content\\\/uploads\\\/2023\\\/09\\\/logo-saccardo.svg\",\"contentUrl\":\"https:\\\/\\\/saccardo.com\\\/wp-content\\\/uploads\\\/2023\\\/09\\\/logo-saccardo.svg\",\"width\":\"1024\",\"height\":\"1024\",\"caption\":\"Saccardo Arturo Figli Srl\"},\"image\":{\"@id\":\"https:\\\/\\\/saccardo.com\\\/#\\\/schema\\\/logo\\\/image\\\/\"}}]}<\/script>\n<!-- \/ Yoast SEO plugin. -->","yoast_head_json":{"title":"Trabaja con nosotros | Saccardo","description":"\u00a1\u00danete al equipo de Saccardo! Descubre las vacantes disponibles en el sector del envasado de alimentos y trabaja en una empresa innovadora.","robots":{"index":"index","follow":"follow","max-snippet":"max-snippet:-1","max-image-preview":"max-image-preview:large","max-video-preview":"max-video-preview:-1"},"canonical":"https:\/\/saccardo.com\/es\/trabaja-con-nosotros\/","og_locale":"es_ES","og_type":"article","og_title":"Trabaja con nosotros | Saccardo","og_description":"\u00a1\u00danete al equipo de Saccardo! Descubre las vacantes disponibles en el sector del envasado de alimentos y trabaja en una empresa innovadora.","og_url":"https:\/\/saccardo.com\/es\/trabaja-con-nosotros\/","og_site_name":"Saccardo","article_modified_time":"2026-03-19T10:40:19+00:00","twitter_card":"summary_large_image","twitter_misc":{"Tiempo de lectura":"4 minutos"},"schema":{"@context":"https:\/\/schema.org","@graph":[{"@type":"WebPage","@id":"https:\/\/saccardo.com\/es\/trabaja-con-nosotros\/","url":"https:\/\/saccardo.com\/es\/trabaja-con-nosotros\/","name":"Trabaja con nosotros | Saccardo","isPartOf":{"@id":"https:\/\/saccardo.com\/#website"},"datePublished":"2024-10-23T07:52:33+00:00","dateModified":"2026-03-19T10:40:19+00:00","description":"\u00a1\u00danete al equipo de Saccardo! Descubre las vacantes disponibles en el sector del envasado de alimentos y trabaja en una empresa innovadora.","breadcrumb":{"@id":"https:\/\/saccardo.com\/es\/trabaja-con-nosotros\/#breadcrumb"},"inLanguage":"es","potentialAction":[{"@type":"ReadAction","target":["https:\/\/saccardo.com\/es\/trabaja-con-nosotros\/"]}]},{"@type":"BreadcrumbList","@id":"https:\/\/saccardo.com\/es\/trabaja-con-nosotros\/#breadcrumb","itemListElement":[{"@type":"ListItem","position":1,"name":"Home","item":"https:\/\/saccardo.com\/es\/"},{"@type":"ListItem","position":2,"name":"Trabaja con nosotros"}]},{"@type":"WebSite","@id":"https:\/\/saccardo.com\/#website","url":"https:\/\/saccardo.com\/","name":"Saccardo","description":"","publisher":{"@id":"https:\/\/saccardo.com\/#organization"},"potentialAction":[{"@type":"SearchAction","target":{"@type":"EntryPoint","urlTemplate":"https:\/\/saccardo.com\/?s={search_term_string}"},"query-input":{"@type":"PropertyValueSpecification","valueRequired":true,"valueName":"search_term_string"}}],"inLanguage":"es"},{"@type":"Organization","@id":"https:\/\/saccardo.com\/#organization","name":"Saccardo Arturo Figli Srl","url":"https:\/\/saccardo.com\/","logo":{"@type":"ImageObject","inLanguage":"es","@id":"https:\/\/saccardo.com\/#\/schema\/logo\/image\/","url":"https:\/\/saccardo.com\/wp-content\/uploads\/2023\/09\/logo-saccardo.svg","contentUrl":"https:\/\/saccardo.com\/wp-content\/uploads\/2023\/09\/logo-saccardo.svg","width":"1024","height":"1024","caption":"Saccardo Arturo Figli Srl"},"image":{"@id":"https:\/\/saccardo.com\/#\/schema\/logo\/image\/"}}]}},"_links":{"self":[{"href":"https:\/\/saccardo.com\/es\/wp-json\/wp\/v2\/pages\/2493","targetHints":{"allow":["GET"]}}],"collection":[{"href":"https:\/\/saccardo.com\/es\/wp-json\/wp\/v2\/pages"}],"about":[{"href":"https:\/\/saccardo.com\/es\/wp-json\/wp\/v2\/types\/page"}],"author":[{"embeddable":true,"href":"https:\/\/saccardo.com\/es\/wp-json\/wp\/v2\/users\/1"}],"replies":[{"embeddable":true,"href":"https:\/\/saccardo.com\/es\/wp-json\/wp\/v2\/comments?post=2493"}],"version-history":[{"count":0,"href":"https:\/\/saccardo.com\/es\/wp-json\/wp\/v2\/pages\/2493\/revisions"}],"wp:attachment":[{"href":"https:\/\/saccardo.com\/es\/wp-json\/wp\/v2\/media?parent=2493"}],"curies":[{"name":"wp","href":"https:\/\/api.w.org\/{rel}","templated":true}]}}